{"id":1896,"date":"2019-01-25T10:11:10","date_gmt":"2019-01-25T09:11:10","guid":{"rendered":"http:\/\/semmelweis.hu\/szak-es-tovabbkepzes\/?page_id=1896"},"modified":"2025-02-11T12:38:12","modified_gmt":"2025-02-11T11:38:12","slug":"pszichoterapia-szakkepzes","status":"publish","type":"page","link":"https:\/\/semmelweis.hu\/szak-es-tovabbkepzes\/egyeb-kepzes\/pszichoterapia-szakkepzes\/","title":{"rendered":"Pszichoter\u00e1pia szakk\u00e9pz\u00e9s"},"content":{"rendered":"<p><strong>Pszichoter\u00e1pia szakk\u00e9pz\u00e9s:<\/strong><\/p>\n<p>Gr\u00e9miumeln\u00f6k: Dr. Unoka Zsolt egyetemi tan\u00e1r<br \/>\nSE Pszichi\u00e1triai \u00e9s Pszichoter\u00e1pi\u00e1s Klinika<br \/>\n1083 Budapest, Balassa J. u. 6.<br \/>\nTel: +361 210 0330\/51277<br \/>\ne-mail:\u00a0\u00a0unoka.zsolt@med.semmelweis-univ.hu<\/p>\n<p>&nbsp;<\/p>\n<ul>\n<li><strong><a href=\"https:\/\/semmelweis.hu\/szak-es-tovabbkepzes\/files\/2024\/08\/Pszichoterapia-hirdetmeny-potjelentkezes-240731.pdf\">Pszichoter\u00e1pia hirdetm\u00e9ny p\u00f3tjelentkez\u00e9s <\/a>(\u00daJ 2024.08.01.)<\/strong><\/li>\n<\/ul>\n<p>&nbsp;<\/p>\n<ul>\n<li><a href=\"https:\/\/semmelweis.hu\/szak-es-tovabbkepzes\/files\/2024\/11\/Pszichoterapia-barmely-alapszakkepzes.pdf\">Pszichoter\u00e1pia jelentkez\u00e9si lap<\/a> <strong>(\u00daJ 2024.11.27.) <\/strong>&#8211; b\u00e1rmely alap szakk\u00e9pes\u00edt\u00e9sb\u0151l szakvizsg\u00e1val rendelkez\u0151 szakorvosok r\u00e9sz\u00e9re<\/li>\n<li>\n<p><a href=\"https:\/\/semmelweis.hu\/szak-es-tovabbkepzes\/files\/2024\/11\/Pszichoterapia-pszichiatria-gyermek-es-ifjusagpszichiatria.pdf\">Pszichoter\u00e1pia\u00a0 jelentkez\u00e9si lap<\/a> <strong style=\"font-size: 1rem\">(\u00daJ 2024.11.27.) <\/strong><span style=\"font-size: 1rem\">&#8211; p<\/span><span style=\"font-size: 1rem\">szichi\u00e1tria, gyermek- \u00e9s ifj\u00fas\u00e1gpszichi\u00e1tria szakvizsg\u00e1val rendelkez\u0151 szakorvosok r\u00e9sz\u00e9re<\/span><\/p>\n<\/li>\n<li>\n<p><a href=\"https:\/\/semmelweis.hu\/szak-es-tovabbkepzes\/files\/2024\/11\/Pszichoterapia-jelentkezesi-lap-36-ho.pdf\">Pszichoter\u00e1pia jelentkez\u00e9si lap (36h\u00f3)<\/a>\u00a0 \u00a0<strong>(<strong style=\"font-size: 1rem\">\u00daJ 2024.11.27.<\/strong>) <\/strong>&#8211; neuropszichol\u00f3giai szakpszichol\u00f3gia, alkalmazott eg\u00e9szs\u00e9gpszichol\u00f3giai szakpszichol\u00f3gus szakvizsg\u00e1val rendelkez\u0151knek<\/p>\n<\/li>\n<li>\n<p><a href=\"https:\/\/semmelweis.hu\/szak-es-tovabbkepzes\/files\/2024\/11\/Pszichoterapia-jelentkezesi-lap-24-ho.pdf\">Pszichoter\u00e1pia jelentkez\u00e9si lap (24h\u00f3)<\/a> <strong>(<strong style=\"font-size: 1rem\">\u00daJ 2024.11.27.<\/strong>) <\/strong>&#8211; klinikai \u00e9s ment\u00e1lhigi\u00e9niai feln\u0151tt szakpszichol\u00f3gus, klinikai \u00e9s ment\u00e1lhigi\u00e9niai gyermek \u00e9s ifj\u00fas\u00e1gi szakpszichol\u00f3gus szakvizsg\u00e1val rendelkez\u0151knek<\/p>\n<\/li>\n<\/ul>\n<p>A\u00a0<strong>Pszichoter\u00e1pia szakk\u00e9pz\u00e9ssel\u00a0<\/strong>kapcsolatos rendelkez\u00e9seket a\u00a0<a href=\"https:\/\/net.jogtar.hu\/jogszabaly?docid=a1200022.emm\" target=\"_blank\" rel=\"noopener noreferrer\"><b>22\/2012. (IX.14.) EMMI<\/b>\u00a0<\/a>rendelet\u00a0<strong>9. sz. mell\u00e9klete<\/strong>\u00a0tartalmazza.<\/p>\n<p>&nbsp;<\/p>\n","protected":false},"excerpt":{"rendered":"<p>Pszichoter\u00e1pia szakk\u00e9pz\u00e9s: Gr\u00e9miumeln\u00f6k: Dr. Unoka Zsolt egyetemi tan\u00e1r SE Pszichi\u00e1triai \u00e9s Pszichoter\u00e1pi\u00e1s Klinika 1083 Budapest, Balassa J. u. 6. Tel: +361 210 0330\/51277 e-mail:\u00a0\u00a0unoka.zsolt@med.semmelweis-univ.hu &nbsp; <a href=\"https:\/\/semmelweis.hu\/szak-es-tovabbkepzes\/files\/2024\/08\/Pszichoterapia-hirdetmeny-potjelentkezes-240731.pdf\">Pszichoter\u00e1pia hirdetm\u00e9ny p\u00f3tjelentkez\u00e9s <\/a> (\u00daJ 2024.08.01.) &nbsp; <a href=\"https:\/\/semmelweis.hu\/szak-es-tovabbkepzes\/files\/2024\/11\/Pszichoterapia-barmely-alapszakkepzes.pdf\">Pszichoter\u00e1pia jelentkez\u00e9si lap<\/a> (\u00daJ 2024.11.27.) &#8211; b\u00e1rmely alap szakk\u00e9pes\u00edt\u00e9sb\u0151l szakvizsg\u00e1val rendelkez\u0151 szakorvosok r\u00e9sz\u00e9re <a href=\"https:\/\/semmelweis.hu\/szak-es-tovabbkepzes\/files\/2024\/11\/Pszichoterapia-pszichiatria-gyermek-es-ifjusagpszichiatria.pdf\">Pszichoter\u00e1pia\u00a0 jelentkez\u00e9si lap<\/a> (\u00daJ 2024.11.27.) &#8211; pszichi\u00e1tria, gyermek- \u00e9s ifj\u00fas\u00e1gpszichi\u00e1tria szakvizsg\u00e1val rendelkez\u0151 szakorvosok r\u00e9sz\u00e9re <a href=\"https:\/\/semmelweis.hu\/szak-es-tovabbkepzes\/files\/2024\/11\/Pszichoterapia-jelentkezesi-lap-36-ho.pdf\">Pszichoter\u00e1pia jelentkez\u00e9si lap (36h\u00f3)<\/a> \u00a0 \u00a0(\u00daJ 2024.11.27.) &#8211; neuropszichol\u00f3giai szakpszichol\u00f3gia, &hellip;<\/p>\n","protected":false},"author":101506,"featured_media":0,"parent":1888,"menu_order":4,"comment_status":"closed","ping_status":"closed","template":"","meta":{"_acf_changed":false,"footnotes":""},"categories":[],"tags":[],"class_list":["post-1896","page","type-page","status-publish","hentry"],"acf":[],"_links":{"self":[{"href":"https:\/\/semmelweis.hu\/szak-es-tovabbkepzes\/wp-json\/wp\/v2\/pages\/1896","targetHints":{"allow":["GET"]}}],"collection":[{"href":"https:\/\/semmelweis.hu\/szak-es-tovabbkepzes\/wp-json\/wp\/v2\/pages"}],"about":[{"href":"https:\/\/semmelweis.hu\/szak-es-tovabbkepzes\/wp-json\/wp\/v2\/types\/page"}],"author":[{"embeddable":true,"href":"https:\/\/semmelweis.hu\/szak-es-tovabbkepzes\/wp-json\/wp\/v2\/users\/101506"}],"replies":[{"embeddable":true,"href":"https:\/\/semmelweis.hu\/szak-es-tovabbkepzes\/wp-json\/wp\/v2\/comments?post=1896"}],"version-history":[{"count":10,"href":"https:\/\/semmelweis.hu\/szak-es-tovabbkepzes\/wp-json\/wp\/v2\/pages\/1896\/revisions"}],"predecessor-version":[{"id":22829,"href":"https:\/\/semmelweis.hu\/szak-es-tovabbkepzes\/wp-json\/wp\/v2\/pages\/1896\/revisions\/22829"}],"up":[{"embeddable":true,"href":"https:\/\/semmelweis.hu\/szak-es-tovabbkepzes\/wp-json\/wp\/v2\/pages\/1888"}],"wp:attachment":[{"href":"https:\/\/semmelweis.hu\/szak-es-tovabbkepzes\/wp-json\/wp\/v2\/media?parent=1896"}],"wp:term":[{"taxonomy":"category","embeddable":true,"href":"https:\/\/semmelweis.hu\/szak-es-tovabbkepzes\/wp-json\/wp\/v2\/categories?post=1896"},{"taxonomy":"post_tag","embeddable":true,"href":"https:\/\/semmelweis.hu\/szak-es-tovabbkepzes\/wp-json\/wp\/v2\/tags?post=1896"}],"curies":[{"name":"wp","href":"https:\/\/api.w.org\/{rel}","templated":true}]}}