{"id":1894,"date":"2019-01-25T10:11:10","date_gmt":"2019-01-25T09:11:10","guid":{"rendered":"http:\/\/semmelweis.hu\/szak-es-tovabbkepzes\/?page_id=1894"},"modified":"2025-10-13T15:29:40","modified_gmt":"2025-10-13T13:29:40","slug":"egyeb-egeszsegugyi-felsofoku-szakiranyu-szakkepzesek","status":"publish","type":"page","link":"https:\/\/semmelweis.hu\/szak-es-tovabbkepzes\/egyeb-egeszsegugyi-felsofoku-szakiranyu-szakkepzesek\/","title":{"rendered":"Egy\u00e9b eg\u00e9szs\u00e9g\u00fcgyi fels\u0151fok\u00fa szakir\u00e1ny\u00fa szakk\u00e9pz\u00e9sek"},"content":{"rendered":"<p>Az\u00a0<strong>Egy\u00e9b eg\u00e9szs\u00e9g\u00fcgyi fels\u0151fok\u00fa szakir\u00e1ny\u00fa szakk\u00e9pz\u00e9sekkel\u00a0<\/strong>kapcsolatos rendelkez\u00e9seket a\u00a0<a href=\"https:\/\/net.jogtar.hu\/jogszabaly?docid=a1200022.emm\" target=\"_blank\" rel=\"noopener noreferrer\"><b>22\/2012. (IX.14.) EMMI<\/b>\u00a0<\/a>rendelet\u00a0<strong>10. sz. mell\u00e9klete<\/strong>\u00a0tartalmazza.<\/p>\n<p><strong>Adatkezel\u00e9ssel kapcsolatos t\u00e1j\u00e9koztat\u00f3k:<\/strong><\/p>\n<ul>\n<li><a href=\"https:\/\/semmelweis.hu\/jogigfoig\/files\/2018\/05\/1_szamu_melleklet_altalanos_adatvedelmi_tajekoztato.docx\" target=\"_blank\" rel=\"noopener noreferrer\">Semmelweis Egyetem \u00c1ltal\u00e1nos adatv\u00e9delmi t\u00e1j\u00e9koztat\u00f3<\/a><\/li>\n<li><a href=\"https:\/\/semmelweis.hu\/aok\/files\/2018\/12\/EGY%C3%89B-SZAKK%C3%89PZ%C3%89S-Adatkezel%C3%A9si-t%C3%A1j%C3%A9koztat%C3%B3.pdf\" target=\"_blank\" rel=\"noopener noreferrer\">Egy\u00e9b szakk\u00e9pz\u00e9sek \u2013 Adatkezel\u00e9si t\u00e1j\u00e9koztat\u00f3<\/a><\/li>\n<\/ul>\n<p>&nbsp;<\/p>\n<hr \/>\n<p><strong>Klinikai embriol\u00f3gia szakk\u00e9pz\u00e9s<\/strong><\/p>\n<p>Klinikai embriol\u00f3gia k\u00e9pz\u00e9s teljes\u00edt\u00e9se n\u00e9lk\u00fcli szakvizsg\u00e1ra jelentkez\u0151k r\u00e9sz\u00e9re<\/p>\n<p><a href=\"https:\/\/semmelweis.hu\/szak-es-tovabbkepzes\/files\/2025\/03\/SE_Hirdetmeny-klinikai-embriologia-kepzes-nelkuli_vegleges.pdf\"><strong>HIRDETM\u00c9NY<\/strong><\/a><\/p>\n<p>Klinikai embriol\u00f3gia k\u00e9pz\u00e9s teljes\u00edt\u00e9se n\u00e9lk\u00fcli szakvizsg\u00e1ra jelentkez\u0151k r\u00e9sz\u00e9re<\/p>\n<p><a href=\"https:\/\/semmelweis.hu\/szak-es-tovabbkepzes\/files\/2025\/03\/SE_Klinikai-embriologia-kerelem-igazolas_Vegleges.docx\"><strong>K\u00c9RELEM<\/strong><\/a><\/p>\n<hr \/>\n<p>&nbsp;<\/p>\n<p><strong>I. ALAP SZAKK\u00c9PES\u00cdT\u00c9SEK<\/strong><\/p>\n<p><b>Klinikai biok\u00e9mia<\/b><\/p>\n<p>Gr\u00e9miumeln\u00f6k: Dr. V\u00e1s\u00e1rhelyi Barna egyetemi tan\u00e1r<br \/>\nSE \u00c1OK Laborat\u00f3riumi Medicina Int\u00e9zet<br \/>\n1083 Budapest, B\u00f3kay u. 54. I. em.<br \/>\nTel: 20-825-8153, 334-3186\/52681 m.<br \/>\ne-mail:\u00a0<a href=\"mailto:vasarhelyi.barna@med.semmelweis-univ.hu\">vasarhelyi.barna@med.semmelweis-univ.hu<\/a><br \/>\nK\u00e9pz\u0151helyek: aktu\u00e1lis list\u00e1t ld. a RENY port\u00e1lon (reny.hu)<\/p>\n<ul>\n<li><a href=\"https:\/\/semmelweis.hu\/szak-es-tovabbkepzes\/files\/2025\/06\/Klinikai-biokemia-jelentkezesi-lap.pdf\">Jelentkez\u00e9si lap<\/a> (\u00daJ)<\/li>\n<li><a href=\"https:\/\/semmelweis.hu\/szak-es-tovabbkepzes\/files\/2024\/08\/UGYMENET-klinikai-biokemia-2024.pdf\">\u00dcGYMENET<\/a><\/li>\n<\/ul>\n<hr \/>\n<p><b>Klinikai mikrobiol\u00f3gia<\/b><\/p>\n<p>Gr\u00e9miumeln\u00f6k: Dr. Szab\u00f3 D\u00f3ra egyetemi\u00a0tan\u00e1r<br \/>\nSE \u00c1OK Orvosi Mikrobiol\u00f3giai Int\u00e9zet<br \/>\n1089 Budapest, Nagyv\u00e1rad t\u00e9r 4.<br \/>\nTel: 210-2959, 210-2930\/56101 m.<br \/>\ne-mail:\u00a0<a href=\"mailto:szabo.dora@med.semmelweis-univ.hu\">szabo.dora@med.semmelweis-univ.hu<\/a><\/p>\n<p>Gr\u00e9miumi titk\u00e1r: Dr. Ostorh\u00e1zi Eszter egyetemi docens<br \/>\nSE \u00c1OK Orvosi Mikrobiol\u00f3giai Int\u00e9zet<br \/>\n1089 Budapest, Nagyv\u00e1rad t\u00e9r 4.<br \/>\nTel: 210-2930\/56225 m.<br \/>\ne-mail: ostorhazi.eszter@med.semmelweis-univ.hu\u00a0<br \/>\nK\u00e9pz\u0151helyek: aktu\u00e1lis list\u00e1t ld. a RENY port\u00e1lon (reny.hu)<\/p>\n<ul>\n<li><a href=\"https:\/\/semmelweis.hu\/szak-es-tovabbkepzes\/files\/2025\/06\/Klinikai-mikrobiologia-jelentkezesi-lap.pdf\">Jelentkez\u00e9si lap<\/a> (\u00daJ)<\/li>\n<li><a href=\"https:\/\/semmelweis.hu\/szak-es-tovabbkepzes\/files\/2024\/08\/UGYMENET-klinikai-mikrobiologia-2024.pdf\">\u00dcGYMENET<\/a><\/li>\n<\/ul>\n<hr \/>\n<p><b>Klinikai sug\u00e1rfizika<\/b><\/p>\n<div>Gr\u00e9miumeln\u00f6k: Dr. Major Tibor egyetemi tan\u00e1r<\/div>\n<div>Orsz\u00e1gos Onkol\u00f3giai Int\u00e9zet<\/div>\n<div>Tel: 224 8600 \/ 3277\u00a0<\/div>\n<div>e-mail: major@oncol.hu<\/div>\n<div>K\u00e9pz\u0151helyek: aktu\u00e1lis list\u00e1t ld. a RENY port\u00e1lon (reny.hu)<\/div>\n<div><em>\u00a0<\/em><\/div>\n<ul>\n<li><a href=\"https:\/\/semmelweis.hu\/szak-es-tovabbkepzes\/files\/2025\/06\/Klinikai-sugarfizika-jelentkezesi-lap.pdf\">Jelentkez\u00e9si lap<\/a> (\u00daJ)<\/li>\n<li><a href=\"https:\/\/semmelweis.hu\/szak-es-tovabbkepzes\/files\/2024\/08\/UGYMENET-klinikai-sugarfizika-2024.pdf\">\u00dcGYMENET<\/a><\/li>\n<\/ul>\n<hr \/>\n<p><strong>II. R\u00c1\u00c9P\u00cdTETT SZAKK\u00c9PES\u00cdT\u00c9SEK<\/strong><\/p>\n<p><b>Molekul\u00e1ris biol\u00f3giai diagnosztika<\/b><\/p>\n<p>Gr\u00e9miumeln\u00f6k: Dr. Pat\u00f3cs Attila egyetemi tam\u00e1r<br \/>\nII. Sz. Belgy\u00f3gy\u00e1szati Klinika<br \/>\n1085 Budapest, \u00dcll\u0151i \u00fat 26.\u00a0<\/p>\n<p>Gr\u00e9miumi titk\u00e1r:\u00a0 Dr. Kiss Andr\u00e1s egyetemi tan\u00e1r<br \/>\nSE \u00c1OK II. sz. Patol\u00f3giai Int\u00e9zet<br \/>\n1091 Budapest, \u00dcll\u0151i \u00fat 93.<br \/>\nTel: 215-7300\/53400\u00a0<br \/>\nK\u00e9pz\u0151helyek: aktu\u00e1lis list\u00e1t ld. a RENY port\u00e1lon (reny.hu)<\/p>\n<ul>\n<li><a href=\"https:\/\/semmelweis.hu\/szak-es-tovabbkepzes\/files\/2025\/06\/Molekularis-biologiai-diagnosztika-jelentkezesi-lap.pdf\">Jelentkez\u00e9si lap<\/a> (\u00daJ)<\/li>\n<li><a href=\"https:\/\/semmelweis.hu\/szak-es-tovabbkepzes\/files\/2024\/08\/UGYMENET-molekularis-biologia-diagnosztika-2024.pdf\">\u00dcGYMENET<\/a><\/li>\n<\/ul>\n<hr \/>\n<p><strong>Klinikai laborat\u00f3riumi genetika<\/strong><\/p>\n<p>Gr\u00e9miumeln\u00f6k: Dr. Moln\u00e1r M\u00e1ria Judit egyetemi tan\u00e1r<\/p>\n<p>Genomikai Medicina \u00e9s Ritka Betegs\u00e9gek Int\u00e9zete<br \/>\n1082 Budapest, \u00dcll\u0151i \u00fat 78\/b<br \/>\nTel: +36 1 459 1483\/61852<br \/>\ne-mail:\u00a0molnar.mariajudit@med.semmelweis-univ.hu<br \/>\nK\u00e9pz\u0151helyek: aktu\u00e1lis list\u00e1t ld. a RENY port\u00e1lon (reny.hu)<\/p>\n<p>K\u00e9pz\u00e9s d\u00edja: 45.000,-Ft\/f\u00e9l\u00e9v, az egyetem\u00fcnk alkalmaz\u00e1s\u00e1ban \u00e1ll\u00f3k<br \/>\nr\u00e9sz\u00e9re &#8211; az egyetem \u00e9s\/vagy a munk\u00e1ltat\u00f3 \u00e9rdek\u00e9ben v\u00e9gzett k\u00e9pz\u00e9s<br \/>\neset\u00e9ben, tanulm\u00e1nyi szerz\u0151d\u00e9s k\u00f6t\u00e9se eset\u00e9n \u2013 a k\u00e9pz\u00e9s t\u00e9r\u00edt\u00e9smentes.<\/p>\n<ul>\n<li><a href=\"https:\/\/semmelweis.hu\/szak-es-tovabbkepzes\/files\/2025\/10\/Klinikai-laboratoriumi-genetika.pdf\">Jelentkez\u00e9si lap<\/a> (\u00daJ)<\/li>\n<li>\n<p><a href=\"https:\/\/semmelweis.hu\/szak-es-tovabbkepzes\/files\/2024\/08\/UGYMENET-klinikai-laboratoriumi-genetika-2024.pdf\">\u00dcGYMENET<\/a><\/p>\n<\/li>\n<\/ul>\n","protected":false},"excerpt":{"rendered":"<p>Az\u00a0Egy\u00e9b eg\u00e9szs\u00e9g\u00fcgyi fels\u0151fok\u00fa szakir\u00e1ny\u00fa szakk\u00e9pz\u00e9sekkel\u00a0kapcsolatos rendelkez\u00e9seket a\u00a0 <a href=\"https:\/\/net.jogtar.hu\/jogszabaly?docid=a1200022.emm\" target=\"_blank\" rel=\"noopener noreferrer\">22\/2012. (IX.14.) EMMI\u00a0<\/a> rendelet\u00a010. sz. mell\u00e9klete\u00a0tartalmazza. Adatkezel\u00e9ssel kapcsolatos t\u00e1j\u00e9koztat\u00f3k: <a href=\"https:\/\/semmelweis.hu\/jogigfoig\/files\/2018\/05\/1_szamu_melleklet_altalanos_adatvedelmi_tajekoztato.docx\" target=\"_blank\" rel=\"noopener noreferrer\">Semmelweis Egyetem \u00c1ltal\u00e1nos adatv\u00e9delmi t\u00e1j\u00e9koztat\u00f3<\/a> <a href=\"https:\/\/semmelweis.hu\/aok\/files\/2018\/12\/EGY%C3%89B-SZAKK%C3%89PZ%C3%89S-Adatkezel%C3%A9si-t%C3%A1j%C3%A9koztat%C3%B3.pdf\" target=\"_blank\" rel=\"noopener noreferrer\">Egy\u00e9b szakk\u00e9pz\u00e9sek \u2013 Adatkezel\u00e9si t\u00e1j\u00e9koztat\u00f3<\/a> &nbsp; Klinikai embriol\u00f3gia szakk\u00e9pz\u00e9s Klinikai embriol\u00f3gia k\u00e9pz\u00e9s teljes\u00edt\u00e9se n\u00e9lk\u00fcli szakvizsg\u00e1ra jelentkez\u0151k r\u00e9sz\u00e9re <a href=\"https:\/\/semmelweis.hu\/szak-es-tovabbkepzes\/files\/2025\/03\/SE_Hirdetmeny-klinikai-embriologia-kepzes-nelkuli_vegleges.pdf\">HIRDETM\u00c9NY<\/a> Klinikai embriol\u00f3gia k\u00e9pz\u00e9s teljes\u00edt\u00e9se n\u00e9lk\u00fcli szakvizsg\u00e1ra jelentkez\u0151k r\u00e9sz\u00e9re <a href=\"https:\/\/semmelweis.hu\/szak-es-tovabbkepzes\/files\/2025\/03\/SE_Klinikai-embriologia-kerelem-igazolas_Vegleges.docx\">K\u00c9RELEM<\/a> &nbsp; I. ALAP SZAKK\u00c9PES\u00cdT\u00c9SEK Klinikai biok\u00e9mia Gr\u00e9miumeln\u00f6k: Dr. V\u00e1s\u00e1rhelyi Barna egyetemi tan\u00e1r SE \u00c1OK Laborat\u00f3riumi Medicina Int\u00e9zet 1083 Budapest, B\u00f3kay u. 54. &hellip;<\/p>\n","protected":false},"author":101506,"featured_media":0,"parent":0,"menu_order":3,"comment_status":"closed","ping_status":"closed","template":"","meta":{"_acf_changed":false,"footnotes":""},"categories":[],"tags":[],"class_list":["post-1894","page","type-page","status-publish","hentry"],"acf":[],"_links":{"self":[{"href":"https:\/\/semmelweis.hu\/szak-es-tovabbkepzes\/wp-json\/wp\/v2\/pages\/1894","targetHints":{"allow":["GET"]}}],"collection":[{"href":"https:\/\/semmelweis.hu\/szak-es-tovabbkepzes\/wp-json\/wp\/v2\/pages"}],"about":[{"href":"https:\/\/semmelweis.hu\/szak-es-tovabbkepzes\/wp-json\/wp\/v2\/types\/page"}],"author":[{"embeddable":true,"href":"https:\/\/semmelweis.hu\/szak-es-tovabbkepzes\/wp-json\/wp\/v2\/users\/101506"}],"replies":[{"embeddable":true,"href":"https:\/\/semmelweis.hu\/szak-es-tovabbkepzes\/wp-json\/wp\/v2\/comments?post=1894"}],"version-history":[{"count":10,"href":"https:\/\/semmelweis.hu\/szak-es-tovabbkepzes\/wp-json\/wp\/v2\/pages\/1894\/revisions"}],"predecessor-version":[{"id":23013,"href":"https:\/\/semmelweis.hu\/szak-es-tovabbkepzes\/wp-json\/wp\/v2\/pages\/1894\/revisions\/23013"}],"wp:attachment":[{"href":"https:\/\/semmelweis.hu\/szak-es-tovabbkepzes\/wp-json\/wp\/v2\/media?parent=1894"}],"wp:term":[{"taxonomy":"category","embeddable":true,"href":"https:\/\/semmelweis.hu\/szak-es-tovabbkepzes\/wp-json\/wp\/v2\/categories?post=1894"},{"taxonomy":"post_tag","embeddable":true,"href":"https:\/\/semmelweis.hu\/szak-es-tovabbkepzes\/wp-json\/wp\/v2\/tags?post=1894"}],"curies":[{"name":"wp","href":"https:\/\/api.w.org\/{rel}","templated":true}]}}