{"id":1892,"date":"2019-01-25T10:11:10","date_gmt":"2019-01-25T09:11:10","guid":{"rendered":"http:\/\/semmelweis.hu\/szak-es-tovabbkepzes\/?page_id=1892"},"modified":"2024-03-26T17:27:55","modified_gmt":"2024-03-26T16:27:55","slug":"neuropszichologiai-szakpszichologus-kepzes","status":"publish","type":"page","link":"https:\/\/semmelweis.hu\/szak-es-tovabbkepzes\/neuropszichologiai-szakpszichologus-kepzes\/","title":{"rendered":"Neuropszichol\u00f3giai szakpszichol\u00f3gus szakk\u00e9pz\u00e9s"},"content":{"rendered":"<p><strong>FELV\u00c9TELI T\u00c1J\u00c9KOZTAT\u00d3 SEMMELWEIS EGYETEM \u00c1OK PSZICHI\u00c1TRIAI \u00c9S PSZICHOTER\u00c1PI\u00c1S KLINIKA NEUROPSZICHOL\u00d3GIAI TANSZ\u00c9KI CSOPORT<\/strong><\/p>\n<p>Felv\u00e9telt hirdet a <strong>neuropszichol\u00f3giai szakpszichol\u00f3gus szakk\u00e9pz\u00e9s<\/strong> 2024\/2025-\u00f6s tan\u00e9v els\u0151 \u00e9vfolyam\u00e1ra a 22\/2012. (IX. 14.) EMMI rendeletnek megfelel\u0151en.<\/p>\n<p>Tudnival\u00f3k:\u00a0<br \/>\nA szakk\u00e9pz\u00e9s id\u0151tartama 4 \u00e9v (azaz 8 f\u00e9l\u00e9v), amely egym\u00e1st kieg\u00e9sz\u00edt\u0151 elm\u00e9leti \u00e9s gyakorlati r\u00e9szb\u0151l \u00e1ll. Minden f\u00e9l\u00e9vben az elm\u00e9leti k\u00e9pz\u00e9s 40 (+20) \u00f3ra, a gyakorlati k\u00e9pz\u00e9s 40 (+20) \u00f3ra. A k\u00e9pz\u00e9s blokkokban t\u00f6rt\u00e9nik akkredit\u00e1lt eg\u00e9szs\u00e9g\u00fcgyi int\u00e9zm\u00e9nyekben. Tov\u00e1bbi gyakorlatokra ker\u00fclhet sor el\u0151rel\u00e1that\u00f3an t\u00f6mb\u00f6s\u00edtett form\u00e1ban a f\u00e9l\u00e9v sor\u00e1n el\u0151re egyeztetett munkanapokon.<\/p>\n<p>A szakk\u00e9pz\u00e9sre jelentkez\u00e9s felt\u00e9telei, ill. a jelentkez\u00e9si laphoz csatoland\u00f3k:<br \/>\n\u2022 Egys\u00e9ges osztatlan k\u00e9pz\u00e9sben szerzett pszichol\u00f3gus oklev\u00e9l, pszichol\u00f3gia MA, eg\u00e9szs\u00e9gpszichol\u00f3gia MSc<br \/>\n\u2022 Munk\u00e1ltat\u00f3i igazol\u00e1s, a 22\/2012 EMMI rendelet 1.\u00a7 alapj\u00e1n t\u00f6rt\u00e9n\u0151 eg\u00e9szs\u00e9g\u00fcgyi tev\u00e9kenys\u00e9g v\u00e9gz\u00e9s\u00e9re munkav\u00e9gz\u00e9sre ir\u00e1nyul\u00f3 jogviszonyban t\u00f6rt\u00e9n\u0151 foglalkoztat\u00e1sr\u00f3l, mely tartalmazza a munkaviszony kezdet\u00e9t, heti munka\u00f3r\u00e1k sz\u00e1m\u00e1t, munkak\u00f6r megnevez\u00e9s\u00e9t.<br \/>\n\u2022 A munk\u00e1ltat\u00f3 hozz\u00e1j\u00e1rul\u00e1sa, javaslata a szakk\u00e9pz\u00e9si jelentkez\u00e9si lapon<br \/>\n\u2022 Munkak\u00f6ri le\u00edr\u00e1s, r\u00f6gz\u00edtett klinikai neuropszichol\u00f3giai feladatokkal<br \/>\n\u2022 Szakmai \u00f6n\u00e9letrajz<br \/>\n\u2022 2 \u00e9v munkatapasztalat<br \/>\n\u2022 Motiv\u00e1ci\u00f3s lev\u00e9l, amely alapj\u00e1n k\u00e9pet alkothatunk a jel\u00f6ltek r\u00e1termetts\u00e9g\u00e9r\u0151l, szakmai t\u00e1j\u00e9kozotts\u00e1g\u00e1r\u00f3l, el\u0151k\u00e9pzetts\u00e9g\u00e9r\u0151l. Szeretn\u00e9nk t\u00e1j\u00e9koz\u00f3dni arr\u00f3l, hogyan sz\u00e1nd\u00e9koznak ezt a szakk\u00e9pzetts\u00e9get hasznos\u00edtani hossz\u00fa t\u00e1v\u00fa munk\u00e1jukban. A felv\u00e9teli vizsga besz\u00e9lget\u00e9s form\u00e1j\u00e1ban t\u00f6rt\u00e9nik, amelynek alapja a Motiv\u00e1ci\u00f3s lev\u00e9l.<br \/>\n\u2022 150 \u00f3ra \u00f6nismeret megkezd\u00e9s\u00e9nek igazol\u00e1sa. (A szakvizsg\u00e1ra bocs\u00e1t\u00e1s felt\u00e9tele a teljes\u00edtett 150 \u00f3ra \u00f6nismeret, amelyet a 4 \u00e9v sor\u00e1n teljes\u00edtenie kell a jel\u00f6ltnek)<\/p>\n<p>A 22\/2012 EMMI rendelet 11. \u00a7 (2) bekezd\u00e9se alapj\u00e1n a szakk\u00e9pz\u00e9s vagy annak egyes elemei r\u00e9szmunkaid\u0151s foglalkoztat\u00e1sban is teljes\u00edthet\u0151k, (legal\u00e1bb heti 20 \u00f3ra) ebben az esetben a szakk\u00e9pz\u00e9si id\u0151 annyival hosszabbodik meg, hogy megfeleljen a teljes munkaidej\u0171 foglalkoztat\u00e1sra a jogszab\u00e1lyban el\u0151\u00edrt k\u00e9pz\u00e9si id\u0151tartamnak \u00e9s felt\u00e9teleknek.<\/p>\n<p>A szakk\u00e9pz\u00e9s \u00f6nk\u00f6lts\u00e9ges, d\u00edja 260.000 Ft \/ f\u00e9l\u00e9v. Az \u00f6nk\u00f6lts\u00e9g m\u00e9rt\u00e9ke a m\u00e1sodik tan\u00e9vt\u0151l \u00e9s a tov\u00e1bbi \u00e9vekben emelkedhet, melynek a m\u00e9rt\u00e9ke nem lehet t\u00f6bb, mint tan\u00e9venk\u00e9nt 8%.<\/p>\n<p>A jelentkez\u00e9si lap let\u00f6lthet\u0151 \u00e9s\/vagy szem\u00e9lyesen a <a href=\"http:\/\/semmelweis.hu\/pszichiatria\/oktatas\/posztgradualiskepzes\/neuropszichologiai-kepzes\/\">Tansz\u00e9ki Csoportt\u00f3l<\/a> k\u00e9rhet\u0151, valamint a <a href=\"https:\/\/semmelweis.hu\/szak-es-tovabbkepzes\/neuropszichologiai-szakpszichologus-kepzes\/\">Szak- \u00e9s Tov\u00e1bbk\u00e9pz\u00e9si K\u00f6zpont honlapj\u00e1r\u00f3l<\/a> (egy\u00e9b k\u00e9pz\u00e9s \/ Neuropszichol\u00f3giai szakpszichol\u00f3gus szakk\u00e9pz\u00e9s): <a href=\"https:\/\/semmelweis.hu\/szak-es-tovabbkepzes\/files\/2024\/03\/Neuropszichologiai-SZP-jelentkezesi-lap-2024.doc\"><strong>JELENTKEZ\u00c9SI LAP<\/strong><\/a><\/p>\n<p>Jelentkez\u00e9si hat\u00e1rid\u0151: <strong>2024. m\u00e1jus 15.<\/strong><\/p>\n<p>Dokumentumok bead\u00e1sa:<br \/>\n<strong>Semmelweis Egyetem Szak \u00e9s Tov\u00e1bbk\u00e9pz\u00e9si K\u00f6zpont<\/strong><br \/>\n<em>\u00dajhegyi Erika<\/em><br \/>\n<em>szakk\u00e9pz\u00e9si \u00fcgyint\u00e9z\u0151<\/em><br \/>\nTelefon: 06 1 459 &#8211; 1500\/62247<br \/>\nE-mail: ujhegyi.erika@semmelweis.hu<br \/>\nC\u00edm: 1085 Budapest, Baross u. 22. I.em.<\/p>\n<p>Felv\u00e9teli id\u0151pontja: 2024. j\u00fanius 5.<\/p>\n<p>A felv\u00e9teli besz\u00e9lget\u00e9s pontos id\u0151pontj\u00e1r\u00f3l a jelentkez\u0151k el\u0151zetesen e-mailben kapnak \u00e9rtes\u00edt\u00e9st.<\/p>\n<p>Budapest, 2024. febru\u00e1r 19.<\/p>\n<p><em>Pataky Ilona sk.<\/em><br \/>\n<em>K\u00e9pz\u00e9svezet\u0151, c. egyetemi tan\u00e1r<\/em><\/p>\n","protected":false},"excerpt":{"rendered":"<p>FELV\u00c9TELI T\u00c1J\u00c9KOZTAT\u00d3 SEMMELWEIS EGYETEM \u00c1OK PSZICHI\u00c1TRIAI \u00c9S PSZICHOTER\u00c1PI\u00c1S KLINIKA NEUROPSZICHOL\u00d3GIAI TANSZ\u00c9KI CSOPORT Felv\u00e9telt hirdet a neuropszichol\u00f3giai szakpszichol\u00f3gus szakk\u00e9pz\u00e9s 2024\/2025-\u00f6s tan\u00e9v els\u0151 \u00e9vfolyam\u00e1ra a 22\/2012. (IX. 14.) EMMI rendeletnek megfelel\u0151en. Tudnival\u00f3k:\u00a0 A szakk\u00e9pz\u00e9s id\u0151tartama 4 \u00e9v (azaz 8 f\u00e9l\u00e9v), amely egym\u00e1st kieg\u00e9sz\u00edt\u0151 elm\u00e9leti \u00e9s gyakorlati r\u00e9szb\u0151l \u00e1ll. Minden f\u00e9l\u00e9vben az elm\u00e9leti k\u00e9pz\u00e9s 40 (+20) \u00f3ra, a &hellip;<\/p>\n","protected":false},"author":101506,"featured_media":0,"parent":0,"menu_order":2,"comment_status":"closed","ping_status":"closed","template":"","meta":{"_acf_changed":false,"footnotes":""},"categories":[],"tags":[],"class_list":["post-1892","page","type-page","status-publish","hentry"],"acf":[],"_links":{"self":[{"href":"https:\/\/semmelweis.hu\/szak-es-tovabbkepzes\/wp-json\/wp\/v2\/pages\/1892","targetHints":{"allow":["GET"]}}],"collection":[{"href":"https:\/\/semmelweis.hu\/szak-es-tovabbkepzes\/wp-json\/wp\/v2\/pages"}],"about":[{"href":"https:\/\/semmelweis.hu\/szak-es-tovabbkepzes\/wp-json\/wp\/v2\/types\/page"}],"author":[{"embeddable":true,"href":"https:\/\/semmelweis.hu\/szak-es-tovabbkepzes\/wp-json\/wp\/v2\/users\/101506"}],"replies":[{"embeddable":true,"href":"https:\/\/semmelweis.hu\/szak-es-tovabbkepzes\/wp-json\/wp\/v2\/comments?post=1892"}],"version-history":[{"count":10,"href":"https:\/\/semmelweis.hu\/szak-es-tovabbkepzes\/wp-json\/wp\/v2\/pages\/1892\/revisions"}],"predecessor-version":[{"id":22623,"href":"https:\/\/semmelweis.hu\/szak-es-tovabbkepzes\/wp-json\/wp\/v2\/pages\/1892\/revisions\/22623"}],"wp:attachment":[{"href":"https:\/\/semmelweis.hu\/szak-es-tovabbkepzes\/wp-json\/wp\/v2\/media?parent=1892"}],"wp:term":[{"taxonomy":"category","embeddable":true,"href":"https:\/\/semmelweis.hu\/szak-es-tovabbkepzes\/wp-json\/wp\/v2\/categories?post=1892"},{"taxonomy":"post_tag","embeddable":true,"href":"https:\/\/semmelweis.hu\/szak-es-tovabbkepzes\/wp-json\/wp\/v2\/tags?post=1892"}],"curies":[{"name":"wp","href":"https:\/\/api.w.org\/{rel}","templated":true}]}}