{"id":1890,"date":"2019-01-25T10:11:10","date_gmt":"2019-01-25T09:11:10","guid":{"rendered":"http:\/\/semmelweis.hu\/szak-es-tovabbkepzes\/?page_id=1890"},"modified":"2023-04-06T22:51:08","modified_gmt":"2023-04-06T20:51:08","slug":"felnott-gyermek-es-ifjusagi-klinikai-es-mentalhigieniai-szakpszichologia-szakkepzes","status":"publish","type":"page","link":"https:\/\/semmelweis.hu\/szak-es-tovabbkepzes\/felnott-gyermek-es-ifjusagi-klinikai-es-mentalhigieniai-szakpszichologia-szakkepzes\/","title":{"rendered":"Feln\u0151tt \/ gyermek- \u00e9s ifj\u00fas\u00e1gi klinikai \u00e9s ment\u00e1lhigi\u00e9niai szakpszichol\u00f3gia szakk\u00e9pz\u00e9s"},"content":{"rendered":"<p class=\"entry-title\"><strong>Feln\u0151tt \/ gyermek- \u00e9s ifj\u00fas\u00e1gi klinikai \u00e9s ment\u00e1lhigi\u00e9niai szakpszichol\u00f3gia szakk\u00e9pz\u00e9s<\/strong><\/p>\n<p>Felv\u00e9teli t\u00e1j\u00e9koztat\u00f3, kit\u00f6ltend\u0151 \u0171rlapok r\u00e9szletesen itt tal\u00e1lhat\u00f3ak:<\/p>\n<blockquote class=\"wp-embedded-content\" data-secret=\"xyiS46KEZG\"><p><a href=\"https:\/\/semmelweis.hu\/klinikai-pszichologia\/oktatas\/felnott-es-gyermek-klinikai-es-mentalhigieniai-szakpszichologus-szakkepzes\/felveteli\/\">Felv\u00e9teli<\/a><\/p><\/blockquote>\n<p><iframe loading=\"lazy\" class=\"wp-embedded-content\" sandbox=\"allow-scripts\" security=\"restricted\" style=\"position: absolute; clip: rect(1px, 1px, 1px, 1px);\" title=\"&#8220;Felv\u00e9teli&#8221; &#8212; Klinikai Pszichol\u00f3gia Tansz\u00e9k\" src=\"https:\/\/semmelweis.hu\/klinikai-pszichologia\/oktatas\/felnott-es-gyermek-klinikai-es-mentalhigieniai-szakpszichologus-szakkepzes\/felveteli\/embed\/#?secret=xyiS46KEZG\" data-secret=\"xyiS46KEZG\" width=\"600\" height=\"338\" frameborder=\"0\" marginwidth=\"0\" marginheight=\"0\" scrolling=\"no\"><\/iframe><\/p>\n<p><span style=\"font-weight: 400\">Gr\u00e9miumeln\u00f6k:\u00a0<\/span><b><strong>Prof. Dr. Perczel-Forintos D\u00f3ra egyetemi tan\u00e1r<\/strong><\/b><br style=\"font-weight: 400\" \/><br \/>\n<span style=\"font-weight: 400\">SE \u00c1OK Klinikai Pszichol\u00f3gia Tansz\u00e9k<\/span><br style=\"font-weight: 400\" \/><br \/>\n<span style=\"font-weight: 400\">1091 Budapest,\u00a0\u00dcll\u0151i \u00fat\u00a025.<\/span><br style=\"font-weight: 400\" \/><br \/>\n<span style=\"font-weight: 400\">Tel. 459-1493, 459-1500\/62360 m.<\/span><br style=\"font-weight: 400\" \/><br \/>\n<span style=\"font-weight: 400\">e-mail:\u00a0<\/span><a href=\"mailto:perczel-forintos.dora@med.semmelweis-univ.hu\">perczel-forintos.dora@med.semmelweis-univ.hu<\/a><\/p>\n<p>A klinikai szakpszichol\u00f3gus olyan pszichol\u00f3gus, aki az MA\/MSc (master) szint\u0171 diploma megszerz\u00e9se ut\u00e1n klinikai szakpszichol\u00f3gusi k\u00e9pz\u00e9st teljes\u00edtett. T\u00f6bbnyire pszich\u00e9s betegs\u00e9gben szenved\u0151 egy\u00e9nek diagnosztik\u00e1j\u00e1val, betegvezet\u00e9ssel, gy\u00f3gy\u00edt\u00f3 munk\u00e1val foglalkoznak.\u00a0A klinikai szakk\u00e9pz\u00e9st azoknak az okleveles pszichol\u00f3gusoknak aj\u00e1nljuk, akik a feln\u0151tt illetve gyermekell\u00e1t\u00e1s ter\u00fclet\u00e9n dolgoznak \u00e9s a k\u00e9pz\u00e9s sor\u00e1n elsaj\u00e1t\u00edtott magas szint\u0171 szakmai ismereteiket az eg\u00e9szs\u00e9g\u00fcgyi rendszer keretein bel\u00fcl szeretn\u00e9k felhaszn\u00e1lni.\u00a0<\/p>\n<p>A\u00a0<strong>Feln\u0151tt klinikai \u00e9s ment\u00e1lhigi\u00e9niai,\u00a0<\/strong>valamint a\u00a0<strong>Gyermek klinikai \u00e9s ment\u00e1lhigi\u00e9niai szakpszichol\u00f3gus szakk\u00e9pz\u00e9s<\/strong><strong>\u00a0<\/strong><strong>id\u0151tartama\u00a048 h\u00f3nap.<\/strong>\u00a0A k\u00e9pz\u00e9s integrat\u00edv szeml\u00e9let\u0171, a klinikai pszichol\u00f3gia mai fejletts\u00e9g\u00e9nek megfelel\u0151en olyan korszer\u0171\u00a0tud\u00e1st k\u00edn\u00e1l, amely mag\u00e1ban foglalja a pszichodinamikus, kognit\u00edv \u2013 viselked\u00e9ster\u00e1pi\u00e1s \u00e9s rendszerszeml\u00e9let\u0171\u00a0pszichoter\u00e1pi\u00e1s k\u00e9pz\u00e9st. A jel\u00f6ltek elm\u00e9leti, gyakorlati \u00e9s szuperv\u00edzi\u00f3s k\u00e9pz\u00e9sben r\u00e9szes\u00fclnek,\u00a0megismerkednek a klinikai pszichol\u00f3gia alkalmaz\u00e1si lehet\u0151s\u00e9geivel a medicina k\u00fcl\u00f6nb\u00f6z\u0151 ter\u00fcletein.\u00a0<\/p>\n<p>A\u00a0<strong>Feln\u0151tt klinikai \u00e9s ment\u00e1lhigi\u00e9niai\u00a0<\/strong>valamint a\u00a0<strong>Gyermek klinikai \u00e9s ment\u00e1lhigi\u00e9niai szakpszichol\u00f3gus szakk\u00e9pz\u00e9sekkel\u00a0<\/strong>kapcsolatos rendelkez\u00e9seket a\u00a0<a href=\"https:\/\/net.jogtar.hu\/jogszabaly?docid=a1200022.emm\" target=\"_blank\" rel=\"noopener noreferrer\"><b>22\/2012. (IX.14.) EMMI<\/b>\u00a0<\/a>rendelet\u00a0<strong>8. sz. mell\u00e9klete<\/strong>\u00a0tartalmazza.<\/p>\n<blockquote class=\"wp-embedded-content\" data-secret=\"FNwlemj2R0\"><p><a href=\"https:\/\/semmelweis.hu\/klinikai-pszichologia\/oktatas\/felnott-es-gyermek-klinikai-es-mentalhigieniai-szakpszichologus-szakkepzes\/\">Feln\u0151tt \u00e9s gyermek klinikai \u00e9s ment\u00e1lhigi\u00e9niai szakpszichol\u00f3gus szakk\u00e9pz\u00e9s<\/a><\/p><\/blockquote>\n<p><iframe loading=\"lazy\" class=\"wp-embedded-content\" sandbox=\"allow-scripts\" security=\"restricted\" style=\"position: absolute; clip: rect(1px, 1px, 1px, 1px);\" title=\"&#8220;Feln\u0151tt \u00e9s gyermek klinikai \u00e9s ment\u00e1lhigi\u00e9niai szakpszichol\u00f3gus szakk\u00e9pz\u00e9s&#8221; &#8212; Klinikai Pszichol\u00f3gia Tansz\u00e9k\" src=\"https:\/\/semmelweis.hu\/klinikai-pszichologia\/oktatas\/felnott-es-gyermek-klinikai-es-mentalhigieniai-szakpszichologus-szakkepzes\/embed\/#?secret=FNwlemj2R0\" data-secret=\"FNwlemj2R0\" width=\"600\" height=\"338\" frameborder=\"0\" marginwidth=\"0\" marginheight=\"0\" scrolling=\"no\"><\/iframe><\/p>\n","protected":false},"excerpt":{"rendered":"<p>Feln\u0151tt \/ gyermek- \u00e9s ifj\u00fas\u00e1gi klinikai \u00e9s ment\u00e1lhigi\u00e9niai szakpszichol\u00f3gia szakk\u00e9pz\u00e9s Felv\u00e9teli t\u00e1j\u00e9koztat\u00f3, kit\u00f6ltend\u0151 \u0171rlapok r\u00e9szletesen itt tal\u00e1lhat\u00f3ak: <a href=\"https:\/\/semmelweis.hu\/klinikai-pszichologia\/oktatas\/felnott-es-gyermek-klinikai-es-mentalhigieniai-szakpszichologus-szakkepzes\/felveteli\/\">Felv\u00e9teli<\/a> Gr\u00e9miumeln\u00f6k:\u00a0Prof. Dr. Perczel-Forintos D\u00f3ra egyetemi tan\u00e1r SE \u00c1OK Klinikai Pszichol\u00f3gia Tansz\u00e9k 1091 Budapest,\u00a0\u00dcll\u0151i \u00fat\u00a025. Tel. 459-1493, 459-1500\/62360 m. e-mail:\u00a0 <a href=\"mailto:perczel-forintos.dora@med.semmelweis-univ.hu\">perczel-forintos.dora@med.semmelweis-univ.hu<\/a> A klinikai szakpszichol\u00f3gus olyan pszichol\u00f3gus, aki az MA\/MSc (master) szint\u0171 diploma megszerz\u00e9se ut\u00e1n klinikai szakpszichol\u00f3gusi k\u00e9pz\u00e9st teljes\u00edtett. T\u00f6bbnyire pszich\u00e9s &hellip;<\/p>\n","protected":false},"author":101506,"featured_media":0,"parent":0,"menu_order":1,"comment_status":"closed","ping_status":"closed","template":"","meta":{"_acf_changed":false,"footnotes":""},"categories":[],"tags":[],"class_list":["post-1890","page","type-page","status-publish","hentry"],"acf":[],"_links":{"self":[{"href":"https:\/\/semmelweis.hu\/szak-es-tovabbkepzes\/wp-json\/wp\/v2\/pages\/1890","targetHints":{"allow":["GET"]}}],"collection":[{"href":"https:\/\/semmelweis.hu\/szak-es-tovabbkepzes\/wp-json\/wp\/v2\/pages"}],"about":[{"href":"https:\/\/semmelweis.hu\/szak-es-tovabbkepzes\/wp-json\/wp\/v2\/types\/page"}],"author":[{"embeddable":true,"href":"https:\/\/semmelweis.hu\/szak-es-tovabbkepzes\/wp-json\/wp\/v2\/users\/101506"}],"replies":[{"embeddable":true,"href":"https:\/\/semmelweis.hu\/szak-es-tovabbkepzes\/wp-json\/wp\/v2\/comments?post=1890"}],"version-history":[{"count":10,"href":"https:\/\/semmelweis.hu\/szak-es-tovabbkepzes\/wp-json\/wp\/v2\/pages\/1890\/revisions"}],"predecessor-version":[{"id":22473,"href":"https:\/\/semmelweis.hu\/szak-es-tovabbkepzes\/wp-json\/wp\/v2\/pages\/1890\/revisions\/22473"}],"wp:attachment":[{"href":"https:\/\/semmelweis.hu\/szak-es-tovabbkepzes\/wp-json\/wp\/v2\/media?parent=1890"}],"wp:term":[{"taxonomy":"category","embeddable":true,"href":"https:\/\/semmelweis.hu\/szak-es-tovabbkepzes\/wp-json\/wp\/v2\/categories?post=1890"},{"taxonomy":"post_tag","embeddable":true,"href":"https:\/\/semmelweis.hu\/szak-es-tovabbkepzes\/wp-json\/wp\/v2\/tags?post=1890"}],"curies":[{"name":"wp","href":"https:\/\/api.w.org\/{rel}","templated":true}]}}