{"id":1886,"date":"2019-01-25T10:11:10","date_gmt":"2019-01-25T09:11:10","guid":{"rendered":"http:\/\/semmelweis.hu\/szak-es-tovabbkepzes\/?page_id=1886"},"modified":"2024-08-27T21:04:30","modified_gmt":"2024-08-27T19:04:30","slug":"akkreditacio","status":"publish","type":"page","link":"https:\/\/semmelweis.hu\/szak-es-tovabbkepzes\/aok\/akkreditacio\/","title":{"rendered":"Akkredit\u00e1ci\u00f3"},"content":{"rendered":"<h2>Akkredit\u00e1ci\u00f3s \u00e9s Rendszerbev\u00e9teli Csoport<\/h2>\n<p><strong>Tak\u00e1cs \u00c9va<br \/>\n<\/strong><strong>csoportvezet\u0151<br \/>\n<\/strong>e-mail:\u00a0<a href=\"mailto:takacs.eva@semmelweis.hu\">takacs.eva@semmelweis.hu<\/a><br \/>\ntelefon: +36-1-459-1500\/62244<\/p>\n<p><strong>Szab\u00f3 Vir\u00e1g Bernadett\u00a0<br \/>\n<\/strong><strong>\u00fcgyint\u00e9z\u0151\u00a0<br \/>\n<\/strong>e-mail:\u00a0<a href=\"mailto:szabo.virag@semmelweis.hu\">szabo.virag@semmelweis.hu<\/a><br \/>\ntelefon: +36-1-459-1500\/62245<\/p>\n<p><strong>\u00dcgyf\u00e9lfogad\u00e1s:<br \/>\n<\/strong>H\u00e9tf\u0151:\u00a0 \u00a013:30 \u2013 16:00<br \/>\nSzerda: 13:30 \u2013 16:00<br \/>\nP\u00e9ntek:\u00a0\u00a0 9:00 \u2013 11:30<\/p>\n<p>&nbsp;<\/p>\n<p><strong>\u00c1ltal\u00e1nos t\u00e1j\u00e9koztat\u00f3:<\/strong><\/p>\n<p><strong><u>A 16\/2010. (IV.15.) E\u00fcM rendelet 7. \u00a7 (1) bekezd\u00e9se \u00e9rtelm\u00e9ben a szakk\u00e9pz\u00e9s gyakorlati programj\u00e1nak lebonyol\u00edt\u00e1sa akkredit\u00e1lt eg\u00e9szs\u00e9g\u00fcgyi szolg\u00e1ltat\u00f3n\u00e1l, szakk\u00e9pz\u0151helyen t\u00f6rt\u00e9nik.<\/u><\/strong><\/p>\n<p><strong>Felh\u00edvjuk sz\u00edves figyelm\u00fcket, hogy a k\u00e9pz\u00e9si tervekben szerepl\u0151 eg\u00e9szs\u00e9g\u00fcgyi szolg\u00e1ltat\u00f3k akkredit\u00e1ci\u00f3ja folyamatosan v\u00e1ltozhat, m\u00f3dosulhat, ez\u00e9rt saj\u00e1t \u00e9rdek\u00fckben javasoljuk, hogy\u00a0<u>az egyes gyakorlatok megkezd\u00e9se el\u0151tt gy\u0151z\u0151djenek meg arr\u00f3l, hogy az aktu\u00e1lis id\u0151szakban val\u00f3ban rendelkezik-e az \u00e9rintett k\u00e9pz\u0151hely a teljes\u00edtend\u0151 gyakorlatra vonatkoz\u00f3 akkredit\u00e1ci\u00f3val.<\/u><\/strong><\/p>\n<p><em>A hat\u00e1lyos akkredit\u00e1ci\u00f3kat a tov\u00e1bbiakban a\u00a0<a href=\"http:\/\/www.reny.hu\">www.reny.hu<\/a> oldalon tal\u00e1lj\u00e1k meg, ahol a port\u00e1lra t\u00f6rt\u00e9n\u0151 bel\u00e9p\u00e9s n\u00e9lk\u00fcl is t\u00f6bbf\u00e9le m\u00f3don tudnak keresni a p\u00e1ly\u00e1zatok k\u00f6z\u00f6tt.<\/em><\/p>\n<ol start=\"1\" type=\"1\">\n<li>Szakk\u00e9pz\u00e9s &#8211; Akkredit\u00e1lt k\u00e9pz\u0151helyek \u2013 E\u00fc. szolg\u00e1ltat\u00f3k &#8211; itt a kiv\u00e1lasztott szakm\u00e1n bel\u00fcl az egyes k\u00e9pz\u0151helyek oszt\u00e1lyainak akkredit\u00e1ci\u00f3j\u00e1ra lehet r\u00e1keresni a szakmakosarakban.<\/li>\n<li>Szakk\u00e9pz\u00e9s \u2013 Akkredit\u00e1lt k\u00e9pz\u0151helyek \u2013 Szakk\u00e9pz\u0151 helyek \u2013 itt az \u00f6sszes akkredit\u00e1lt k\u00e9pz\u0151hely k\u00f6z\u00f6tt lehet megkeresni, hogy adott szakk\u00e9pz\u00e9sben mely int\u00e9zm\u00e9nyek rendelkeznek m\u00e9g akkredit\u00e1ci\u00f3val.<\/li>\n<li>Szakk\u00e9pz\u00e9s \u2013 Akkredit\u00e1lt k\u00e9pz\u0151helyek \u2013 Let\u00f6lthet\u0151 k\u00e9pz\u00e9si elemek \u2013 itt az adott szakk\u00e9pz\u00e9sek tematik\u00e1j\u00e1b\u00f3l lehet kiv\u00e1lasztani, hogy adott gyakorlat eset\u00e9ben, h\u00e1ny k\u00e9pz\u0151hely rendelkezik akkredit\u00e1ci\u00f3val \u00e9s melyek ezek.<\/li>\n<\/ol>\n<p>&nbsp;<\/p>\n<p><strong>Nem akkredit\u00e1lt k\u00e9pz\u0151helyen teljes\u00edtett gyakorlat szakk\u00e9pz\u00e9s r\u00e9szek\u00e9nt t\u00f6rt\u00e9n\u0151 elfogadtat\u00e1s\u00e1ra \u2013 a hivatkozott rendelet \u00e9rtelm\u00e9ben \u2013 nincs lehet\u0151s\u00e9g.<\/strong><\/p>\n<p>Az akkredit\u00e1ci\u00f3t \u00e9rint\u0151 k\u00e9rd\u00e9sekben a Szak- \u00e9s Tov\u00e1bbk\u00e9pz\u00e9si K\u00f6zpont Akkredit\u00e1ci\u00f3s \u00e9s Rendszerbev\u00e9teli Csoportj\u00e1nak munkat\u00e1rsai k\u00e9szs\u00e9ggel \u00e1llnak rendelkez\u00e9s\u00e9re.<\/p>\n<p>&nbsp;<\/p>\n<p><span style=\"color: #313b40;font-family: Montserrat, sans-serif;font-size: 24px;font-weight: 600\">Beavatkoz\u00e1si lista<\/span><\/p>\n<p><a href=\"https:\/\/semmelweis.hu\/aok\/files\/2017\/12\/beavatkozaslista.pdf\" target=\"_blank\" rel=\"noopener noreferrer\"><strong>Az egyes szakorvosi alap \u00e9s r\u00e1\u00e9p\u00edtett szakk\u00e9pes\u00edt\u00e9sek sor\u00e1n a szakvizsg\u00e1ra bocs\u00e1t\u00e1s felt\u00e9telek\u00e9nt elv\u00e9gzend\u0151 beavatkoz\u00e1sok, m\u0171t\u00e9tek, vizsg\u00e1latok<\/strong><\/a><\/p>\n<div>\u00a0<\/div>\n<h2>K\u00e9pz\u0151helly\u00e9 min\u0151s\u00edt\u00e9s<\/h2>\n<div>\n<p>A szakk\u00e9pz\u0151helly\u00e9 min\u0151s\u00edt\u00e9s felt\u00e9teleit\u00a0<strong><u>a 16\/2010 (IV.15.) E\u00fcM rendelet 3. mell\u00e9klete<\/u><\/strong>tartalmazza!<\/p>\n<p><strong>A szakk\u00e9pz\u0151helly\u00e9 min\u0151s\u00edt\u00e9s menete:<\/strong><\/p>\n<p>Els\u0151 l\u00e9p\u00e9s, az eg\u00e9szs\u00e9g\u00fcgyi szolg\u00e1ltat\u00f3k \u201c<strong>Rezidens Akkredit\u00e1lt K\u00e9pz\u0151hely Nyilv\u00e1ntart\u00e1s\u201d (www.reny.hu)<\/strong>\u00a0weboldalon \u00a0(tov\u00e1bbiakban: RENY port\u00e1l) t\u00f6rt\u00e9n\u0151 regisztr\u00e1ci\u00f3ja.<br \/>\nA regisztr\u00e1ci\u00f3t k\u00f6vet\u0151en fent nevezett online fel\u00fcleten ny\u00edlik lehet\u0151s\u00e9g az int\u00e9zm\u00e9nyek r\u00e9sz\u00e9re\u00a0 az akkredit\u00e1ci\u00f3s p\u00e1ly\u00e1zatok felt\u00f6lt\u00e9s\u00e9re, beny\u00fajt\u00e1s\u00e1ra, m\u00f3dos\u00edt\u00e1s\u00e1ra \u00e9s a m\u00e1r \u00f6ssze\u00e1ll\u00edtott munkatervekben szerepl\u0151 k\u00e9pz\u0151helyek akkredit\u00e1ci\u00f3j\u00e1nak ellen\u0151rz\u00e9s\u00e9re.<\/p>\n<p>A RENY port\u00e1lon tal\u00e1lhat\u00f3 \u201e<strong>felhaszn\u00e1l\u00f3i k\u00e9zik\u00f6nyv<\/strong>\u201d a program haszn\u00e1lat\u00e1hoz r\u00e9szletes inform\u00e1ci\u00f3kkal szolg\u00e1l. Tov\u00e1bbi technikai jelleg\u0171 k\u00e9rd\u00e9seikkel, probl\u00e9m\u00e1ikkal az Akkredit\u00e1ci\u00f3s \u00e9s Rendszerbev\u00e9teli Csoport munkat\u00e1rsaihoz fordulhatnak.<\/p>\n<\/div>\n","protected":false},"excerpt":{"rendered":"<p>Akkredit\u00e1ci\u00f3s \u00e9s Rendszerbev\u00e9teli Csoport Tak\u00e1cs \u00c9va csoportvezet\u0151 e-mail:\u00a0 <a href=\"mailto:takacs.eva@semmelweis.hu\">takacs.eva@semmelweis.hu<\/a> telefon: +36-1-459-1500\/62244 Szab\u00f3 Vir\u00e1g Bernadett\u00a0 \u00fcgyint\u00e9z\u0151\u00a0 e-mail:\u00a0 <a href=\"mailto:szabo.virag@semmelweis.hu\">szabo.virag@semmelweis.hu<\/a> telefon: +36-1-459-1500\/62245 \u00dcgyf\u00e9lfogad\u00e1s: H\u00e9tf\u0151:\u00a0 \u00a013:30 \u2013 16:00 Szerda: 13:30 \u2013 16:00 P\u00e9ntek:\u00a0\u00a0 9:00 \u2013 11:30 &nbsp; \u00c1ltal\u00e1nos t\u00e1j\u00e9koztat\u00f3: A 16\/2010. (IV.15.) E\u00fcM rendelet 7. \u00a7 (1) bekezd\u00e9se \u00e9rtelm\u00e9ben a szakk\u00e9pz\u00e9s gyakorlati programj\u00e1nak lebonyol\u00edt\u00e1sa akkredit\u00e1lt eg\u00e9szs\u00e9g\u00fcgyi szolg\u00e1ltat\u00f3n\u00e1l, szakk\u00e9pz\u0151helyen t\u00f6rt\u00e9nik. Felh\u00edvjuk sz\u00edves &hellip;<\/p>\n","protected":false},"author":101506,"featured_media":0,"parent":1865,"menu_order":7,"comment_status":"closed","ping_status":"closed","template":"","meta":{"_acf_changed":false,"footnotes":""},"categories":[],"tags":[],"class_list":["post-1886","page","type-page","status-publish","hentry"],"acf":[],"_links":{"self":[{"href":"https:\/\/semmelweis.hu\/szak-es-tovabbkepzes\/wp-json\/wp\/v2\/pages\/1886","targetHints":{"allow":["GET"]}}],"collection":[{"href":"https:\/\/semmelweis.hu\/szak-es-tovabbkepzes\/wp-json\/wp\/v2\/pages"}],"about":[{"href":"https:\/\/semmelweis.hu\/szak-es-tovabbkepzes\/wp-json\/wp\/v2\/types\/page"}],"author":[{"embeddable":true,"href":"https:\/\/semmelweis.hu\/szak-es-tovabbkepzes\/wp-json\/wp\/v2\/users\/101506"}],"replies":[{"embeddable":true,"href":"https:\/\/semmelweis.hu\/szak-es-tovabbkepzes\/wp-json\/wp\/v2\/comments?post=1886"}],"version-history":[{"count":10,"href":"https:\/\/semmelweis.hu\/szak-es-tovabbkepzes\/wp-json\/wp\/v2\/pages\/1886\/revisions"}],"predecessor-version":[{"id":22735,"href":"https:\/\/semmelweis.hu\/szak-es-tovabbkepzes\/wp-json\/wp\/v2\/pages\/1886\/revisions\/22735"}],"up":[{"embeddable":true,"href":"https:\/\/semmelweis.hu\/szak-es-tovabbkepzes\/wp-json\/wp\/v2\/pages\/1865"}],"wp:attachment":[{"href":"https:\/\/semmelweis.hu\/szak-es-tovabbkepzes\/wp-json\/wp\/v2\/media?parent=1886"}],"wp:term":[{"taxonomy":"category","embeddable":true,"href":"https:\/\/semmelweis.hu\/szak-es-tovabbkepzes\/wp-json\/wp\/v2\/categories?post=1886"},{"taxonomy":"post_tag","embeddable":true,"href":"https:\/\/semmelweis.hu\/szak-es-tovabbkepzes\/wp-json\/wp\/v2\/tags?post=1886"}],"curies":[{"name":"wp","href":"https:\/\/api.w.org\/{rel}","templated":true}]}}