{"id":1884,"date":"2019-01-25T10:11:10","date_gmt":"2019-01-25T09:11:10","guid":{"rendered":"http:\/\/semmelweis.hu\/szak-es-tovabbkepzes\/?page_id=1884"},"modified":"2023-04-06T23:27:56","modified_gmt":"2023-04-06T21:27:56","slug":"kotelezo-tanfolyamok","status":"publish","type":"page","link":"https:\/\/semmelweis.hu\/szak-es-tovabbkepzes\/aok\/kotelezo-tanfolyamok\/","title":{"rendered":"K\u00f6telez\u0151 tanfolyamok"},"content":{"rendered":"<h1>T\u00f6rzsk\u00e9pz\u00e9si id\u0151 alatt teljes\u00edtend\u0151 k\u00f6telez\u0151 tanfolyamok<\/h1>\n<div class=\"responsive-tabs\">\n<h2 class=\"tabtitle\">Inform\u00e1ci\u00f3k<\/h2>\n<div class=\"tabcontent\">\n\n<p>A t\u00f6rzsk\u00e9pz\u00e9si id\u0151 alatt teljes\u00edtend\u0151 <strong>t\u00f6rzsk\u00e9pz\u00e9si (I., II.) \u00e9s transzf\u00fazi\u00f3s tanfolyamok,\u00a0<\/strong><strong>valamint a skill tr\u00e9ning<\/strong> id\u0151pontj\u00e1r\u00f3l a <strong>Szak- \u00e9s Tov\u00e1bbk\u00e9pz\u00e9si K\u00f6zpont azok esed\u00e9kess\u00e9ge\u00a0<\/strong><strong>el\u0151tt legal\u00e1bb 45 nappal e-mailben \u00e9rtes\u00edti a jel\u00f6ltet<\/strong>, melyekre az \u00e9rtes\u00edt\u00e9sben megadott m\u00f3don az OFTEX online fel\u00fcleten regisztr\u00e1lni kell.<\/p>\n<p>A k\u00e9pz\u00e9sben \u00e9rintett szakorvosjel\u00f6ltek egy\u00e9ni ki\u00e9rtes\u00edt\u00e9s\u00e9vel illetve a tanfolyamra val\u00f3 jelentkez\u00e9s \u00fcgyint\u00e9z\u00e9s\u00e9vel kapcsolatban b\u0151vebb felvil\u00e1gos\u00edt\u00e1st a <strong>szakk\u00e9pz\u00e9si referensekn\u00e9l<\/strong> kaphatnak.<\/p>\n<p style=\"font-weight: 400\">A tanfolyamokat \u00e9rint\u0151 szakmai \u00e9s egy\u00e9b k\u00e9rd\u00e9sek eset\u00e9n a <em>&#8222;Tanfolyam szervez\u0151k el\u00e9rhet\u0151s\u00e9gei&#8221;<\/em> f\u00fcl alatt r\u00e9szletezett el\u00e9rhet\u0151s\u00e9geken tudnak \u00e9rdekl\u0151dni!<\/p>\n<p>A tanfolyamok id\u0151tartama alatt a jel\u00f6ltet a k\u00e9pz\u0151helynek fel kell mentenie a munkav\u00e9gz\u00e9s al\u00f3l.<\/p>\n<p>A tanfolyamokon a <strong>napi r\u00e9szv\u00e9telt jelenl\u00e9ti \u00edven<\/strong> ellen\u0151rzik. A jelenl\u00e9ti \u00edven csak saj\u00e1t orvosi pecs\u00e9ttel ell\u00e1tott al\u00e1\u00edr\u00e1st tudunk elfogadni, \u00edgy k\u00e9rj\u00fck, minden alkalomra hozza mag\u00e1val pecs\u00e9tj\u00e9t!<\/p>\n<p><strong><span style=\"color: #ff0000\">K\u00fcl\u00f6n\u00f6s tekintettel a fent le\u00edrtakra, felh\u00edvjuk sz\u00edves figyelm\u00e9t, hogy a jelenl\u00e9ti \u00edven szerepl\u0151k nev\u00e9nek m\u00e1s szem\u00e9ly \u00e1ltal t\u00f6rt\u00e9n\u0151 al\u00e1\u00edr\u00e1sa okirathamis\u00edt\u00e1snak min\u0151s\u00fcl, amely b\u0171ncselekm\u00e9ny \u00e9s a t\u00f6rv\u00e9ny b\u00fcntetni rendeli.<\/span><\/strong><\/p>\n<p><strong>A fent megjel\u00f6lt tanfolyamok l\u00e9tsz\u00e1mkerete limit\u00e1lt, ezt figyelembe v\u00e9ve az \u00e9rtes\u00edt\u00e9sekor\u00a0<\/strong><strong>azon jel\u00f6ltek r\u00e9szes\u00fclnek el\u0151nyben, akik a szakk\u00e9pz\u00e9s\u00fck el\u0151rehaladt\u00e1ra tekintettel\u00a0<\/strong><strong>k\u00f6zelebb \u00e1llnak a szakvizsg\u00e1jukhoz.<\/strong><\/p>\n<p><strong>FONTOS!<\/strong><br \/>\n<strong>A limit\u00e1lt l\u00e9tsz\u00e1mkeretre tekintettel, kiemelten fontos, hogy kiz\u00e1r\u00f3lag akkor regisztr\u00e1ljon, ha biztosan r\u00e9szt tud venni a tanfolyamon. Amennyiben a sikeres regisztr\u00e1ci\u00f3t k\u00f6vet\u0151en olyan k\u00f6r\u00fclm\u00e9ny mer\u00fclne fel, mely eset\u00e9n m\u00e9gsem tud r\u00e9szt venni a tanfolyamon (pl. halaszt\u00e1s, szakv\u00e1lt\u00e1s stb.), k\u00e9rj\u00fck a megadott hat\u00e1rid\u0151ig sz\u00edveskedjen lemondani. <span style=\"text-decoration: underline\">Ellenkez\u0151 esetben, amennyiben a lemond\u00e1sa el\u0151zetesen nem t\u00f6rt\u00e9nik meg \u00e9s a tanfolyamon nem jelenik meg \u2013 an\u00e9lk\u00fcl, hogy el\u0151zetesen nyom\u00f3s indokkal kimentette volna mag\u00e1t \u2013, a soron k\u00f6vetkez\u0151 ugyanazon t\u00e9m\u00e1j\u00fa tanfolyamra csak v\u00e1r\u00f3list\u00e1ra ker\u00fclhet \u00e9s csak abban az esetben tudunk helyet biztos\u00edtani amennyiben marad \u00fcres hely, melyr\u0151l k\u00fcl\u00f6n \u00e9rtes\u00edt\u00e9st k\u00fcld\u00fcnk!<\/span><\/strong><\/p>\n\n<\/div><h2 class=\"tabtitle\">El\u00e9rhet\u0151s\u00e9gek<\/h2>\n<div class=\"tabcontent\">\n\n<p><strong>T\u00f6rzsk\u00e9pz\u00e9si tanfolyam I.<\/strong><br \/>\nSemmelweis Egyetem \u2013 Eg\u00e9szs\u00e9g\u00fcgyi Menedzserk\u00e9pz\u0151 K\u00f6zpont<br \/>\n<span style=\"text-decoration: underline\">Programkoordin\u00e1tor:<\/span><br \/>\nOszl\u00e1nszki Zs\u00f3fia<br \/>\nE-mail: <a href=\"mailto:oszlanszki.zsofia@semmelweis-univ.hu\">oszlanszki.zsofia@semmelweis-univ.hu<\/a><\/p>\n<p>&nbsp;<\/p>\n<p><strong>T\u00f6rzsk\u00e9pz\u00e9si tanfolyam II.<br \/>\n<\/strong>Semmelweis Egyetem \u2013 Szak- \u00e9s Tov\u00e1bbk\u00e9pz\u00e9si K\u00f6zpont<br \/>\n<span style=\"text-decoration: underline\">Programkoordin\u00e1tor:<br \/>\n<\/span>Kiss \u00c1d\u00e1m<br \/>\nEmail: <a href=\"mailto:kiss.adam@semmelweis-univ.hu\">kiss.adam@semmelweis-univ.hu<\/a><\/p>\n<p>&nbsp;<\/p>\n<p><strong>Skill tr\u00e9ning<\/strong><br \/>\nSemmelweis Egyetem \u2013 K\u00eds\u00e9rletes \u00e9s Seb\u00e9szeti M\u0171t\u00e9ttani Int\u00e9zet<br \/>\nA tr\u00e9ningre sikeresen feljelentkezettek r\u00e9sz\u00e9re a szervez\u0151 r\u00e9szletes t\u00e1j\u00e9koztat\u00f3t k\u00fcld a tr\u00e9ninget megel\u0151z\u0151 h\u00e9ten. Amennyiben <strong>a tanfolyam <span style=\"text-decoration: underline\">szakmai r\u00e9sz\u00e9vel<\/span> kapcsolatban<\/strong> mer\u00fcl fel k\u00e9rd\u00e9se, k\u00e9rem keresse <strong>Dr. Ferencz Andrea egyetemi docens asszonyt<\/strong> (+ 36 20 666 3312; <a href=\"mailto:andrea.ferencz@gmail.com\">andrea.ferencz@gmail.com<\/a>).<br \/>\nB\u0151vebb inform\u00e1ci\u00f3: <a href=\"https:\/\/semmelweis.hu\/mutettan\/szakorvoskepzes\/\">https:\/\/semmelweis.hu\/mutettan\/szakorvoskepzes\/<\/a><\/p>\n<p>&nbsp;<\/p>\n<p><strong>Transzfuziol\u00f3gia tanfolyam<\/strong><br \/>\nOrsz\u00e1gos V\u00e9rell\u00e1t\u00f3 Szolg\u00e1lat<br \/>\n<span style=\"text-decoration: underline\">Oktat\u00e1si el\u0151ad\u00f3:<\/span><br \/>\nCs\u00e1k Orsolya<br \/>\nEmail:\u00a0<a href=\"mailto:csak.orsolya@ovsz.hu\">csak.orsolya@ovsz.hu<\/a><br \/>\nTelefon: +36 1\u00a0372 4420<br \/>\nB\u0151vebb inform\u00e1ci\u00f3: <a href=\"http:\/\/www.ovsz.hu\/kepzes\/orvosi-transzfuzios-tanfolyam-94\">http:\/\/www.ovsz.hu\/kepzes\/orvosi-transzfuzios-tanfolyam-94<\/a><\/p>\n\n<\/div><h2 class=\"tabtitle\">Szakvizsga el\u0151tti k\u00f6telez\u0151 tanfolyamok<\/h2>\n<div class=\"tabcontent\">\n\n<p>A szakvizsga el\u0151tti k\u00f6telez\u0151 tanfolyamok list\u00e1ja szakm\u00e1nk\u00e9nti bont\u00e1sban\u00a0<strong><a href=\"https:\/\/semmelweis.hu\/aok\/files\/2018\/10\/Szakvizsga-el%C5%91tti-k%C3%B6telez%C5%91-tanfolyamok-.pdf\" target=\"_blank\" rel=\"noopener noreferrer\">IDE KATTINTVA<\/a><\/strong>\u00a0tekinthet\u0151 meg!<\/p>\n<p><strong>A szakvizsga el\u0151tt tanfolyamok megtekinthet\u0151k, \u00e9s a jelentkez\u00e9s leadhat\u00f3 az <a href=\"http:\/\/oftex.hu\">OFTEX<\/a>-en a Tanfolyam\/Kongresszus \u00e9s a Szakk\u00e9pz\u00e9si tanfolyamok alatt tal\u00e1lhat!<\/strong><\/p>\n<\/div><\/div>\n","protected":false},"excerpt":{"rendered":"<p>T\u00f6rzsk\u00e9pz\u00e9si id\u0151 alatt teljes\u00edtend\u0151 k\u00f6telez\u0151 tanfolyamok A t\u00f6rzsk\u00e9pz\u00e9si id\u0151 alatt teljes\u00edtend\u0151 t\u00f6rzsk\u00e9pz\u00e9si (I., II.) \u00e9s transzf\u00fazi\u00f3s tanfolyamok,\u00a0valamint a skill tr\u00e9ning id\u0151pontj\u00e1r\u00f3l a Szak- \u00e9s Tov\u00e1bbk\u00e9pz\u00e9si K\u00f6zpont azok esed\u00e9kess\u00e9ge\u00a0el\u0151tt legal\u00e1bb 45 nappal e-mailben \u00e9rtes\u00edti a jel\u00f6ltet, melyekre az \u00e9rtes\u00edt\u00e9sben megadott m\u00f3don az OFTEX online fel\u00fcleten regisztr\u00e1lni kell. A k\u00e9pz\u00e9sben \u00e9rintett szakorvosjel\u00f6ltek egy\u00e9ni ki\u00e9rtes\u00edt\u00e9s\u00e9vel illetve a tanfolyamra &hellip;<\/p>\n","protected":false},"author":101506,"featured_media":0,"parent":1865,"menu_order":8,"comment_status":"closed","ping_status":"closed","template":"","meta":{"_acf_changed":false,"footnotes":""},"categories":[],"tags":[],"class_list":["post-1884","page","type-page","status-publish","hentry"],"acf":[],"_links":{"self":[{"href":"https:\/\/semmelweis.hu\/szak-es-tovabbkepzes\/wp-json\/wp\/v2\/pages\/1884","targetHints":{"allow":["GET"]}}],"collection":[{"href":"https:\/\/semmelweis.hu\/szak-es-tovabbkepzes\/wp-json\/wp\/v2\/pages"}],"about":[{"href":"https:\/\/semmelweis.hu\/szak-es-tovabbkepzes\/wp-json\/wp\/v2\/types\/page"}],"author":[{"embeddable":true,"href":"https:\/\/semmelweis.hu\/szak-es-tovabbkepzes\/wp-json\/wp\/v2\/users\/101506"}],"replies":[{"embeddable":true,"href":"https:\/\/semmelweis.hu\/szak-es-tovabbkepzes\/wp-json\/wp\/v2\/comments?post=1884"}],"version-history":[{"count":10,"href":"https:\/\/semmelweis.hu\/szak-es-tovabbkepzes\/wp-json\/wp\/v2\/pages\/1884\/revisions"}],"predecessor-version":[{"id":22482,"href":"https:\/\/semmelweis.hu\/szak-es-tovabbkepzes\/wp-json\/wp\/v2\/pages\/1884\/revisions\/22482"}],"up":[{"embeddable":true,"href":"https:\/\/semmelweis.hu\/szak-es-tovabbkepzes\/wp-json\/wp\/v2\/pages\/1865"}],"wp:attachment":[{"href":"https:\/\/semmelweis.hu\/szak-es-tovabbkepzes\/wp-json\/wp\/v2\/media?parent=1884"}],"wp:term":[{"taxonomy":"category","embeddable":true,"href":"https:\/\/semmelweis.hu\/szak-es-tovabbkepzes\/wp-json\/wp\/v2\/categories?post=1884"},{"taxonomy":"post_tag","embeddable":true,"href":"https:\/\/semmelweis.hu\/szak-es-tovabbkepzes\/wp-json\/wp\/v2\/tags?post=1884"}],"curies":[{"name":"wp","href":"https:\/\/api.w.org\/{rel}","templated":true}]}}