{"id":1882,"date":"2019-01-25T10:11:10","date_gmt":"2019-01-25T09:11:10","guid":{"rendered":"http:\/\/semmelweis.hu\/szak-es-tovabbkepzes\/?page_id=1882"},"modified":"2025-06-17T14:37:04","modified_gmt":"2025-06-17T12:37:04","slug":"ujabb-elsokent-megszerezheto","status":"publish","type":"page","link":"https:\/\/semmelweis.hu\/szak-es-tovabbkepzes\/aok\/ujabb-elsokent-megszerezheto\/","title":{"rendered":"\u00dajabb els\u0151k\u00e9nt megszerezhet\u0151"},"content":{"rendered":"<p><strong>So\u00f3sn\u00e9 Korp\u00e1s T\u00fcnde\u00a0<br \/>\n\u00fcgyint\u00e9z\u0151 \u2013 \u00fajabb els\u0151 szakk\u00e9pz\u00e9s<\/strong><\/p>\n<p>tel: +36-1-459-1500\/62248 mell\u00e9k<br \/>\ne-mail: <a href=\"mailto:korpas.tunde@semmelweis.hu\">korpas.tunde@semmelweis.hu<\/a><\/p>\n<p><strong>A Szak \u00e9s Tov\u00e1bbk\u00e9pz\u00e9si K\u00f6zpont szakorvosk\u00e9pz\u00e9ssel kapcsolatos \u00fcgyf\u00e9lfogad\u00e1sa el\u0151zetes bejelentkez\u00e9s alapj\u00e1n t\u00f6rt\u00e9nik.<\/strong>\u00a0Bejelentkez\u00e9s <b>a <a href=\"http:\/\/reny.hu\">RENY<\/a>-n <\/b>kereszt\u00fcl lehets\u00e9ges!<\/p>\n<p><strong>\u00dcgy\u00fck \u00e9rdemi elb\u00edr\u00e1l\u00e1sa \u00e9rdek\u00e9ben kiz\u00e1r\u00f3lag az \u00fcgyint\u00e9z\u0151j\u00fckh\u00f6z k\u00e9rjenek id\u0151pontot!<\/strong><\/p>\n<p><a href=\"https:\/\/semmelweis.hu\/szak-es-tovabbkepzes\/files\/2022\/03\/Koltsegteriteses-hirdetmeny_-ujabb-elso_raepitett-_202202.pdf\"><strong>K\u00f6lts\u00e9gt\u00e9r\u00edt\u00e9ses hirdetm\u00e9ny \u00fajabb els\u0151 \u00e9s r\u00e1\u00e9p\u00edtett k\u00e9pz\u00e9sekr\u0151l<\/strong><\/a><\/p>\n<p><a href=\"https:\/\/semmelweis.hu\/szak-es-tovabbkepzes\/files\/2025\/06\/Szamlaigenyleshez-szukseges-SAP-adatlap-2025.06.16-atol.pdf\">Sz\u00e1mlaig\u00e9nyl\u00e9shez sz\u00fcks\u00e9ges SAP adatlap<\/a> (\u00daJ 2025.06.17.)<\/p>\n<p><strong>Adatkezel\u00e9ssel kapcsolatos t\u00e1j\u00e9koztat\u00f3k:<\/strong><\/p>\n<ul>\n<li><a href=\"https:\/\/semmelweis.hu\/aok\/files\/2018\/10\/SE-%C3%81OK-adatv%C3%A9delmi-t%C3%A1j%C3%A9koztat%C3%B3.pdf\" target=\"_blank\" rel=\"noopener noreferrer\">SE \u00c1OK Adatv\u00e9delmi t\u00e1j\u00e9koztat\u00f3<\/a><\/li>\n<\/ul>\n<p><strong>Jelentkez\u00e9si lapok (munkatervek) a 22\/2012. (IX.14.) EMMI rendelet alapj\u00e1n szakk\u00e9pz\u00e9sben r\u00e9sztvev\u0151k sz\u00e1m\u00e1ra:<\/strong><\/p>\n<ul>\n<li><strong>K\u00e9rj\u00fck a jelentkez\u00e9si lapok ill. munkatervek miatt keresse \u00fcgyint\u00e9z\u0151nket!<\/strong><\/li>\n<\/ul>\n<p>&nbsp;<\/p>\n","protected":false},"excerpt":{"rendered":"<p>So\u00f3sn\u00e9 Korp\u00e1s T\u00fcnde\u00a0 \u00fcgyint\u00e9z\u0151 \u2013 \u00fajabb els\u0151 szakk\u00e9pz\u00e9s tel: +36-1-459-1500\/62248 mell\u00e9k e-mail: <a href=\"mailto:korpas.tunde@semmelweis.hu\">korpas.tunde@semmelweis.hu<\/a> A Szak \u00e9s Tov\u00e1bbk\u00e9pz\u00e9si K\u00f6zpont szakorvosk\u00e9pz\u00e9ssel kapcsolatos \u00fcgyf\u00e9lfogad\u00e1sa el\u0151zetes bejelentkez\u00e9s alapj\u00e1n t\u00f6rt\u00e9nik.\u00a0Bejelentkez\u00e9s a <a href=\"http:\/\/reny.hu\">RENY<\/a> -n kereszt\u00fcl lehets\u00e9ges! \u00dcgy\u00fck \u00e9rdemi elb\u00edr\u00e1l\u00e1sa \u00e9rdek\u00e9ben kiz\u00e1r\u00f3lag az \u00fcgyint\u00e9z\u0151j\u00fckh\u00f6z k\u00e9rjenek id\u0151pontot! <a href=\"https:\/\/semmelweis.hu\/szak-es-tovabbkepzes\/files\/2022\/03\/Koltsegteriteses-hirdetmeny_-ujabb-elso_raepitett-_202202.pdf\">K\u00f6lts\u00e9gt\u00e9r\u00edt\u00e9ses hirdetm\u00e9ny \u00fajabb els\u0151 \u00e9s r\u00e1\u00e9p\u00edtett k\u00e9pz\u00e9sekr\u0151l<\/a> <a href=\"https:\/\/semmelweis.hu\/szak-es-tovabbkepzes\/files\/2025\/06\/Szamlaigenyleshez-szukseges-SAP-adatlap-2025.06.16-atol.pdf\">Sz\u00e1mlaig\u00e9nyl\u00e9shez sz\u00fcks\u00e9ges SAP adatlap<\/a> (\u00daJ 2025.06.17.) Adatkezel\u00e9ssel kapcsolatos t\u00e1j\u00e9koztat\u00f3k: <a href=\"https:\/\/semmelweis.hu\/aok\/files\/2018\/10\/SE-%C3%81OK-adatv%C3%A9delmi-t%C3%A1j%C3%A9koztat%C3%B3.pdf\" target=\"_blank\" rel=\"noopener noreferrer\">SE \u00c1OK Adatv\u00e9delmi t\u00e1j\u00e9koztat\u00f3<\/a> Jelentkez\u00e9si lapok (munkatervek) a 22\/2012. (IX.14.) EMMI rendelet alapj\u00e1n szakk\u00e9pz\u00e9sben r\u00e9sztvev\u0151k sz\u00e1m\u00e1ra: K\u00e9rj\u00fck &hellip;<\/p>\n","protected":false},"author":101506,"featured_media":0,"parent":1865,"menu_order":6,"comment_status":"closed","ping_status":"closed","template":"","meta":{"_acf_changed":false,"footnotes":""},"categories":[],"tags":[],"class_list":["post-1882","page","type-page","status-publish","hentry"],"acf":[],"_links":{"self":[{"href":"https:\/\/semmelweis.hu\/szak-es-tovabbkepzes\/wp-json\/wp\/v2\/pages\/1882","targetHints":{"allow":["GET"]}}],"collection":[{"href":"https:\/\/semmelweis.hu\/szak-es-tovabbkepzes\/wp-json\/wp\/v2\/pages"}],"about":[{"href":"https:\/\/semmelweis.hu\/szak-es-tovabbkepzes\/wp-json\/wp\/v2\/types\/page"}],"author":[{"embeddable":true,"href":"https:\/\/semmelweis.hu\/szak-es-tovabbkepzes\/wp-json\/wp\/v2\/users\/101506"}],"replies":[{"embeddable":true,"href":"https:\/\/semmelweis.hu\/szak-es-tovabbkepzes\/wp-json\/wp\/v2\/comments?post=1882"}],"version-history":[{"count":10,"href":"https:\/\/semmelweis.hu\/szak-es-tovabbkepzes\/wp-json\/wp\/v2\/pages\/1882\/revisions"}],"predecessor-version":[{"id":22924,"href":"https:\/\/semmelweis.hu\/szak-es-tovabbkepzes\/wp-json\/wp\/v2\/pages\/1882\/revisions\/22924"}],"up":[{"embeddable":true,"href":"https:\/\/semmelweis.hu\/szak-es-tovabbkepzes\/wp-json\/wp\/v2\/pages\/1865"}],"wp:attachment":[{"href":"https:\/\/semmelweis.hu\/szak-es-tovabbkepzes\/wp-json\/wp\/v2\/media?parent=1882"}],"wp:term":[{"taxonomy":"category","embeddable":true,"href":"https:\/\/semmelweis.hu\/szak-es-tovabbkepzes\/wp-json\/wp\/v2\/categories?post=1882"},{"taxonomy":"post_tag","embeddable":true,"href":"https:\/\/semmelweis.hu\/szak-es-tovabbkepzes\/wp-json\/wp\/v2\/tags?post=1882"}],"curies":[{"name":"wp","href":"https:\/\/api.w.org\/{rel}","templated":true}]}}