{"id":1880,"date":"2019-01-25T10:11:10","date_gmt":"2019-01-25T09:11:10","guid":{"rendered":"http:\/\/semmelweis.hu\/szak-es-tovabbkepzes\/?page_id=1880"},"modified":"2025-06-17T14:38:26","modified_gmt":"2025-06-17T12:38:26","slug":"raepitett-szakkepzes","status":"publish","type":"page","link":"https:\/\/semmelweis.hu\/szak-es-tovabbkepzes\/aok\/raepitett-szakkepzes\/","title":{"rendered":"R\u00e1\u00e9p\u00edtett szakk\u00e9pz\u00e9s"},"content":{"rendered":"<p><strong>M\u00f3der Judit<br \/>\n\u00fcgyint\u00e9z\u0151 &#8211; r\u00e1\u00e9p\u00edtett szakk\u00e9pz\u00e9s<\/strong><\/p>\n<p>tel: +36-1-459-1500\/62246 mell\u00e9k,<br \/>\ne-mail: <a href=\"mailto:moder.judit@semmelweis.hu\">moder.judit@semmelweis.hu<\/a>\u00a0\u00a0<\/p>\n<p><strong>A Szak \u00e9s Tov\u00e1bbk\u00e9pz\u00e9si K\u00f6zpont szakorvosk\u00e9pz\u00e9ssel kapcsolatos \u00fcgyf\u00e9lfogad\u00e1sa el\u0151zetes bejelentkez\u00e9s alapj\u00e1n t\u00f6rt\u00e9nik.<\/strong> <strong>Id\u0151pontfoglal\u00e1s a\u00a0<a href=\"http:\/\/reny.hu\/\">RENY<\/a> rendszeren kereszt\u00fcl lehets\u00e9ges, az \u00dcgyf\u00e9lfogad\u00e1s men\u00fc pont al\u00f3l, tov\u00e1bbi inform\u00e1ci\u00f3kat a RENY rendszer k\u00e9zik\u00f6nyv\u00e9ben tal\u00e1lnak az Egyetem \u2013 \u00dcgyf\u00e9l fogad\u00e1s \u2013 Rezidens jelentkez\u00e9se men\u00fcpont alatt!<\/strong><\/p>\n<p>&nbsp;<\/p>\n<hr \/>\n<p><strong>Reprodukt\u00edv medicina k\u00e9pz\u00e9s n\u00e9lk\u00fcli r\u00e1\u00e9p\u00edtett szakvizsga<\/strong><\/p>\n<p>A reprodukt\u00edv medicina k\u00e9pz\u00e9s n\u00e9lk\u00fcli r\u00e1\u00e9p\u00edtett szakvizsg\u00e1ra jelentkez\u0151k r\u00e9sz\u00e9re <a href=\"https:\/\/semmelweis.hu\/szak-es-tovabbkepzes\/files\/2025\/03\/Hirdetmeny-a-reproduktiv-medicina-szakvizsga-letetelehez-2027.12.01-ig.pdf\"><strong>HIRDETM\u00c9NY<\/strong><\/a><\/p>\n<p>A reprodukt\u00edv medicina k\u00e9pz\u00e9s n\u00e9lk\u00fcli r\u00e1\u00e9p\u00edtett szakvizsg\u00e1ra jelentkez\u0151k r\u00e9sz\u00e9re <a href=\"https:\/\/semmelweis.hu\/szak-es-tovabbkepzes\/files\/2025\/03\/kerelem-tanusitvany-kiallitasahoz-reproduktiv-medicina-szakvizsga-vonatkozasaban-2027.12.01-ig.pdf\"><strong>K\u00c9RELEM<\/strong><\/a><\/p>\n<hr \/>\n<p>&nbsp;<\/p>\n<p><a href=\"https:\/\/semmelweis.hu\/szak-es-tovabbkepzes\/files\/2022\/03\/Koltsegteriteses-hirdetmeny_-ujabb-elso_raepitett-_202202.pdf\"><strong>K\u00f6lts\u00e9gt\u00e9r\u00edt\u00e9ses hirdetm\u00e9ny \u00fajabb els\u0151 \u00e9s r\u00e1\u00e9p\u00edtett szakk\u00e9pz\u00e9s<\/strong><\/a><\/p>\n<p><a href=\"https:\/\/semmelweis.hu\/szak-es-tovabbkepzes\/files\/2025\/06\/Szamlaigenyleshez-szukseges-SAP-adatlap-2025.06.16-atol.pdf\">Sz\u00e1mlaig\u00e9nyl\u00e9shez sz\u00fcks\u00e9ges SAP adatlap<\/a> (\u00daJ &#8211; 2025.06.17.)<\/p>\n<p><strong>Adatkezel\u00e9ssel kapcsolatos t\u00e1j\u00e9koztat\u00f3k:<\/strong><\/p>\n<ul>\n<li><a href=\"https:\/\/semmelweis.hu\/jogigfoig\/files\/2018\/05\/1_szamu_melleklet_altalanos_adatvedelmi_tajekoztato.docx\" target=\"_blank\" rel=\"noopener noreferrer\">Semmelweis Egyetem \u00c1ltal\u00e1nos adatv\u00e9delmi t\u00e1j\u00e9koztat\u00f3<\/a><\/li>\n<li><a href=\"https:\/\/semmelweis.hu\/aok\/files\/2018\/10\/SE-%C3%81OK-adatv%C3%A9delmi-t%C3%A1j%C3%A9koztat%C3%B3.pdf\" target=\"_blank\" rel=\"noopener noreferrer\">SE \u00c1OK Adatv\u00e9delmi t\u00e1j\u00e9koztat\u00f3<\/a><\/li>\n<\/ul>\n<p><strong>Jelentkez\u00e9si lapok (munkatervek) a 22\/2012. (IX.14.) EMMI rendelet alapj\u00e1n szakk\u00e9pz\u00e9sben r\u00e9sztvev\u0151k sz\u00e1m\u00e1ra:<\/strong><\/p>\n<ul>\n<li><a href=\"https:\/\/semmelweis.hu\/aok\/files\/2018\/10\/Addiktol%C3%B3gia-I.-gyermek-%C3%A9s-ifj%C3%BAs%C3%A1gpszichi%C3%A1tira-pszichi%C3%A1tria-1.pdf\" target=\"_blank\" rel=\"noopener noreferrer\">Addiktol\u00f3gia I.\u00a0(gyermek-\u00e9s ifj\u00fas\u00e1gpszichi\u00e1tria, pszichi\u00e1tria)<\/a><\/li>\n<li><a href=\"https:\/\/semmelweis.hu\/aok\/files\/2018\/10\/Addiktol%C3%B3gia-II.-aneszt-belgy-gyermekgy%C3%B3gy-h%C3%A1zio-neurol-oxy-s%C3%BCrg-t%C3%BCd%C5%91.pdf\" target=\"_blank\" rel=\"noopener noreferrer\">Addiktol\u00f3gia II.\u00a0(aneszteziol\u00f3gia \u00e9s intenz\u00edv ter\u00e1pia, belgy\u00f3gy\u00e1szat, csecsem\u0151-\u00e9s gyermekgy\u00f3gy\u00e1szat, h\u00e1ziorvostan,\u00a0neurol\u00f3gia, oxyol\u00f3gia \u00e9s s\u00fcrg\u0151ss\u00e9gi orvostan, t\u00fcd\u0151gy\u00f3gy\u00e1szat)<\/a><\/li>\n<li><a href=\"https:\/\/semmelweis.hu\/aok\/files\/2018\/10\/Allergol%C3%B3gia-%C3%A9s-klinikai-immunol%C3%B3gia.pdf\" target=\"_blank\" rel=\"noopener noreferrer\">Allergol\u00f3gia \u00e9s klinikai immunol\u00f3gia<\/a><\/li>\n<li><a href=\"https:\/\/semmelweis.hu\/aok\/files\/2018\/10\/Androl%C3%B3gia-I.-urol%C3%B3gia.pdf\" target=\"_blank\" rel=\"noopener noreferrer\">Androl\u00f3gia I.\u00a0(urol\u00f3gia)<\/a><\/li>\n<li><a href=\"https:\/\/semmelweis.hu\/aok\/files\/2018\/10\/Androl%C3%B3gia-II.-belgy-b%C5%91rgy-gyermekgy-sz%C3%BCl%C3%A9szet.pdf\" target=\"_blank\" rel=\"noopener noreferrer\">Androl\u00f3gia II.\u00a0(belgy\u00f3gy\u00e1szat, b\u0151rgy\u00f3gy\u00e1szat (venerol\u00f3gia, kozmetol\u00f3gia), csecsem\u0151-\u00e9s gyermekgy\u00f3gy\u00e1szat, sz\u00fcl\u00e9szet-n\u0151gy\u00f3gy\u00e1szat)<\/a><\/li>\n<li><a href=\"https:\/\/semmelweis.hu\/aok\/files\/2018\/10\/Audiol%C3%B3gia.pdf\" target=\"_blank\" rel=\"noopener noreferrer\">Audiol\u00f3gia<\/a><\/li>\n<li><a href=\"https:\/\/semmelweis.hu\/aok\/files\/2018\/10\/Belgy%C3%B3gy%C3%A1szati-angiol%C3%B3gia.pdf\" target=\"_blank\" rel=\"noopener noreferrer\">Belgy\u00f3gy\u00e1szati angiol\u00f3gia<\/a><\/li>\n<li><a href=\"https:\/\/semmelweis.hu\/aok\/files\/2018\/10\/Csecsem%C5%91-%C3%A9s-gyermek-f%C3%BCl-orr-g%C3%A9gegy%C3%B3gy%C3%A1szat.pdf\" target=\"_blank\" rel=\"noopener noreferrer\">Csecsem\u0151- \u00e9s gyermek f\u00fcl-orr-g\u00e9gegy\u00f3gy\u00e1szat<\/a><\/li>\n<li><a href=\"https:\/\/semmelweis.hu\/aok\/files\/2018\/10\/Csecsem%C5%91-%C3%A9s-gyermekgy%C3%B3gy%C3%A1szati-intenz%C3%ADv-ter%C3%A1pia.pdf\" target=\"_blank\" rel=\"noopener noreferrer\">Csecsem\u0151- \u00e9s gyermekgy\u00f3gy\u00e1szati intenz\u00edv ter\u00e1pia<\/a><\/li>\n<li><a href=\"https:\/\/semmelweis.hu\/aok\/files\/2018\/10\/Csecsem%C5%91-%C3%A9s-gyermek-kardiol%C3%B3gia.pdf\" target=\"_blank\" rel=\"noopener noreferrer\">Csecsem\u0151- \u00e9s gyermek-kardiol\u00f3gia<\/a><\/li>\n<li><a href=\"https:\/\/semmelweis.hu\/aok\/files\/2018\/10\/Diagnosztikus-c%C3%ADtol%C3%B3gia.pdf\" target=\"_blank\" rel=\"noopener noreferrer\">Diagnosztikus cytol\u00f3gia<\/a><\/li>\n<li><a href=\"https:\/\/semmelweis.hu\/aok\/files\/2018\/10\/Eg%C3%A9szs%C3%A9gbiztos%C3%ADt%C3%A1s.pdf\" target=\"_blank\" rel=\"noopener noreferrer\">Eg\u00e9szs\u00e9gbiztos\u00edt\u00e1s<\/a><\/li>\n<li><a href=\"https:\/\/semmelweis.hu\/aok\/files\/2018\/10\/Endokrinol%C3%B3gia-%C3%A9s-anyagcsere-betegs%C3%A9gek-I.-belgy%C3%B3gy%C3%A1szat.pdf\" target=\"_blank\" rel=\"noopener noreferrer\">Endokrinol\u00f3gia \u00e9s anyagcsere-betegs\u00e9gek I. (belgy\u00f3gy\u00e1szat)<\/a><\/li>\n<li><a href=\"https:\/\/semmelweis.hu\/aok\/files\/2018\/10\/Endokrinol%C3%B3gia-%C3%A9s-anyagcsere-betegs%C3%A9gek-II.-csecsem%C5%91-%C3%A9s-gyermekgy%C3%B3gy%C3%A1szat.pdf\" target=\"_blank\" rel=\"noopener noreferrer\">Endokrinol\u00f3gia \u00e9s anyagcsere-betegs\u00e9gek II. (csecsem\u0151- \u00e9s gyermekgy\u00f3gy\u00e1szat)<\/a><\/li>\n<li><a href=\"https:\/\/semmelweis.hu\/aok\/files\/2018\/10\/Endokrinol%C3%B3gia-%C3%A9s-anyagcsere-betegs%C3%A9gek-III.-sz%C3%BCl%C3%A9szet-n%C5%91gy%C3%B3gy%C3%A1szat.pdf\" target=\"_blank\" rel=\"noopener noreferrer\">Endokrinol\u00f3gia \u00e9s anyagcsere-betegs\u00e9gek III. (sz\u00fcl\u00e9szet-n\u0151gy\u00f3gy\u00e1szat)<\/a><\/li>\n<li><a href=\"https:\/\/semmelweis.hu\/aok\/files\/2018\/10\/Gyermek-gasztroenterol%C3%B3gia.pdf\" target=\"_blank\" rel=\"noopener noreferrer\">Gyermek gasztroenterol\u00f3gia<\/a><\/li>\n<li><a href=\"https:\/\/semmelweis.hu\/aok\/files\/2018\/10\/Gyermek-hemato-onkol%C3%B3gia.pdf\" target=\"_blank\" rel=\"noopener noreferrer\">Gyermek hemato-onkol\u00f3gia<\/a><\/li>\n<li><a href=\"https:\/\/semmelweis.hu\/aok\/files\/2018\/10\/Gyermek-neurol%C3%B3gia-I.-csecsem%C5%91-%C3%A9s-gyermekgy%C3%B3gy%C3%A1szat.pdf\" target=\"_blank\" rel=\"noopener noreferrer\">Gyermek-neurol\u00f3gia I.\u00a0(csecsem\u0151- \u00e9s gyermekgy\u00f3gy\u00e1szat)<\/a><\/li>\n<li><a href=\"https:\/\/semmelweis.hu\/aok\/files\/2018\/10\/Gyermek-neurol%C3%B3gia-II.-neurol%C3%B3gia.pdf\" target=\"_blank\" rel=\"noopener noreferrer\">Gyermek-neurol\u00f3gia II.\u00a0(neurol\u00f3gia)<\/a><\/li>\n<li><a href=\"https:\/\/semmelweis.hu\/aok\/files\/2018\/10\/Gyermek-n%C5%91gy%C3%B3gy%C3%A1szat.pdf\" target=\"_blank\" rel=\"noopener noreferrer\">Gyermek-n\u0151gy\u00f3gy\u00e1szat<\/a><\/li>\n<li><a href=\"https:\/\/semmelweis.hu\/aok\/files\/2018\/10\/Gyermek-radiol%C3%B3gia-I.-radiol%C3%B3gia.pdf\" target=\"_blank\" rel=\"noopener noreferrer\">Gyermek-radiol\u00f3gia I.\u00a0(radiol\u00f3gia)<\/a><\/li>\n<li><a href=\"https:\/\/semmelweis.hu\/aok\/files\/2018\/10\/Gyermek-radiol%C3%B3gia-II.-csecsem%C5%91-%C3%A9s-gyermekgy%C3%B3gy%C3%A1szat.pdf\" target=\"_blank\" rel=\"noopener noreferrer\">Gyermek-radiol\u00f3gia II.\u00a0(csecsem\u0151- \u00e9s gyermekgy\u00f3gy\u00e1szat)<\/a><\/li>\n<li><a href=\"https:\/\/semmelweis.hu\/aok\/files\/2018\/10\/Gyermek-t%C3%BCd%C5%91gy%C3%B3gy%C3%A1szat.pdf\" target=\"_blank\" rel=\"noopener noreferrer\">Gyermek-t\u00fcd\u0151gy\u00f3gy\u00e1szat<\/a><\/li>\n<li><a href=\"https:\/\/semmelweis.hu\/aok\/files\/2018\/10\/Igazs%C3%A1g%C3%BCgyi-pszichi%C3%A1tria.pdf\" target=\"_blank\" rel=\"noopener noreferrer\">Igazs\u00e1g\u00fcgyi pszichi\u00e1tria<\/a><\/li>\n<li><a href=\"https:\/\/semmelweis.hu\/aok\/files\/2018\/10\/Intenz%C3%ADv-ter%C3%A1pia.pdf\" target=\"_blank\" rel=\"noopener noreferrer\">Intenz\u00edv ter\u00e1pia<\/a><\/li>\n<li><a href=\"https:\/\/semmelweis.hu\/aok\/files\/2018\/10\/Iskola-eg%C3%A9szs%C3%A9gtan-%C3%A9s-ifj%C3%BAs%C3%A1gv%C3%A9delem-I.-belgy%C3%B3gy%C3%A1szat-foglalkoz%C3%A1s-orvostan.pdf\" target=\"_blank\" rel=\"noopener noreferrer\">Iskola-eg\u00e9szs\u00e9gtan \u00e9s ifj\u00fas\u00e1gv\u00e9delem I.\u00a0(belgy\u00f3gy\u00e1szat, foglalkoz\u00e1s-orvostan)<\/a><\/li>\n<li><a href=\"https:\/\/semmelweis.hu\/aok\/files\/2018\/10\/Iskola-eg%C3%A9szs%C3%A9gtan-%C3%A9s-ifj%C3%BAs%C3%A1gv%C3%A9delem-II.-csecsem%C5%91-%C3%A9s-gyermekgy%C3%B3gy%C3%A1szat-h%C3%A1ziorvostan.pdf\" target=\"_blank\" rel=\"noopener noreferrer\">Iskola-eg\u00e9szs\u00e9gtan \u00e9s ifj\u00fas\u00e1gv\u00e9delem II.\u00a0(csecsem\u0151- \u00e9s gyermekgy\u00f3gy\u00e1szat, h\u00e1ziorvostan)<\/a><\/li>\n<li><a href=\"https:\/\/semmelweis.hu\/aok\/files\/2018\/10\/K%C3%A9zseb%C3%A9szet.pdf\" target=\"_blank\" rel=\"noopener noreferrer\">K\u00e9zseb\u00e9szet<\/a><\/li>\n<li><a href=\"https:\/\/semmelweis.hu\/aok\/files\/2018\/10\/Klinikai-farmakol%C3%B3gia.pdf\" target=\"_blank\" rel=\"noopener noreferrer\">Klinikai farmakol\u00f3gia<\/a><\/li>\n<li><a href=\"https:\/\/semmelweis.hu\/aok\/files\/2018\/10\/Klinikai-neurofiziol%C3%B3gia.pdf\" target=\"_blank\" rel=\"noopener noreferrer\">Klinikai neurofiziol\u00f3gia<\/a><\/li>\n<li><a href=\"https:\/\/semmelweis.hu\/aok\/files\/2018\/10\/Laborat%C3%B3riumi-hematol%C3%B3gia-%C3%A9s-immunol%C3%B3gia-I.-orvosi-laborat%C3%B3riumi-diagnosztika.pdf\" target=\"_blank\" rel=\"noopener noreferrer\">Laborat\u00f3riumi hematol\u00f3gia \u00e9s immunol\u00f3gia I.\u00a0(orvosi laborat\u00f3riumi diagnosztika)<\/a><\/li>\n<li><a href=\"https:\/\/semmelweis.hu\/aok\/files\/2018\/10\/Laborat%C3%B3riumi-hematol%C3%B3gia-%C3%A9s-immunol%C3%B3gia-II.-transzf%C3%BAziol%C3%B3gia.pdf\" target=\"_blank\" rel=\"noopener noreferrer\">Laborat\u00f3riumi hematol\u00f3gia \u00e9s immunol\u00f3gia II.\u00a0(transzfuziol\u00f3gia)<\/a><\/li>\n<li><a href=\"https:\/\/semmelweis.hu\/aok\/files\/2018\/10\/Molekul%C3%A1ris-genetikai-diagnosztika.pdf\" target=\"_blank\" rel=\"noopener noreferrer\">Molekul\u00e1ris genetikai diagnosztika<\/a><\/li>\n<li><a href=\"https:\/\/semmelweis.hu\/aok\/files\/2018\/10\/Munkahigi%C3%A9n%C3%A9.pdf\" target=\"_blank\" rel=\"noopener noreferrer\">Munkahigi\u00e9n\u00e9<\/a><\/li>\n<li><a href=\"https:\/\/semmelweis.hu\/aok\/files\/2018\/10\/Neonatol%C3%B3gia.pdf\" target=\"_blank\" rel=\"noopener noreferrer\">Neonatol\u00f3gia<\/a><\/li>\n<li><a href=\"https:\/\/semmelweis.hu\/aok\/files\/2018\/10\/Neuroradiol%C3%B3gia.pdf\" target=\"_blank\" rel=\"noopener noreferrer\">Neuroradiol\u00f3gia<\/a><\/li>\n<li><a href=\"https:\/\/semmelweis.hu\/aok\/files\/2018\/10\/N%C5%91gy%C3%B3gy%C3%A1szati-daganatseb%C3%A9szet.pdf\" target=\"_blank\" rel=\"noopener noreferrer\">N\u0151gy\u00f3gy\u00e1szati daganatseb\u00e9szet<\/a><\/li>\n<li><a href=\"https:\/\/semmelweis.hu\/aok\/files\/2018\/10\/Orvosi-rehabilit%C3%A1ci%C3%B3-a-gyermekgy%C3%B3gy%C3%A1szat-ter%C3%BClet%C3%A9n.pdf\" target=\"_blank\" rel=\"noopener noreferrer\">Orvosi rehabilit\u00e1ci\u00f3 \u2013 a gyermekgy\u00f3gy\u00e1szat ter\u00fclet\u00e9n<\/a><\/li>\n<li><a href=\"https:\/\/semmelweis.hu\/aok\/files\/2018\/10\/Orvosi-rehabilit%C3%A1ci%C3%B3-a-kardiol%C3%B3gia-ter%C3%BClet%C3%A9n.pdf\" target=\"_blank\" rel=\"noopener noreferrer\">Orvosi rehabilit\u00e1ci\u00f3 \u2013 a kardiol\u00f3gia ter\u00fclet\u00e9n<\/a><\/li>\n<li><a href=\"https:\/\/semmelweis.hu\/aok\/files\/2018\/10\/Orvosi-rehabilit%C3%A1ci%C3%B3-a-pszichi%C3%A1tria-ter%C3%BClet%C3%A9n.pdf\" target=\"_blank\" rel=\"noopener noreferrer\">Orvosi rehabilit\u00e1ci\u00f3 \u2013 a pszichi\u00e1tria ter\u00fclet\u00e9n<\/a><\/li>\n<li><a href=\"https:\/\/semmelweis.hu\/aok\/files\/2018\/10\/Orvosi-rehabilit%C3%A1ci%C3%B3-a-pulmonol%C3%B3gia-ter%C3%BClet%C3%A9n.pdf\" target=\"_blank\" rel=\"noopener noreferrer\">Orvosi rehabilit\u00e1ci\u00f3 \u2013 a pulmonol\u00f3gia ter\u00fclet\u00e9n<\/a><\/li>\n<li><a href=\"https:\/\/semmelweis.hu\/szak-es-tovabbkepzes\/egyeb-kepzes\/pszichoterapia-szakkepzes\/\">Pszichoter\u00e1pia (ld. k\u00fcl\u00f6n)<\/a><\/li>\n<li><a href=\"https:\/\/semmelweis.hu\/aok\/files\/2018\/10\/Sportorvostan.pdf\" target=\"_blank\" rel=\"noopener noreferrer\">Sportorvostan<\/a><\/li>\n<li><a href=\"https:\/\/semmelweis.hu\/aok\/files\/2018\/10\/Tr%C3%B3pusi-betegs%C3%A9gek.pdf\" target=\"_blank\" rel=\"noopener noreferrer\">Tr\u00f3pusi betegs\u00e9gek<\/a><\/li>\n<\/ul>\n","protected":false},"excerpt":{"rendered":"<p>M\u00f3der Judit \u00fcgyint\u00e9z\u0151 &#8211; r\u00e1\u00e9p\u00edtett szakk\u00e9pz\u00e9s tel: +36-1-459-1500\/62246 mell\u00e9k, e-mail: <a href=\"mailto:moder.judit@semmelweis.hu\">moder.judit@semmelweis.hu<\/a> \u00a0\u00a0 A Szak \u00e9s Tov\u00e1bbk\u00e9pz\u00e9si K\u00f6zpont szakorvosk\u00e9pz\u00e9ssel kapcsolatos \u00fcgyf\u00e9lfogad\u00e1sa el\u0151zetes bejelentkez\u00e9s alapj\u00e1n t\u00f6rt\u00e9nik. Id\u0151pontfoglal\u00e1s a\u00a0 <a href=\"http:\/\/reny.hu\/\">RENY<\/a> rendszeren kereszt\u00fcl lehets\u00e9ges, az \u00dcgyf\u00e9lfogad\u00e1s men\u00fc pont al\u00f3l, tov\u00e1bbi inform\u00e1ci\u00f3kat a RENY rendszer k\u00e9zik\u00f6nyv\u00e9ben tal\u00e1lnak az Egyetem \u2013 \u00dcgyf\u00e9l fogad\u00e1s \u2013 Rezidens jelentkez\u00e9se men\u00fcpont alatt! &nbsp; Reprodukt\u00edv medicina k\u00e9pz\u00e9s n\u00e9lk\u00fcli &hellip;<\/p>\n","protected":false},"author":101506,"featured_media":0,"parent":1865,"menu_order":4,"comment_status":"closed","ping_status":"closed","template":"","meta":{"_acf_changed":false,"footnotes":""},"categories":[],"tags":[],"class_list":["post-1880","page","type-page","status-publish","hentry"],"acf":[],"_links":{"self":[{"href":"https:\/\/semmelweis.hu\/szak-es-tovabbkepzes\/wp-json\/wp\/v2\/pages\/1880","targetHints":{"allow":["GET"]}}],"collection":[{"href":"https:\/\/semmelweis.hu\/szak-es-tovabbkepzes\/wp-json\/wp\/v2\/pages"}],"about":[{"href":"https:\/\/semmelweis.hu\/szak-es-tovabbkepzes\/wp-json\/wp\/v2\/types\/page"}],"author":[{"embeddable":true,"href":"https:\/\/semmelweis.hu\/szak-es-tovabbkepzes\/wp-json\/wp\/v2\/users\/101506"}],"replies":[{"embeddable":true,"href":"https:\/\/semmelweis.hu\/szak-es-tovabbkepzes\/wp-json\/wp\/v2\/comments?post=1880"}],"version-history":[{"count":10,"href":"https:\/\/semmelweis.hu\/szak-es-tovabbkepzes\/wp-json\/wp\/v2\/pages\/1880\/revisions"}],"predecessor-version":[{"id":22927,"href":"https:\/\/semmelweis.hu\/szak-es-tovabbkepzes\/wp-json\/wp\/v2\/pages\/1880\/revisions\/22927"}],"up":[{"embeddable":true,"href":"https:\/\/semmelweis.hu\/szak-es-tovabbkepzes\/wp-json\/wp\/v2\/pages\/1865"}],"wp:attachment":[{"href":"https:\/\/semmelweis.hu\/szak-es-tovabbkepzes\/wp-json\/wp\/v2\/media?parent=1880"}],"wp:term":[{"taxonomy":"category","embeddable":true,"href":"https:\/\/semmelweis.hu\/szak-es-tovabbkepzes\/wp-json\/wp\/v2\/categories?post=1880"},{"taxonomy":"post_tag","embeddable":true,"href":"https:\/\/semmelweis.hu\/szak-es-tovabbkepzes\/wp-json\/wp\/v2\/tags?post=1880"}],"curies":[{"name":"wp","href":"https:\/\/api.w.org\/{rel}","templated":true}]}}