{"id":1874,"date":"2019-01-25T10:11:10","date_gmt":"2019-01-25T09:11:10","guid":{"rendered":"http:\/\/semmelweis.hu\/szak-es-tovabbkepzes\/?page_id=1874"},"modified":"2025-06-17T14:39:58","modified_gmt":"2025-06-17T12:39:58","slug":"koltsegteriteses-szakkepzes-aok","status":"publish","type":"page","link":"https:\/\/semmelweis.hu\/szak-es-tovabbkepzes\/aok\/koltsegteriteses-szakkepzes-aok\/","title":{"rendered":"K\u00f6lts\u00e9gt\u00e9r\u00edt\u00e9ses szakk\u00e9pz\u00e9s"},"content":{"rendered":"<p><strong>K\u00f6lts\u00e9gt\u00e9r\u00edt\u00e9ses szakk\u00e9pz\u00e9s magyar \u00e1llampolg\u00e1rok r\u00e9sz\u00e9re<\/strong><\/p>\n<p><strong><a href=\"https:\/\/semmelweis.hu\/szak-es-tovabbkepzes\/files\/2022\/02\/Koltsegteriteses-hirdetmeny_202202.pdf\">K\u00f6lts\u00e9gt\u00e9r\u00edt\u00e9ses szakk\u00e9pz\u00e9s hirdetm\u00e9ny<\/a> (2022.02.01.)<\/strong><\/p>\n<p><strong><a href=\"https:\/\/semmelweis.hu\/szak-es-tovabbkepzes\/files\/2023\/10\/SZAKKEPZESI-KOLTSEGTERITESES-MEGALLAPODAS.pdf\">SZAKK\u00c9PZ\u00c9SI K\u00d6LTS\u00c9GT\u00c9R\u00cdT\u00c9SES MEG\u00c1LLAPOD\u00c1S<\/a> (2023.10.25.)<\/strong><\/p>\n<p><strong><a href=\"https:\/\/semmelweis.hu\/szak-es-tovabbkepzes\/files\/2025\/06\/Szamlaigenyleshez-szukseges-SAP-adatlap-2025.06.16-atol.pdf\">Sz\u00e1mlaig\u00e9nyl\u00e9shez sz\u00fcks\u00e9ges SAP adatlap<\/a><\/strong><strong> (\u00daJ &#8211; 2025.06.17.)<\/strong><\/p>\n","protected":false},"excerpt":{"rendered":"<p>K\u00f6lts\u00e9gt\u00e9r\u00edt\u00e9ses szakk\u00e9pz\u00e9s magyar \u00e1llampolg\u00e1rok r\u00e9sz\u00e9re<br \/>\n<a href=\"https:\/\/semmelweis.hu\/szak-es-tovabbkepzes\/files\/2022\/02\/Koltsegteriteses-hirdetmeny_202202.pdf\">K\u00f6lts\u00e9gt\u00e9r\u00edt\u00e9ses szakk\u00e9pz\u00e9s hirdetm\u00e9ny<\/a> (2022.02.01.)<br \/>\n<a href=\"https:\/\/semmelweis.hu\/szak-es-tovabbkepzes\/files\/2023\/10\/SZAKKEPZESI-KOLTSEGTERITESES-MEGALLAPODAS.pdf\">SZAKK\u00c9PZ\u00c9SI K\u00d6LTS\u00c9GT\u00c9R\u00cdT\u00c9SES MEG\u00c1LLAPOD\u00c1S<\/a> (2023.10.25.)<br \/>\n<a href=\"https:\/\/semmelweis.hu\/szak-es-tovabbkepzes\/files\/2025\/06\/Szamlaigenyleshez-szukseges-SAP-adatlap-2025.06.16-atol.pdf\">Sz\u00e1mlaig\u00e9nyl\u00e9shez sz\u00fcks\u00e9ges SAP adatlap<\/a> (\u00daJ &#8211; 2025.06.17.)<\/p>\n","protected":false},"author":101506,"featured_media":0,"parent":1865,"menu_order":5,"comment_status":"closed","ping_status":"closed","template":"","meta":{"_acf_changed":false,"footnotes":""},"categories":[],"tags":[],"class_list":["post-1874","page","type-page","status-publish","hentry"],"acf":[],"_links":{"self":[{"href":"https:\/\/semmelweis.hu\/szak-es-tovabbkepzes\/wp-json\/wp\/v2\/pages\/1874","targetHints":{"allow":["GET"]}}],"collection":[{"href":"https:\/\/semmelweis.hu\/szak-es-tovabbkepzes\/wp-json\/wp\/v2\/pages"}],"about":[{"href":"https:\/\/semmelweis.hu\/szak-es-tovabbkepzes\/wp-json\/wp\/v2\/types\/page"}],"author":[{"embeddable":true,"href":"https:\/\/semmelweis.hu\/szak-es-tovabbkepzes\/wp-json\/wp\/v2\/users\/101506"}],"replies":[{"embeddable":true,"href":"https:\/\/semmelweis.hu\/szak-es-tovabbkepzes\/wp-json\/wp\/v2\/comments?post=1874"}],"version-history":[{"count":10,"href":"https:\/\/semmelweis.hu\/szak-es-tovabbkepzes\/wp-json\/wp\/v2\/pages\/1874\/revisions"}],"predecessor-version":[{"id":22928,"href":"https:\/\/semmelweis.hu\/szak-es-tovabbkepzes\/wp-json\/wp\/v2\/pages\/1874\/revisions\/22928"}],"up":[{"embeddable":true,"href":"https:\/\/semmelweis.hu\/szak-es-tovabbkepzes\/wp-json\/wp\/v2\/pages\/1865"}],"wp:attachment":[{"href":"https:\/\/semmelweis.hu\/szak-es-tovabbkepzes\/wp-json\/wp\/v2\/media?parent=1874"}],"wp:term":[{"taxonomy":"category","embeddable":true,"href":"https:\/\/semmelweis.hu\/szak-es-tovabbkepzes\/wp-json\/wp\/v2\/categories?post=1874"},{"taxonomy":"post_tag","embeddable":true,"href":"https:\/\/semmelweis.hu\/szak-es-tovabbkepzes\/wp-json\/wp\/v2\/tags?post=1874"}],"curies":[{"name":"wp","href":"https:\/\/api.w.org\/{rel}","templated":true}]}}