{"id":1872,"date":"2019-01-25T10:11:10","date_gmt":"2019-01-25T09:11:10","guid":{"rendered":"http:\/\/semmelweis.hu\/szak-es-tovabbkepzes\/?page_id=1872"},"modified":"2025-01-24T14:38:40","modified_gmt":"2025-01-24T13:38:40","slug":"kapcsolat","status":"publish","type":"page","link":"https:\/\/semmelweis.hu\/szak-es-tovabbkepzes\/aok\/kapcsolat\/","title":{"rendered":"Kapcsolat &#8211; Szakorvosk\u00e9pz\u00e9s"},"content":{"rendered":"<p>&nbsp;<\/p>\n<p><strong>Id\u0151pontfoglal\u00e1s a\u00a0<a href=\"http:\/\/reny.hu\/\">RENY<\/a>\u00a0rendszeren kereszt\u00fcl lehets\u00e9ges, az \u00dcgyf\u00e9lfogad\u00e1s men\u00fc pont al\u00f3l, tov\u00e1bbi inform\u00e1ci\u00f3kat a RENY rendszer k\u00e9zik\u00f6nyv\u00e9ben tal\u00e1lnak az Egyetem \u2013 \u00dcgyf\u00e9l fogad\u00e1s \u2013 Rezidens jelentkez\u00e9se men\u00fcpont alatt!<\/strong><\/p>\n<p>&nbsp;<\/p>\n<p><strong><a href=\"https:\/\/semmelweis.hu\/szak-es-tovabbkepzes\/files\/2021\/05\/sztoklogo_kozepes.png\"><img loading=\"lazy\" decoding=\"async\" class=\"wp-image-21901 alignleft\" src=\"https:\/\/semmelweis.hu\/szak-es-tovabbkepzes\/files\/2021\/05\/sztoklogo_kozepes-300x300.png\" alt=\"\" width=\"115\" height=\"115\" srcset=\"https:\/\/semmelweis.hu\/szak-es-tovabbkepzes\/files\/2021\/05\/sztoklogo_kozepes-300x300.png 300w, https:\/\/semmelweis.hu\/szak-es-tovabbkepzes\/files\/2021\/05\/sztoklogo_kozepes-150x150.png 150w, https:\/\/semmelweis.hu\/szak-es-tovabbkepzes\/files\/2021\/05\/sztoklogo_kozepes.png 305w\" sizes=\"auto, (max-width: 115px) 100vw, 115px\" \/><\/a>Semmelweis Egyetem Szak- \u00e9s Tov\u00e1bbk\u00e9pz\u00e9si K\u00f6zpont<\/strong><\/p>\n<p><strong>Igazgat\u00f3:\u00a0<\/strong>Dr. Masszi Tam\u00e1s<br \/>\n<strong>Igazgat\u00f3-helyettes:\u00a0<\/strong>Sz\u00e1fi\u00e1n-Bella Anita<\/p>\n<table style=\"width: 100%;border-collapse: collapse;border-style: 0px, white\" border=\"0px, white\">\n<tbody>\n<tr>\n<td style=\"width: 50%\"><strong>C\u00edm: <\/strong>1085 Budapest, Baross utca 22. I. em. (BC22 Irodah\u00e1z)<br \/>\n<strong>Postac\u00edm:<\/strong> 1085 Budapest, \u00dcll\u0151i \u00fat 26.<br \/>\n<strong>Telefon: <\/strong>+36-1-459-1500\/ 62370, 62397<strong><br \/>\nEmail: <\/strong><a href=\"mailto:szakestovabbkepzes@semmelweis.hu\">szakestovabbkepzes@semmelweis.hu<\/a><\/td>\n<td style=\"width: 50%\">\n\n<!-- iframe plugin v.4.9 wordpress.org\/plugins\/iframe\/ -->\n<iframe loading=\"lazy\" src=\"https:\/\/www.google.com\/maps\/embed?pb=!1m14!1m8!1m3!1d10784.14497523983!2d19.0656631!3d47.4892073!3m2!1i1024!2i768!4f13.1!3m3!1m2!1s0x4741dc5bcdb6a70f%3A0xffdbea7af2079162!2sBC22%20Irodah%C3%A1z!5e0!3m2!1shu!2shu!4v1696582229552!5m2!1shu!2shu\" width=\"350\" height=\"200\" scrolling=\"yes\" class=\"iframe-class\" frameborder=\"0\"><\/iframe>\n\n<\/td>\n<\/tr>\n<\/tbody>\n<\/table>\n<p>&nbsp;<\/p>\n<p><strong>SZAKK\u00c9PZ\u00c9SI\u00a0\u00dcGYF\u00c9LFOGAD\u00c1S \u00c9S TELEFONOS \u00dcGYF\u00c9LSZOLG\u00c1LAT<\/strong><\/p>\n<p style=\"text-align: left\"><strong>A szakk\u00e9pz\u00e9ssel kapcsolatos \u00fcgyf\u00e9lfogad\u00e1s el\u0151zetes bejelentkez\u00e9s alapj\u00e1n t\u00f6rt\u00e9nik (RENY).\u00a0<\/strong><\/p>\n<p><strong>\u00dcgy\u00fck \u00e9rdemi elb\u00edr\u00e1l\u00e1sa \u00e9rdek\u00e9ben kiz\u00e1r\u00f3lag az \u00fcgyint\u00e9z\u0151j\u00fckh\u00f6z k\u00e9rjenek id\u0151pontot!<\/strong><\/p>\n<p>A megadott id\u0151pontokon k\u00edv\u00fcl a K\u00f6zpontnak nem \u00e1ll m\u00f3dj\u00e1ban \u00fcgyfeleket fogadni, a hivatal dolgoz\u00f3i kiz\u00e1r\u00f3lag ezen id\u0151szakokban tart\u00f3zkodnak az \u00fcgyf\u00e9lfogad\u00f3 helyis\u00e9gben!<\/p>\n<p>Az \u00fcgymenetek gyors\u00edt\u00e1sa \u00e9rdek\u00e9ben beadv\u00e1nyaikat emailben vagy postai \u00faton sz\u00edveskedjenek eljuttatni, \u00e9s csak abban az esetben keress\u00e9k fel \u2013 a RENY-n bejelentkezve \u2013 a K\u00f6zpontot, ha az \u00fcgy jellege azt felt\u00e9tlen\u00fcl megk\u00edv\u00e1nja.<\/p>\n<p><strong>Fontos tudnival\u00f3!<\/strong>\u00a0<br \/>\nSzem\u00e9lyes \u00fcgyf\u00e9lfogad\u00e1si id\u0151ben az \u00fcgyint\u00e9z\u0151 telefonos el\u00e9rhet\u0151s\u00e9ge korl\u00e1tozott, illetve\u00a0<strong>minden h\u00f3nap 6-\u00e1t\u00f3l 5 munkanapon \u00e1t<\/strong>\u00a0<strong>a szem\u00e9lyes \u00e9s a telefonos \u00fcgyf\u00e9lszolg\u00e1lat is sz\u00fcnetel<\/strong>.<\/p>\n<div>\u00a0<\/div>\n<div>\n<div><strong>H\u00e9tf\u0151\u00a0 \u00a0 \u00a0 \u00a0 \u00a0 \u00a0 8:00 \u2013 12.00\u00a0 \u00a0 \u00a0 \u00a0 \u00a0 \u00a0(az utols\u00f3 bejelentkez\u00e9si id\u0151pont 11.30)<\/strong><\/div>\n<div>\u00a0<\/div>\n<div><strong>Kedd\u00a0\u00a0\u00a0\u00a0\u00a0\u00a0\u00a0\u00a0\u00a0\u00a0\u00a0\u00a013.00 \u2013 16.00\u00a0\u00a0\u00a0\u00a0\u00a0\u00a0\u00a0\u00a0 (az utols\u00f3 bejelentkez\u00e9si id\u0151pont 15.30)<\/strong><\/div>\n<div>\u00a0<\/div>\n<div><strong>Szerda\u00a0\u00a0\u00a0\u00a0\u00a0\u00a0\u00a0\u00a0\u00a0\u00a08.00 \u2013 12.00\u00a0 \u00a0 \u00a0 \u00a0 \u00a0 \u00a0(az utols\u00f3 bejelentkez\u00e9si id\u0151pont 11.30)<\/strong><\/div>\n<div>\u00a0<\/div>\n<div><strong>Cs\u00fct\u00f6rt\u00f6k\u00a0\u00a0\u00a0\u00a013.00 \u2013 16.00\u00a0 \u00a0 \u00a0 \u00a0 \u00a0(az utols\u00f3 bejelentkez\u00e9si id\u0151pont 15.30)<\/strong><\/div>\n<div>\u00a0<\/div>\n<div><strong>P\u00e9ntek\u00a0\u00a0\u00a0\u00a0\u00a0\u00a0\u00a0\u00a0\u00a0\u00a0\u00a08.00 \u2013 12.00<\/strong>\u00a0 \u00a0 \u00a0 \u00a0 \u00a0<strong>(az utols\u00f3 bejelentkez\u00e9si id\u0151pont 11.30)<\/strong><\/div>\n<p><strong>\u00a0\u00a0<\/strong><\/div>\n<p>&nbsp;<\/p>\n<p>&nbsp;<\/p>\n<table style=\"width: 100%;height: 2246px\">\n<tbody>\n<tr style=\"height: 53px\">\n<td style=\"width: 15.338%;height: 53px\">\u00a0<\/td>\n<td style=\"width: 34.4097%;height: 53px\">\n<p><strong>\u00dcgyint\u00e9z\u0151<\/strong><\/p>\n<\/td>\n<td style=\"width: 13.8244%;height: 53px\">\n<p><strong>\u00c9vfolyamok<\/strong><\/p>\n<\/td>\n<td style=\"width: 32.8961%;height: 53px\">\n<p><strong>El\u00e9rhet\u0151s\u00e9gek<\/strong><\/p>\n<\/td>\n<\/tr>\n<tr style=\"height: 130px\">\n<td style=\"width: 15.338%;height: 130px\">\n<p><a href=\"https:\/\/semmelweis.hu\/szak-es-tovabbkepzes\/files\/2024\/06\/balogagota_pp.jpg\"><img loading=\"lazy\" decoding=\"async\" class=\"wp-image-22692 aligncenter\" src=\"https:\/\/semmelweis.hu\/szak-es-tovabbkepzes\/files\/2024\/06\/balogagota_pp-243x300.jpg\" alt=\"\" width=\"84\" height=\"104\" srcset=\"https:\/\/semmelweis.hu\/szak-es-tovabbkepzes\/files\/2024\/06\/balogagota_pp-243x300.jpg 243w, https:\/\/semmelweis.hu\/szak-es-tovabbkepzes\/files\/2024\/06\/balogagota_pp-830x1024.jpg 830w, https:\/\/semmelweis.hu\/szak-es-tovabbkepzes\/files\/2024\/06\/balogagota_pp-768x948.jpg 768w, https:\/\/semmelweis.hu\/szak-es-tovabbkepzes\/files\/2024\/06\/balogagota_pp-1244x1536.jpg 1244w, https:\/\/semmelweis.hu\/szak-es-tovabbkepzes\/files\/2024\/06\/balogagota_pp-1659x2048.jpg 1659w, https:\/\/semmelweis.hu\/szak-es-tovabbkepzes\/files\/2024\/06\/balogagota_pp-753x930.jpg 753w\" sizes=\"auto, (max-width: 84px) 100vw, 84px\" \/><\/a><\/p>\n<\/td>\n<td style=\"width: 34.4097%;height: 130px\">\n<p><strong>Balog \u00c1gota<br \/>\n<\/strong>\u00fcgyint\u00e9z\u0151<\/p>\n<\/td>\n<td style=\"width: 13.8244%;height: 130px\">\n<p>2021-ben bel\u00e9pettek A-K-ig<\/p>\n<\/td>\n<td style=\"width: 32.8961%;height: 130px\">\n<p>+36-1-459-1500\/ 62379<\/p>\n<p><a href=\"mailto:balog.agota@semmelweis.hu\">balog.agota@semmelweis.hu<\/a><\/p>\n<\/td>\n<\/tr>\n<tr style=\"height: 143px\">\n<td style=\"width: 15.338%;height: 143px\">\n<p><img loading=\"lazy\" decoding=\"async\" class=\"wp-image-22194 aligncenter\" src=\"https:\/\/semmelweis.hu\/szak-es-tovabbkepzes\/files\/2022\/07\/sztok_pp_sm-300x300.jpg\" alt=\"\" width=\"86\" height=\"86\" srcset=\"https:\/\/semmelweis.hu\/szak-es-tovabbkepzes\/files\/2022\/07\/sztok_pp_sm-300x300.jpg 300w, https:\/\/semmelweis.hu\/szak-es-tovabbkepzes\/files\/2022\/07\/sztok_pp_sm-150x150.jpg 150w, https:\/\/semmelweis.hu\/szak-es-tovabbkepzes\/files\/2022\/07\/sztok_pp_sm-768x768.jpg 768w, https:\/\/semmelweis.hu\/szak-es-tovabbkepzes\/files\/2022\/07\/sztok_pp_sm-753x753.jpg 753w, https:\/\/semmelweis.hu\/szak-es-tovabbkepzes\/files\/2022\/07\/sztok_pp_sm.jpg 1000w\" sizes=\"auto, (max-width: 86px) 100vw, 86px\" \/><\/p>\n<\/td>\n<td style=\"width: 34.4097%;height: 143px\">\n<p><strong>Bitter Bianka<\/strong><br \/>\n\u00fcgyint\u00e9z\u0151<\/p>\n<\/td>\n<td style=\"width: 13.8244%;height: 143px\">\n<p>2017-ben bel\u00e9pettek \u00e9s 2022-ben bel\u00e9pettek A-K-ig<\/p>\n<\/td>\n<td style=\"width: 32.8961%;height: 143px\">\n<p>+36-1-459-1500\/ 62386<\/p>\n<p><a href=\"mailto:bitter.bianka@semmelweis.hu\">bitter.bianka@semmelweis.hu<\/a><\/td>\n<\/tr>\n<tr style=\"height: 134px\">\n<td style=\"width: 15.338%;height: 134px\">\n<p><strong><a href=\"https:\/\/semmelweis.hu\/szak-es-tovabbkepzes\/files\/2022\/07\/dobrai_nikoletta_pp_sm.jpg\"><img loading=\"lazy\" decoding=\"async\" class=\"wp-image-22141 aligncenter\" src=\"https:\/\/semmelweis.hu\/szak-es-tovabbkepzes\/files\/2022\/07\/dobrai_nikoletta_pp_sm.jpg\" alt=\"\" width=\"80\" height=\"107\" \/><\/a><\/strong><\/p>\n<\/td>\n<td style=\"width: 34.4097%;height: 134px\">\n<p><strong>Dobrai Nikoletta Ivett<\/strong><br \/>\n\u00fcgyint\u00e9z\u0151<\/p>\n<\/td>\n<td style=\"width: 13.8244%;height: 134px\">\n<p>2018-ban bel\u00e9pettek \u00e9s 2023-ban bel\u00e9pettek L-ZS-ig<\/p>\n<\/td>\n<td style=\"width: 32.8961%;height: 134px\">\n<p>+36-1-459-1500\/ 62380<\/p>\n<p><a href=\"mailto:dobrai.nikoletta@semmelweis.hu\">dobrai.nikoletta@semmelweis.hu<\/a><\/td>\n<\/tr>\n<tr style=\"height: 154px\">\n<td style=\"width: 15.338%;height: 154px\">\n<p>\n<strong><a href=\"https:\/\/semmelweis.hu\/szak-es-tovabbkepzes\/files\/2022\/07\/fekete_zsofia_pp_sm.jpg\"><img loading=\"lazy\" decoding=\"async\" class=\" wp-image-22146 aligncenter\" src=\"https:\/\/semmelweis.hu\/szak-es-tovabbkepzes\/files\/2022\/07\/fekete_zsofia_pp_sm.jpg\" alt=\"\" width=\"82\" height=\"96\" \/><\/a><\/strong><\/p>\n<\/td>\n<td style=\"width: 34.4097%;height: 154px\"><strong>Fekete Zs\u00f3fia Eszter<\/strong> <br \/>\n\u00fcgyint\u00e9z\u0151<\/td>\n<td style=\"width: 13.8244%;height: 154px\">2019-ben \u00e9s 2024-ben bel\u00e9pettek<\/td>\n<td style=\"width: 32.8961%;height: 154px\">\n<p>+36-1-459-1500\/ 62388<\/p>\n<p><a href=\"mailto:fekete.zsofia@semmelweis.hu\">fekete.zsofia@semmelweis.hu<\/a><\/td>\n<\/tr>\n<tr style=\"height: 143px\">\n<td style=\"width: 15.338%;height: 143px\">\n<p><a href=\"https:\/\/semmelweis.hu\/szak-es-tovabbkepzes\/files\/2022\/08\/gaal-buki_hajnalka_pp_sm.jpg\"><img loading=\"lazy\" decoding=\"async\" class=\"wp-image-22205 aligncenter\" src=\"https:\/\/semmelweis.hu\/szak-es-tovabbkepzes\/files\/2022\/08\/gaal-buki_hajnalka_pp_sm-233x300.jpg\" alt=\"\" width=\"81\" height=\"104\" srcset=\"https:\/\/semmelweis.hu\/szak-es-tovabbkepzes\/files\/2022\/08\/gaal-buki_hajnalka_pp_sm-233x300.jpg 233w, https:\/\/semmelweis.hu\/szak-es-tovabbkepzes\/files\/2022\/08\/gaal-buki_hajnalka_pp_sm-797x1024.jpg 797w, https:\/\/semmelweis.hu\/szak-es-tovabbkepzes\/files\/2022\/08\/gaal-buki_hajnalka_pp_sm-768x987.jpg 768w, https:\/\/semmelweis.hu\/szak-es-tovabbkepzes\/files\/2022\/08\/gaal-buki_hajnalka_pp_sm-753x968.jpg 753w, https:\/\/semmelweis.hu\/szak-es-tovabbkepzes\/files\/2022\/08\/gaal-buki_hajnalka_pp_sm.jpg 1000w\" sizes=\"auto, (max-width: 81px) 100vw, 81px\" \/><\/a><\/p>\n<\/td>\n<td style=\"width: 34.4097%;height: 143px\">\n<p><strong>B\u00fcki Hajnalka<\/strong><br \/>\n\u00fcgyint\u00e9z\u0151<\/p>\n<\/td>\n<td style=\"width: 13.8244%;height: 143px\">\n<p>2016-ban bel\u00e9pettek \u00e9s 2021-ben bel\u00e9pettek L-Zs-ig<\/p>\n<\/td>\n<td style=\"width: 32.8961%;height: 143px\">\n<p>+36-1-459-1500\/ 62387<\/p>\n<p><a href=\"mailto:buki.hajnalka@semmelweis.hu\">buki.hajnalka@semmelweis.hu<\/a><\/p>\n<\/td>\n<\/tr>\n<tr style=\"height: 152px\">\n<td style=\"width: 15.338%;height: 152px\">\n<p><strong><a href=\"https:\/\/semmelweis.hu\/szak-es-tovabbkepzes\/files\/2022\/07\/kovolyan_erika_pp_sm.jpg\"><img loading=\"lazy\" decoding=\"async\" class=\" wp-image-22150 aligncenter\" src=\"https:\/\/semmelweis.hu\/szak-es-tovabbkepzes\/files\/2022\/07\/kovolyan_erika_pp_sm.jpg\" alt=\"\" width=\"85\" height=\"89\" \/><\/a><\/strong><strong><br \/>\n<\/strong><\/p>\n<\/td>\n<td style=\"width: 34.4097%;height: 152px\">\n<p><strong>Kovoly\u00e1n Erika Szilvia <br \/>\n<\/strong>\u00fcgyint\u00e9z\u0151<\/p>\n<\/td>\n<td style=\"width: 13.8244%;height: 152px\">\n<p>2018-ban bel\u00e9pettek \u00e9s 2023-ban bel\u00e9pettek A-K-ig<\/p>\n<\/td>\n<td style=\"width: 32.8961%;height: 152px\">\n<p>+36-1-459-1500\/ 62389<\/p>\n<p><a href=\"mailto:kovolyan.erika@semmelweis.hu\">kovolyan.erika@semmelweis.hu<\/a><\/p>\n<\/td>\n<\/tr>\n<tr style=\"height: 127px\">\n<td style=\"width: 15.338%;height: 127px\">\n<p><strong> <a href=\"https:\/\/semmelweis.hu\/szak-es-tovabbkepzes\/files\/2024\/06\/kukolya_kamilla_pp.jpg\"><img loading=\"lazy\" decoding=\"async\" class=\"aligncenter wp-image-22678\" src=\"https:\/\/semmelweis.hu\/szak-es-tovabbkepzes\/files\/2024\/06\/kukolya_kamilla_pp-267x300.jpg\" alt=\"\" width=\"89\" height=\"100\" srcset=\"https:\/\/semmelweis.hu\/szak-es-tovabbkepzes\/files\/2024\/06\/kukolya_kamilla_pp-267x300.jpg 267w, https:\/\/semmelweis.hu\/szak-es-tovabbkepzes\/files\/2024\/06\/kukolya_kamilla_pp-911x1024.jpg 911w, https:\/\/semmelweis.hu\/szak-es-tovabbkepzes\/files\/2024\/06\/kukolya_kamilla_pp-768x863.jpg 768w, https:\/\/semmelweis.hu\/szak-es-tovabbkepzes\/files\/2024\/06\/kukolya_kamilla_pp-753x846.jpg 753w, https:\/\/semmelweis.hu\/szak-es-tovabbkepzes\/files\/2024\/06\/kukolya_kamilla_pp.jpg 1000w\" sizes=\"auto, (max-width: 89px) 100vw, 89px\" \/><\/a><\/strong><\/p>\n<\/td>\n<td style=\"width: 34.4097%;height: 127px\">\n<p><strong>Kukolya Kamilla<br \/>\n<\/strong>\u00fcgyint\u00e9z\u0151<\/p>\n<\/td>\n<td style=\"width: 13.8244%;height: 127px\">\n<p><span data-olk-copy-source=\"MessageBody\">2020-ban \u00e9s 2025-ben bel\u00e9pettek A-K-ig<\/span><\/p>\n<\/td>\n<td style=\"width: 32.8961%;height: 127px\">\n<p>+36 1 459 1500 \/62383<\/p>\n<p><a href=\"mailto:kukolya.kamilla@semmelweis.hu\">kukolya.kamilla@semmelweis.hu<\/a><\/p>\n<\/td>\n<\/tr>\n<tr style=\"height: 233px\">\n<td style=\"width: 15.338%;height: 233px\">\n<p>\n<strong><a href=\"https:\/\/semmelweis.hu\/szak-es-tovabbkepzes\/files\/2022\/07\/jozsefi_molnar_vivien_pp_sm.jpg\"><img loading=\"lazy\" decoding=\"async\" class=\" wp-image-22148 aligncenter\" src=\"https:\/\/semmelweis.hu\/szak-es-tovabbkepzes\/files\/2022\/07\/jozsefi_molnar_vivien_pp_sm.jpg\" alt=\"\" width=\"82\" height=\"106\" \/><\/a><\/strong><\/p>\n<\/td>\n<td style=\"width: 34.4097%;height: 233px\">\n<p><strong>J\u00f3zsefi-Moln\u00e1r Vivien<\/strong><br \/>\n\u00fcgyint\u00e9z\u0151<\/p>\n<\/td>\n<td style=\"width: 13.8244%;height: 233px\">\n<p><span data-olk-copy-source=\"MessageBody\">2015 \u00e9s az el\u0151tt bel\u00e9pettek + k\u00f6zponti gyakornokok, 2020-ban \u00e9s 2025-ben bel\u00e9pettek L-ZS-ig<\/span><\/p>\n<\/td>\n<td style=\"width: 32.8961%;height: 233px\">\n<p>+36-1-459-1500\/ 62382<\/p>\n<p><a href=\"mailto:molnar.vivien@semmelweis.hu\">molnar.vivien@semmelweis.hu<\/a><\/p>\n<p>&nbsp;<\/p>\n<\/td>\n<\/tr>\n<tr style=\"height: 143px\">\n<td style=\"width: 15.338%;height: 143px\">\n<p><img loading=\"lazy\" decoding=\"async\" class=\"wp-image-22194 aligncenter\" src=\"https:\/\/semmelweis.hu\/szak-es-tovabbkepzes\/files\/2022\/07\/sztok_pp_sm-300x300.jpg\" alt=\"\" width=\"86\" height=\"86\" srcset=\"https:\/\/semmelweis.hu\/szak-es-tovabbkepzes\/files\/2022\/07\/sztok_pp_sm-300x300.jpg 300w, https:\/\/semmelweis.hu\/szak-es-tovabbkepzes\/files\/2022\/07\/sztok_pp_sm-150x150.jpg 150w, https:\/\/semmelweis.hu\/szak-es-tovabbkepzes\/files\/2022\/07\/sztok_pp_sm-768x768.jpg 768w, https:\/\/semmelweis.hu\/szak-es-tovabbkepzes\/files\/2022\/07\/sztok_pp_sm-753x753.jpg 753w, https:\/\/semmelweis.hu\/szak-es-tovabbkepzes\/files\/2022\/07\/sztok_pp_sm.jpg 1000w\" sizes=\"auto, (max-width: 86px) 100vw, 86px\" \/><\/p>\n<\/td>\n<td style=\"width: 34.4097%;height: 143px\">\n<p><strong>Polakovics Judit<\/strong><br \/>\n\u00fcgyint\u00e9z\u0151<\/p>\n<\/td>\n<td style=\"width: 13.8244%;height: 143px\">\n<p>2017-ben bel\u00e9pettek \u00e9s 2022-ben bel\u00e9pettek L-Zs-ig<\/p>\n<\/td>\n<td style=\"width: 32.8961%;height: 143px\">\n<p>+36-1-459-1500\/ 62381<\/p>\n<p><a href=\"mailto:polakovics.judit@semmelweis.hu\">polakovics.judit@semmelweis.hu<\/a><\/td>\n<\/tr>\n<tr style=\"height: 135px\">\n<td style=\"width: 15.338%;height: 135px\">\n<p><strong><a href=\"https:\/\/semmelweis.hu\/szak-es-tovabbkepzes\/files\/2022\/07\/korpas_tunde_pp_sm.jpg\"><img loading=\"lazy\" decoding=\"async\" class=\" wp-image-22149 aligncenter\" src=\"https:\/\/semmelweis.hu\/szak-es-tovabbkepzes\/files\/2022\/07\/korpas_tunde_pp_sm.jpg\" alt=\"\" width=\"91\" height=\"107\" \/><\/a><\/strong><\/p>\n<\/td>\n<td style=\"width: 34.4097%;height: 135px\">\n<p><strong>So\u00f3sn\u00e9 Korp\u00e1s T\u00fcnde<\/strong><br \/>\n\u00fcgyint\u00e9z\u0151<\/p>\n<\/td>\n<td style=\"width: 13.8244%;height: 135px\">\n<p>\u00fajabb els\u0151 szakk\u00e9pz\u00e9s<\/p>\n<\/td>\n<td style=\"width: 32.8961%;height: 135px\">\n<p>+36-1-459-1500\/ 62248<\/p>\n<p><a href=\"mailto:korpas.tunde@semmelweis.hu\">korpas.tunde@semmelweis.hu<\/a><\/td>\n<\/tr>\n<tr style=\"height: 149px\">\n<td style=\"width: 15.338%;height: 149px\">\n<p><strong><a href=\"https:\/\/semmelweis.hu\/szak-es-tovabbkepzes\/files\/2022\/07\/ujhegyi_erika_pp_sm.jpg\"><img loading=\"lazy\" decoding=\"async\" class=\"wp-image-22156 aligncenter\" src=\"https:\/\/semmelweis.hu\/szak-es-tovabbkepzes\/files\/2022\/07\/ujhegyi_erika_pp_sm.jpg\" alt=\"\" width=\"89\" height=\"122\" \/><\/a><\/strong><\/p>\n<\/td>\n<td style=\"width: 34.4097%;height: 149px\">\n<p><strong>\u00dajhegyi Erika<br \/>\n<\/strong>\u00fcgyint\u00e9z\u0151<\/p>\n<\/td>\n<td style=\"width: 13.8244%;height: 149px\">\n<p>egy\u00e9b szakk\u00e9pz\u00e9s, licenc<\/p>\n<\/td>\n<td style=\"width: 32.8961%;height: 149px\">\n<p>+36-1-459-1500\/ 62247<\/p>\n<p>&nbsp;<\/p>\n<p><a href=\"mailto:ujhegyi.erika@semmelweis.hu\">ujhegyi.erika@semmelweis.hu<\/a><\/p>\n<\/td>\n<\/tr>\n<tr style=\"height: 150px\">\n<td style=\"width: 15.338%;height: 150px\">\n<p><strong> <a href=\"https:\/\/semmelweis.hu\/szak-es-tovabbkepzes\/files\/2024\/06\/moder_judit_pp.jpg\"><img loading=\"lazy\" decoding=\"async\" class=\"wp-image-22680 aligncenter\" src=\"https:\/\/semmelweis.hu\/szak-es-tovabbkepzes\/files\/2024\/06\/moder_judit_pp-275x300.jpg\" alt=\"\" width=\"92\" height=\"100\" srcset=\"https:\/\/semmelweis.hu\/szak-es-tovabbkepzes\/files\/2024\/06\/moder_judit_pp-275x300.jpg 275w, https:\/\/semmelweis.hu\/szak-es-tovabbkepzes\/files\/2024\/06\/moder_judit_pp-939x1024.jpg 939w, https:\/\/semmelweis.hu\/szak-es-tovabbkepzes\/files\/2024\/06\/moder_judit_pp-768x837.jpg 768w, https:\/\/semmelweis.hu\/szak-es-tovabbkepzes\/files\/2024\/06\/moder_judit_pp-753x821.jpg 753w, https:\/\/semmelweis.hu\/szak-es-tovabbkepzes\/files\/2024\/06\/moder_judit_pp.jpg 1000w\" sizes=\"auto, (max-width: 92px) 100vw, 92px\" \/><\/a> <\/strong><\/p>\n<\/td>\n<td style=\"width: 34.4097%;height: 150px\">\n<p><strong>M\u00f3der Judit<br \/>\n<\/strong>\u00fcgyint\u00e9z\u0151<\/p>\n<\/td>\n<td style=\"width: 13.8244%;height: 150px\">\n<p>r\u00e1\u00e9p\u00edtett szakk\u00e9pz\u00e9s<\/p>\n<\/td>\n<td style=\"width: 32.8961%;height: 150px\">\n<p>+36-1-459-1500\/ 62246<\/p>\n<p><a href=\"mailto:moder.judit@semmelweis.hu\">moder.judit@semmelweis.hu<\/a><\/p>\n<\/td>\n<\/tr>\n<tr style=\"height: 141px\">\n<td style=\"width: 15.338%;height: 141px\">\n<p><strong><a href=\"https:\/\/semmelweis.hu\/szak-es-tovabbkepzes\/files\/2022\/07\/takacs_eva_pp_sm.jpg\"><img loading=\"lazy\" decoding=\"async\" class=\" wp-image-22154 aligncenter\" src=\"https:\/\/semmelweis.hu\/szak-es-tovabbkepzes\/files\/2022\/07\/takacs_eva_pp_sm.jpg\" alt=\"\" width=\"91\" height=\"113\" \/><\/a><\/strong><\/p>\n<\/td>\n<td style=\"width: 34.4097%;height: 141px\">\n<p><strong>Tak\u00e1cs \u00c9va<br \/>\n<\/strong>\u00fcgyint\u00e9z\u0151<\/p>\n<\/td>\n<td style=\"width: 13.8244%;height: 141px\">\n<p>Akkredit\u00e1ci\u00f3s \u00e9s Rendszerbev\u00e9teli Csoport<\/p>\n<\/td>\n<td style=\"width: 32.8961%;height: 141px\">\n<p>+36-1-459-1500\/ 62244<\/p>\n<p><a href=\"mailto:takacs.eva@semmelweis.hu\">takacs.eva@semmelweis.hu<\/a><\/p>\n<\/td>\n<\/tr>\n<tr style=\"height: 147px\">\n<td style=\"width: 15.338%;height: 147px\">\n<p><strong><a href=\"https:\/\/semmelweis.hu\/szak-es-tovabbkepzes\/files\/2022\/07\/szabo_virag_bernadett_pp_sm.jpg\"><img loading=\"lazy\" decoding=\"async\" class=\" wp-image-22152 aligncenter\" src=\"https:\/\/semmelweis.hu\/szak-es-tovabbkepzes\/files\/2022\/07\/szabo_virag_bernadett_pp_sm.jpg\" alt=\"\" width=\"90\" height=\"119\" \/><\/a><\/strong><\/p>\n<\/td>\n<td style=\"width: 34.4097%;height: 147px\">\n<p><strong>Szab\u00f3 Vir\u00e1g Bernadett<br \/>\n<\/strong>\u00fcgyint\u00e9z\u0151<\/p>\n<\/td>\n<td style=\"width: 13.8244%;height: 147px\">\n<p>Akkredit\u00e1ci\u00f3s \u00e9s Rendszerbev\u00e9teli Csoport<\/p>\n<\/td>\n<td style=\"width: 32.8961%;height: 147px\">\n<p>+36-1-459-1500\/ 62245<\/p>\n<p><a href=\"mailto:szabo.virag@semmelweis.hu\">szabo.virag@semmelweis.hu<\/a><\/p>\n<\/td>\n<\/tr>\n<\/tbody>\n<\/table>\n<p>&nbsp;<\/p>\n<p>&nbsp;<\/p>\n","protected":false},"excerpt":{"rendered":"<p>&nbsp; Id\u0151pontfoglal\u00e1s a\u00a0 <a href=\"http:\/\/reny.hu\/\">RENY<\/a> \u00a0rendszeren kereszt\u00fcl lehets\u00e9ges, az \u00dcgyf\u00e9lfogad\u00e1s men\u00fc pont al\u00f3l, tov\u00e1bbi inform\u00e1ci\u00f3kat a RENY rendszer k\u00e9zik\u00f6nyv\u00e9ben tal\u00e1lnak az Egyetem \u2013 \u00dcgyf\u00e9l fogad\u00e1s \u2013 Rezidens jelentkez\u00e9se men\u00fcpont alatt! &nbsp; <a href=\"https:\/\/semmelweis.hu\/szak-es-tovabbkepzes\/files\/2021\/05\/sztoklogo_kozepes.png\"><\/a> Semmelweis Egyetem Szak- \u00e9s Tov\u00e1bbk\u00e9pz\u00e9si K\u00f6zpont Igazgat\u00f3:\u00a0Dr. Masszi Tam\u00e1s Igazgat\u00f3-helyettes:\u00a0Sz\u00e1fi\u00e1n-Bella Anita C\u00edm: 1085 Budapest, Baross utca 22. I. em. (BC22 Irodah\u00e1z) Postac\u00edm: 1085 Budapest, \u00dcll\u0151i \u00fat &hellip;<\/p>\n","protected":false},"author":101506,"featured_media":0,"parent":1865,"menu_order":9,"comment_status":"closed","ping_status":"closed","template":"","meta":{"_acf_changed":false,"footnotes":""},"categories":[],"tags":[],"class_list":["post-1872","page","type-page","status-publish","hentry"],"acf":[],"_links":{"self":[{"href":"https:\/\/semmelweis.hu\/szak-es-tovabbkepzes\/wp-json\/wp\/v2\/pages\/1872","targetHints":{"allow":["GET"]}}],"collection":[{"href":"https:\/\/semmelweis.hu\/szak-es-tovabbkepzes\/wp-json\/wp\/v2\/pages"}],"about":[{"href":"https:\/\/semmelweis.hu\/szak-es-tovabbkepzes\/wp-json\/wp\/v2\/types\/page"}],"author":[{"embeddable":true,"href":"https:\/\/semmelweis.hu\/szak-es-tovabbkepzes\/wp-json\/wp\/v2\/users\/101506"}],"replies":[{"embeddable":true,"href":"https:\/\/semmelweis.hu\/szak-es-tovabbkepzes\/wp-json\/wp\/v2\/comments?post=1872"}],"version-history":[{"count":10,"href":"https:\/\/semmelweis.hu\/szak-es-tovabbkepzes\/wp-json\/wp\/v2\/pages\/1872\/revisions"}],"predecessor-version":[{"id":22815,"href":"https:\/\/semmelweis.hu\/szak-es-tovabbkepzes\/wp-json\/wp\/v2\/pages\/1872\/revisions\/22815"}],"up":[{"embeddable":true,"href":"https:\/\/semmelweis.hu\/szak-es-tovabbkepzes\/wp-json\/wp\/v2\/pages\/1865"}],"wp:attachment":[{"href":"https:\/\/semmelweis.hu\/szak-es-tovabbkepzes\/wp-json\/wp\/v2\/media?parent=1872"}],"wp:term":[{"taxonomy":"category","embeddable":true,"href":"https:\/\/semmelweis.hu\/szak-es-tovabbkepzes\/wp-json\/wp\/v2\/categories?post=1872"},{"taxonomy":"post_tag","embeddable":true,"href":"https:\/\/semmelweis.hu\/szak-es-tovabbkepzes\/wp-json\/wp\/v2\/tags?post=1872"}],"curies":[{"name":"wp","href":"https:\/\/api.w.org\/{rel}","templated":true}]}}