{"id":1863,"date":"2019-01-25T10:11:10","date_gmt":"2019-01-25T09:11:10","guid":{"rendered":"http:\/\/semmelweis.hu\/szak-es-tovabbkepzes\/?page_id=1863"},"modified":"2025-04-10T11:46:19","modified_gmt":"2025-04-10T09:46:19","slug":"kapcsolat-tovabbkepzes","status":"publish","type":"page","link":"https:\/\/semmelweis.hu\/szak-es-tovabbkepzes\/tovabbkepzes\/kapcsolat-tovabbkepzes\/","title":{"rendered":"Kapcsolat &#8211; tov\u00e1bbk\u00e9pz\u00e9s"},"content":{"rendered":"<p>&nbsp;<\/p>\n<p><strong>Id\u0151pontfoglal\u00e1s a <a href=\"http:\/\/reny.hu\">RENY<\/a> rendszeren kereszt\u00fcl lehets\u00e9ges, az <span class=\"mymenutop\">\u00dcgyf\u00e9lfogad\u00e1s <\/span>men\u00fc pont al\u00f3l, tov\u00e1bbi inform\u00e1ci\u00f3kat a RENY rendszer k\u00e9zik\u00f6nyv\u00e9ben tal\u00e1lnak az Egyetem \u2013 \u00dcgyf\u00e9l fogad\u00e1s \u2013 Rezidens jelentkez\u00e9se men\u00fcpont alatt!<\/strong><\/p>\n<p>&nbsp;<\/p>\n<p><strong><a href=\"https:\/\/semmelweis.hu\/szak-es-tovabbkepzes\/files\/2021\/05\/sztoklogo_kozepes.png\"><img loading=\"lazy\" decoding=\"async\" class=\"wp-image-21901 alignleft\" src=\"https:\/\/semmelweis.hu\/szak-es-tovabbkepzes\/files\/2021\/05\/sztoklogo_kozepes-300x300.png\" alt=\"\" width=\"115\" height=\"115\" srcset=\"https:\/\/semmelweis.hu\/szak-es-tovabbkepzes\/files\/2021\/05\/sztoklogo_kozepes-300x300.png 300w, https:\/\/semmelweis.hu\/szak-es-tovabbkepzes\/files\/2021\/05\/sztoklogo_kozepes-150x150.png 150w, https:\/\/semmelweis.hu\/szak-es-tovabbkepzes\/files\/2021\/05\/sztoklogo_kozepes.png 305w\" sizes=\"auto, (max-width: 115px) 100vw, 115px\" \/><\/a>Semmelweis Egyetem Szak- \u00e9s Tov\u00e1bbk\u00e9pz\u00e9si K\u00f6zpont<\/strong><\/p>\n<p><strong>Igazgat\u00f3:\u00a0<\/strong>Dr. Masszi Tam\u00e1s<br \/>\n<strong>Igazgat\u00f3-helyettes:\u00a0<\/strong>Sz\u00e1fi\u00e1n-Bella Anita<\/p>\n<table style=\"width: 100%;border-collapse: collapse;border-style: 0px, white\" border=\"0px, white\">\n<tbody>\n<tr>\n<td style=\"width: 50%\"><strong>C\u00edm: <\/strong>1085 Budapest, Baross utca 22. I. em. (BC22 Irodah\u00e1z)<br \/>\n<strong>Postac\u00edm:<\/strong> 1085 Budapest, \u00dcll\u0151i \u00fat 26.<br \/>\n<strong>Telefonsz\u00e1m:<\/strong> +36-1-459-1446\/ 62370, 62397<strong><br \/>\nEmail:<\/strong> <a href=\"mailto:szakestovabbkepzes@semmelweis.hu\">szakestovabbkepzes@semmelweis.hu<\/a><\/td>\n<td style=\"width: 50%\">\n\n<!-- iframe plugin v.4.9 wordpress.org\/plugins\/iframe\/ -->\n<iframe loading=\"lazy\" src=\"https:\/\/www.google.com\/maps\/embed?pb=!1m14!1m8!1m3!1d10784.14497523983!2d19.0656631!3d47.4892073!3m2!1i1024!2i768!4f13.1!3m3!1m2!1s0x4741dc5bcdb6a70f%3A0xffdbea7af2079162!2sBC22%20Irodah%C3%A1z!5e0!3m2!1shu!2shu!4v1696582229552!5m2!1shu!2shu\" width=\"350\" height=\"200\" scrolling=\"yes\" class=\"iframe-class\" frameborder=\"0\"><\/iframe>\n\n<\/td>\n<\/tr>\n<\/tbody>\n<\/table>\n<div>\u00a0<\/div>\n<div>\n<div><strong>H\u00e9tf\u0151\u00a0 \u00a0 \u00a0 \u00a0 \u00a0 \u00a0 8:00 \u2013 12.00\u00a0 \u00a0 \u00a0 \u00a0 \u00a0 \u00a0(az utols\u00f3 bejelentkez\u00e9si id\u0151pont 11.30)<\/strong><\/div>\n<div>\u00a0<\/div>\n<div><strong>Kedd\u00a0\u00a0\u00a0\u00a0\u00a0\u00a0\u00a0\u00a0\u00a0\u00a0\u00a0\u00a013.00 \u2013 16.00\u00a0\u00a0\u00a0\u00a0\u00a0\u00a0\u00a0\u00a0 (az utols\u00f3 bejelentkez\u00e9si id\u0151pont 15.30)<\/strong><\/div>\n<div>\u00a0<\/div>\n<div><strong>Szerda\u00a0\u00a0\u00a0\u00a0\u00a0\u00a0\u00a0\u00a0\u00a0\u00a08.00 \u2013 12.00\u00a0 \u00a0 \u00a0 \u00a0 \u00a0 \u00a0(az utols\u00f3 bejelentkez\u00e9si id\u0151pont 11.30)<\/strong><\/div>\n<div>\u00a0<\/div>\n<div><strong>Cs\u00fct\u00f6rt\u00f6k\u00a0\u00a0\u00a0\u00a013.00 \u2013 16.00\u00a0 \u00a0 \u00a0 \u00a0 \u00a0(az utols\u00f3 bejelentkez\u00e9si id\u0151pont 15.30)<\/strong><\/div>\n<div>\u00a0<\/div>\n<div><strong>P\u00e9ntek\u00a0\u00a0\u00a0\u00a0\u00a0\u00a0\u00a0\u00a0\u00a0\u00a0\u00a08.00 \u2013 12.00<\/strong>\u00a0 \u00a0 \u00a0 \u00a0 \u00a0<strong>(az utols\u00f3 bejelentkez\u00e9si id\u0151pont 11.30)<\/strong><\/div>\n<div>\u00a0<\/div>\n<\/div>\n<div>\n<table style=\"border-collapse: collapse;width: 100%;height: 306px\">\n<tbody>\n<tr style=\"height: 174px\">\n<td style=\"width: 14.3037%;height: 174px\"><a href=\"https:\/\/semmelweis.hu\/szak-es-tovabbkepzes\/files\/2022\/07\/dr_szombath_dezso_pp_sm.jpg\"><img loading=\"lazy\" decoding=\"async\" class=\" wp-image-22145 aligncenter\" src=\"https:\/\/semmelweis.hu\/szak-es-tovabbkepzes\/files\/2022\/07\/dr_szombath_dezso_pp_sm.jpg\" alt=\"\" width=\"94\" height=\"101\" \/><\/a><\/td>\n<td style=\"width: 24.3946%;height: 174px\"><strong>Dr. Szombath Dezs\u0151<\/strong><\/td>\n<td style=\"width: 19.2482%;height: 174px\">szaktan\u00e1csad\u00f3<\/td>\n<td style=\"width: 42.0535%;height: 174px\">+36-1-459-1500\/62376<br \/>\n<a href=\"mailto:szombath.dezso@semmelweis.hu\">szombath.dezso@semmelweis.hu<\/a><\/td>\n<\/tr>\n<tr style=\"height: 33px\">\n<td style=\"width: 14.3037%;height: 33px\"><a href=\"https:\/\/semmelweis.hu\/szak-es-tovabbkepzes\/files\/2022\/07\/dr_antalicsne_bulejsza_hajnalka_pp_sm.jpg\"><img loading=\"lazy\" decoding=\"async\" class=\" wp-image-22142 aligncenter\" src=\"https:\/\/semmelweis.hu\/szak-es-tovabbkepzes\/files\/2022\/07\/dr_antalicsne_bulejsza_hajnalka_pp_sm.jpg\" alt=\"\" width=\"99\" height=\"138\" \/><\/a><\/td>\n<td style=\"width: 24.3946%;height: 33px\"><strong>Dr. Antalicsn\u00e9 Bulejsza Hajnalka<\/strong><\/td>\n<td style=\"width: 19.2482%;height: 33px\">\u00fcgyviv\u0151 szak\u00e9rt\u0151<\/td>\n<td style=\"width: 42.0535%;height: 33px\">+36-1-459-1500\/62372<br \/>\n<a href=\"mailto:antalics.hajnalka@semmelweis.hu\">antalics.hajnalka@semmelweis.hu<\/a><\/td>\n<\/tr>\n<tr style=\"height: 33px\">\n<td style=\"width: 14.3037%;height: 33px\"><img loading=\"lazy\" decoding=\"async\" class=\"wp-image-22194 aligncenter\" src=\"https:\/\/semmelweis.hu\/szak-es-tovabbkepzes\/files\/2022\/07\/sztok_pp_sm-300x300.jpg\" alt=\"\" width=\"99\" height=\"99\" srcset=\"https:\/\/semmelweis.hu\/szak-es-tovabbkepzes\/files\/2022\/07\/sztok_pp_sm-300x300.jpg 300w, https:\/\/semmelweis.hu\/szak-es-tovabbkepzes\/files\/2022\/07\/sztok_pp_sm-150x150.jpg 150w, https:\/\/semmelweis.hu\/szak-es-tovabbkepzes\/files\/2022\/07\/sztok_pp_sm-768x768.jpg 768w, https:\/\/semmelweis.hu\/szak-es-tovabbkepzes\/files\/2022\/07\/sztok_pp_sm-753x753.jpg 753w, https:\/\/semmelweis.hu\/szak-es-tovabbkepzes\/files\/2022\/07\/sztok_pp_sm.jpg 1000w\" sizes=\"auto, (max-width: 99px) 100vw, 99px\" \/><\/td>\n<td style=\"width: 24.3946%;height: 33px\"><strong>Kiss \u00c1d\u00e1m<\/strong><\/td>\n<td style=\"width: 19.2482%;height: 33px\">\u00fcgyint\u00e9z\u0151, tanfolyamok<\/td>\n<td style=\"width: 42.0535%;height: 33px\">\n<p>+36-1-459-1500\/62394<br \/>\n<a href=\"mailto:kiss.adam@semmelweis.hu\">kiss.adam@semmelweis.hu<\/a><\/p>\n<\/td>\n<\/tr>\n<tr>\n<td style=\"width: 14.3037%\"><img loading=\"lazy\" decoding=\"async\" class=\"wp-image-22194 aligncenter\" src=\"https:\/\/semmelweis.hu\/szak-es-tovabbkepzes\/files\/2022\/07\/sztok_pp_sm-300x300.jpg\" alt=\"\" width=\"99\" height=\"99\" srcset=\"https:\/\/semmelweis.hu\/szak-es-tovabbkepzes\/files\/2022\/07\/sztok_pp_sm-300x300.jpg 300w, https:\/\/semmelweis.hu\/szak-es-tovabbkepzes\/files\/2022\/07\/sztok_pp_sm-150x150.jpg 150w, https:\/\/semmelweis.hu\/szak-es-tovabbkepzes\/files\/2022\/07\/sztok_pp_sm-768x768.jpg 768w, https:\/\/semmelweis.hu\/szak-es-tovabbkepzes\/files\/2022\/07\/sztok_pp_sm-753x753.jpg 753w, https:\/\/semmelweis.hu\/szak-es-tovabbkepzes\/files\/2022\/07\/sztok_pp_sm.jpg 1000w\" sizes=\"auto, (max-width: 99px) 100vw, 99px\" \/><\/td>\n<td style=\"width: 24.3946%\"><strong>T\u00f3th Ferenc<\/strong><\/td>\n<td style=\"width: 19.2482%\">tov\u00e1bbk\u00e9pz\u00e9si \u00fcgyint\u00e9z\u0151<\/td>\n<td style=\"width: 42.0535%\">\n<p>+36-1-459-1500\/62371<br \/>\n<a href=\"mailto:toth.ferenc1@semmelweis.hu\">toth.ferenc1@semmelweis.hu<\/a><\/p>\n<\/td>\n<\/tr>\n<\/tbody>\n<\/table>\n<\/div>\n<div>\u00a0<\/div>\n<p>&nbsp;<\/p>\n","protected":false},"excerpt":{"rendered":"<p>&nbsp; Id\u0151pontfoglal\u00e1s a <a href=\"http:\/\/reny.hu\">RENY<\/a> rendszeren kereszt\u00fcl lehets\u00e9ges, az \u00dcgyf\u00e9lfogad\u00e1s men\u00fc pont al\u00f3l, tov\u00e1bbi inform\u00e1ci\u00f3kat a RENY rendszer k\u00e9zik\u00f6nyv\u00e9ben tal\u00e1lnak az Egyetem \u2013 \u00dcgyf\u00e9l fogad\u00e1s \u2013 Rezidens jelentkez\u00e9se men\u00fcpont alatt! &nbsp; <a href=\"https:\/\/semmelweis.hu\/szak-es-tovabbkepzes\/files\/2021\/05\/sztoklogo_kozepes.png\"><\/a> Semmelweis Egyetem Szak- \u00e9s Tov\u00e1bbk\u00e9pz\u00e9si K\u00f6zpont Igazgat\u00f3:\u00a0Dr. Masszi Tam\u00e1s Igazgat\u00f3-helyettes:\u00a0Sz\u00e1fi\u00e1n-Bella Anita C\u00edm: 1085 Budapest, Baross utca 22. I. em. (BC22 Irodah\u00e1z) Postac\u00edm: 1085 Budapest, \u00dcll\u0151i \u00fat &hellip;<\/p>\n","protected":false},"author":101506,"featured_media":0,"parent":1833,"menu_order":8,"comment_status":"closed","ping_status":"closed","template":"","meta":{"_acf_changed":false,"footnotes":""},"categories":[],"tags":[],"class_list":["post-1863","page","type-page","status-publish","hentry"],"acf":[],"_links":{"self":[{"href":"https:\/\/semmelweis.hu\/szak-es-tovabbkepzes\/wp-json\/wp\/v2\/pages\/1863","targetHints":{"allow":["GET"]}}],"collection":[{"href":"https:\/\/semmelweis.hu\/szak-es-tovabbkepzes\/wp-json\/wp\/v2\/pages"}],"about":[{"href":"https:\/\/semmelweis.hu\/szak-es-tovabbkepzes\/wp-json\/wp\/v2\/types\/page"}],"author":[{"embeddable":true,"href":"https:\/\/semmelweis.hu\/szak-es-tovabbkepzes\/wp-json\/wp\/v2\/users\/101506"}],"replies":[{"embeddable":true,"href":"https:\/\/semmelweis.hu\/szak-es-tovabbkepzes\/wp-json\/wp\/v2\/comments?post=1863"}],"version-history":[{"count":10,"href":"https:\/\/semmelweis.hu\/szak-es-tovabbkepzes\/wp-json\/wp\/v2\/pages\/1863\/revisions"}],"predecessor-version":[{"id":22886,"href":"https:\/\/semmelweis.hu\/szak-es-tovabbkepzes\/wp-json\/wp\/v2\/pages\/1863\/revisions\/22886"}],"up":[{"embeddable":true,"href":"https:\/\/semmelweis.hu\/szak-es-tovabbkepzes\/wp-json\/wp\/v2\/pages\/1833"}],"wp:attachment":[{"href":"https:\/\/semmelweis.hu\/szak-es-tovabbkepzes\/wp-json\/wp\/v2\/media?parent=1863"}],"wp:term":[{"taxonomy":"category","embeddable":true,"href":"https:\/\/semmelweis.hu\/szak-es-tovabbkepzes\/wp-json\/wp\/v2\/categories?post=1863"},{"taxonomy":"post_tag","embeddable":true,"href":"https:\/\/semmelweis.hu\/szak-es-tovabbkepzes\/wp-json\/wp\/v2\/tags?post=1863"}],"curies":[{"name":"wp","href":"https:\/\/api.w.org\/{rel}","templated":true}]}}