{"id":1858,"date":"2019-01-25T10:11:10","date_gmt":"2019-01-25T09:11:10","guid":{"rendered":"http:\/\/semmelweis.hu\/szak-es-tovabbkepzes\/?page_id=1858"},"modified":"2020-10-06T12:47:35","modified_gmt":"2020-10-06T10:47:35","slug":"letoltheto-tovabbkepzesi-dokumentumok","status":"publish","type":"page","link":"https:\/\/semmelweis.hu\/szak-es-tovabbkepzes\/tovabbkepzes\/letoltheto-tovabbkepzesi-dokumentumok\/","title":{"rendered":"Let\u00f6lthet\u0151 tov\u00e1bbk\u00e9pz\u00e9si dokumentumok"},"content":{"rendered":"<h1>Orvosoknak<\/h1>\n<ul>\n<li><a href=\"https:\/\/semmelweis.hu\/szak-es-tovabbkepzes\/files\/2020\/10\/64-2011.XI_.29.NEFMI-rendelet-folyamatos-tov\u00e1bbk\u00e9pz\u00e9sr\u0151l.pdf\">64-2011.XI_.29.NEFMI rendelet folyamatos tov\u00e1bbk\u00e9pz\u00e9sr\u0151l<\/a><\/li>\n<li><a href=\"https:\/\/semmelweis.hu\/szak-es-tovabbkepzes\/files\/2020\/10\/K\u00f6telez\u0151-szinten-tart\u00f3-tanfolyam-r\u00e9szv\u00e9teli-d\u00edj-\u00e1tv\u00e1llal\u00e1s\u00e1hoz-K\u00f6lts\u00e9g\u00e1tv\u00e1llal\u00e1si-nyilatkozat.docx\">K\u00f6telez\u0151 szinten tart\u00f3 tanfolyam r\u00e9szv\u00e9teli d\u00edj \u00e1tv\u00e1llal\u00e1s\u00e1hoz k\u00f6lts\u00e9g\u00e1tv\u00e1llal\u00e1si nyilatkozat<\/a><\/li>\n<li><a href=\"https:\/\/semmelweis.hu\/szak-es-tovabbkepzes\/files\/2020\/10\/Munk\u00e1ltat\u00f3i-igazol\u00e1s-MINTA.doc\">Munk\u00e1ltat\u00f3i igazol\u00e1s MINTA<\/a><\/li>\n<li><a href=\"https:\/\/semmelweis.hu\/szak-es-tovabbkepzes\/files\/2020\/10\/Kieg\u00e9sz\u00edt\u0151-gyakorlati-igazol\u00e1s-MINTA.doc\">Kieg\u00e9sz\u00edt\u0151 gyakorlati igazol\u00e1s MINTA\u00a0<\/a><\/li>\n<\/ul>\n<hr \/>\n<p>&nbsp;<\/p>\n<h1>Tanfolyamszervez\u0151knek<\/h1>\n<ul>\n<li><a href=\"https:\/\/semmelweis.hu\/szak-es-tovabbkepzes\/files\/2020\/10\/EEK_szakmai_beszamolo_MINTA.docx\">EEK szakmai besz\u00e1mol\u00f3 MINTA<\/a><\/li>\n<\/ul>\n","protected":false},"excerpt":{"rendered":"<p>Orvosoknak<\/p>\n<p><a href=\"https:\/\/semmelweis.hu\/szak-es-tovabbkepzes\/files\/2020\/10\/64-2011.XI_.29.NEFMI-rendelet-folyamatos-tov\u00e1bbk\u00e9pz\u00e9sr\u0151l.pdf\">64-2011.XI_.29.NEFMI rendelet folyamatos tov\u00e1bbk\u00e9pz\u00e9sr\u0151l<\/a><br \/>\n<a href=\"https:\/\/semmelweis.hu\/szak-es-tovabbkepzes\/files\/2020\/10\/K\u00f6telez\u0151-szinten-tart\u00f3-tanfolyam-r\u00e9szv\u00e9teli-d\u00edj-\u00e1tv\u00e1llal\u00e1s\u00e1hoz-K\u00f6lts\u00e9g\u00e1tv\u00e1llal\u00e1si-nyilatkozat.docx\">K\u00f6telez\u0151 szinten tart\u00f3 tanfolyam r\u00e9szv\u00e9teli d\u00edj \u00e1tv\u00e1llal\u00e1s\u00e1hoz k\u00f6lts\u00e9g\u00e1tv\u00e1llal\u00e1si nyilatkozat<\/a><br \/>\n<a href=\"https:\/\/semmelweis.hu\/szak-es-tovabbkepzes\/files\/2020\/10\/Munk\u00e1ltat\u00f3i-igazol\u00e1s-MINTA.doc\">Munk\u00e1ltat\u00f3i igazol\u00e1s MINTA<\/a><br \/>\n<a href=\"https:\/\/semmelweis.hu\/szak-es-tovabbkepzes\/files\/2020\/10\/Kieg\u00e9sz\u00edt\u0151-gyakorlati-igazol\u00e1s-MINTA.doc\">Kieg\u00e9sz\u00edt\u0151 gyakorlati igazol\u00e1s MINTA\u00a0<\/a><\/p>\n<p>&nbsp;<br \/>\nTanfolyamszervez\u0151knek<\/p>\n<p><a href=\"https:\/\/semmelweis.hu\/szak-es-tovabbkepzes\/files\/2020\/10\/EEK_szakmai_beszamolo_MINTA.docx\">EEK szakmai besz\u00e1mol\u00f3 MINTA<\/a><\/p>\n","protected":false},"author":101506,"featured_media":0,"parent":1833,"menu_order":7,"comment_status":"closed","ping_status":"closed","template":"","meta":{"_acf_changed":false,"footnotes":""},"categories":[],"tags":[],"class_list":["post-1858","page","type-page","status-publish","hentry"],"acf":[],"_links":{"self":[{"href":"https:\/\/semmelweis.hu\/szak-es-tovabbkepzes\/wp-json\/wp\/v2\/pages\/1858","targetHints":{"allow":["GET"]}}],"collection":[{"href":"https:\/\/semmelweis.hu\/szak-es-tovabbkepzes\/wp-json\/wp\/v2\/pages"}],"about":[{"href":"https:\/\/semmelweis.hu\/szak-es-tovabbkepzes\/wp-json\/wp\/v2\/types\/page"}],"author":[{"embeddable":true,"href":"https:\/\/semmelweis.hu\/szak-es-tovabbkepzes\/wp-json\/wp\/v2\/users\/101506"}],"replies":[{"embeddable":true,"href":"https:\/\/semmelweis.hu\/szak-es-tovabbkepzes\/wp-json\/wp\/v2\/comments?post=1858"}],"version-history":[{"count":9,"href":"https:\/\/semmelweis.hu\/szak-es-tovabbkepzes\/wp-json\/wp\/v2\/pages\/1858\/revisions"}],"predecessor-version":[{"id":21744,"href":"https:\/\/semmelweis.hu\/szak-es-tovabbkepzes\/wp-json\/wp\/v2\/pages\/1858\/revisions\/21744"}],"up":[{"embeddable":true,"href":"https:\/\/semmelweis.hu\/szak-es-tovabbkepzes\/wp-json\/wp\/v2\/pages\/1833"}],"wp:attachment":[{"href":"https:\/\/semmelweis.hu\/szak-es-tovabbkepzes\/wp-json\/wp\/v2\/media?parent=1858"}],"wp:term":[{"taxonomy":"category","embeddable":true,"href":"https:\/\/semmelweis.hu\/szak-es-tovabbkepzes\/wp-json\/wp\/v2\/categories?post=1858"},{"taxonomy":"post_tag","embeddable":true,"href":"https:\/\/semmelweis.hu\/szak-es-tovabbkepzes\/wp-json\/wp\/v2\/tags?post=1858"}],"curies":[{"name":"wp","href":"https:\/\/api.w.org\/{rel}","templated":true}]}}