{"id":1851,"date":"2019-01-25T10:11:10","date_gmt":"2019-01-25T09:11:10","guid":{"rendered":"http:\/\/semmelweis.hu\/szak-es-tovabbkepzes\/?page_id=1851"},"modified":"2026-04-15T17:56:34","modified_gmt":"2026-04-15T15:56:34","slug":"cikluszaras","status":"publish","type":"page","link":"https:\/\/semmelweis.hu\/szak-es-tovabbkepzes\/tovabbkepzes\/cikluszaras\/","title":{"rendered":"Ciklusz\u00e1r\u00e1s"},"content":{"rendered":"<div>A m\u0171k\u00f6d\u00e9si nyilv\u00e1ntart\u00e1s\u00a0<strong>meg\u00faj\u00edt\u00e1s\u00e1ra ir\u00e1nyul\u00f3 k\u00e9relmet\u00a0<\/strong>legkor\u00e1bban a m\u0171k\u00f6d\u00e9si nyilv\u00e1ntart\u00e1si ciklus id\u0151pontj\u00e1t megel\u0151z\u0151 egy \u00e9vvel, de\u00a0<strong>legk\u00e9s\u0151bb a ciklus utols\u00f3 napj\u00e1ig\u00a0<\/strong>kell beny\u00fajtani.\u00a0\u00a0A m\u0171k\u00f6d\u00e9si nyilv\u00e1ntart\u00e1s meg\u00faj\u00edt\u00e1s\u00e1hoz beny\u00fajtand\u00f3 iratok:\u00a0<\/div>\n<div>\u00a0<\/div>\n<div>\n<ul>\n<li>a k\u00e9relem nyomtatv\u00e1ny megfelel\u0151en kit\u00f6ltve, a Nyilatkozatokn\u00e1l al\u00e1\u00edrva\n<ul>\n<li><a href=\"https:\/\/enk.okfo.gov.hu\/pfile\/file?path=\/tevekenysegek\/Mukodesi-Nyilvantartas---orvosok-fogorvosok-gyogyszereszek-klinikai-vegzettsegu-egeszsegugyi-dolgozok\/nyomtatvanyok\/megujitasi_kerelem_orvos_fogorvos_gyogyszeresz_klinikai\">pap\u00edr alap\u00fa k\u00e9relem nyomtatv\u00e1ny<\/a>\u00a0<strong>vagy<\/strong><\/li>\n<li><a href=\"https:\/\/adatlap.enkk.hu\/\" target=\"_blank\" rel=\"noopener\">elektronikus \u00faton kit\u00f6lthet\u0151 k\u00e9relem nyomtatv\u00e1ny<\/a><\/li>\n<\/ul>\n<\/li>\n<li>1000 Ft\u00a0<a href=\"https:\/\/enk.okfo.gov.hu\/tevekenysegek\/Mukodesi-Nyilvantartas---orvosok-fogorvosok-gyogyszereszek-klinikai-vegzettsegu-egeszsegugyi-dolgozok\/igazgatasi-szolgaltatasi-dijak-mukodesi-nyilvantartassal-kapcsolatban\/igazgatasi-szolgaltatasi-dijak-mukodesi-a-nyilvantartassal-kapcsolatban\">igazgat\u00e1si szolg\u00e1ltat\u00e1si d\u00edj<\/a>\u00a0\u00e1tutal\u00e1sa, az \u00e1tutal\u00e1s igazol\u00e1sa<\/li>\n<li><a href=\"https:\/\/enk.okfo.gov.hu\/tevekenysegek\/Mukodesi-Nyilvantartas---orvosok-fogorvosok-gyogyszereszek-klinikai-vegzettsegu-egeszsegugyi-dolgozok\/tovabbkepzesi-kotelezettseg-teljesitese-es-igazolasa\/tovabbkepzesi-kotelezettseg-teljesitese-es-igazolasa\">a tov\u00e1bbk\u00e9pz\u00e9si k\u00f6telezetts\u00e9g teljes\u00edt\u00e9se \u00e9s igazol\u00e1sa<\/a><\/li>\n<\/ul>\n<\/div>\n<p>Tov\u00e1bbi inform\u00e1ci\u00f3kat itt tal\u00e1lnak:\u00a0<\/p>\n<p><strong><a href=\"https:\/\/enk.okfo.gov.hu\/tevekenysegek\/Mukodesi-Nyilvantartas---orvosok-fogorvosok-gyogyszereszek-klinikai-vegzettsegu-egeszsegugyi-dolgozok\/a-mukodesi-nyilvantartas-megujitasa\/a-mukodesi-nyilvantartas-megujitasa\">https:\/\/enk.okfo.gov.hu\/tevekenysegek\/Mukodesi-Nyilvantartas&#8212;orvosok-fogorvosok-gyogyszereszek-klinikai-vegzettsegu-egeszsegugyi-dolgozok\/a-mukodesi-nyilvantartas-megujitasa\/a-mukodesi-nyilvantartas-megujitasa<\/a><\/strong><\/p>\n","protected":false},"excerpt":{"rendered":"<p>A m\u0171k\u00f6d\u00e9si nyilv\u00e1ntart\u00e1s\u00a0meg\u00faj\u00edt\u00e1s\u00e1ra ir\u00e1nyul\u00f3 k\u00e9relmet\u00a0legkor\u00e1bban a m\u0171k\u00f6d\u00e9si nyilv\u00e1ntart\u00e1si ciklus id\u0151pontj\u00e1t megel\u0151z\u0151 egy \u00e9vvel, de\u00a0legk\u00e9s\u0151bb a ciklus utols\u00f3 napj\u00e1ig\u00a0kell beny\u00fajtani.\u00a0\u00a0A m\u0171k\u00f6d\u00e9si nyilv\u00e1ntart\u00e1s meg\u00faj\u00edt\u00e1s\u00e1hoz beny\u00fajtand\u00f3 iratok:\u00a0<br \/>\n\u00a0<\/p>\n<p>a k\u00e9relem nyomtatv\u00e1ny megfelel\u0151en kit\u00f6ltve, a Nyilatkozatokn\u00e1l al\u00e1\u00edrva<\/p>\n<p><a href=\"https:\/\/enk.okfo.gov.hu\/pfile\/file?path=\/tevekenysegek\/Mukodesi-Nyilvantartas---orvosok-fogorvosok-gyogyszereszek-klinikai-vegzettsegu-egeszsegugyi-dolgozok\/nyomtatvanyok\/megujitasi_kerelem_orvos_fogorvos_gyogyszeresz_klinikai\">pap\u00edr alap\u00fa k\u00e9relem nyomtatv\u00e1ny<\/a>\u00a0vagy<br \/>\n<a href=\"https:\/\/adatlap.enkk.hu\/\" target=\"_blank\" rel=\"noopener\">elektronikus \u00faton kit\u00f6lthet\u0151 k\u00e9relem nyomtatv\u00e1ny<\/a><\/p>\n<p>1000 Ft\u00a0<a href=\"https:\/\/enk.okfo.gov.hu\/tevekenysegek\/Mukodesi-Nyilvantartas---orvosok-fogorvosok-gyogyszereszek-klinikai-vegzettsegu-egeszsegugyi-dolgozok\/igazgatasi-szolgaltatasi-dijak-mukodesi-nyilvantartassal-kapcsolatban\/igazgatasi-szolgaltatasi-dijak-mukodesi-a-nyilvantartassal-kapcsolatban\">igazgat\u00e1si szolg\u00e1ltat\u00e1si d\u00edj<\/a>\u00a0\u00e1tutal\u00e1sa, az \u00e1tutal\u00e1s igazol\u00e1sa<br \/>\n<a href=\"https:\/\/enk.okfo.gov.hu\/tevekenysegek\/Mukodesi-Nyilvantartas---orvosok-fogorvosok-gyogyszereszek-klinikai-vegzettsegu-egeszsegugyi-dolgozok\/tovabbkepzesi-kotelezettseg-teljesitese-es-igazolasa\/tovabbkepzesi-kotelezettseg-teljesitese-es-igazolasa\">a tov\u00e1bbk\u00e9pz\u00e9si k\u00f6telezetts\u00e9g teljes\u00edt\u00e9se \u00e9s igazol\u00e1sa<\/a><\/p>\n<p>Tov\u00e1bbi inform\u00e1ci\u00f3kat itt tal\u00e1lnak:\u00a0<br \/>\n<a href=\"https:\/\/enk.okfo.gov.hu\/tevekenysegek\/Mukodesi-Nyilvantartas---orvosok-fogorvosok-gyogyszereszek-klinikai-vegzettsegu-egeszsegugyi-dolgozok\/a-mukodesi-nyilvantartas-megujitasa\/a-mukodesi-nyilvantartas-megujitasa\">https:\/\/enk.okfo.gov.hu\/tevekenysegek\/Mukodesi-Nyilvantartas&#8212;orvosok-fogorvosok-gyogyszereszek-klinikai-vegzettsegu-egeszsegugyi-dolgozok\/a-mukodesi-nyilvantartas-megujitasa\/a-mukodesi-nyilvantartas-megujitasa<\/a><\/p>\n","protected":false},"author":101506,"featured_media":0,"parent":1833,"menu_order":4,"comment_status":"closed","ping_status":"closed","template":"","meta":{"_acf_changed":false,"footnotes":""},"categories":[],"tags":[],"class_list":["post-1851","page","type-page","status-publish","hentry"],"acf":[],"_links":{"self":[{"href":"https:\/\/semmelweis.hu\/szak-es-tovabbkepzes\/wp-json\/wp\/v2\/pages\/1851","targetHints":{"allow":["GET"]}}],"collection":[{"href":"https:\/\/semmelweis.hu\/szak-es-tovabbkepzes\/wp-json\/wp\/v2\/pages"}],"about":[{"href":"https:\/\/semmelweis.hu\/szak-es-tovabbkepzes\/wp-json\/wp\/v2\/types\/page"}],"author":[{"embeddable":true,"href":"https:\/\/semmelweis.hu\/szak-es-tovabbkepzes\/wp-json\/wp\/v2\/users\/101506"}],"replies":[{"embeddable":true,"href":"https:\/\/semmelweis.hu\/szak-es-tovabbkepzes\/wp-json\/wp\/v2\/comments?post=1851"}],"version-history":[{"count":10,"href":"https:\/\/semmelweis.hu\/szak-es-tovabbkepzes\/wp-json\/wp\/v2\/pages\/1851\/revisions"}],"predecessor-version":[{"id":23094,"href":"https:\/\/semmelweis.hu\/szak-es-tovabbkepzes\/wp-json\/wp\/v2\/pages\/1851\/revisions\/23094"}],"up":[{"embeddable":true,"href":"https:\/\/semmelweis.hu\/szak-es-tovabbkepzes\/wp-json\/wp\/v2\/pages\/1833"}],"wp:attachment":[{"href":"https:\/\/semmelweis.hu\/szak-es-tovabbkepzes\/wp-json\/wp\/v2\/media?parent=1851"}],"wp:term":[{"taxonomy":"category","embeddable":true,"href":"https:\/\/semmelweis.hu\/szak-es-tovabbkepzes\/wp-json\/wp\/v2\/categories?post=1851"},{"taxonomy":"post_tag","embeddable":true,"href":"https:\/\/semmelweis.hu\/szak-es-tovabbkepzes\/wp-json\/wp\/v2\/tags?post=1851"}],"curies":[{"name":"wp","href":"https:\/\/api.w.org\/{rel}","templated":true}]}}