{"id":1849,"date":"2019-01-25T10:11:10","date_gmt":"2019-01-25T09:11:10","guid":{"rendered":"http:\/\/semmelweis.hu\/szak-es-tovabbkepzes\/?page_id=1849"},"modified":"2026-03-10T11:06:53","modified_gmt":"2026-03-10T10:06:53","slug":"szintentartok","status":"publish","type":"page","link":"https:\/\/semmelweis.hu\/szak-es-tovabbkepzes\/tovabbkepzes\/szintentartok\/","title":{"rendered":"Szintentart\u00f3k"},"content":{"rendered":"<h1>K\u00f6telez\u0151 szintentart\u00f3k vizsg\u00e1ir\u00f3l<\/h1>\n<p style=\"text-align: center\"><strong>Elektronikus vizsg\u00e1z\u00e1s a SE posztgradu\u00e1lis e-learning rendszer\u00e9ben<\/strong><\/p>\n<p style=\"text-align: center\">(T\u00e1j\u00e9koztat\u00f3)<\/p>\n<p><strong>\u00a0<\/strong>A Semmelweis Egyetem \u00e1ltal szervezett <strong>k\u00f6telez\u0151 szinten tart\u00f3 tanfolyamok<\/strong> online vizsg\u00e1val z\u00e1rulnak.<\/p>\n<p>A tesztk\u00e9rd\u00e9sek az al\u00e1bbi \u00a0weboldalon kereszt\u00fcl v\u00e1laszolhat\u00f3k meg:<\/p>\n<p><a href=\"https:\/\/postgrad-cme.semmelweis.hu\/\"><strong>https:\/\/postgrad-cme.semmelweis.hu\/<\/strong><\/a><\/p>\n<p>A bel\u00e9p\u00e9shez sz\u00fcks\u00e9ges felhaszn\u00e1l\u00f3i nevet \u00e9s jelsz\u00f3t e-mailben, vagy a tanfolyam regisztr\u00e1ci\u00f3s pultj\u00e1n\u00e1l kapj\u00e1k meg.<\/p>\n<p><img loading=\"lazy\" decoding=\"async\" class=\"alignnone wp-image-23063 size-full\" src=\"https:\/\/semmelweis.hu\/szak-es-tovabbkepzes\/files\/2026\/03\/kotelezo01.png\" alt=\"\" width=\"468\" height=\"392\" srcset=\"https:\/\/semmelweis.hu\/szak-es-tovabbkepzes\/files\/2026\/03\/kotelezo01.png 468w, https:\/\/semmelweis.hu\/szak-es-tovabbkepzes\/files\/2026\/03\/kotelezo01-300x251.png 300w\" sizes=\"auto, (max-width: 468px) 100vw, 468px\" \/>\u00a0\u00a0\u00a0\u00a0\u00a0\u00a0\u00a0\u00a0\u00a0\u00a0\u00a0\u00a0\u00a0\u00a0\u00a0\u00a0\u00a0\u00a0\u00a0\u00a0\u00a0\u00a0\u00a0\u00a0\u00a0\u00a0\u00a0\u00a0\u00a0\u00a0\u00a0\u00a0\u00a0\u00a0\u00a0\u00a0\u00a0\u00a0\u00a0\u00a0\u00a0\u00a0\u00a0\u00a0\u00a0\u00a0\u00a0\u00a0\u00a0\u00a0\u00a0\u00a0\u00a0\u00a0\u00a0\u00a0\u00a0\u00a0\u00a0\u00a0\u00a0\u00a0\u00a0\u00a0\u00a0\u00a0\u00a0\u00a0\u00a0\u00a0\u00a0\u00a0\u00a0\u00a0 \u00a0\u00a0\u00a0\u00a0\u00a0\u00a0\u00a0\u00a0\u00a0\u00a0\u00a0\u00a0\u00a0\u00a0\u00a0\u00a0\u00a0\u00a0\u00a0\u00a0\u00a0\u00a0\u00a0\u00a0\u00a0\u00a0\u00a0\u00a0\u00a0\u00a0\u00a0\u00a0\u00a0<\/p>\n<p>A bel\u00e9p\u00e9s ut\u00e1n a kurzusoldalon t\u00e1j\u00e9koztat\u00f3kat olvashatnak a tanfolyamr\u00f3l, valamint a z\u00e1r\u00f3vizsga aktu\u00e1lis kond\u00edci\u00f3ir\u00f3l.<\/p>\n<p>A vizsg\u00e1z\u00e1s menet\u00e9t az al\u00e1bbi virtu\u00e1lis kurzus k\u00e9perny\u0151fot\u00f3in kereszt\u00fcl mutatjuk meg:<\/p>\n<p>A Z\u00e1r\u00f3teszt kit\u00f6lt\u00e9se linkre kattintva megjelenik az az oldal, ahonnan a tesztkit\u00f6lt\u00e9s ind\u00edthat\u00f3.<\/p>\n<p><img loading=\"lazy\" decoding=\"async\" class=\"alignnone wp-image-23064 \" src=\"https:\/\/semmelweis.hu\/szak-es-tovabbkepzes\/files\/2026\/03\/kotelezo02.png\" alt=\"\" width=\"733\" height=\"322\" srcset=\"https:\/\/semmelweis.hu\/szak-es-tovabbkepzes\/files\/2026\/03\/kotelezo02.png 956w, https:\/\/semmelweis.hu\/szak-es-tovabbkepzes\/files\/2026\/03\/kotelezo02-300x132.png 300w, https:\/\/semmelweis.hu\/szak-es-tovabbkepzes\/files\/2026\/03\/kotelezo02-768x337.png 768w, https:\/\/semmelweis.hu\/szak-es-tovabbkepzes\/files\/2026\/03\/kotelezo02-753x331.png 753w\" sizes=\"auto, (max-width: 733px) 100vw, 733px\" \/><\/p>\n<p>A teszt kit\u00f6lt\u00e9se nem automatikusan indul el. A v\u00e9letlen ind\u00edt\u00e1st a rendszer biztons\u00e1gi be\u00e1ll\u00edt\u00e1sai megg\u00e1tolj\u00e1k. A teszt kit\u00f6lt\u00e9s\u00e9t t\u00e9nylegesen a \u201e<em>Teszt megold\u00e1sa most<\/em>\u201d sz\u00f6vegre kattintva lehet elkezdeni egy tov\u00e1bbi biztons\u00e1gi felugr\u00f3 panelen megjelen\u0151 \u201e<em>Pr\u00f3b\u00e1lkoz\u00e1s ind\u00edt\u00e1sa<\/em>\u201d gombra kattintva.<\/p>\n<p><img loading=\"lazy\" decoding=\"async\" class=\"alignnone wp-image-23065 \" src=\"https:\/\/semmelweis.hu\/szak-es-tovabbkepzes\/files\/2026\/03\/kotelezo03-1024x633.png\" alt=\"\" width=\"735\" height=\"454\" srcset=\"https:\/\/semmelweis.hu\/szak-es-tovabbkepzes\/files\/2026\/03\/kotelezo03-1024x633.png 1024w, https:\/\/semmelweis.hu\/szak-es-tovabbkepzes\/files\/2026\/03\/kotelezo03-300x186.png 300w, https:\/\/semmelweis.hu\/szak-es-tovabbkepzes\/files\/2026\/03\/kotelezo03-768x475.png 768w, https:\/\/semmelweis.hu\/szak-es-tovabbkepzes\/files\/2026\/03\/kotelezo03-753x466.png 753w, https:\/\/semmelweis.hu\/szak-es-tovabbkepzes\/files\/2026\/03\/kotelezo03.png 1033w\" sizes=\"auto, (max-width: 735px) 100vw, 735px\" \/><img loading=\"lazy\" decoding=\"async\" class=\"alignnone wp-image-23066 size-large\" src=\"https:\/\/semmelweis.hu\/szak-es-tovabbkepzes\/files\/2026\/03\/kotelezo04-1024x654.png\" alt=\"\" width=\"753\" height=\"481\" srcset=\"https:\/\/semmelweis.hu\/szak-es-tovabbkepzes\/files\/2026\/03\/kotelezo04-1024x654.png 1024w, https:\/\/semmelweis.hu\/szak-es-tovabbkepzes\/files\/2026\/03\/kotelezo04-300x191.png 300w, https:\/\/semmelweis.hu\/szak-es-tovabbkepzes\/files\/2026\/03\/kotelezo04-768x490.png 768w, https:\/\/semmelweis.hu\/szak-es-tovabbkepzes\/files\/2026\/03\/kotelezo04-753x481.png 753w, https:\/\/semmelweis.hu\/szak-es-tovabbkepzes\/files\/2026\/03\/kotelezo04.png 1034w\" sizes=\"auto, (max-width: 753px) 100vw, 753px\" \/><\/p>\n<p>A tesztlap \u00e1ltal\u00e1ban <strong>30-35 db<\/strong> egyszer\u0171 v\u00e1laszt\u00e1sos <strong>k\u00e9rd\u00e9s<\/strong>t tartalmaz, kit\u00f6lt\u00e9s\u00e9re k\u00e9rd\u00e9senk\u00e9nt rendszerint<strong> 1.5 &#8211; 2 perc <\/strong>\u00e1ll rendelkez\u00e9s\u00fckre. A k\u00e9rd\u00e9sek megv\u00e1laszol\u00e1sa a v\u00e1laszlehet\u0151s\u00e9gek el\u0151tti \u00fcres k\u00f6r\u00f6k bekattint\u00e1s\u00e1val t\u00f6rt\u00e9nik.<\/p>\n<p>A tesztkit\u00f6lt\u00e9sre rendelkez\u00e9sre \u00e1ll\u00f3 id\u0151 alatt a k\u00e9rd\u00e9sek k\u00f6z\u00f6tt szabadon lehet scrollozni \u00e9s a m\u00e1r bekattintott v\u00e1laszokat cser\u00e9lni lehet. Az elkezdett tesztkit\u00f6lt\u00e9st az \u00e1ltal\u00e1nos szab\u00e1lyok szerint megszak\u00edtani nem lehet. A v\u00e1laszok oldalank\u00e9nt automatikusan ment\u00e9sre ker\u00fclnek, \u00edgy amennyiben a kit\u00f6lt\u00e9si id\u0151n bel\u00fcl v\u00e9letlen\u00fcl, vagy technikai okb\u00f3l kil\u00e9pnek a tesztoldalr\u00f3l (pl. internet-szakad\u00e1s miatt), a tesztlapra vissza lehet t\u00e9rni \u00e9s tov\u00e1bb lehet t\u00f6lteni a tesztet a lej\u00e1rat idej\u00e9ig. A kit\u00f6lt\u00e9si id\u0151 lej\u00e1rtakor az addig megadott v\u00e1laszok automatikusan ment\u00e9sre ker\u00fclnek.<\/p>\n<p>Amennyiben a kit\u00f6lt\u00e9si id\u0151 lej\u00e1rta el\u0151tt v\u00e9geznek a tesztkit\u00f6lt\u00e9ssel, a \u201e<em>Pr\u00f3b\u00e1lkoz\u00e1s v\u00e9ge<\/em>\u201d sz\u00f6vegre kattintva tudj\u00e1k leadni a tesztet.<\/p>\n<p><img loading=\"lazy\" decoding=\"async\" class=\"alignnone wp-image-23067 \" src=\"https:\/\/semmelweis.hu\/szak-es-tovabbkepzes\/files\/2026\/03\/kotelezo05.png\" alt=\"\" width=\"733\" height=\"514\" srcset=\"https:\/\/semmelweis.hu\/szak-es-tovabbkepzes\/files\/2026\/03\/kotelezo05.png 1023w, https:\/\/semmelweis.hu\/szak-es-tovabbkepzes\/files\/2026\/03\/kotelezo05-300x211.png 300w, https:\/\/semmelweis.hu\/szak-es-tovabbkepzes\/files\/2026\/03\/kotelezo05-768x539.png 768w, https:\/\/semmelweis.hu\/szak-es-tovabbkepzes\/files\/2026\/03\/kotelezo05-753x528.png 753w\" sizes=\"auto, (max-width: 733px) 100vw, 733px\" \/><\/p>\n<p>Miel\u0151tt leadn\u00e1 a tesztet a rendszer elemzi a v\u00e1laszait \u00e9s figyelmezteti, ha megv\u00e1laszolatlan k\u00e9rd\u00e9sei maradtak. Amennyiben a \u201eV<em>issza a pr\u00f3b\u00e1lkoz\u00e1shoz<\/em>\u201d gombra kattint, m\u00f3dj\u00e1ban \u00e1ll visszat\u00e9rni a hi\u00e1nyz\u00f3 k\u00e9rd\u00e9sek megv\u00e1laszol\u00e1s\u00e1hoz, ill. adott esetben a v\u00e1laszt is m\u00f3dos\u00edthatja.<\/p>\n<p>Ha \u201eA<em>z \u00f6sszes lead\u00e1sa \u00e9s befejez\u00e9se<\/em>\u201d gombot v\u00e1lasztja, a rendszer m\u00e9g egyszer r\u00e1k\u00e9rdez, hogy val\u00f3ban le akarja-e adni a tesztet?<\/p>\n<p>Ha igen, akkor a k\u00f6vetkez\u0151 ablakban megjelenik, hogy siker\u00fclt-e teljes\u00edtenie a tesztet. Ha nem j\u00e1rt sikerrel, akkor a rendszer tov\u00e1bbi pr\u00f3b\u00e1lkoz\u00e1si lehet\u0151s\u00e9get enged a teszt z\u00e1r\u00f3 napj\u00e1ig.<\/p>\n<p><strong> <img loading=\"lazy\" decoding=\"async\" class=\"alignnone wp-image-23068 \" src=\"https:\/\/semmelweis.hu\/szak-es-tovabbkepzes\/files\/2026\/03\/kotelezo06.png\" alt=\"\" width=\"712\" height=\"454\" srcset=\"https:\/\/semmelweis.hu\/szak-es-tovabbkepzes\/files\/2026\/03\/kotelezo06.png 1016w, https:\/\/semmelweis.hu\/szak-es-tovabbkepzes\/files\/2026\/03\/kotelezo06-300x191.png 300w, https:\/\/semmelweis.hu\/szak-es-tovabbkepzes\/files\/2026\/03\/kotelezo06-768x490.png 768w, https:\/\/semmelweis.hu\/szak-es-tovabbkepzes\/files\/2026\/03\/kotelezo06-753x480.png 753w\" sizes=\"auto, (max-width: 712px) 100vw, 712px\" \/><\/strong><\/p>\n<p><strong><img loading=\"lazy\" decoding=\"async\" class=\"alignnone wp-image-23069 \" src=\"https:\/\/semmelweis.hu\/szak-es-tovabbkepzes\/files\/2026\/03\/kotelezo07.png\" alt=\"\" width=\"723\" height=\"386\" srcset=\"https:\/\/semmelweis.hu\/szak-es-tovabbkepzes\/files\/2026\/03\/kotelezo07.png 1036w, https:\/\/semmelweis.hu\/szak-es-tovabbkepzes\/files\/2026\/03\/kotelezo07-300x160.png 300w, https:\/\/semmelweis.hu\/szak-es-tovabbkepzes\/files\/2026\/03\/kotelezo07-1024x547.png 1024w, https:\/\/semmelweis.hu\/szak-es-tovabbkepzes\/files\/2026\/03\/kotelezo07-768x410.png 768w, https:\/\/semmelweis.hu\/szak-es-tovabbkepzes\/files\/2026\/03\/kotelezo07-753x402.png 753w\" sizes=\"auto, (max-width: 723px) 100vw, 723px\" \/><\/strong><\/p>\n<p>A teszt kit\u00f6lt\u00e9s\u00e9t <strong>korl\u00e1tlan alkalommal<\/strong> lehet megk\u00eds\u00e9relni, a pr\u00f3b\u00e1lkoz\u00e1sok k\u00f6z\u00f6tt rendszerint 30 perc kiv\u00e1r\u00e1si id\u0151 ker\u00fcl be\u00e1ll\u00edt\u00e1sra. Az egyes pr\u00f3b\u00e1lkoz\u00e1sok ind\u00edt\u00e1sakor sz\u00e1m\u00edt\u00e1sba kell venni, hogy a tesztlap k\u00e9rd\u00e9sei pr\u00f3b\u00e1lkoz\u00e1sr\u00f3l pr\u00f3b\u00e1lkoz\u00e1sra automatikusan v\u00e1ltoznak. A teszt v\u00e9geredm\u00e9ny\u00e9t a legjobb eredm\u00e9ny\u0171 pr\u00f3b\u00e1lkoz\u00e1s sz\u00e1zal\u00e9kos \u00e9rt\u00e9ke adja.<\/p>\n<p><img loading=\"lazy\" decoding=\"async\" class=\"alignnone wp-image-23070 size-large\" src=\"https:\/\/semmelweis.hu\/szak-es-tovabbkepzes\/files\/2026\/03\/kotelezo08-1024x514.png\" alt=\"\" width=\"753\" height=\"378\" srcset=\"https:\/\/semmelweis.hu\/szak-es-tovabbkepzes\/files\/2026\/03\/kotelezo08-1024x514.png 1024w, https:\/\/semmelweis.hu\/szak-es-tovabbkepzes\/files\/2026\/03\/kotelezo08-300x151.png 300w, https:\/\/semmelweis.hu\/szak-es-tovabbkepzes\/files\/2026\/03\/kotelezo08-768x386.png 768w, https:\/\/semmelweis.hu\/szak-es-tovabbkepzes\/files\/2026\/03\/kotelezo08-753x378.png 753w, https:\/\/semmelweis.hu\/szak-es-tovabbkepzes\/files\/2026\/03\/kotelezo08.png 1027w\" sizes=\"auto, (max-width: 753px) 100vw, 753px\" \/><\/p>\n<p>Amennyiben nem egy, hanem t\u00f6bb teszt tartozik a tanfolyamhoz, a t\u00f6bbsz\u00f6r\u00f6s pr\u00f3b\u00e1lkoz\u00e1si lehet\u0151s\u00e9g minden egyes tesztre egyar\u00e1nt, k\u00fcl\u00f6n-k\u00fcl\u00f6n is vonatkozik. Ebben az esetben a<strong> v\u00e9geredm\u00e9nyt a k\u00fcl\u00f6n-k\u00fcl\u00f6n kit\u00f6lt\u00f6tt tesztek legjobb eredm\u00e9nyeinek \u00e1tlaga adja, melynek el kell \u00e9rnie az elv\u00e1rt sz\u00e1zal\u00e9kot. <\/strong>Ez a v\u00e9geredm\u00e9ny el\u00e9rhet\u0151 \u00fagy, hogy minden teszt legjobb eredm\u00e9nye k\u00fcl\u00f6n-k\u00fcl\u00f6n is el\u00e9ri a k\u00edv\u00e1nt %-ot, \u00e9s \u00fagy is, hogy csak azok \u00e1tlag adja ki azt.<\/p>\n<p><strong>Eredm\u00e9nyes<\/strong> a kit\u00f6lt\u00e9s, ha a helyes v\u00e1laszok ar\u00e1nya el\u00e9ri a <strong>66,7 %<\/strong>-ot. Az el\u00e9rt %-os eredm\u00e9nyt a teszt lead\u00e1sa ut\u00e1n a rendszer azonnal megadja.<\/p>\n<p>Az el\u00e9rt eredm\u00e9ny\u00e9t ism\u00e9telten megtekintheti az \u201e<strong><em>Oszt\u00e1lyzatok<\/em><\/strong>\u201d men\u00fcpontra kattintva.<\/p>\n<p><img loading=\"lazy\" decoding=\"async\" class=\"alignnone wp-image-23071 size-large\" src=\"https:\/\/semmelweis.hu\/szak-es-tovabbkepzes\/files\/2026\/03\/kotelezo09-1024x601.png\" alt=\"\" width=\"753\" height=\"442\" srcset=\"https:\/\/semmelweis.hu\/szak-es-tovabbkepzes\/files\/2026\/03\/kotelezo09-1024x601.png 1024w, https:\/\/semmelweis.hu\/szak-es-tovabbkepzes\/files\/2026\/03\/kotelezo09-300x176.png 300w, https:\/\/semmelweis.hu\/szak-es-tovabbkepzes\/files\/2026\/03\/kotelezo09-768x451.png 768w, https:\/\/semmelweis.hu\/szak-es-tovabbkepzes\/files\/2026\/03\/kotelezo09-753x442.png 753w, https:\/\/semmelweis.hu\/szak-es-tovabbkepzes\/files\/2026\/03\/kotelezo09.png 1027w\" sizes=\"auto, (max-width: 753px) 100vw, 753px\" \/><\/p>\n<p><strong>Figyelem!<\/strong> A teszt kit\u00f6lt\u00e9s\u00e9t csak akkor kezdje el, ha van ideje befejezni! Ha elkezdte a teszt megold\u00e1s\u00e1t, nincs arra lehet\u0151s\u00e9ge, hogy megszak\u00edtsa a v\u00e1laszad\u00e1st. A rendszer az id\u0151 lej\u00e1rt\u00e1val automatikusan bez\u00e1rja a tesztet \u00e9s a megold\u00e1sokat ki\u00e9rt\u00e9keli.<\/p>\n<p>A teszt kit\u00f6lt\u00e9s\u00e9re a tanfolyam z\u00e1r\u00e1s\u00e1t k\u00f6vet\u0151en m\u00e9g legal\u00e1bb egy h\u00e9tig van lehet\u0151s\u00e9ge. Ezut\u00e1n, ha az \u201e<em>\u00c9rt\u00e9kel\u00e9s<\/em>\u201d sz\u00f6veg olvashat\u00f3 az egyes pr\u00f3b\u00e1lkoz\u00e1sokra vonatkoz\u00f3 sorok v\u00e9g\u00e9n, erre kattintva megn\u00e9zhet\u0151k a helyes v\u00e1laszok.<\/p>\n<p><img loading=\"lazy\" decoding=\"async\" class=\"alignnone wp-image-23072 size-large\" src=\"https:\/\/semmelweis.hu\/szak-es-tovabbkepzes\/files\/2026\/03\/kotelezo10-1024x309.png\" alt=\"\" width=\"753\" height=\"227\" srcset=\"https:\/\/semmelweis.hu\/szak-es-tovabbkepzes\/files\/2026\/03\/kotelezo10-1024x309.png 1024w, https:\/\/semmelweis.hu\/szak-es-tovabbkepzes\/files\/2026\/03\/kotelezo10-300x90.png 300w, https:\/\/semmelweis.hu\/szak-es-tovabbkepzes\/files\/2026\/03\/kotelezo10-768x231.png 768w, https:\/\/semmelweis.hu\/szak-es-tovabbkepzes\/files\/2026\/03\/kotelezo10-753x227.png 753w, https:\/\/semmelweis.hu\/szak-es-tovabbkepzes\/files\/2026\/03\/kotelezo10.png 1032w\" sizes=\"auto, (max-width: 753px) 100vw, 753px\" \/><img loading=\"lazy\" decoding=\"async\" class=\"alignnone wp-image-23073 \" src=\"https:\/\/semmelweis.hu\/szak-es-tovabbkepzes\/files\/2026\/03\/kotelezo11.png\" alt=\"\" width=\"737\" height=\"464\" srcset=\"https:\/\/semmelweis.hu\/szak-es-tovabbkepzes\/files\/2026\/03\/kotelezo11.png 1005w, https:\/\/semmelweis.hu\/szak-es-tovabbkepzes\/files\/2026\/03\/kotelezo11-300x189.png 300w, https:\/\/semmelweis.hu\/szak-es-tovabbkepzes\/files\/2026\/03\/kotelezo11-768x483.png 768w, https:\/\/semmelweis.hu\/szak-es-tovabbkepzes\/files\/2026\/03\/kotelezo11-753x474.png 753w\" sizes=\"auto, (max-width: 737px) 100vw, 737px\" \/><\/p>\n<p>A teszt\u00edr\u00e1s sor\u00e1n felmer\u00fcl\u0151 technikai\/informatikai probl\u00e9m\u00e1kat <strong>munkaid\u0151ben<\/strong> a <strong>06-20-670-1747-es <\/strong>telefonsz\u00e1mon, <strong>munkaid\u0151n t\u00fal <\/strong>pedig a<strong> segitseg@e-learning.semmelweis.hu<\/strong> c\u00edmre \u00edrt \u00fczenettel <strong>jelezheti, egy\u00e9b k\u00e9rd\u00e9sekben a +36-1-459-1500\/62371 <\/strong>telefonsz\u00e1mon el\u00e9rhet\u0151 adminisztrat\u00edv munkat\u00e1rs tud felvil\u00e1gos\u00edt\u00e1ssal szolg\u00e1lni.<\/p>\n<p>&nbsp;<\/p>\n<p><em>Sikeres vizsg\u00e1z\u00e1st k\u00edv\u00e1nunk!<\/em><\/p>\n<p><em><strong>SE Szak- \u00e9s Tov\u00e1bbk\u00e9pz\u00e9si K\u00f6zpont<\/strong><\/em><\/p>\n<p><em>2026<\/em><\/p>\n","protected":false},"excerpt":{"rendered":"<p>K\u00f6telez\u0151 szintentart\u00f3k vizsg\u00e1ir\u00f3l Elektronikus vizsg\u00e1z\u00e1s a SE posztgradu\u00e1lis e-learning rendszer\u00e9ben (T\u00e1j\u00e9koztat\u00f3) \u00a0A Semmelweis Egyetem \u00e1ltal szervezett k\u00f6telez\u0151 szinten tart\u00f3 tanfolyamok online vizsg\u00e1val z\u00e1rulnak. A tesztk\u00e9rd\u00e9sek az al\u00e1bbi \u00a0weboldalon kereszt\u00fcl v\u00e1laszolhat\u00f3k meg: <a href=\"https:\/\/postgrad-cme.semmelweis.hu\/\">https:\/\/postgrad-cme.semmelweis.hu\/<\/a> A bel\u00e9p\u00e9shez sz\u00fcks\u00e9ges felhaszn\u00e1l\u00f3i nevet \u00e9s jelsz\u00f3t e-mailben, vagy a tanfolyam regisztr\u00e1ci\u00f3s pultj\u00e1n\u00e1l kapj\u00e1k meg. \u00a0\u00a0\u00a0\u00a0\u00a0\u00a0\u00a0\u00a0\u00a0\u00a0\u00a0\u00a0\u00a0\u00a0\u00a0\u00a0\u00a0\u00a0\u00a0\u00a0\u00a0\u00a0\u00a0\u00a0\u00a0\u00a0\u00a0\u00a0\u00a0\u00a0\u00a0\u00a0\u00a0\u00a0\u00a0\u00a0\u00a0\u00a0\u00a0\u00a0\u00a0\u00a0\u00a0\u00a0\u00a0\u00a0\u00a0\u00a0\u00a0\u00a0\u00a0\u00a0\u00a0\u00a0\u00a0\u00a0\u00a0\u00a0\u00a0\u00a0\u00a0\u00a0\u00a0\u00a0\u00a0\u00a0\u00a0\u00a0\u00a0\u00a0\u00a0\u00a0\u00a0\u00a0 \u00a0\u00a0\u00a0\u00a0\u00a0\u00a0\u00a0\u00a0\u00a0\u00a0\u00a0\u00a0\u00a0\u00a0\u00a0\u00a0\u00a0\u00a0\u00a0\u00a0\u00a0\u00a0\u00a0\u00a0\u00a0\u00a0\u00a0\u00a0\u00a0\u00a0\u00a0\u00a0\u00a0 A bel\u00e9p\u00e9s ut\u00e1n a kurzusoldalon t\u00e1j\u00e9koztat\u00f3kat olvashatnak &hellip;<\/p>\n","protected":false},"author":101506,"featured_media":0,"parent":1833,"menu_order":3,"comment_status":"closed","ping_status":"closed","template":"","meta":{"_acf_changed":false,"footnotes":""},"categories":[],"tags":[],"class_list":["post-1849","page","type-page","status-publish","hentry"],"acf":[],"_links":{"self":[{"href":"https:\/\/semmelweis.hu\/szak-es-tovabbkepzes\/wp-json\/wp\/v2\/pages\/1849","targetHints":{"allow":["GET"]}}],"collection":[{"href":"https:\/\/semmelweis.hu\/szak-es-tovabbkepzes\/wp-json\/wp\/v2\/pages"}],"about":[{"href":"https:\/\/semmelweis.hu\/szak-es-tovabbkepzes\/wp-json\/wp\/v2\/types\/page"}],"author":[{"embeddable":true,"href":"https:\/\/semmelweis.hu\/szak-es-tovabbkepzes\/wp-json\/wp\/v2\/users\/101506"}],"replies":[{"embeddable":true,"href":"https:\/\/semmelweis.hu\/szak-es-tovabbkepzes\/wp-json\/wp\/v2\/comments?post=1849"}],"version-history":[{"count":11,"href":"https:\/\/semmelweis.hu\/szak-es-tovabbkepzes\/wp-json\/wp\/v2\/pages\/1849\/revisions"}],"predecessor-version":[{"id":23075,"href":"https:\/\/semmelweis.hu\/szak-es-tovabbkepzes\/wp-json\/wp\/v2\/pages\/1849\/revisions\/23075"}],"up":[{"embeddable":true,"href":"https:\/\/semmelweis.hu\/szak-es-tovabbkepzes\/wp-json\/wp\/v2\/pages\/1833"}],"wp:attachment":[{"href":"https:\/\/semmelweis.hu\/szak-es-tovabbkepzes\/wp-json\/wp\/v2\/media?parent=1849"}],"wp:term":[{"taxonomy":"category","embeddable":true,"href":"https:\/\/semmelweis.hu\/szak-es-tovabbkepzes\/wp-json\/wp\/v2\/categories?post=1849"},{"taxonomy":"post_tag","embeddable":true,"href":"https:\/\/semmelweis.hu\/szak-es-tovabbkepzes\/wp-json\/wp\/v2\/tags?post=1849"}],"curies":[{"name":"wp","href":"https:\/\/api.w.org\/{rel}","templated":true}]}}