{"id":1845,"date":"2019-01-25T10:11:10","date_gmt":"2019-01-25T09:11:10","guid":{"rendered":"http:\/\/semmelweis.hu\/szak-es-tovabbkepzes\/?page_id=1845"},"modified":"2024-05-17T11:25:18","modified_gmt":"2024-05-17T09:25:18","slug":"kepzesek","status":"publish","type":"page","link":"https:\/\/semmelweis.hu\/szak-es-tovabbkepzes\/tovabbkepzes\/kepzesek\/","title":{"rendered":"K\u00e9pz\u00e9sek"},"content":{"rendered":"<div class=\"fontos_div\">\n<p style=\"text-align: left;\">Felh\u00edvjuk sz\u00edves figyelm\u00fcket, hogy a folyamatos tov\u00e1bbk\u00e9pz\u00e9sr\u0151l sz\u00f3l\u00f3 64\/2011. (XI.29.) NEFMI rendelet m\u00f3dos\u00edt\u00e1sra ker\u00fclt! A m\u00f3dos\u00edt\u00e1s a <a href=\"http:\/\/www.oftex.hu\" target=\"_blank\" rel=\"noopener noreferrer\">www.oftex.hu<\/a> port\u00e1lon a \u201eJogszab\u00e1lyi h\u00e1tt\u00e9r\u201d men\u00fcpontban megtal\u00e1lhat\u00f3.<\/p>\n<\/div>\n<p>A Tov\u00e1bbk\u00e9pz\u00e9si K\u00f6zpont feladataib\u00f3l ad\u00f3d\u00f3an k\u00f6zvetlen munkakapcsolatot tart fenn az E\u00fcM Eg\u00e9szs\u00e9g\u00fcgyi Enged\u00e9lyez\u00e9si \u00e9s K\u00f6zigazgat\u00e1si Hivatal Elismer\u00e9si \u00e9s Nyilv\u00e1ntart\u00e1si Oszt\u00e1ly\u00e1val, a MOK \u00fajonnan szervezett Akkredit\u00e1ci\u00f3s Bizotts\u00e1g\u00e1val, az ESZTT-vel, a Szakmai Koll\u00e9gium Tagozataival, tov\u00e1bb\u00e1 a t\u00e1rsegyetemekkel k\u00f6z\u00f6sen m\u0171k\u00f6dteti a <a href=\"http:\/\/www.oftex.hu\/project_o\/system\/launch.php?pg=.\/FRAME_main.php&amp;ugrp=2\" target=\"_blank\" rel=\"noopener noreferrer\">http:\/\/www.oftex.hu<\/a>\u00a0\u00e9s a<a href=\"http:\/\/www.gyoftex.hu\/project_o\/system\/launch.php?pg=.\/FRAME_main.php&amp;ugrp=3\" target=\"_blank\" rel=\"noopener noreferrer\">http:\/\/www.gyoftex.hu<\/a>\u00a0internet c\u00edmeken el\u00e9rhet\u0151 orsz\u00e1gos tov\u00e1bbk\u00e9pz\u00e9si port\u00e1lokat.<\/p>\n<p style=\"text-align: center;\"><a class=\"button-big\" href=\"http:\/\/www.oftex.hu\/project_o\/system\/launch.php?pg=.\/FRAME_main.php&amp;ugrp=2\" target=\"_blank\" rel=\"noopener noreferrer\">OFTEX <\/a>\u00a0 \u00a0 \u00a0 \u00a0 \u00a0 <a class=\"button-big\" href=\"http:\/\/www.gyoftex.hu\/project_o\/system\/launch.php?pg=.\/FRAME_main.php&amp;ugrp=3\" target=\"_blank\" rel=\"noopener noreferrer\">GYOFTEX<\/a><\/p>\n<hr \/>\n<h1 style=\"text-align: center;\">Eg\u00e9szs\u00e9g\u00fcgyi szakdolgoz\u00f3k k\u00f6telez\u0151 szakmacsoportos tov\u00e1bbk\u00e9pz\u00e9se<\/h1>\n<h4 style=\"text-align: center;\"><strong>\u00c1LTAL\u00c1NOS T\u00c1J\u00c9KOZTAT\u00d3<br \/>\n<\/strong><\/h4>\n<p>A Semmelweis Egyetem \u00e9s az \u00c1llami Eg\u00e9szs\u00e9g\u00fcgyi Ell\u00e1t\u00f3 K\u00f6zpont Emberi Er\u0151forr\u00e1s Fejleszt\u00e9si F\u0151igazgat\u00f3s\u00e1g (\u00c1EEK) egy\u00fcttm\u0171k\u00f6d\u00e9si meg\u00e1llapod\u00e1sa \u00e9rtelm\u00e9ben a Semmelweis Egyetem Eg\u00e9szs\u00e9gtudom\u00e1nyi Kar k\u00f6telez\u0151 szakmacsoportos tov\u00e1bbk\u00e9pz\u00e9seket szervez a tov\u00e1bbk\u00e9pz\u00e9si pontok megszerz\u00e9s\u00e9nek el\u0151seg\u00edt\u00e9se \u00e9rdek\u00e9ben a 63\/2011. (XI. 29.) NEFMI rendelet 1. sz\u00e1m\u00fa mell\u00e9klete szerinti szakk\u00e9pes\u00edt\u00e9ssel rendelkez\u0151 eg\u00e9szs\u00e9g\u00fcgyi szakdolgoz\u00f3knak.<\/p>\n<p>A k\u00f6telez\u0151 szakmacsoportos tov\u00e1bbk\u00e9pz\u00e9seink r\u00e9szv\u00e9teli k\u00f6lts\u00e9g\u00e9t \u00e1llami t\u00e1mogat\u00e1sk\u00e9nt az \u00c1EEK biztos\u00edtja, teh\u00e1t a r\u00e9sztvev\u0151k sz\u00e1m\u00e1ra ingyenes, amennyiben az adott szakmacsoportba tartoz\u00f3 v\u00e9gzetts\u00e9ggel rendelkeznek \u00e9s az adott k\u00e9pz\u00e9si id\u0151szakban m\u00e9g nem vettek r\u00e9szt t\u00e1mogatott tov\u00e1bbk\u00e9pz\u00e9sen.<\/p>\n<h5>Szakmacsoportok, melyek sz\u00e1m\u00e1ra k\u00f6telez\u0151 tov\u00e1bbk\u00e9pz\u00e9st szervez\u00fcnk:<\/h5>\n<ul>\n<li>\u00c1ltal\u00e1nos \u00e9s elektrofiziol\u00f3giai asszisztencia szakmacsoport<\/li>\n<li>Dietetikai szakmacsoport<\/li>\n<li>Eg\u00e9szs\u00e9g\u00fcgyi menedzsment szakmacsoport<\/li>\n<li>Feln\u0151tt \u00e1pol\u00e1s \u00e9s gondoz\u00e1s szakmacsoport<\/li>\n<li>Gy\u00f3gyszert\u00e1ri ell\u00e1t\u00e1s szakmacsoport<\/li>\n<li>K\u00e9pi diagnosztika szakmacsoport<\/li>\n<li>K\u00f6zeg\u00e9szs\u00e9g\u00fcgyi \u00e9s n\u00e9peg\u00e9szs\u00e9g\u00fcgyi szakmacsoport<\/li>\n<li>Mozg\u00e1ster\u00e1pia \u00e9s fizioter\u00e1pia szakmacsoport<\/li>\n<li>S\u00fcrg\u0151ss\u00e9gi ell\u00e1t\u00e1s szakmacsoport<\/li>\n<li>Sz\u00fcl\u00e9szeti ell\u00e1t\u00e1s szakmacsoport<\/li>\n<li>Term\u00e9szetgy\u00f3gy\u00e1szati szakmacsoport<\/li>\n<li>V\u00e9d\u0151n\u0151i ell\u00e1t\u00e1s szakmacsoport<\/li>\n<\/ul>\n<div class=\"keretes w-100\">\n<h5>Jelentkez\u00e9s:<\/h5>\n<p>Az eg\u00e9szs\u00e9g\u00fcgyi szakdolgoz\u00f3k k\u00f6telez\u0151en teljes\u00edtend\u0151 pontjait nyilv\u00e1ntart\u00f3 informatikai rendszeren kereszt\u00fcl t\u00f6rt\u00e9nik a <a href=\"https:\/\/szaftex.aeek.hu\/\" target=\"_blank\" rel=\"noopener\">SZAFTEX II.<\/a> (szaftex.aeek.hu) oldalon.<\/p>\n<\/div>\n<h5>Pontsz\u00e1m:<\/h5>\n<ul>\n<li>k\u00f6telez\u0151 tov\u00e1bbk\u00e9pz\u00e9sk\u00e9nt 30 pont<\/li>\n<li>szabadon v\u00e1laszthat\u00f3 tov\u00e1bbk\u00e9pz\u00e9sk\u00e9nt: 20 pont<\/li>\n<\/ul>\n<h5>R\u00e9szv\u00e9teli d\u00edj:<\/h5>\n<ul>\n<li>Az aktu\u00e1lis k\u00e9pz\u00e9si id\u0151szakban (5 \u00e9v alatt) az els\u0151 k\u00f6telez\u0151 tov\u00e1bbk\u00e9pz\u00e9s r\u00e9szv\u00e9teli d\u00edja: t\u00e9r\u00edt\u00e9smentes, \u00e1llamilag finansz\u00edrozott<\/li>\n<li>M\u00e1sodik \u00e9s tov\u00e1bbi k\u00f6telez\u0151 szakmacsoportos k\u00e9pz\u00e9s eset\u00e9n, valamint szabadon v\u00e1laszthat\u00f3, azaz m\u00e1s szakmacsoportba tartoz\u00f3 k\u00e9pes\u00edt\u00e9s eset\u00e9n a r\u00e9szv\u00e9teli d\u00edj: 10.000 Ft\/k\u00e9pz\u00e9s, melyet szem\u00e9lyesen a tov\u00e1bbk\u00e9pz\u00e9s els\u0151 napj\u00e1n k\u00e9szp\u00e9nzben kell a helysz\u00ednen befizetni.<\/li>\n<\/ul>\n<p>Felh\u00edvjuk figyelmet, hogy a k\u00e9pz\u00e9seinkre t\u00f6rt\u00e9n\u0151 regisztr\u00e1ci\u00f3 a jelentkez\u00e9sek be\u00e9rkez\u00e9si sorrendj\u00e9ben t\u00f6rt\u00e9nik. A meghirdetett l\u00e9tsz\u00e1m betelte ut\u00e1n jelentkez\u00e9st m\u00e1r nem \u00e1ll m\u00f3dunkban elfogadni.<\/p>\n<h5>Inform\u00e1ci\u00f3k:<\/h5>\n<p>Semmelweis Egyetem Eg\u00e9szs\u00e9gtudom\u00e1nyi Kar<br \/>\nD\u00e9k\u00e1ni Hivatal, Szakk\u00e9pz\u00e9si \u00e9s Tov\u00e1bbk\u00e9pz\u00e9si Csoport<br \/>\nTelefon: +36-1-486-5902<br \/>\nE-mail: szakkepzes@se-etk.hu<br \/>\nHonlap:\u00a0<a href=\"https:\/\/semmelweis.hu\/etk\" target=\"_blank\" rel=\"noopener noreferrer\">https:\/\/semmelweis.hu\/etk<\/a><\/p>\n<p>&nbsp;<\/p>\n","protected":false},"excerpt":{"rendered":"<p>Felh\u00edvjuk sz\u00edves figyelm\u00fcket, hogy a folyamatos tov\u00e1bbk\u00e9pz\u00e9sr\u0151l sz\u00f3l\u00f3 64\/2011. (XI.29.) NEFMI rendelet m\u00f3dos\u00edt\u00e1sra ker\u00fclt! A m\u00f3dos\u00edt\u00e1s a <a href=\"http:\/\/www.oftex.hu\" target=\"_blank\" rel=\"noopener noreferrer\">www.oftex.hu<\/a> port\u00e1lon a \u201eJogszab\u00e1lyi h\u00e1tt\u00e9r\u201d men\u00fcpontban megtal\u00e1lhat\u00f3. A Tov\u00e1bbk\u00e9pz\u00e9si K\u00f6zpont feladataib\u00f3l ad\u00f3d\u00f3an k\u00f6zvetlen munkakapcsolatot tart fenn az E\u00fcM Eg\u00e9szs\u00e9g\u00fcgyi Enged\u00e9lyez\u00e9si \u00e9s K\u00f6zigazgat\u00e1si Hivatal Elismer\u00e9si \u00e9s Nyilv\u00e1ntart\u00e1si Oszt\u00e1ly\u00e1val, a MOK \u00fajonnan szervezett Akkredit\u00e1ci\u00f3s Bizotts\u00e1g\u00e1val, az ESZTT-vel, a Szakmai Koll\u00e9gium Tagozataival, &hellip;<\/p>\n","protected":false},"author":101506,"featured_media":0,"parent":1833,"menu_order":2,"comment_status":"closed","ping_status":"closed","template":"","meta":{"_acf_changed":false,"footnotes":""},"categories":[],"tags":[],"class_list":["post-1845","page","type-page","status-publish","hentry"],"acf":[],"_links":{"self":[{"href":"https:\/\/semmelweis.hu\/szak-es-tovabbkepzes\/wp-json\/wp\/v2\/pages\/1845","targetHints":{"allow":["GET"]}}],"collection":[{"href":"https:\/\/semmelweis.hu\/szak-es-tovabbkepzes\/wp-json\/wp\/v2\/pages"}],"about":[{"href":"https:\/\/semmelweis.hu\/szak-es-tovabbkepzes\/wp-json\/wp\/v2\/types\/page"}],"author":[{"embeddable":true,"href":"https:\/\/semmelweis.hu\/szak-es-tovabbkepzes\/wp-json\/wp\/v2\/users\/101506"}],"replies":[{"embeddable":true,"href":"https:\/\/semmelweis.hu\/szak-es-tovabbkepzes\/wp-json\/wp\/v2\/comments?post=1845"}],"version-history":[{"count":7,"href":"https:\/\/semmelweis.hu\/szak-es-tovabbkepzes\/wp-json\/wp\/v2\/pages\/1845\/revisions"}],"predecessor-version":[{"id":22655,"href":"https:\/\/semmelweis.hu\/szak-es-tovabbkepzes\/wp-json\/wp\/v2\/pages\/1845\/revisions\/22655"}],"up":[{"embeddable":true,"href":"https:\/\/semmelweis.hu\/szak-es-tovabbkepzes\/wp-json\/wp\/v2\/pages\/1833"}],"wp:attachment":[{"href":"https:\/\/semmelweis.hu\/szak-es-tovabbkepzes\/wp-json\/wp\/v2\/media?parent=1845"}],"wp:term":[{"taxonomy":"category","embeddable":true,"href":"https:\/\/semmelweis.hu\/szak-es-tovabbkepzes\/wp-json\/wp\/v2\/categories?post=1845"},{"taxonomy":"post_tag","embeddable":true,"href":"https:\/\/semmelweis.hu\/szak-es-tovabbkepzes\/wp-json\/wp\/v2\/tags?post=1845"}],"curies":[{"name":"wp","href":"https:\/\/api.w.org\/{rel}","templated":true}]}}