{"id":1833,"date":"2019-01-25T10:11:10","date_gmt":"2019-01-25T09:11:10","guid":{"rendered":"http:\/\/semmelweis.hu\/szak-es-tovabbkepzes\/?page_id=1833"},"modified":"2024-05-17T11:10:31","modified_gmt":"2024-05-17T09:10:31","slug":"tovabbkepzes","status":"publish","type":"page","link":"https:\/\/semmelweis.hu\/szak-es-tovabbkepzes\/tovabbkepzes\/","title":{"rendered":"Tov\u00e1bbk\u00e9pz\u00e9s"},"content":{"rendered":"<div class=\"keretes w-100\">\n<h5>A Szak- \u00e9s Tov\u00e1bbk\u00e9pz\u00e9si K\u00f6zpont feladatai a tov\u00e1bbk\u00e9pz\u00e9ssel kapcsolatban:<\/h5>\n<ol>\n<li>\n<p>az orvosok, fogorvosok, gy\u00f3gyszer\u00e9szek, klinikai szakpszichol\u00f3gusok, klinikai biok\u00e9mikusok,\u00a0klinikai mikrobiol\u00f3gusok \u00e9s klinikai sug\u00e1rfizikusok (a tov\u00e1bbiakban tov\u00e1bbk\u00e9pzend\u0151k)\u00a0\u00e9lethosszig tart\u00f3 k\u00f6telez\u0151 szakmai tov\u00e1bbk\u00e9pz\u00e9se egys\u00e9ges elveinek kidolgoz\u00e1sa \u00e9s\u00a0\u00e9rv\u00e9nyes\u00edt\u00e9se, a rendszer hat\u00e9kony \u00e9s egyben az Egyetem sz\u00e1m\u00e1ra gazdas\u00e1gos m\u0171k\u00f6dtet\u00e9se.<\/p>\n<\/li>\n<li>\n<p>az Egys\u00e9gszint\u0171 M\u0171k\u00f6d\u00e9si Szab\u00e1lyzata szerint l\u00e1tja el az orvosok \u00e9s a nem eg\u00e9szs\u00e9g\u00fcgyi\u00a0szakk\u00e9pes\u00edt\u00e9sre \u00e9p\u00edtett eg\u00e9szs\u00e9g\u00fcgyi fels\u0151fok\u00fa szakk\u00e9pes\u00edt\u00e9ssel rendelkez\u0151k eset\u00e9ben saj\u00e1t\u00a0k\u00f6zalkalmazottaival, a fogorvosokkal kapcsolatos teend\u0151ket a FOK Szak- \u00e9s Tov\u00e1bbk\u00e9pz\u00e9si\u00a0Titk\u00e1rs\u00e1ggal, a gy\u00f3gyszer\u00e9szekkel kapcsolatos feladatokat a GYTK D\u00e9k\u00e1ni Hivatal Szak- \u00e9s\u00a0Tov\u00e1bbk\u00e9pz\u00e9si Csoportj\u00e1val egy\u00fcttm\u0171k\u00f6dve.<\/p>\n<\/li>\n<\/ol>\n<\/div>\n<style>\n           #page-grid .card-body > .line-clamp-box.excerpt{\n        width: inherit;\n        max-width: inherit;\n        display:flex;\n        min-height: 2.4em;\n        flex-direction: column;\n        justify-content: space-around;\n        background-color: #D6E4EA;\n        min-height: 3.4rem;\n        font-family: \"Montserrat\", sans-serif;\n    }\n\n    #page-grid a:hover .card-body > .line-clamp-box.excerpt {\n        background-color: #fff;\n        color: #313B40;\n    }\n\n    #page-grid .card-body .line-clamp-box.excerpt section{\n        max-width: inherit;\n        display: -webkit-box;\n        -webkit-line-clamp: 2;\n        -webkit-box-orient: vertical;\n        overflow: hidden;\n        text-overflow: ellipsis;\n        hyphens: auto;\n        margin: auto;\n        \n    }\n    .line-clamp-box.excerpt section, .line-clamp-box.excerpt section p{\n        font-size:0.8em;\n    }\n    \n<\/style>\n    <section id=\"page-grid\">\n        <section class=\"d-block d-md-flex title-row my-3 ml-0 ml-md-1\">\n<div class=\"section-title  mb-1 \">\n<h2>\n    Kapcsol\u00f3d\u00f3 oldalak\n<\/h2>\n<\/div>\n<\/section>\n        <div class=\"row row-cols-1 row-cols-md-2 row-cols-lg-4 no-gutters mx-0 \">    <div class =\"col  mb-2 card-wrapper\">\n        <a class=\"d-flex flex-fill card-link-warapper m-md-1\" href=\"https:\/\/semmelweis.hu\/szak-es-tovabbkepzes\/tovabbkepzes\/kepzesek\/\">\n            <div class=\"card border border-secondary se-border flex-fill\">\n                <div class=\"row no-gutters mx-0 d-flex flex-nowrap flex-md-wrap align-items-center\">\n                    <div class =\"  col-5 col-md-12  d-none  d-md-none d-md-none  bg-image  card-image justify-content-center\">\n                        <img class='wp-post-image img-fluid landscape' src='https:\/\/semmelweis.hu\/szak-es-tovabbkepzes\/wp-content\/themes\/se18\/dist\/images\/svg\/bg-image.svg' \/>\n                    <\/div>\n                    <div class=\"card-body  col flex-column  col-md-12 p-0\">\n                        <div class=\"line-clamp-box p-3\">\n                            <h5 class=\"ml-0 ml-sm-1 mt-2 align-items-center\"  >K\u00e9pz\u00e9sek<\/h5>\n                        <\/div>\n                        \n                    <\/div>\n                <\/div>\n\n            <\/div>\n        <\/a>\n    <\/div>    <div class =\"col  mb-2 card-wrapper\">\n        <a class=\"d-flex flex-fill card-link-warapper m-md-1\" href=\"https:\/\/semmelweis.hu\/szak-es-tovabbkepzes\/tovabbkepzes\/szintentartok\/\">\n            <div class=\"card border border-secondary se-border flex-fill\">\n                <div class=\"row no-gutters mx-0 d-flex flex-nowrap flex-md-wrap align-items-center\">\n                    <div class =\"  col-5 col-md-12  d-none  d-md-none d-md-none  bg-image  card-image justify-content-center\">\n                        <img class='wp-post-image img-fluid landscape' src='https:\/\/semmelweis.hu\/szak-es-tovabbkepzes\/wp-content\/themes\/se18\/dist\/images\/svg\/bg-image.svg' \/>\n                    <\/div>\n                    <div class=\"card-body  col flex-column  col-md-12 p-0\">\n                        <div class=\"line-clamp-box p-3\">\n                            <h5 class=\"ml-0 ml-sm-1 mt-2 align-items-center\"  >Szintentart\u00f3k<\/h5>\n                        <\/div>\n                        \n                    <\/div>\n                <\/div>\n\n            <\/div>\n        <\/a>\n    <\/div>    <div class =\"col  mb-2 card-wrapper\">\n        <a class=\"d-flex flex-fill card-link-warapper m-md-1\" href=\"https:\/\/semmelweis.hu\/szak-es-tovabbkepzes\/tovabbkepzes\/cikluszaras\/\">\n            <div class=\"card border border-secondary se-border flex-fill\">\n                <div class=\"row no-gutters mx-0 d-flex flex-nowrap flex-md-wrap align-items-center\">\n                    <div class =\"  col-5 col-md-12  d-none  d-md-none d-md-none  bg-image  card-image justify-content-center\">\n                        <img class='wp-post-image img-fluid landscape' src='https:\/\/semmelweis.hu\/szak-es-tovabbkepzes\/wp-content\/themes\/se18\/dist\/images\/svg\/bg-image.svg' \/>\n                    <\/div>\n                    <div class=\"card-body  col flex-column  col-md-12 p-0\">\n                        <div class=\"line-clamp-box p-3\">\n                            <h5 class=\"ml-0 ml-sm-1 mt-2 align-items-center\"  >Ciklusz\u00e1r\u00e1s<\/h5>\n                        <\/div>\n                        \n                    <\/div>\n                <\/div>\n\n            <\/div>\n        <\/a>\n    <\/div>    <div class =\"col  mb-2 card-wrapper\">\n        <a class=\"d-flex flex-fill card-link-warapper m-md-1\" href=\"https:\/\/semmelweis.hu\/szak-es-tovabbkepzes\/tovabbkepzes\/tanfolyamszervezoknek\/\">\n            <div class=\"card border border-secondary se-border flex-fill\">\n                <div class=\"row no-gutters mx-0 d-flex flex-nowrap flex-md-wrap align-items-center\">\n                    <div class =\"  col-5 col-md-12  d-none  d-md-none d-md-none  bg-image  card-image justify-content-center\">\n                        <img class='wp-post-image img-fluid landscape' src='https:\/\/semmelweis.hu\/szak-es-tovabbkepzes\/wp-content\/themes\/se18\/dist\/images\/svg\/bg-image.svg' \/>\n                    <\/div>\n                    <div class=\"card-body  col flex-column  col-md-12 p-0\">\n                        <div class=\"line-clamp-box p-3\">\n                            <h5 class=\"ml-0 ml-sm-1 mt-2 align-items-center\"  >Tanfolyamszervez\u0151knek<\/h5>\n                        <\/div>\n                        \n                    <\/div>\n                <\/div>\n\n            <\/div>\n        <\/a>\n    <\/div>    <div class =\"col  mb-2 card-wrapper\">\n        <a class=\"d-flex flex-fill card-link-warapper m-md-1\" href=\"https:\/\/semmelweis.hu\/szak-es-tovabbkepzes\/tovabbkepzes\/letoltheto-tovabbkepzesi-dokumentumok\/\">\n            <div class=\"card border border-secondary se-border flex-fill\">\n                <div class=\"row no-gutters mx-0 d-flex flex-nowrap flex-md-wrap align-items-center\">\n                    <div class =\"  col-5 col-md-12  d-none  d-md-none d-md-none  bg-image  card-image justify-content-center\">\n                        <img class='wp-post-image img-fluid landscape' src='https:\/\/semmelweis.hu\/szak-es-tovabbkepzes\/wp-content\/themes\/se18\/dist\/images\/svg\/bg-image.svg' \/>\n                    <\/div>\n                    <div class=\"card-body  col flex-column  col-md-12 p-0\">\n                        <div class=\"line-clamp-box p-3\">\n                            <h5 class=\"ml-0 ml-sm-1 mt-2 align-items-center\"  >Let\u00f6lthet\u0151 tov\u00e1bbk\u00e9pz\u00e9si dokumentumok<\/h5>\n                        <\/div>\n                        \n                    <\/div>\n                <\/div>\n\n            <\/div>\n        <\/a>\n    <\/div>    <div class =\"col  mb-2 card-wrapper\">\n        <a class=\"d-flex flex-fill card-link-warapper m-md-1\" href=\"https:\/\/semmelweis.hu\/szak-es-tovabbkepzes\/tovabbkepzes\/kapcsolat-tovabbkepzes\/\">\n            <div class=\"card border border-secondary se-border flex-fill\">\n                <div class=\"row no-gutters mx-0 d-flex flex-nowrap flex-md-wrap align-items-center\">\n                    <div class =\"  col-5 col-md-12  d-none  d-md-none d-md-none  bg-image  card-image justify-content-center\">\n                        <img class='wp-post-image img-fluid landscape' src='https:\/\/semmelweis.hu\/szak-es-tovabbkepzes\/wp-content\/themes\/se18\/dist\/images\/svg\/bg-image.svg' \/>\n                    <\/div>\n                    <div class=\"card-body  col flex-column  col-md-12 p-0\">\n                        <div class=\"line-clamp-box p-3\">\n                            <h5 class=\"ml-0 ml-sm-1 mt-2 align-items-center\"  >Kapcsolat - tov\u00e1bbk\u00e9pz\u00e9s<\/h5>\n                        <\/div>\n                        \n                    <\/div>\n                <\/div>\n\n            <\/div>\n        <\/a>\n    <\/div>        <\/div>\n    <\/section>\n","protected":false},"excerpt":{"rendered":"<p>A Szak- \u00e9s Tov\u00e1bbk\u00e9pz\u00e9si K\u00f6zpont feladatai a tov\u00e1bbk\u00e9pz\u00e9ssel kapcsolatban: az orvosok, fogorvosok, gy\u00f3gyszer\u00e9szek, klinikai szakpszichol\u00f3gusok, klinikai biok\u00e9mikusok,\u00a0klinikai mikrobiol\u00f3gusok \u00e9s klinikai sug\u00e1rfizikusok (a tov\u00e1bbiakban tov\u00e1bbk\u00e9pzend\u0151k)\u00a0\u00e9lethosszig tart\u00f3 k\u00f6telez\u0151 szakmai tov\u00e1bbk\u00e9pz\u00e9se egys\u00e9ges elveinek kidolgoz\u00e1sa \u00e9s\u00a0\u00e9rv\u00e9nyes\u00edt\u00e9se, a rendszer hat\u00e9kony \u00e9s egyben az Egyetem sz\u00e1m\u00e1ra gazdas\u00e1gos m\u0171k\u00f6dtet\u00e9se. az Egys\u00e9gszint\u0171 M\u0171k\u00f6d\u00e9si Szab\u00e1lyzata szerint l\u00e1tja el az orvosok \u00e9s a nem eg\u00e9szs\u00e9g\u00fcgyi\u00a0szakk\u00e9pes\u00edt\u00e9sre &hellip;<\/p>\n","protected":false},"author":101506,"featured_media":0,"parent":0,"menu_order":3,"comment_status":"closed","ping_status":"closed","template":"template-fullwidth.php","meta":{"_acf_changed":false,"footnotes":""},"categories":[],"tags":[],"class_list":["post-1833","page","type-page","status-publish","hentry"],"acf":[],"_links":{"self":[{"href":"https:\/\/semmelweis.hu\/szak-es-tovabbkepzes\/wp-json\/wp\/v2\/pages\/1833","targetHints":{"allow":["GET"]}}],"collection":[{"href":"https:\/\/semmelweis.hu\/szak-es-tovabbkepzes\/wp-json\/wp\/v2\/pages"}],"about":[{"href":"https:\/\/semmelweis.hu\/szak-es-tovabbkepzes\/wp-json\/wp\/v2\/types\/page"}],"author":[{"embeddable":true,"href":"https:\/\/semmelweis.hu\/szak-es-tovabbkepzes\/wp-json\/wp\/v2\/users\/101506"}],"replies":[{"embeddable":true,"href":"https:\/\/semmelweis.hu\/szak-es-tovabbkepzes\/wp-json\/wp\/v2\/comments?post=1833"}],"version-history":[{"count":9,"href":"https:\/\/semmelweis.hu\/szak-es-tovabbkepzes\/wp-json\/wp\/v2\/pages\/1833\/revisions"}],"predecessor-version":[{"id":22650,"href":"https:\/\/semmelweis.hu\/szak-es-tovabbkepzes\/wp-json\/wp\/v2\/pages\/1833\/revisions\/22650"}],"wp:attachment":[{"href":"https:\/\/semmelweis.hu\/szak-es-tovabbkepzes\/wp-json\/wp\/v2\/media?parent=1833"}],"wp:term":[{"taxonomy":"category","embeddable":true,"href":"https:\/\/semmelweis.hu\/szak-es-tovabbkepzes\/wp-json\/wp\/v2\/categories?post=1833"},{"taxonomy":"post_tag","embeddable":true,"href":"https:\/\/semmelweis.hu\/szak-es-tovabbkepzes\/wp-json\/wp\/v2\/tags?post=1833"}],"curies":[{"name":"wp","href":"https:\/\/api.w.org\/{rel}","templated":true}]}}