{"id":1829,"date":"2019-01-25T10:11:10","date_gmt":"2019-01-25T09:11:10","guid":{"rendered":"http:\/\/semmelweis.hu\/szak-es-tovabbkepzes\/?page_id=1829"},"modified":"2024-07-30T14:20:52","modified_gmt":"2024-07-30T12:20:52","slug":"letoltheto-szakkepzesi-dokumentumok","status":"publish","type":"page","link":"https:\/\/semmelweis.hu\/szak-es-tovabbkepzes\/szakkepzes\/letoltheto-szakkepzesi-dokumentumok\/","title":{"rendered":"Let\u00f6lthet\u0151 szakk\u00e9pz\u00e9si dokumentumok"},"content":{"rendered":"<p><a href=\"https:\/\/semmelweis.hu\/szak-es-tovabbkepzes\/files\/2022\/03\/hatodeves-tajekoztato_2022.pdf\">T\u00e1j\u00e9koztat\u00f3 hatod\u00e9veseknek a Szak- \u00e9s Tov\u00e1bbk\u00e9pz\u00e9si K\u00f6zpontt\u00f3l 2022<\/a><\/p>\n<p><a href=\"https:\/\/semmelweis.hu\/szak-es-tovabbkepzes\/files\/2019\/01\/jelenleti-iv-2016-aprilistol.xls\">A Semmelweis Egyetem rezidenseinek munkaid\u0151 nyilv\u00e1ntart\u00e1sa, jelenl\u00e9ti \u00edv<\/a><\/p>\n<p><a href=\"https:\/\/semmelweis.hu\/szak-es-tovabbkepzes\/files\/2021\/05\/COVID-elismeresi-kerelem_2020.docx\">COVID elismer\u00e9si k\u00e9relem<\/a><\/p>\n<p>&nbsp;<\/p>\n","protected":false},"excerpt":{"rendered":"<p><a href=\"https:\/\/semmelweis.hu\/szak-es-tovabbkepzes\/files\/2022\/03\/hatodeves-tajekoztato_2022.pdf\">T\u00e1j\u00e9koztat\u00f3 hatod\u00e9veseknek a Szak- \u00e9s Tov\u00e1bbk\u00e9pz\u00e9si K\u00f6zpontt\u00f3l 2022<\/a><br \/>\n<a href=\"https:\/\/semmelweis.hu\/szak-es-tovabbkepzes\/files\/2019\/01\/jelenleti-iv-2016-aprilistol.xls\">A Semmelweis Egyetem rezidenseinek munkaid\u0151 nyilv\u00e1ntart\u00e1sa, jelenl\u00e9ti \u00edv<\/a><br \/>\n<a href=\"https:\/\/semmelweis.hu\/szak-es-tovabbkepzes\/files\/2021\/05\/COVID-elismeresi-kerelem_2020.docx\">COVID elismer\u00e9si k\u00e9relem<\/a><br \/>\n&nbsp;<\/p>\n","protected":false},"author":101506,"featured_media":0,"parent":1839,"menu_order":6,"comment_status":"closed","ping_status":"closed","template":"","meta":{"_acf_changed":false,"footnotes":""},"categories":[],"tags":[],"class_list":["post-1829","page","type-page","status-publish","hentry"],"acf":[],"_links":{"self":[{"href":"https:\/\/semmelweis.hu\/szak-es-tovabbkepzes\/wp-json\/wp\/v2\/pages\/1829","targetHints":{"allow":["GET"]}}],"collection":[{"href":"https:\/\/semmelweis.hu\/szak-es-tovabbkepzes\/wp-json\/wp\/v2\/pages"}],"about":[{"href":"https:\/\/semmelweis.hu\/szak-es-tovabbkepzes\/wp-json\/wp\/v2\/types\/page"}],"author":[{"embeddable":true,"href":"https:\/\/semmelweis.hu\/szak-es-tovabbkepzes\/wp-json\/wp\/v2\/users\/101506"}],"replies":[{"embeddable":true,"href":"https:\/\/semmelweis.hu\/szak-es-tovabbkepzes\/wp-json\/wp\/v2\/comments?post=1829"}],"version-history":[{"count":10,"href":"https:\/\/semmelweis.hu\/szak-es-tovabbkepzes\/wp-json\/wp\/v2\/pages\/1829\/revisions"}],"predecessor-version":[{"id":22712,"href":"https:\/\/semmelweis.hu\/szak-es-tovabbkepzes\/wp-json\/wp\/v2\/pages\/1829\/revisions\/22712"}],"up":[{"embeddable":true,"href":"https:\/\/semmelweis.hu\/szak-es-tovabbkepzes\/wp-json\/wp\/v2\/pages\/1839"}],"wp:attachment":[{"href":"https:\/\/semmelweis.hu\/szak-es-tovabbkepzes\/wp-json\/wp\/v2\/media?parent=1829"}],"wp:term":[{"taxonomy":"category","embeddable":true,"href":"https:\/\/semmelweis.hu\/szak-es-tovabbkepzes\/wp-json\/wp\/v2\/categories?post=1829"},{"taxonomy":"post_tag","embeddable":true,"href":"https:\/\/semmelweis.hu\/szak-es-tovabbkepzes\/wp-json\/wp\/v2\/tags?post=1829"}],"curies":[{"name":"wp","href":"https:\/\/api.w.org\/{rel}","templated":true}]}}