{"id":1826,"date":"2019-01-25T10:11:10","date_gmt":"2019-01-25T09:11:10","guid":{"rendered":"http:\/\/semmelweis.hu\/szak-es-tovabbkepzes\/?page_id=1826"},"modified":"2025-01-31T14:27:35","modified_gmt":"2025-01-31T13:27:35","slug":"kapcsolat-szakkepzes","status":"publish","type":"page","link":"https:\/\/semmelweis.hu\/szak-es-tovabbkepzes\/szakkepzes\/kapcsolat-szakkepzes\/","title":{"rendered":"Kapcsolat &#8211; szakk\u00e9pz\u00e9s"},"content":{"rendered":"<p><strong>Id\u0151pontfoglal\u00e1s a\u00a0<a href=\"http:\/\/reny.hu\/\">RENY<\/a> rendszeren kereszt\u00fcl lehets\u00e9ges, az \u00dcgyf\u00e9lfogad\u00e1s men\u00fc pont al\u00f3l, tov\u00e1bbi inform\u00e1ci\u00f3kat a RENY rendszer k\u00e9zik\u00f6nyv\u00e9ben tal\u00e1lnak az Egyetem \u2013 \u00dcgyf\u00e9l fogad\u00e1s \u2013 Rezidens jelentkez\u00e9se men\u00fcpont alatt!<\/strong><\/p>\n<p>&nbsp;<\/p>\n<p><strong><a href=\"https:\/\/semmelweis.hu\/szak-es-tovabbkepzes\/files\/2021\/05\/sztoklogo_kozepes.png\"><img loading=\"lazy\" decoding=\"async\" class=\"wp-image-21901 alignleft\" src=\"https:\/\/semmelweis.hu\/szak-es-tovabbkepzes\/files\/2021\/05\/sztoklogo_kozepes-300x300.png\" alt=\"\" width=\"115\" height=\"115\" srcset=\"https:\/\/semmelweis.hu\/szak-es-tovabbkepzes\/files\/2021\/05\/sztoklogo_kozepes-300x300.png 300w, https:\/\/semmelweis.hu\/szak-es-tovabbkepzes\/files\/2021\/05\/sztoklogo_kozepes-150x150.png 150w, https:\/\/semmelweis.hu\/szak-es-tovabbkepzes\/files\/2021\/05\/sztoklogo_kozepes.png 305w\" sizes=\"auto, (max-width: 115px) 100vw, 115px\" \/><\/a>Semmelweis Egyetem Szak- \u00e9s Tov\u00e1bbk\u00e9pz\u00e9si K\u00f6zpont<\/strong><\/p>\n<p><strong>Igazgat\u00f3:<\/strong> Dr. Masszi Tam\u00e1s<br \/>\n<strong>Igazgat\u00f3-helyettes:<\/strong> Sz\u00e1fi\u00e1n-Bella Anita<\/p>\n<table style=\"width: 100%;border-collapse: collapse;height: 152px\" border=\"0px, white\">\n<tbody>\n<tr style=\"height: 152px\">\n<td style=\"width: 50%;height: 152px\"><strong>C\u00edm: <\/strong>1085 Budapest, Baross utca 22. I. em. (BC22 Irodah\u00e1z)<br \/>\n<strong>Postac\u00edm:<\/strong> 1085 Budapest, \u00dcll\u0151i \u00fat 26.<br \/>\n<strong>Telefon:<\/strong> +36-1-459-1500\/ 62370, 62397<strong><br \/>\nEmail:<\/strong>\u00a0<a href=\"mailto:szakestovabbkepzes@semmelweis.hu\">szakestovabbkepzes@semmelweis.hu<\/a><\/td>\n<td style=\"width: 50%;height: 152px\">\n\n<!-- iframe plugin v.4.9 wordpress.org\/plugins\/iframe\/ -->\n<iframe loading=\"lazy\" src=\"https:\/\/www.google.com\/maps\/embed?pb=!1m14!1m8!1m3!1d10784.14497523983!2d19.0656631!3d47.4892073!3m2!1i1024!2i768!4f13.1!3m3!1m2!1s0x4741dc5bcdb6a70f%3A0xffdbea7af2079162!2sBC22%20Irodah%C3%A1z!5e0!3m2!1shu!2shu!4v1696582229552!5m2!1shu!2shu\" width=\"350\" height=\"200\" scrolling=\"yes\" class=\"iframe-class\" frameborder=\"0\"><\/iframe>\n\n<\/td>\n<\/tr>\n<\/tbody>\n<\/table>\n<div>\u00a0<\/div>\n<div><strong>H\u00e9tf\u0151\u00a0 \u00a0 \u00a0 \u00a0 \u00a0 \u00a0 8:00 &#8211; 12.00\u00a0 \u00a0 \u00a0 \u00a0 \u00a0 \u00a0(az utols\u00f3 bejelentkez\u00e9si id\u0151pont 11.30)<\/strong><\/div>\n<div>\u00a0<\/div>\n<div><strong>Kedd\u00a0\u00a0\u00a0\u00a0\u00a0\u00a0\u00a0\u00a0\u00a0\u00a0\u00a0\u00a013.00 &#8211; 16.00\u00a0\u00a0\u00a0\u00a0\u00a0\u00a0\u00a0\u00a0 (az utols\u00f3 bejelentkez\u00e9si id\u0151pont 15.30)<\/strong><\/div>\n<div>\u00a0<\/div>\n<div><strong>Szerda\u00a0\u00a0\u00a0\u00a0\u00a0\u00a0\u00a0\u00a0\u00a0\u00a08.00 &#8211; 12.00\u00a0 \u00a0 \u00a0 \u00a0 \u00a0 \u00a0(az utols\u00f3 bejelentkez\u00e9si id\u0151pont 11.30)<\/strong><\/div>\n<div>\u00a0<\/div>\n<div><strong>Cs\u00fct\u00f6rt\u00f6k\u00a0\u00a0\u00a0\u00a013.00 &#8211; 16.00\u00a0 \u00a0 \u00a0 \u00a0 \u00a0(az utols\u00f3 bejelentkez\u00e9si id\u0151pont 15.30)<\/strong><\/div>\n<div>\u00a0<\/div>\n<div><strong>P\u00e9ntek\u00a0\u00a0\u00a0\u00a0\u00a0\u00a0\u00a0\u00a0\u00a0\u00a0\u00a08.00 &#8211; 12.00<\/strong>\u00a0 \u00a0 \u00a0 \u00a0 \u00a0<strong>(az utols\u00f3 bejelentkez\u00e9si id\u0151pont 11.30)<\/strong><\/div>\n<div>\u00a0<\/div>\n<table style=\"width: 100%;border-color: #000000;height: 138px\">\n<tbody>\n<tr style=\"height: 31px\">\n<td style=\"width: 135px;height: 67px\" rowspan=\"2\"><strong>Ol\u00e1h Borb\u00e1la<\/strong><\/td>\n<td style=\"width: 86px;height: 67px\" rowspan=\"2\">\u00fcgyint\u00e9z\u0151<\/td>\n<td style=\"width: 336px;height: 31px\">+36-1-459-1500\/62373<\/td>\n<\/tr>\n<tr style=\"height: 36px\">\n<td style=\"width: 336px;height: 36px\"><a href=\"mailto:olah.borbala@semmelweis.hu\">olah.borbala@semmelweis.hu<\/a><\/td>\n<\/tr>\n<tr style=\"height: 35px\">\n<td style=\"width: 135px;height: 71px\" rowspan=\"2\"><strong>Makhajda Erika<\/strong><\/td>\n<td style=\"width: 86px;height: 71px\" rowspan=\"2\">\u00fcgyint\u00e9z\u0151<\/td>\n<td style=\"width: 336px;height: 35px\">+36-1-459-1500\/62374<\/td>\n<\/tr>\n<tr style=\"height: 36px\">\n<td style=\"width: 336px;height: 36px\"><a href=\"mailto:makhajda.erika@semmelweis.hu\">makhajda.erika@semmelweis.hu<\/a><\/td>\n<\/tr>\n<\/tbody>\n<\/table>\n<p>&nbsp;<\/p>\n","protected":false},"excerpt":{"rendered":"<p>Id\u0151pontfoglal\u00e1s a\u00a0 <a href=\"http:\/\/reny.hu\/\">RENY<\/a> rendszeren kereszt\u00fcl lehets\u00e9ges, az \u00dcgyf\u00e9lfogad\u00e1s men\u00fc pont al\u00f3l, tov\u00e1bbi inform\u00e1ci\u00f3kat a RENY rendszer k\u00e9zik\u00f6nyv\u00e9ben tal\u00e1lnak az Egyetem \u2013 \u00dcgyf\u00e9l fogad\u00e1s \u2013 Rezidens jelentkez\u00e9se men\u00fcpont alatt! &nbsp; <a href=\"https:\/\/semmelweis.hu\/szak-es-tovabbkepzes\/files\/2021\/05\/sztoklogo_kozepes.png\"><\/a> Semmelweis Egyetem Szak- \u00e9s Tov\u00e1bbk\u00e9pz\u00e9si K\u00f6zpont Igazgat\u00f3: Dr. Masszi Tam\u00e1s Igazgat\u00f3-helyettes: Sz\u00e1fi\u00e1n-Bella Anita C\u00edm: 1085 Budapest, Baross utca 22. I. em. (BC22 Irodah\u00e1z) Postac\u00edm: 1085 Budapest, \u00dcll\u0151i &hellip;<\/p>\n","protected":false},"author":101506,"featured_media":0,"parent":1839,"menu_order":7,"comment_status":"closed","ping_status":"closed","template":"","meta":{"_acf_changed":false,"footnotes":""},"categories":[],"tags":[],"class_list":["post-1826","page","type-page","status-publish","hentry"],"acf":[],"_links":{"self":[{"href":"https:\/\/semmelweis.hu\/szak-es-tovabbkepzes\/wp-json\/wp\/v2\/pages\/1826","targetHints":{"allow":["GET"]}}],"collection":[{"href":"https:\/\/semmelweis.hu\/szak-es-tovabbkepzes\/wp-json\/wp\/v2\/pages"}],"about":[{"href":"https:\/\/semmelweis.hu\/szak-es-tovabbkepzes\/wp-json\/wp\/v2\/types\/page"}],"author":[{"embeddable":true,"href":"https:\/\/semmelweis.hu\/szak-es-tovabbkepzes\/wp-json\/wp\/v2\/users\/101506"}],"replies":[{"embeddable":true,"href":"https:\/\/semmelweis.hu\/szak-es-tovabbkepzes\/wp-json\/wp\/v2\/comments?post=1826"}],"version-history":[{"count":11,"href":"https:\/\/semmelweis.hu\/szak-es-tovabbkepzes\/wp-json\/wp\/v2\/pages\/1826\/revisions"}],"predecessor-version":[{"id":22822,"href":"https:\/\/semmelweis.hu\/szak-es-tovabbkepzes\/wp-json\/wp\/v2\/pages\/1826\/revisions\/22822"}],"up":[{"embeddable":true,"href":"https:\/\/semmelweis.hu\/szak-es-tovabbkepzes\/wp-json\/wp\/v2\/pages\/1839"}],"wp:attachment":[{"href":"https:\/\/semmelweis.hu\/szak-es-tovabbkepzes\/wp-json\/wp\/v2\/media?parent=1826"}],"wp:term":[{"taxonomy":"category","embeddable":true,"href":"https:\/\/semmelweis.hu\/szak-es-tovabbkepzes\/wp-json\/wp\/v2\/categories?post=1826"},{"taxonomy":"post_tag","embeddable":true,"href":"https:\/\/semmelweis.hu\/szak-es-tovabbkepzes\/wp-json\/wp\/v2\/tags?post=1826"}],"curies":[{"name":"wp","href":"https:\/\/api.w.org\/{rel}","templated":true}]}}