{"id":1824,"date":"2019-01-25T10:11:10","date_gmt":"2019-01-25T09:11:10","guid":{"rendered":"http:\/\/semmelweis.hu\/szak-es-tovabbkepzes\/?page_id=1824"},"modified":"2026-03-26T12:25:55","modified_gmt":"2026-03-26T11:25:55","slug":"keretszamok","status":"publish","type":"page","link":"https:\/\/semmelweis.hu\/szak-es-tovabbkepzes\/szakkepzes\/keretszamok\/","title":{"rendered":"Keretsz\u00e1mok"},"content":{"rendered":"<p style=\"font-weight: 400\"><strong>T\u00e1j\u00e9koztat\u00f3 a Semmelweis Egyetem 2026. \u00e9vi rezidensi keretsz\u00e1mair\u00f3l \u00e9s jelentkez\u00e9si felt\u00e9teleir\u0151l<\/strong><\/p>\n<p style=\"font-weight: 400\"><strong>\u00a0<\/strong><\/p>\n<p style=\"font-weight: 400\">A Semmelweis Egyetem <strong>2026. \u00e9vi rezidensi keretsz\u00e1mai<\/strong> a RENY rendszerben \u00e9rhet\u0151ek el.\u00a0<\/p>\n<p style=\"font-weight: 400\">A rezidensi helyekre kiz\u00e1r\u00f3lag a <strong><a href=\"https:\/\/reny.hu\/\">RENY rendszerben<\/a><\/strong> beny\u00fajtott jelentkez\u00e9s fogadhat\u00f3 el.<\/p>\n<p style=\"font-weight: 400\">\u00a0<\/p>\n<p style=\"font-weight: 400\"><strong><u>Bel\u00e9p\u00e9s a RENY-be<\/u><\/strong><\/p>\n<p style=\"font-weight: 400\">Amennyiben m\u00e9g nem rendelkezik OFTEX rendszerhez tartoz\u00f3 bel\u00e9p\u00e9si adatokkal (amellyel a RENY rendszer is el\u00e9rhet\u0151), az ideiglenes jelsz\u00f3t a Szak- \u00e9s Tov\u00e1bbk\u00e9pz\u00e9si K\u00f6zpontt\u00f3l ig\u00e9nyelheti az al\u00e1bbi e-mail c\u00edmen: <strong><a href=\"mailto:szakestovabbkepzes@semmelweis.hu\">szakestovabbkepzes@semmelweis.hu<\/a><\/strong><\/p>\n<p style=\"font-weight: 400\"><strong>Ig\u00e9nyl\u00e9shez sz\u00fcks\u00e9ges hallgat\u00f3i jogviszony igazol\u00e1s csatol\u00e1sa.<\/strong><\/p>\n<p style=\"font-weight: 400\">\u00a0<\/p>\n<p style=\"font-weight: 400\"><strong><u>Jelentkez\u00e9s m\u00f3dja<\/u><\/strong><\/p>\n<ol>\n<li style=\"font-weight: 400\"><strong> Bel\u00e9p\u00e9s a rendszerbe<\/strong><br \/>\nL\u00e9pjen be a RENY rendszerbe, majd v\u00e1lassza a<strong>\u201eSzakk\u00e9pz\u00e9s el\u0151tt \/ Keretsz\u00e1mok\u201d<\/strong>men\u00fcpontot.<\/li>\n<li style=\"font-weight: 400\"><strong> K\u00e9pz\u0151hely kiv\u00e1laszt\u00e1sa<\/strong><br \/>\nA list\u00e1ban szerepl\u0151 k\u00e9pz\u0151helyek k\u00f6z\u00fcl v\u00e1lassza ki az \u00d6n sz\u00e1m\u00e1ra megfelel\u0151t.<\/li>\n<li style=\"font-weight: 400\"><strong> Jelentkez\u00e9s beny\u00fajt\u00e1sa<\/strong><br \/>\nA kiv\u00e1laszt\u00e1st k\u00f6vet\u0151en kattintson a<strong>\u201eJelentkez\u00e9s\u201d<\/strong>gombra.<\/li>\n<li style=\"font-weight: 400\"><strong> Sz\u00fcks\u00e9ges dokumentumok felt\u00f6lt\u00e9se<\/strong><br \/>\nA jelentkez\u00e9s elk\u00fcld\u00e9s\u00e9t k\u00f6vet\u0151en lesz lehet\u0151s\u00e9ge az al\u00e1bbi dokumentumok csatol\u00e1s\u00e1ra:<\/li>\n<\/ol>\n<ul style=\"font-weight: 400\">\n<li>\u00f6n\u00e9letrajz<\/li>\n<li>motiv\u00e1ci\u00f3s lev\u00e9l<\/li>\n<li>a felv\u00e9teli meghallgat\u00e1son adhat\u00f3 pontsz\u00e1mot igazol\u00f3 dokumentumok<\/li>\n<\/ul>\n<p style=\"font-weight: 400\"><a href=\"https:\/\/semmelweis.hu\/szak-es-tovabbkepzes\/files\/2026\/03\/PONTOZASI-TABLAZAT-002.pdf\"><strong>PONTSZ\u00c1M\u00cdT\u00c1S T\u00c1BL\u00c1ZAT<\/strong><\/a><\/p>\n<p style=\"font-weight: 400\">Jelentkezni t\u00f6bb v\u00e1lasztott helyre is lehets\u00e9ges.<\/p>\n<p style=\"font-weight: 400\">K\u00e9pz\u00e9s nyelve: magyar<\/p>\n<p style=\"font-weight: 400\"><strong>Jelentkez\u00e9si hat\u00e1rid\u0151:<\/strong>\u00a02026. m\u00e1jus 31.<\/p>\n<p style=\"font-weight: 400\"><strong>Meghirdetett szakorvosi keretsz\u00e1mok<\/strong><\/p>\n<p style=\"font-weight: 400\">A tavaszi p\u00e1ly\u00e1zaton elnyert szakorvosi rezidensi \u00e1ll\u00e1shelyek sz\u00e1ma:\u00a0<strong>64 f\u0151<\/strong>. (bet\u00f6ltend\u0151: 2026. szeptember 15-ig)<\/p>\n<p style=\"font-weight: 400\">Az \u0150szi p\u00e1ly\u00e1zaton elnyert rezidensi helyek sz\u00e1ma az orsz\u00e1gosan be nem t\u00f6lt\u00f6tt helyek \u00fajra oszt\u00e1sa ut\u00e1n der\u00fcl ki.<\/p>\n<p style=\"font-weight: 400\"><a href=\"https:\/\/semmelweis.hu\/szak-es-tovabbkepzes\/files\/2026\/03\/2026.-evi-rezidens-hely-felosztas_honlapra.pdf\"><strong>2026. \u00c9VI SZAKORVOSI REZIDENSI HELYEK<\/strong><\/a><\/p>\n<p style=\"font-weight: 400\"><strong>Tov\u00e1bbi rezidensi \u00e1ll\u00e1shelyek<\/strong><\/p>\n<ul style=\"font-weight: 400\">\n<li>h\u00e1zi gyermekorvosi ell\u00e1t\u00e1s biztos\u00edt\u00e1sa \u00e9rdek\u00e9ben csecsem\u0151- \u00e9s gyermekgy\u00f3gy\u00e1szat: 8 f\u0151<\/li>\n<li>szakfogorvos: 10 f\u0151<\/li>\n<li>k\u00f3rh\u00e1zi-klinikai szakgy\u00f3gyszer\u00e9sz: 4 f\u0151<\/li>\n<li>szakfogorvos (egyetemi ut\u00e1np\u00f3tl\u00e1s): 6 f\u0151<\/li>\n<li>szakgy\u00f3gyszer\u00e9sz (egyetemi ut\u00e1np\u00f3tl\u00e1s): 4 f\u0151<\/li>\n<li>klinikai szakpszichol\u00f3gus (egyetemi ut\u00e1np\u00f3tl\u00e1s): 5 f\u0151<\/li>\n<li>egy\u00e9b eg\u00e9szs\u00e9g\u00fcgyi fels\u0151fok\u00fa szakk\u00e9pz\u00e9s (egyetemi ut\u00e1np\u00f3tl\u00e1s): 2 f\u0151<\/li>\n<\/ul>\n<p style=\"font-weight: 400\"><strong>H\u00e1ziorvostan rezidensk\u00e9pz\u00e9s<\/strong><\/p>\n<ul style=\"font-weight: 400\">\n<li>Keretsz\u00e1m:\u00a0<strong>50 f\u0151<\/strong><\/li>\n<li>Bet\u00f6lt\u00e9si hat\u00e1rid\u0151: 2026. december 31.<\/li>\n<\/ul>\n<p style=\"font-weight: 400\">Tov\u00e1bbi r\u00e9szletek: <a href=\"https:\/\/semmelweis.hu\/szak-es-tovabbkepzes\/szakkepzes\/haziorvostan\/\">https:\/\/semmelweis.hu\/szak-es-tovabbkepzes\/szakkepzes\/haziorvostan\/<\/a><\/p>\n<p style=\"font-weight: 400\"><strong>Tov\u00e1bbi inform\u00e1ci\u00f3<\/strong><\/p>\n<p style=\"font-weight: 400\">A 2026. \u00e9vi szakorvos, szakfogorvos, szakgy\u00f3gyszer\u00e9sz \u00e9s klinikai szakpszichol\u00f3gus k\u00e9pz\u00e9s keretsz\u00e1mair\u00f3l, valamint a hi\u00e1nyszakm\u00e1kr\u00f3l sz\u00f3l\u00f3 r\u00e9szletes t\u00e1j\u00e9koztat\u00f3 az al\u00e1bbi linken \u00e9rhet\u0151 el: <a href=\"https:\/\/enkk.hu\/documents\/szakkepzes_tamogatas\/2024\/2025_evi_rezidens_keretszam_es_hianyszakma.pdf\">https:\/\/enkk.hu\/documents\/szakkepzes_tamogatas\/2024\/2025_evi_rezidens_keretszam_es_hianyszakma.pdf<\/a><\/p>\n<p>&nbsp;<\/p>\n","protected":false},"excerpt":{"rendered":"<p>T\u00e1j\u00e9koztat\u00f3 a Semmelweis Egyetem 2026. \u00e9vi rezidensi keretsz\u00e1mair\u00f3l \u00e9s jelentkez\u00e9si felt\u00e9teleir\u0151l \u00a0 A Semmelweis Egyetem 2026. \u00e9vi rezidensi keretsz\u00e1mai a RENY rendszerben \u00e9rhet\u0151ek el.\u00a0 A rezidensi helyekre kiz\u00e1r\u00f3lag a <a href=\"https:\/\/reny.hu\/\">RENY rendszerben<\/a> beny\u00fajtott jelentkez\u00e9s fogadhat\u00f3 el. \u00a0 Bel\u00e9p\u00e9s a RENY-be Amennyiben m\u00e9g nem rendelkezik OFTEX rendszerhez tartoz\u00f3 bel\u00e9p\u00e9si adatokkal (amellyel a RENY rendszer is el\u00e9rhet\u0151), az ideiglenes jelsz\u00f3t &hellip;<\/p>\n","protected":false},"author":101506,"featured_media":0,"parent":1839,"menu_order":5,"comment_status":"closed","ping_status":"closed","template":"","meta":{"_acf_changed":false,"footnotes":""},"categories":[],"tags":[],"class_list":["post-1824","page","type-page","status-publish","hentry"],"acf":[],"_links":{"self":[{"href":"https:\/\/semmelweis.hu\/szak-es-tovabbkepzes\/wp-json\/wp\/v2\/pages\/1824","targetHints":{"allow":["GET"]}}],"collection":[{"href":"https:\/\/semmelweis.hu\/szak-es-tovabbkepzes\/wp-json\/wp\/v2\/pages"}],"about":[{"href":"https:\/\/semmelweis.hu\/szak-es-tovabbkepzes\/wp-json\/wp\/v2\/types\/page"}],"author":[{"embeddable":true,"href":"https:\/\/semmelweis.hu\/szak-es-tovabbkepzes\/wp-json\/wp\/v2\/users\/101506"}],"replies":[{"embeddable":true,"href":"https:\/\/semmelweis.hu\/szak-es-tovabbkepzes\/wp-json\/wp\/v2\/comments?post=1824"}],"version-history":[{"count":10,"href":"https:\/\/semmelweis.hu\/szak-es-tovabbkepzes\/wp-json\/wp\/v2\/pages\/1824\/revisions"}],"predecessor-version":[{"id":23082,"href":"https:\/\/semmelweis.hu\/szak-es-tovabbkepzes\/wp-json\/wp\/v2\/pages\/1824\/revisions\/23082"}],"up":[{"embeddable":true,"href":"https:\/\/semmelweis.hu\/szak-es-tovabbkepzes\/wp-json\/wp\/v2\/pages\/1839"}],"wp:attachment":[{"href":"https:\/\/semmelweis.hu\/szak-es-tovabbkepzes\/wp-json\/wp\/v2\/media?parent=1824"}],"wp:term":[{"taxonomy":"category","embeddable":true,"href":"https:\/\/semmelweis.hu\/szak-es-tovabbkepzes\/wp-json\/wp\/v2\/categories?post=1824"},{"taxonomy":"post_tag","embeddable":true,"href":"https:\/\/semmelweis.hu\/szak-es-tovabbkepzes\/wp-json\/wp\/v2\/tags?post=1824"}],"curies":[{"name":"wp","href":"https:\/\/api.w.org\/{rel}","templated":true}]}}