{"id":1822,"date":"2019-01-25T10:11:10","date_gmt":"2019-01-25T09:11:10","guid":{"rendered":"http:\/\/semmelweis.hu\/szak-es-tovabbkepzes\/?page_id=1822"},"modified":"2026-02-06T09:46:16","modified_gmt":"2026-02-06T08:46:16","slug":"haziorvostan","status":"publish","type":"page","link":"https:\/\/semmelweis.hu\/szak-es-tovabbkepzes\/szakkepzes\/haziorvostan\/","title":{"rendered":"H\u00e1ziorvostan"},"content":{"rendered":"<p style=\"text-align: center\"><b data-olk-copy-source=\"MessageBody\">HIRDETM\u00c9NY<\/b><\/p>\n<p style=\"text-align: center\"><b>2026. \u00e9vi h\u00e1ziorvostan keretsz\u00e1mokr\u00f3l<\/b><\/p>\n<p style=\"text-align: center\" aria-hidden=\"true\">\u00a0<\/p>\n<p>T\u00e1j\u00e9koztatom, hogy az eg\u00e9szs\u00e9g\u00fcgyi fels\u0151fok\u00fa szakir\u00e1ny\u00fa szakk\u00e9pz\u00e9si rendszerr\u0151l sz\u00f3l\u00f3 162\/2015. (IV.30) Korm\u00e1nyrendelet alapj\u00e1n a Semmelweis Egyetem r\u00e9gi\u00f3j\u00e1ban 2026. tan\u00e9vre<\/p>\n<p><b>H\u00e1ziorvostan\u00a0\u00a0\u00a0\u00a0\u00a0\u00a0\u00a0\u00a0\u00a0\u00a0\u00a0\u00a0\u00a0\u00a0\u00a0\u00a0\u00a0\u00a0\u00a0\u00a0\u00a0\u00a0\u00a0\u00a0\u00a0\u00a0\u00a0 50 f\u0151<\/b><\/p>\n<p>rezidensi \u00e1ll\u00e1shelyre ny\u00fajthat\u00f3 be p\u00e1ly\u00e1zat az al\u00e1bbiak szerint:<\/p>\n<p><b>\u00a0<\/b><\/p>\n<p><b>1.1.<\/b>\u00a0<b>Meghallgat\u00e1s id\u0151pontja<\/b>: 2026. m\u00e1rcius 9. H\u00e9tf\u0151 \u2013 9<sup>00\u00a0\u00a0\u00a0\u00a0\u00a0\u00a0\u00a0\u00a0\u00a0\u00a0\u00a0\u00a0\u00a0\u00a0<\/sup><\/p>\n<p><b>Helye<\/b>:<sup>\u00a0<\/sup>SE<b>\u00a0<\/b>Csal\u00e1dorvosi Tansz\u00e9k, 1091 Budapest, \u00dcll\u0151i \u00fat 25.\u00a0<span lang=\"en-US\">I. emelet.<\/span><\/p>\n<p><b><i><u><span lang=\"en-US\">A jelentkez\u00e9si lapok lead\u00e1s\u00e1nak hat\u00e1rideje<\/span><\/u><\/i><\/b><b><i><span lang=\"en-US\">: 2026. febru\u00e1r 20. (p\u00e9ntek)<\/span><\/i><\/b><\/p>\n<p><b><i><span lang=\"en-US\">A bel\u00e9p\u00e9s tervezett id\u0151pontja: 2026. m\u00e1jus 1.<\/span><\/i><\/b><\/p>\n<p><span lang=\"en-US\">\u00a0<\/span><\/p>\n<p><b><span lang=\"en-US\">1.2. Meghallgat\u00e1s id\u0151pontja:<\/span><\/b><span lang=\"en-US\">\u00a02026. j\u00fanius 15. H\u00e9tf\u0151 &#8211; 9<sup>00<\/sup><\/span><\/p>\n<p><b><span lang=\"en-US\">Helye:\u00a0<\/span><\/b><span lang=\"en-US\">SE<b>\u00a0<\/b>Csal\u00e1dorvosi Tansz\u00e9k, 1091 Budapest, \u00dcll\u0151i \u00fat 25. I. emelet.<\/span><\/p>\n<p><b><i><u><span lang=\"en-US\">A jelentkez\u00e9si lapok lead\u00e1s\u00e1nak hat\u00e1rideje:\u00a0<\/span><\/u><\/i><\/b><b><i><span lang=\"en-US\">2026. m\u00e1jus 22. (p\u00e9ntek)<\/span><\/i><\/b><\/p>\n<p><b><i><span lang=\"en-US\">A bel\u00e9p\u00e9s tervezett id\u0151pontja: 2026. szeptember 1.<\/span><\/i><\/b><\/p>\n<p>&nbsp;<\/p>\n<p><b><span lang=\"en-US\">1.3. Meghallgat\u00e1s id\u0151pontja:<\/span><\/b><span lang=\"en-US\">\u00a02026. okt\u00f3ber 12. H\u00e9tf\u0151 &#8211; 9<sup>00<\/sup><\/span><\/p>\n<p><b><span lang=\"en-US\">Helye:<\/span><\/b><sup><span lang=\"en-US\">\u00a0<\/span><\/sup><span lang=\"en-US\">SE<b>\u00a0<\/b>Csal\u00e1dorvosi Tansz\u00e9k, 1091 Budapest, \u00dcll\u0151i \u00fat 25. I. emelet.<\/span><\/p>\n<p><b><i><u><span lang=\"en-US\">A jelentkez\u00e9si lapok lead\u00e1s\u00e1nak hat\u00e1rideje:\u00a0<\/span><\/u><\/i><\/b><b><i><span lang=\"en-US\">2026. szeptember 25. (p\u00e9ntek)<\/span><\/i><\/b><\/p>\n<p><b><i><span lang=\"en-US\">A bel\u00e9p\u00e9s tervezett id\u0151pontja: 2026. december 1.<\/span><\/i><\/b><\/p>\n<p><span lang=\"en-US\">\u00a0<\/span><\/p>\n<p>A jelentkez\u00e9sek lead\u00e1sa e-mailben t\u00f6rt\u00e9nik a\u00a0<a href=\"mailto:szabo.ildiko2@semmelweis.hu\">szabo.ildiko2@semmelweis.hu<\/a>\u00a0e-mail c\u00edmre.<\/p>\n<p><span lang=\"en-US\">\u00a0<\/span><\/p>\n<p>\u00c9rdekl\u0151dni a Szak- \u00e9s Tov\u00e1bbk\u00e9pz\u00e9si K\u00f6zpont illet\u00e9kes koll\u00e9gan\u0151j\u00e9n\u00e9l, Szab\u00f3-Sipos Ildik\u00f3n\u00e1l lehet:<\/p>\n<p>Telefon:\u00a0\u00a0\u00a0 06-1\/459-1500\/62385 mell\u00e9k<\/p>\n<p>E-mail:<span lang=\"de\">\u00a0 \u00a0\u00a0 <\/span><u><a href=\"mailto:szabo.ildiko2@semmelweis.hu\">szabo.ildiko2@semmelweis.hu<\/a><\/u><\/p>\n<p><span lang=\"de\">\u00a0<\/span><\/p>\n<p>A jelentkez\u00e9ssel kapcsolatos t\u00e1j\u00e9koztat\u00f3, hirdetm\u00e9ny, jelentkez\u00e9si lap, a\u00a0<a href=\"http:\/\/www.semmelweis.hu\/szak-es-tovabbkepzes\/szakkepzes\/haziorvostan\" target=\"_blank\" rel=\"noopener noreferrer\"><span lang=\"de\">www.semmelweis.hu\/szak-es-tovabbkepzes\/szakkepzes\/haziorvostan<\/span><\/a><\/p>\n<p>el\u00e9rhet\u0151s\u00e9gen a \u2019Let\u00f6lthet\u0151 dokumentumok\u2019 c\u00edmsz\u00f3 alatt tal\u00e1lhat\u00f3.<\/p>\n<p><span lang=\"de\">\u00a0<\/span><\/p>\n<p>Budapest, 2026. janu\u00e1r 27.<\/p>\n<p>&nbsp;<\/p>\n<p>Tisztelettel:<\/p>\n<p><em>Prof. Dr. Masszi Tam\u00e1s<\/em><\/p>\n<p><em>igazgat\u00f3<\/em><\/p>\n<p>&nbsp;<\/p>\n<table style=\"height: 363px;width: 99.8782%;border-collapse: collapse\">\n<tbody>\n<tr style=\"height: 99px\">\n<td style=\"width: 819px;background-color: #ba0000;text-align: left;vertical-align: middle;height: 99px\">\n<h2><span style=\"color: #ffffff\"><strong>Let\u00f6lthet\u0151 dokumentumok<\/strong><\/span><\/h2>\n<\/td>\n<\/tr>\n<tr style=\"height: 264px\">\n<td style=\"width: 819px;height: 264px\">\n<ul>\n<li><strong><a href=\"https:\/\/semmelweis.hu\/szak-es-tovabbkepzes\/files\/2026\/02\/TAJEKOZTATO-2026-honlapra.pdf\">T\u00e1j\u00e9koztat\u00f3 2026<\/a>\u00a0<\/strong>a h\u00e1ziorvostan keretsz\u00e1mokr\u00f3l<\/li>\n<li><strong><a href=\"https:\/\/semmelweis.hu\/szak-es-tovabbkepzes\/files\/2026\/02\/Hirdetmeny-2026-honlapra.pdf\">Hirdetm\u00e9ny 2026<\/a>\u00a0<\/strong>az eg\u00e9szs\u00e9g\u00fcgyi fels\u0151fok\u00fa szakir\u00e1ny\u00fa szakk\u00e9pz\u00e9si rendszerr\u0151l<\/li>\n<li><strong><a href=\"https:\/\/semmelweis.hu\/szak-es-tovabbkepzes\/files\/2026\/02\/Jelentkezesi-lap_haziorvos_rendszerbevetel.doc\">Jelentkez\u00e9si lap<\/a>\u00a0<\/strong>a Semmelweis Egyetem \u00c1ltal\u00e1nos Orvostudom\u00e1nyi Kar r\u00e9gi\u00f3j\u00e1ba tartoz\u00f3, meghirdetett H\u00c1ZIORVOSTAN \u00e1ll\u00e1shelyekre p\u00e1ly\u00e1z\u00f3k r\u00e9sz\u00e9re<\/li>\n<li><a href=\"https:\/\/semmelweis.hu\/szak-es-tovabbkepzes\/files\/2019\/03\/Kitoltesi-utmutato.doc\">KIT\u00d6LT\u00c9SI \u00daTMUTAT\u00d3<\/a>h\u00e1ziorvosi jelentkez\u00e9shez<\/li>\n<li><a href=\"https:\/\/semmelweis.hu\/szak-es-tovabbkepzes\/files\/2023\/02\/Csatolando_mellekletek_jegyzeke_2023.pdf\">CSATOLAND\u00d3 MELL\u00c9KLETEK<\/a> jegyz\u00e9ke h\u00e1ziorvosi jelentkez\u00e9shez<\/li>\n<\/ul>\n<\/td>\n<\/tr>\n<\/tbody>\n<\/table>\n<p>&nbsp;<\/p>\n<p><strong>Tov\u00e1bbi inform\u00e1ci\u00f3k a szakorvosk\u00e9pz\u00e9sr\u0151l:\u00a0<a href=\"https:\/\/semmelweis.hu\/szak-es-tovabbkepzes\/aok\/\">https:\/\/semmelweis.hu\/szak-es-tovabbkepzes\/aok\/<\/a><\/strong><\/p>\n","protected":false},"excerpt":{"rendered":"<p>HIRDETM\u00c9NY 2026. \u00e9vi h\u00e1ziorvostan keretsz\u00e1mokr\u00f3l \u00a0 T\u00e1j\u00e9koztatom, hogy az eg\u00e9szs\u00e9g\u00fcgyi fels\u0151fok\u00fa szakir\u00e1ny\u00fa szakk\u00e9pz\u00e9si rendszerr\u0151l sz\u00f3l\u00f3 162\/2015. (IV.30) Korm\u00e1nyrendelet alapj\u00e1n a Semmelweis Egyetem r\u00e9gi\u00f3j\u00e1ban 2026. tan\u00e9vre H\u00e1ziorvostan\u00a0\u00a0\u00a0\u00a0\u00a0\u00a0\u00a0\u00a0\u00a0\u00a0\u00a0\u00a0\u00a0\u00a0\u00a0\u00a0\u00a0\u00a0\u00a0\u00a0\u00a0\u00a0\u00a0\u00a0\u00a0\u00a0\u00a0 50 f\u0151 rezidensi \u00e1ll\u00e1shelyre ny\u00fajthat\u00f3 be p\u00e1ly\u00e1zat az al\u00e1bbiak szerint: \u00a0 1.1.\u00a0Meghallgat\u00e1s id\u0151pontja: 2026. m\u00e1rcius 9. H\u00e9tf\u0151 \u2013 900\u00a0\u00a0\u00a0\u00a0\u00a0\u00a0\u00a0\u00a0\u00a0\u00a0\u00a0\u00a0\u00a0\u00a0 Helye:\u00a0SE\u00a0Csal\u00e1dorvosi Tansz\u00e9k, 1091 Budapest, \u00dcll\u0151i \u00fat 25.\u00a0I. emelet. A jelentkez\u00e9si &hellip;<\/p>\n","protected":false},"author":101506,"featured_media":0,"parent":1839,"menu_order":4,"comment_status":"closed","ping_status":"closed","template":"","meta":{"_acf_changed":false,"footnotes":""},"categories":[],"tags":[],"class_list":["post-1822","page","type-page","status-publish","hentry"],"acf":[],"_links":{"self":[{"href":"https:\/\/semmelweis.hu\/szak-es-tovabbkepzes\/wp-json\/wp\/v2\/pages\/1822","targetHints":{"allow":["GET"]}}],"collection":[{"href":"https:\/\/semmelweis.hu\/szak-es-tovabbkepzes\/wp-json\/wp\/v2\/pages"}],"about":[{"href":"https:\/\/semmelweis.hu\/szak-es-tovabbkepzes\/wp-json\/wp\/v2\/types\/page"}],"author":[{"embeddable":true,"href":"https:\/\/semmelweis.hu\/szak-es-tovabbkepzes\/wp-json\/wp\/v2\/users\/101506"}],"replies":[{"embeddable":true,"href":"https:\/\/semmelweis.hu\/szak-es-tovabbkepzes\/wp-json\/wp\/v2\/comments?post=1822"}],"version-history":[{"count":10,"href":"https:\/\/semmelweis.hu\/szak-es-tovabbkepzes\/wp-json\/wp\/v2\/pages\/1822\/revisions"}],"predecessor-version":[{"id":23043,"href":"https:\/\/semmelweis.hu\/szak-es-tovabbkepzes\/wp-json\/wp\/v2\/pages\/1822\/revisions\/23043"}],"up":[{"embeddable":true,"href":"https:\/\/semmelweis.hu\/szak-es-tovabbkepzes\/wp-json\/wp\/v2\/pages\/1839"}],"wp:attachment":[{"href":"https:\/\/semmelweis.hu\/szak-es-tovabbkepzes\/wp-json\/wp\/v2\/media?parent=1822"}],"wp:term":[{"taxonomy":"category","embeddable":true,"href":"https:\/\/semmelweis.hu\/szak-es-tovabbkepzes\/wp-json\/wp\/v2\/categories?post=1822"},{"taxonomy":"post_tag","embeddable":true,"href":"https:\/\/semmelweis.hu\/szak-es-tovabbkepzes\/wp-json\/wp\/v2\/tags?post=1822"}],"curies":[{"name":"wp","href":"https:\/\/api.w.org\/{rel}","templated":true}]}}