{"id":1819,"date":"2019-01-25T10:11:10","date_gmt":"2019-01-25T09:11:10","guid":{"rendered":"http:\/\/semmelweis.hu\/szak-es-tovabbkepzes\/?page_id=1819"},"modified":"2021-03-17T22:37:50","modified_gmt":"2021-03-17T21:37:50","slug":"hianyszakmak","status":"publish","type":"page","link":"https:\/\/semmelweis.hu\/szak-es-tovabbkepzes\/szakkepzes\/hianyszakmak\/","title":{"rendered":"Hi\u00e1nyszakm\u00e1k"},"content":{"rendered":"<h2><span style=\"font-family: georgia, palatino, serif\"><strong>Hi\u00e1nyszakm\u00e1k<\/strong><\/span><\/h2>\n<p><span style=\"font-family: georgia, palatino, serif\">A t\u00e1rgy\u00e9vi hi\u00e1nyszakm\u00e1kat a t\u00e1rgy\u00e9vet megel\u0151z\u0151 \u00e9vben az eg\u00e9szs\u00e9g\u00fcgy\u00e9rt felel\u0151s miniszter hat\u00e1rozza meg. A hi\u00e1nyszakm\u00e1k Budapesten \u00e9s vid\u00e9ken elt\u00e9r\u0151ek. Emellett vannak egyes eg\u00e9szs\u00e9g\u00fcgyi int\u00e9zm\u00e9nyek, ahol valamennyi szakma hi\u00e1nyszakm\u00e1nak min\u0151s\u00fcl.<\/span><\/p>\n<p><em><strong>Hi\u00e1nyszakm\u00e1k list\u00e1j\u00e1t ld. az adott \u00e9vi keretsz\u00e1mok hirdetm\u00e9ny\u00e9ben:<\/strong><\/em><\/p>\n<blockquote class=\"wp-embedded-content\" data-secret=\"9hX6LFbm9y\"><p><a href=\"https:\/\/semmelweis.hu\/szak-es-tovabbkepzes\/szakkepzes\/keretszamok\/\">Keretsz\u00e1mok<\/a><\/p><\/blockquote>\n<p><iframe loading=\"lazy\" class=\"wp-embedded-content\" sandbox=\"allow-scripts\" security=\"restricted\" style=\"position: absolute; clip: rect(1px, 1px, 1px, 1px);\" title=\"&#8220;Keretsz\u00e1mok&#8221; &#8212; Szak- \u00e9s Tov\u00e1bbk\u00e9pz\u00e9si K\u00f6zpont\" src=\"https:\/\/semmelweis.hu\/szak-es-tovabbkepzes\/szakkepzes\/keretszamok\/embed\/#?secret=9hX6LFbm9y\" data-secret=\"9hX6LFbm9y\" width=\"600\" height=\"338\" frameborder=\"0\" marginwidth=\"0\" marginheight=\"0\" scrolling=\"no\"><\/iframe><\/p>\n<p>&nbsp;<\/p>\n<p>&nbsp;<\/p>\n<h2><span style=\"font-family: georgia, palatino, serif\"><strong>Az \u00f6szt\u00f6nd\u00edj \u00e9s a v\u00e1llal\u00e1si id\u0151szak teljes\u00edt\u00e9se <u><br \/>\n<\/u><\/strong><\/span><\/h2>\n<p><span style=\"font-family: georgia, palatino, serif\">Amennyiben a Hi\u00e1nyszakm\u00e1s \u00d6szt\u00f6nd\u00edjas rezidens szakot vagy eg\u00e9szs\u00e9g\u00fcgyi szolg\u00e1ltat\u00f3 v\u00e1lt olyan szakter\u00fcletre, amely a v\u00e1lt\u00e1skor nem min\u0151s\u00fcl hi\u00e1nyszakm\u00e1nak, v\u00e1lthat a Markusovszky \u00d6szt\u00f6nd\u00edjra, azonban az addig kifizetett \u00f6szt\u00f6nd\u00edjak tekintet\u00e9ben a hi\u00e1nyszakm\u00e1s \u00e9s a Markusovszky \u00d6szt\u00f6nd\u00edj k\u00fcl\u00f6nb\u00f6zet\u00e9t vissza kell fizetnie.<\/span><\/p>\n<p><span style=\"font-family: georgia, palatino, serif\">Az \u00f6szt\u00f6nd\u00edj foly\u00f3s\u00edt\u00e1s\u00e1ra akkor ker\u00fcl sor, ha:<\/span><\/p>\n<ul>\n<li><span style=\"font-family: georgia, palatino, serif\">a rezidens az \u00f6szt\u00f6nd\u00edjas szerz\u0151d\u00e9se al\u00e1\u00edr\u00e1s\u00e1t k\u00f6vet\u0151en az \u00c1EEK \u00e1ltal m\u0171k\u00f6dtetett elektronikus fel\u00fcleten a szakk\u00e9pz\u00e9se teljes\u00edt\u00e9s\u00e9t leigazolja vagy<\/span><\/li>\n<li><span style=\"font-family: georgia, palatino, serif\">a szakk\u00e9pz\u00e9s\u00e9\u00e9rt felel\u0151s egyetem igazolja az \u00c1EEK fel\u00e9 a rezidens szakk\u00e9pz\u00e9s\u00e9nek megfelel\u0151 teljes\u00edt\u00e9s\u00e9t.<\/span><\/li>\n<\/ul>\n<p><span style=\"font-family: georgia, palatino, serif\">Amennyiben ut\u00f3lagosan kider\u00fcl, hogy a rezidens az \u00e1ltala leigazolt h\u00f3napban nem vagy nem a szakk\u00e9pz\u00e9s\u00e9nek megfelel\u0151en teljes\u00edtette a szakk\u00e9pz\u00e9s\u00e9t, az \u00edgy jogosulatlanul foly\u00f3s\u00edtott \u00f6szt\u00f6nd\u00edjat vissza kell fizetni.<\/span><\/p>\n<p><span style=\"font-family: georgia, palatino, serif\">Az \u00d6szt\u00f6nd\u00edj foly\u00f3s\u00edt\u00e1sa a magyarorsz\u00e1gi szakk\u00e9pz\u00e9s teljes\u00edt\u00e9s\u00e9vel p\u00e1rhuzamosan t\u00f6rt\u00e9nik. Amennyiben a szakk\u00e9pz\u00e9s valamely okb\u00f3l sz\u00fcnetel, az \u00f6szt\u00f6nd\u00edj foly\u00f3s\u00edt\u00e1sa is sz\u00fcnetel.<\/span><\/p>\n<p><span style=\"font-family: georgia, palatino, serif\">Az \u00d6szt\u00f6nd\u00edj v\u00e1llal\u00e1si id\u0151szak sz\u00fcneteltethet\u0151 gyermekv\u00e1llal\u00e1s, tart\u00f3s betegs\u00e9g, \u00f6szt\u00f6nd\u00edjjal t\u00e1mogatott tudom\u00e1nyos munka, vagy kiskor\u00fa, illetve hozz\u00e1tartoz\u00f3 tart\u00f3s \u00e1pol\u00e1sa\/gondoz\u00e1sa miatt, illetve ezen t\u00falmen\u0151en \u2013 indokl\u00e1s n\u00e9lk\u00fcl \u2013 tov\u00e1bbi 1 \u00e9vig. (Azaz, aki 5 \u00e9vig kapta az \u00f6szt\u00f6nd\u00edjat annak 6 \u00e9v \u00e1ll rendelkez\u00e9s\u00e9re az 5 \u00e9ves v\u00e1llal\u00e1si id\u0151szak igazol\u00e1s\u00e1ra).<\/span><\/p>\n<p><span style=\"font-family: georgia, palatino, serif\">Amennyiben a rezidens nem az \u00f6szt\u00f6nd\u00edjas szerz\u0151d\u00e9sben foglaltaknak megfelel\u0151en j\u00e1r el, k\u00fcl\u00f6n\u00f6sen akkor, ha a k\u00e9pz\u00e9s\u00e9t megsz\u00fcnteti \u00e9s nem folytatja, vagy k\u00fclf\u00f6ld\u00f6n k\u00edv\u00e1nja a k\u00e9pz\u00e9s\u00e9t folytatni vagy a v\u00e1llal\u00e1si id\u0151szak\u00e1t nem teljes\u00edti, a kifizetett \u00f6szt\u00f6nd\u00edjat kamatokkal terhelten kell visszafizetnie.<\/span><\/p>\n","protected":false},"excerpt":{"rendered":"<p>Hi\u00e1nyszakm\u00e1k A t\u00e1rgy\u00e9vi hi\u00e1nyszakm\u00e1kat a t\u00e1rgy\u00e9vet megel\u0151z\u0151 \u00e9vben az eg\u00e9szs\u00e9g\u00fcgy\u00e9rt felel\u0151s miniszter hat\u00e1rozza meg. A hi\u00e1nyszakm\u00e1k Budapesten \u00e9s vid\u00e9ken elt\u00e9r\u0151ek. Emellett vannak egyes eg\u00e9szs\u00e9g\u00fcgyi int\u00e9zm\u00e9nyek, ahol valamennyi szakma hi\u00e1nyszakm\u00e1nak min\u0151s\u00fcl. Hi\u00e1nyszakm\u00e1k list\u00e1j\u00e1t ld. az adott \u00e9vi keretsz\u00e1mok hirdetm\u00e9ny\u00e9ben: &nbsp; &nbsp; Az \u00f6szt\u00f6nd\u00edj \u00e9s a v\u00e1llal\u00e1si id\u0151szak teljes\u00edt\u00e9se Amennyiben a Hi\u00e1nyszakm\u00e1s \u00d6szt\u00f6nd\u00edjas rezidens szakot vagy eg\u00e9szs\u00e9g\u00fcgyi &hellip;<\/p>\n","protected":false},"author":101506,"featured_media":0,"parent":1839,"menu_order":3,"comment_status":"closed","ping_status":"closed","template":"","meta":{"_acf_changed":false,"footnotes":""},"categories":[],"tags":[],"class_list":["post-1819","page","type-page","status-publish","hentry"],"acf":[],"_links":{"self":[{"href":"https:\/\/semmelweis.hu\/szak-es-tovabbkepzes\/wp-json\/wp\/v2\/pages\/1819","targetHints":{"allow":["GET"]}}],"collection":[{"href":"https:\/\/semmelweis.hu\/szak-es-tovabbkepzes\/wp-json\/wp\/v2\/pages"}],"about":[{"href":"https:\/\/semmelweis.hu\/szak-es-tovabbkepzes\/wp-json\/wp\/v2\/types\/page"}],"author":[{"embeddable":true,"href":"https:\/\/semmelweis.hu\/szak-es-tovabbkepzes\/wp-json\/wp\/v2\/users\/101506"}],"replies":[{"embeddable":true,"href":"https:\/\/semmelweis.hu\/szak-es-tovabbkepzes\/wp-json\/wp\/v2\/comments?post=1819"}],"version-history":[{"count":5,"href":"https:\/\/semmelweis.hu\/szak-es-tovabbkepzes\/wp-json\/wp\/v2\/pages\/1819\/revisions"}],"predecessor-version":[{"id":21849,"href":"https:\/\/semmelweis.hu\/szak-es-tovabbkepzes\/wp-json\/wp\/v2\/pages\/1819\/revisions\/21849"}],"up":[{"embeddable":true,"href":"https:\/\/semmelweis.hu\/szak-es-tovabbkepzes\/wp-json\/wp\/v2\/pages\/1839"}],"wp:attachment":[{"href":"https:\/\/semmelweis.hu\/szak-es-tovabbkepzes\/wp-json\/wp\/v2\/media?parent=1819"}],"wp:term":[{"taxonomy":"category","embeddable":true,"href":"https:\/\/semmelweis.hu\/szak-es-tovabbkepzes\/wp-json\/wp\/v2\/categories?post=1819"},{"taxonomy":"post_tag","embeddable":true,"href":"https:\/\/semmelweis.hu\/szak-es-tovabbkepzes\/wp-json\/wp\/v2\/tags?post=1819"}],"curies":[{"name":"wp","href":"https:\/\/api.w.org\/{rel}","templated":true}]}}