{"id":989,"date":"2017-03-10T12:06:45","date_gmt":"2017-03-10T11:06:45","guid":{"rendered":"http:\/\/semmelweis.hu\/szajsebeszet\/?page_id=989"},"modified":"2025-10-07T16:20:52","modified_gmt":"2025-10-07T14:20:52","slug":"kovetelmenyek","status":"publish","type":"page","link":"https:\/\/semmelweis.hu\/szajsebeszet\/oktatas\/szajsebeszet\/kovetelmenyek\/","title":{"rendered":"Sz\u00e1jseb\u00e9szet tant\u00e1rgy le\u00edr\u00e1sa \u00e9s k\u00f6vetelm\u00e9nyei"},"content":{"rendered":"<div class=\"responsive-tabs\">\n<h2 class=\"tabtitle\">FOK III. \u00e9vf.<\/h2>\n<div class=\"tabcontent\">\n\n<p><a href=\"https:\/\/semmelweis.hu\/szajsebeszet\/files\/2025\/10\/Proped_magyar.pdf\">FOK III. \u00e9vfolyam k\u00f6vetelm\u00e9nyek<\/a><\/p>\n\n<\/div><h2 class=\"tabtitle\">FOK IV. \u00e9vf.<\/h2>\n<div class=\"tabcontent\">\n\n<div id=\"pf7\" class=\"page-outer-wrapper\">\n<div class=\"page-inner-wrapper\">\n<div id=\"pg-8pf8\" class=\"pf pg-8w0 pg-8h0\">\n<div class=\"pc pg-8pc8 pg-8w0 pg-8h0\">\n<div class=\"c pg-8x1 pg-8y1 pg-8w0 pg-8h2\">\n<div class=\"t pg-8m0 pg-8x2 pg-8h3 pg-8y11 pg-8ff1 pg-8fs0 pg-8fc0 pg-8sc0 pg-8ls0 pg-8ws0\">\n<p><a href=\"https:\/\/semmelweis.hu\/szajsebeszet\/files\/2025\/10\/Szajsebeszet-II-magyar.pdf\" target=\"_blank\" rel=\"noopener\">FOK IV. \u00e9vfolyam k\u00f6vetelm\u00e9nyek<\/a><\/p>\n<\/div>\n<\/div>\n<\/div>\n<\/div>\n<\/div>\n<\/div>\n\n<\/div><h2 class=\"tabtitle\">FOK V. \u00e9vf.<\/h2>\n<div class=\"tabcontent\">\n\n<p><a href=\"https:\/\/semmelweis.hu\/szajsebeszet\/files\/2025\/10\/Szajsebeszet-IV-magyar.pdf\">FOK V. \u00e9vfolyam k\u00f6vetelm\u00e9nyek<\/a><\/p>\n<\/div><\/div>\n<p>&nbsp;<\/p>\n","protected":false},"excerpt":{"rendered":"<p><a href=\"https:\/\/semmelweis.hu\/szajsebeszet\/files\/2025\/10\/Proped_magyar.pdf\">FOK III. \u00e9vfolyam k\u00f6vetelm\u00e9nyek<\/a><\/p>\n<p><a href=\"https:\/\/semmelweis.hu\/szajsebeszet\/files\/2025\/10\/Szajsebeszet-II-magyar.pdf\" target=\"_blank\" rel=\"noopener\">FOK IV. \u00e9vfolyam k\u00f6vetelm\u00e9nyek<\/a><\/p>\n<p><a href=\"https:\/\/semmelweis.hu\/szajsebeszet\/files\/2025\/10\/Szajsebeszet-IV-magyar.pdf\">FOK V. \u00e9vfolyam k\u00f6vetelm\u00e9nyek<\/a><\/p>\n<p>&nbsp;<\/p>\n","protected":false},"author":176,"featured_media":0,"parent":187,"menu_order":0,"comment_status":"closed","ping_status":"closed","template":"","meta":{"_acf_changed":false,"footnotes":""},"categories":[],"tags":[],"class_list":["post-989","page","type-page","status-publish","hentry"],"acf":[],"_links":{"self":[{"href":"https:\/\/semmelweis.hu\/szajsebeszet\/wp-json\/wp\/v2\/pages\/989","targetHints":{"allow":["GET"]}}],"collection":[{"href":"https:\/\/semmelweis.hu\/szajsebeszet\/wp-json\/wp\/v2\/pages"}],"about":[{"href":"https:\/\/semmelweis.hu\/szajsebeszet\/wp-json\/wp\/v2\/types\/page"}],"author":[{"embeddable":true,"href":"https:\/\/semmelweis.hu\/szajsebeszet\/wp-json\/wp\/v2\/users\/176"}],"replies":[{"embeddable":true,"href":"https:\/\/semmelweis.hu\/szajsebeszet\/wp-json\/wp\/v2\/comments?post=989"}],"version-history":[{"count":10,"href":"https:\/\/semmelweis.hu\/szajsebeszet\/wp-json\/wp\/v2\/pages\/989\/revisions"}],"predecessor-version":[{"id":4586,"href":"https:\/\/semmelweis.hu\/szajsebeszet\/wp-json\/wp\/v2\/pages\/989\/revisions\/4586"}],"up":[{"embeddable":true,"href":"https:\/\/semmelweis.hu\/szajsebeszet\/wp-json\/wp\/v2\/pages\/187"}],"wp:attachment":[{"href":"https:\/\/semmelweis.hu\/szajsebeszet\/wp-json\/wp\/v2\/media?parent=989"}],"wp:term":[{"taxonomy":"category","embeddable":true,"href":"https:\/\/semmelweis.hu\/szajsebeszet\/wp-json\/wp\/v2\/categories?post=989"},{"taxonomy":"post_tag","embeddable":true,"href":"https:\/\/semmelweis.hu\/szajsebeszet\/wp-json\/wp\/v2\/tags?post=989"}],"curies":[{"name":"wp","href":"https:\/\/api.w.org\/{rel}","templated":true}]}}