{"id":9,"date":"2012-01-25T14:10:15","date_gmt":"2012-01-25T14:10:15","guid":{"rendered":"http:\/\/semmelweis-egyetem.hu\/szajsebeszet\/?page_id=9"},"modified":"2022-02-18T09:03:41","modified_gmt":"2022-02-18T08:03:41","slug":"kutatasi-teruletek","status":"publish","type":"page","link":"https:\/\/semmelweis.hu\/szajsebeszet\/kutatasi-teruletek\/","title":{"rendered":"Kutat\u00e1si ter\u00fcletek"},"content":{"rendered":"<p>Klinikai kutat\u00e1si ter\u00fcletek<\/p>\n<ul>\n<li>Maxillofacialis l\u00e1gy- \u00e9s kem\u00e9nysz\u00f6veti seb\u00e9szi rehabilit\u00e1ci\u00f3s elj\u00e1r\u00e1sok biol\u00f3giai \u00e9s klinikai vizsg\u00e1lata,\u00a0fejleszt\u00e9se<\/li>\n<li>Az arc-\u00e1llcsontseb\u00e9szetben haszn\u00e1latos implant\u00e1tumok, orvosi m\u0171szerek form\u00e1j\u00e1nak, anyag\u00f6sszet\u00e9tel\u00e9nek,\u00a0fel\u00fcleti tulajdons\u00e1gainak optimaliz\u00e1l\u00e1sa, kutat\u00e1sa<\/li>\n<li>K\u00fcl\u00f6nb\u00f6z\u0151 csontp\u00f3tl\u00f3 anyagok, csontregener\u00e1ci\u00f3s\u00a0elj\u00e1r\u00e1sok klinikai alkalmaz\u00e1sa<\/li>\n<li>\u00daj kemoter\u00e1pi\u00e1s protokollok kifejleszt\u00e9se fej-nyak daganatok\u00a0kezel\u00e9s\u00e9re<\/li>\n<li>Daganatellenes gy\u00f3gyszerek klinikai kipr\u00f3b\u00e1l\u00e1sa<\/li>\n<li>A vesz\u00e9lyeztetett popul\u00e1ci\u00f3 sz\u0171r\u00e9se\u00a0a sz\u00e1j\u00fcregi daganatos betegs\u00e9gek megel\u0151z\u00e9se \u00e9rdek\u00e9ben<\/li>\n<li>Biszfoszfon\u00e1tok okozta ny\u00e1lkah\u00e1rtya \u00e9s\u00a0csontnekr\u00f3zisok vizsg\u00e1lata, kezel\u00e9se<\/li>\n<li>Diabetes mellitus \u00e9s a sz\u00e1j\u00fcregi r\u00e1k<\/li>\n<li>3D Kefalometria fejleszt\u00e9se \u2013alkalmaz\u00e1sa<\/li>\n<li>\n<div id=\"yui_3_16_0_ym19_1_1485747382159_8226\">Fiatalkorban el\u0151fordul\u00f3 rosszindulat\u00fa sz\u00e1j\u00fcregi daganatok etiol\u00f3gi\u00e1ja, epidemiol\u00f3gi\u00e1ja.<\/div>\n<\/li>\n<li>\n<div id=\"yui_3_16_0_ym19_1_1485747382159_8226\">\u00a0A HPV okozta sz\u00e1j\u00fcregi daganatok progn\u00f3zisa.<\/div>\n<\/li>\n<li>\n<div id=\"yui_3_16_0_ym19_1_1485747382159_8225\">\u00a0Sz\u00e1j\u00fcregi daganatok prognosztikai \u00e9s predikt\u00edv faktorainak vizsg\u00e1lata.<\/div>\n<\/li>\n<li>\n<div id=\"yui_3_16_0_ym19_1_1485747382159_8224\">\u00a0Sz\u00e1j\u00fcregi daganatok szocio\u00f6kon\u00f3miai h\u00e1tter\u00e9nek kutat\u00e1sa.<\/div>\n<\/li>\n<li>A diabetes mellitus \u00e9s a sz\u00e1j\u00fcregi daganatok \u00f6sszef\u00fcgg\u00e9sei<\/li>\n<li>\n<div>Implant\u00e1ci\u00f3val egyid\u0151ben t\u00f6rt\u00e9n\u0151 horizont\u00e1lis csontp\u00f3tl\u00e1s tit\u00e1nh\u00e1l\u00f3 seg\u00edts\u00e9g\u00e9vel<\/div>\n<\/li>\n<li>\n<div>Bioanyagok szerepe a csontregener\u00e1ci\u00f3s folyamatokban (PRF, PRP)<\/div>\n<\/li>\n<li>\n<div>\u00d6sszehasonl\u00edt\u00f3 CBCT vizsg\u00e1latok a csontp\u00f3tl\u00f3 m\u0171t\u00e9tek sikeress\u00e9g\u00e9nek meg\u00edt\u00e9l\u00e9s\u00e9re<\/div>\n<div>\u00a0<\/div>\n<\/li>\n<\/ul>\n","protected":false},"excerpt":{"rendered":"<p>Klinikai kutat\u00e1si ter\u00fcletek Maxillofacialis l\u00e1gy- \u00e9s kem\u00e9nysz\u00f6veti seb\u00e9szi rehabilit\u00e1ci\u00f3s elj\u00e1r\u00e1sok biol\u00f3giai \u00e9s klinikai vizsg\u00e1lata,\u00a0fejleszt\u00e9se Az arc-\u00e1llcsontseb\u00e9szetben haszn\u00e1latos implant\u00e1tumok, orvosi m\u0171szerek form\u00e1j\u00e1nak, anyag\u00f6sszet\u00e9tel\u00e9nek,\u00a0fel\u00fcleti tulajdons\u00e1gainak optimaliz\u00e1l\u00e1sa, kutat\u00e1sa K\u00fcl\u00f6nb\u00f6z\u0151 csontp\u00f3tl\u00f3 anyagok, csontregener\u00e1ci\u00f3s\u00a0elj\u00e1r\u00e1sok klinikai alkalmaz\u00e1sa \u00daj kemoter\u00e1pi\u00e1s protokollok kifejleszt\u00e9se fej-nyak daganatok\u00a0kezel\u00e9s\u00e9re Daganatellenes gy\u00f3gyszerek klinikai kipr\u00f3b\u00e1l\u00e1sa A vesz\u00e9lyeztetett popul\u00e1ci\u00f3 sz\u0171r\u00e9se\u00a0a sz\u00e1j\u00fcregi daganatos betegs\u00e9gek megel\u0151z\u00e9se \u00e9rdek\u00e9ben Biszfoszfon\u00e1tok okozta ny\u00e1lkah\u00e1rtya \u00e9s\u00a0csontnekr\u00f3zisok vizsg\u00e1lata, &hellip;<\/p>\n","protected":false},"author":176,"featured_media":0,"parent":0,"menu_order":5,"comment_status":"closed","ping_status":"closed","template":"","meta":{"_acf_changed":false,"footnotes":""},"categories":[],"tags":[],"class_list":["post-9","page","type-page","status-publish","hentry"],"acf":[],"_links":{"self":[{"href":"https:\/\/semmelweis.hu\/szajsebeszet\/wp-json\/wp\/v2\/pages\/9","targetHints":{"allow":["GET"]}}],"collection":[{"href":"https:\/\/semmelweis.hu\/szajsebeszet\/wp-json\/wp\/v2\/pages"}],"about":[{"href":"https:\/\/semmelweis.hu\/szajsebeszet\/wp-json\/wp\/v2\/types\/page"}],"author":[{"embeddable":true,"href":"https:\/\/semmelweis.hu\/szajsebeszet\/wp-json\/wp\/v2\/users\/176"}],"replies":[{"embeddable":true,"href":"https:\/\/semmelweis.hu\/szajsebeszet\/wp-json\/wp\/v2\/comments?post=9"}],"version-history":[{"count":6,"href":"https:\/\/semmelweis.hu\/szajsebeszet\/wp-json\/wp\/v2\/pages\/9\/revisions"}],"predecessor-version":[{"id":3619,"href":"https:\/\/semmelweis.hu\/szajsebeszet\/wp-json\/wp\/v2\/pages\/9\/revisions\/3619"}],"wp:attachment":[{"href":"https:\/\/semmelweis.hu\/szajsebeszet\/wp-json\/wp\/v2\/media?parent=9"}],"wp:term":[{"taxonomy":"category","embeddable":true,"href":"https:\/\/semmelweis.hu\/szajsebeszet\/wp-json\/wp\/v2\/categories?post=9"},{"taxonomy":"post_tag","embeddable":true,"href":"https:\/\/semmelweis.hu\/szajsebeszet\/wp-json\/wp\/v2\/tags?post=9"}],"curies":[{"name":"wp","href":"https:\/\/api.w.org\/{rel}","templated":true}]}}