{"id":78,"date":"2013-03-17T20:25:23","date_gmt":"2013-03-17T20:25:23","guid":{"rendered":"http:\/\/semmelweis-egyetem.hu\/szajsebeszet\/?page_id=78"},"modified":"2024-03-24T23:05:02","modified_gmt":"2024-03-24T22:05:02","slug":"eloadasok-i","status":"publish","type":"page","link":"https:\/\/semmelweis.hu\/szajsebeszet\/oktatas\/implantologia\/eloadasok-i\/","title":{"rendered":"Implantol\u00f3gia el\u0151ad\u00e1sok"},"content":{"rendered":"<p><a href=\"https:\/\/semmelweis.hu\/szajsebeszet\/files\/2024\/03\/Implant-2024_1_M.pdf\"><span style=\"font-size: 14pt\">Implantol\u00f3gia el\u0151ad\u00e1stematika.<\/span><\/a><\/p>\n<div>\n<p class=\"Norml1\"><em><strong><u><span lang=\"hu\">K\u00f6telez\u0151 irodalom:<\/span><\/u><span lang=\"hu\"> Divinyi T. (szerk.)<\/span><span lang=\"hu\">:<\/span><span lang=\"hu\"> Or\u00e1lis implantol\u00f3gia.\u00a0<\/span><span style=\"font-size: 1rem\">Semmelweis Kiad\u00f3, Budapest, 2007.<\/span><\/strong><\/em><\/p>\n<p>Aj\u00e1nlott irodalom: <br \/>\n1. Carranza F.: Clinical Periodontology \u2013 Elsevier<br \/>\n2. Jensen O.: The Sinus Bone Graft \u2013 Quintessence<br \/>\n3. Garg A.: Bone Biology, Harvesting and Grafting for Dental Implants \u2013 Quintessence<br \/>\n4. Buser D.: 20 Years of Guided Bone Regeneration in Implant Dentistry \u2013 Quintessence<br \/>\n5. Urb\u00e1n I.: Vertical and Horizontal Ridge Augmentation- Quintessence<br \/>\n6. Urb\u00e1n I.: Vertical 2: The next level of Hard and Soft Tissue Augmentation- Quintessence<br \/>\n7. Wismeijer D. at al: Digital Workflows in Implant Dentistry_ ITI Treatment Guide (11.)<\/p>\n<\/div>\n<p>&nbsp;<\/p>\n<p><strong>Az el\u0151ad\u00e1sok anyaga \u00e9s tov\u00e1bbi inform\u00e1ci\u00f3k a Semmelweis Egyetem e-learning fel\u00fclet\u00e9n \u00e9rhet\u0151ek el:<\/strong> <a href=\"https:\/\/seka.semmelweis.hu\/\">https:\/\/seka.semmelweis.hu\/<\/a><\/p>\n","protected":false},"excerpt":{"rendered":"<p><a href=\"https:\/\/semmelweis.hu\/szajsebeszet\/files\/2024\/03\/Implant-2024_1_M.pdf\">Implantol\u00f3gia el\u0151ad\u00e1stematika.<\/a> K\u00f6telez\u0151 irodalom: Divinyi T. (szerk.): Or\u00e1lis implantol\u00f3gia.\u00a0Semmelweis Kiad\u00f3, Budapest, 2007. Aj\u00e1nlott irodalom: 1. Carranza F.: Clinical Periodontology \u2013 Elsevier 2. Jensen O.: The Sinus Bone Graft \u2013 Quintessence 3. Garg A.: Bone Biology, Harvesting and Grafting for Dental Implants \u2013 Quintessence 4. Buser D.: 20 Years of Guided Bone Regeneration in Implant Dentistry \u2013 Quintessence &hellip;<\/p>\n","protected":false},"author":58,"featured_media":0,"parent":50,"menu_order":1,"comment_status":"closed","ping_status":"closed","template":"","meta":{"_acf_changed":false,"footnotes":""},"categories":[],"tags":[],"class_list":["post-78","page","type-page","status-publish","hentry"],"acf":[],"_links":{"self":[{"href":"https:\/\/semmelweis.hu\/szajsebeszet\/wp-json\/wp\/v2\/pages\/78","targetHints":{"allow":["GET"]}}],"collection":[{"href":"https:\/\/semmelweis.hu\/szajsebeszet\/wp-json\/wp\/v2\/pages"}],"about":[{"href":"https:\/\/semmelweis.hu\/szajsebeszet\/wp-json\/wp\/v2\/types\/page"}],"author":[{"embeddable":true,"href":"https:\/\/semmelweis.hu\/szajsebeszet\/wp-json\/wp\/v2\/users\/58"}],"replies":[{"embeddable":true,"href":"https:\/\/semmelweis.hu\/szajsebeszet\/wp-json\/wp\/v2\/comments?post=78"}],"version-history":[{"count":11,"href":"https:\/\/semmelweis.hu\/szajsebeszet\/wp-json\/wp\/v2\/pages\/78\/revisions"}],"predecessor-version":[{"id":4391,"href":"https:\/\/semmelweis.hu\/szajsebeszet\/wp-json\/wp\/v2\/pages\/78\/revisions\/4391"}],"up":[{"embeddable":true,"href":"https:\/\/semmelweis.hu\/szajsebeszet\/wp-json\/wp\/v2\/pages\/50"}],"wp:attachment":[{"href":"https:\/\/semmelweis.hu\/szajsebeszet\/wp-json\/wp\/v2\/media?parent=78"}],"wp:term":[{"taxonomy":"category","embeddable":true,"href":"https:\/\/semmelweis.hu\/szajsebeszet\/wp-json\/wp\/v2\/categories?post=78"},{"taxonomy":"post_tag","embeddable":true,"href":"https:\/\/semmelweis.hu\/szajsebeszet\/wp-json\/wp\/v2\/tags?post=78"}],"curies":[{"name":"wp","href":"https:\/\/api.w.org\/{rel}","templated":true}]}}