{"id":7,"date":"2012-01-25T14:02:59","date_gmt":"2012-01-25T13:02:59","guid":{"rendered":"http:\/\/semmelweis-egyetem.hu\/szajsebeszet\/?page_id=7"},"modified":"2021-10-25T10:32:01","modified_gmt":"2021-10-25T08:32:01","slug":"a-klinikarol","status":"publish","type":"page","link":"https:\/\/semmelweis.hu\/szajsebeszet\/rolunk\/a-klinikarol\/","title":{"rendered":"A Klinik\u00e1r\u00f3l"},"content":{"rendered":"<p style=\"text-align: justify\"><a href=\"https:\/\/semmelweis.hu\/szajsebeszet\/files\/2012\/01\/RS13485_KA-20120917-IMG_5247-scr.jpg\"><img loading=\"lazy\" decoding=\"async\" class=\"alignright  wp-image-1317\" src=\"https:\/\/semmelweis.hu\/szajsebeszet\/files\/2012\/01\/RS13485_KA-20120917-IMG_5247-scr-200x300.jpg\" alt=\"\" width=\"199\" height=\"299\" srcset=\"https:\/\/semmelweis.hu\/szajsebeszet\/files\/2012\/01\/RS13485_KA-20120917-IMG_5247-scr-200x300.jpg 200w, https:\/\/semmelweis.hu\/szajsebeszet\/files\/2012\/01\/RS13485_KA-20120917-IMG_5247-scr.jpg 500w\" sizes=\"auto, (max-width: 199px) 100vw, 199px\" \/><\/a>A Fogorvostudom\u00e1nyi Kar Arc- \u00c1llcsont- Sz\u00e1jseb\u00e9szeti \u00e9s Fog\u00e1szati Klinik\u00e1j\u00e1n \u00e9vente t\u00f6bb mint 44 ezer beteget l\u00e1tnak el, 1400 nagy arc- \u00e1llcsont seb\u00e9szeti m\u0171t\u00e9tet v\u00e9geznek. A klinika a fogorvostan-hallgat\u00f3k sz\u00e1m\u00e1ra sz\u00e1jseb\u00e9szeti, or\u00e1lis implantol\u00f3giai \u00e9s praxisszervez\u00e9s t\u00e1rgyakat oktat, valamint itt t\u00f6rt\u00e9nik az \u00e1ltal\u00e1nos orvostanhallgat\u00f3k sz\u00e1jseb\u00e9szet-fog\u00e1szati elm\u00e9leti \u00e9s gyakorlati oktat\u00e1sa is.<\/p>\n<p style=\"text-align: justify\">A klinik\u00e1t 1908-ban \u00c1rk\u00f6vy J\u00f3zsef alap\u00edtotta, akinek munk\u00e1ss\u00e1ga \u00e9s elismerts\u00e9ge messze t\u00fal\u00e9rt az orsz\u00e1g hat\u00e1rain. Ez volt Eur\u00f3pa els\u0151 fekv\u0151beteg-oszt\u00e1llyal rendelkez\u0151 Stomatol\u00f3giai Klinik\u00e1ja.<\/p>\n<p style=\"text-align: justify\">A klinik\u00e1n arc-, \u00e1llcsont-, sz\u00e1jseb\u00e9szeti fekv\u0151oszt\u00e1ly, dentoalveolaris seb\u00e9szeti oszt\u00e1ly \u00e9s fogseb\u00e9szeti ambulancia, valamint r\u00f6ntgenoszt\u00e1ly m\u0171k\u00f6dik. A dentoalveor\u00e1lis seb\u00e9szet tev\u00e9kenys\u00e9gei k\u00f6z\u00e9 tartozik a fog\u00e1szati implantol\u00f3gia, a praeprotetikai (fogp\u00f3tl\u00e1s elk\u00e9sz\u00fcl\u00e9s\u00e9t k\u00f6zvetlen\u00fcl megel\u0151z\u0151) m\u0171t\u00e9tek, csontp\u00f3tl\u00f3 elj\u00e1r\u00e1sok, \u00e1tt\u00f6r\u00e9s\u00fckben visszamaradt fogak (azok a marad\u00f3 fogak, amelyek a fogazat fejl\u0151d\u00e9se sor\u00e1n nem helyezkednek be a fog\u00edvbe) m\u0171t\u00e9ti \u00faton t\u00f6rt\u00e9n\u0151 elt\u00e1vol\u00edt\u00e1sa \u00e9s a fogmegtart\u00f3 kezel\u00e9sek. Az arc-, \u00e1llcsont-, sz\u00e1jseb\u00e9szeten t\u00f6bbek k\u00f6z\u00f6tt a fej-nyak r\u00e9gi\u00f3ban el\u0151fordul\u00f3 j\u00f3- \u00e9s rosszindulat\u00fa daganatok seb\u00e9szi ell\u00e1t\u00e1sa, plasztikai \u00e9s rekonstrukci\u00f3s m\u0171t\u00e9tek, mikroseb\u00e9szet \u00e9s arcf\u00e1jdalmak kezel\u00e9se zajlik.<\/p>\n<p style=\"text-align: left\">2014 \u00f3ta m\u0171k\u00f6dik a klinik\u00e1n az a <a href=\"https:\/\/semmelweis.hu\/hirek\/2014\/07\/16\/uj-fogaszati-centrum-a-fogyatekkal-elok-ellatasara-a-semmelweis-egyetemen\/\">r\u00e9szleg<\/a>, amelyet kifejezetten a speci\u00e1lis ell\u00e1t\u00e1st ig\u00e9nyl\u0151 gyerekek \u00e9s feln\u0151ttek ell\u00e1t\u00e1s\u00e1ra alak\u00edtottak ki. A speci\u00e1lisan felszerelt ell\u00e1t\u00f3 hely egyed\u00fcl\u00e1ll\u00f3 szaktud\u00e1ssal rendelkez\u0151 szakemberg\u00e1rd\u00e1val m\u0171k\u00f6dik. Az orsz\u00e1gban \u00f6sszesen hat ilyen centrum l\u00e9tezik, a Semmelweis Egyetemen \u00e9vente k\u00f6r\u00fclbel\u00fcl 500 beavatkoz\u00e1st tudunk elv\u00e9gezni.<\/p>\n<p style=\"text-align: justify\"><a href=\"https:\/\/semmelweis.hu\/szajsebeszet\/files\/2012\/01\/RS13472_KA-20120917-IMG_5199-scr.jpg\"><img loading=\"lazy\" decoding=\"async\" class=\"alignleft size-medium wp-image-1320\" src=\"https:\/\/semmelweis.hu\/szajsebeszet\/files\/2012\/01\/RS13472_KA-20120917-IMG_5199-scr-300x200.jpg\" alt=\"\" width=\"300\" height=\"200\" srcset=\"https:\/\/semmelweis.hu\/szajsebeszet\/files\/2012\/01\/RS13472_KA-20120917-IMG_5199-scr-300x200.jpg 300w, https:\/\/semmelweis.hu\/szajsebeszet\/files\/2012\/01\/RS13472_KA-20120917-IMG_5199-scr-768x512.jpg 768w, https:\/\/semmelweis.hu\/szajsebeszet\/files\/2012\/01\/RS13472_KA-20120917-IMG_5199-scr-450x300.jpg 450w, https:\/\/semmelweis.hu\/szajsebeszet\/files\/2012\/01\/RS13472_KA-20120917-IMG_5199-scr.jpg 950w\" sizes=\"auto, (max-width: 300px) 100vw, 300px\" \/><\/a>A klinika a III., IV., V. \u00e9ves fogorvostan-hallgat\u00f3k sz\u00e1m\u00e1ra a sz\u00e1jseb\u00e9szeti, radiol\u00f3giai, or\u00e1lis implantol\u00f3giai \u00e9s praxisszervez\u00e9s t\u00e1rgyakat oktatja, valamint itt t\u00f6rt\u00e9nik az \u00e1ltal\u00e1nos orvostanhallgat\u00f3k sz\u00e1jseb\u00e9szet-fog\u00e1szati elm\u00e9leti \u00e9s gyakorlati oktat\u00e1sa, magyar, n\u00e9met \u00e9s angol nyelven. A hallgat\u00f3k nagy sz\u00e1mban k\u00e9sz\u00edtenek TDK- \u00e9s rektori p\u00e1lyamunk\u00e1kat, illetve szakdolgozatot a klinik\u00e1n. A <a href=\"https:\/\/semmelweis.hu\/hirek\/2015\/10\/26\/dr-gerber-gabor-az-egyetem-oktatogardaja-adja-a-hazai-fogorvoskepzes-gerincet\/\">magas sz\u00ednvonal\u00fa gradu\u00e1lis \u00e9s posztgradu\u00e1lis oktat\u00e1st<\/a> a k\u00fclf\u00f6ldi t\u00e1rsegyetemek is elismerik. A klinik\u00e1n \u00e9vi 10-12 sz\u00e1jseb\u00e9sz szakorvos k\u00e9pz\u00e9se \u00e9s szakvizsg\u00e1ztat\u00e1sa t\u00f6rt\u00e9nik. A klinika oktat\u00f3i rendszeresen tartanak el\u0151ad\u00e1sokat k\u00fcl\u00f6nb\u00f6z\u0151 szakvizsga-el\u0151k\u00e9sz\u00edt\u0151 tanfolyamokon, valamint rendszeresen tartanak tov\u00e1bbk\u00e9pz\u0151, szinten tart\u00f3 el\u0151ad\u00e1sokat sz\u00e1jseb\u00e9sz, fogorvos, seb\u00e9sz, szem\u00e9sz \u00e9s f\u00fcl-orr-g\u00e9g\u00e9sz szakorvosok, szakorvosjel\u00f6ltek r\u00e9sz\u00e9re.<\/p>\n<p style=\"text-align: justify\"><a href=\"https:\/\/semmelweis.hu\/szajsebeszet\/files\/2012\/01\/RS39599_KA-20151127-IMG_4881-scr.jpg\"><img loading=\"lazy\" decoding=\"async\" class=\"alignright size-medium wp-image-1321\" src=\"https:\/\/semmelweis.hu\/szajsebeszet\/files\/2012\/01\/RS39599_KA-20151127-IMG_4881-scr-300x200.jpg\" alt=\"\" width=\"300\" height=\"200\" srcset=\"https:\/\/semmelweis.hu\/szajsebeszet\/files\/2012\/01\/RS39599_KA-20151127-IMG_4881-scr-300x200.jpg 300w, https:\/\/semmelweis.hu\/szajsebeszet\/files\/2012\/01\/RS39599_KA-20151127-IMG_4881-scr-768x512.jpg 768w, https:\/\/semmelweis.hu\/szajsebeszet\/files\/2012\/01\/RS39599_KA-20151127-IMG_4881-scr-450x300.jpg 450w, https:\/\/semmelweis.hu\/szajsebeszet\/files\/2012\/01\/RS39599_KA-20151127-IMG_4881-scr.jpg 950w\" sizes=\"auto, (max-width: 300px) 100vw, 300px\" \/><\/a>A klinika kiemelt kutat\u00e1si ter\u00fcletei k\u00f6z\u00e9 tartozik az arc-\u00e1llcsontseb\u00e9szetben haszn\u00e1latos implant\u00e1tumok, orvosi m\u0171szerek form\u00e1j\u00e1nak, anyag\u00f6sszet\u00e9tel\u00e9nek, fel\u00fcleti tulajdons\u00e1gainak optimaliz\u00e1l\u00e1sa, kutat\u00e1sa; k\u00fcl\u00f6nb\u00f6z\u0151 csontp\u00f3tl\u00f3 anyagok, csontregener\u00e1ci\u00f3s elj\u00e1r\u00e1sok klinikai alkalmaz\u00e1sa; \u00faj kemoter\u00e1pi\u00e1s protokollok kifejleszt\u00e9se, a rosszindulat\u00fa fej-nyak daganatok kezel\u00e9se, rekonstrukci\u00f3s m\u0171t\u00e9tek seg\u00edts\u00e9g\u00e9vel, valamint a fiatalkorban el\u0151fordul\u00f3, rosszindulat\u00fa sz\u00e1j\u00fcregi daganatok klinikai \u00e9s patol\u00f3giai vizsg\u00e1lata.<\/p>\n<p style=\"text-align: justify\">A klinika ad helyet a Magyar Arc-, \u00c1llcsont- \u00e9s Sz\u00e1jseb\u00e9szeti T\u00e1rsas\u00e1g, valamint a Magyar Fogorvosok Egyes\u00fclete Implantol\u00f3giai T\u00e1rsas\u00e1ga titk\u00e1rs\u00e1g\u00e1nak, tov\u00e1bb\u00e1 egy alap\u00edtv\u00e1nynak, melyek az orvostanhallgat\u00f3k, a fiatal sz\u00e1jseb\u00e9szek k\u00e9pz\u00e9s\u00e9t, tov\u00e1bbk\u00e9pz\u00e9s\u00e9t hivatott el\u0151seg\u00edteni.<\/p>\n<p>&nbsp;<\/p>\n","protected":false},"excerpt":{"rendered":"<p><a href=\"https:\/\/semmelweis.hu\/szajsebeszet\/files\/2012\/01\/RS13485_KA-20120917-IMG_5247-scr.jpg\"><\/a> A Fogorvostudom\u00e1nyi Kar Arc- \u00c1llcsont- Sz\u00e1jseb\u00e9szeti \u00e9s Fog\u00e1szati Klinik\u00e1j\u00e1n \u00e9vente t\u00f6bb mint 44 ezer beteget l\u00e1tnak el, 1400 nagy arc- \u00e1llcsont seb\u00e9szeti m\u0171t\u00e9tet v\u00e9geznek. A klinika a fogorvostan-hallgat\u00f3k sz\u00e1m\u00e1ra sz\u00e1jseb\u00e9szeti, or\u00e1lis implantol\u00f3giai \u00e9s praxisszervez\u00e9s t\u00e1rgyakat oktat, valamint itt t\u00f6rt\u00e9nik az \u00e1ltal\u00e1nos orvostanhallgat\u00f3k sz\u00e1jseb\u00e9szet-fog\u00e1szati elm\u00e9leti \u00e9s gyakorlati oktat\u00e1sa is. A klinik\u00e1t 1908-ban \u00c1rk\u00f6vy J\u00f3zsef alap\u00edtotta, akinek &hellip;<\/p>\n","protected":false},"author":176,"featured_media":2176,"parent":3375,"menu_order":0,"comment_status":"closed","ping_status":"closed","template":"","meta":{"_acf_changed":false,"footnotes":""},"categories":[],"tags":[],"class_list":["post-7","page","type-page","status-publish","has-post-thumbnail","hentry"],"acf":[],"_links":{"self":[{"href":"https:\/\/semmelweis.hu\/szajsebeszet\/wp-json\/wp\/v2\/pages\/7","targetHints":{"allow":["GET"]}}],"collection":[{"href":"https:\/\/semmelweis.hu\/szajsebeszet\/wp-json\/wp\/v2\/pages"}],"about":[{"href":"https:\/\/semmelweis.hu\/szajsebeszet\/wp-json\/wp\/v2\/types\/page"}],"author":[{"embeddable":true,"href":"https:\/\/semmelweis.hu\/szajsebeszet\/wp-json\/wp\/v2\/users\/176"}],"replies":[{"embeddable":true,"href":"https:\/\/semmelweis.hu\/szajsebeszet\/wp-json\/wp\/v2\/comments?post=7"}],"version-history":[{"count":10,"href":"https:\/\/semmelweis.hu\/szajsebeszet\/wp-json\/wp\/v2\/pages\/7\/revisions"}],"predecessor-version":[{"id":2988,"href":"https:\/\/semmelweis.hu\/szajsebeszet\/wp-json\/wp\/v2\/pages\/7\/revisions\/2988"}],"up":[{"embeddable":true,"href":"https:\/\/semmelweis.hu\/szajsebeszet\/wp-json\/wp\/v2\/pages\/3375"}],"wp:featuredmedia":[{"embeddable":true,"href":"https:\/\/semmelweis.hu\/szajsebeszet\/wp-json\/wp\/v2\/media\/2176"}],"wp:attachment":[{"href":"https:\/\/semmelweis.hu\/szajsebeszet\/wp-json\/wp\/v2\/media?parent=7"}],"wp:term":[{"taxonomy":"category","embeddable":true,"href":"https:\/\/semmelweis.hu\/szajsebeszet\/wp-json\/wp\/v2\/categories?post=7"},{"taxonomy":"post_tag","embeddable":true,"href":"https:\/\/semmelweis.hu\/szajsebeszet\/wp-json\/wp\/v2\/tags?post=7"}],"curies":[{"name":"wp","href":"https:\/\/api.w.org\/{rel}","templated":true}]}}