{"id":612,"date":"2016-09-27T15:30:11","date_gmt":"2016-09-27T13:30:11","guid":{"rendered":"http:\/\/semmelweis.hu\/szajsebeszet\/?page_id=612"},"modified":"2023-09-19T13:56:16","modified_gmt":"2023-09-19T11:56:16","slug":"fogyatekkal-elok-fogaszati-centruma","status":"publish","type":"page","link":"https:\/\/semmelweis.hu\/szajsebeszet\/betegellatas\/fogyatekkal-elok-fogaszati-centruma\/","title":{"rendered":"Speci\u00e1lis fog\u00e1szati ell\u00e1t\u00e1st ig\u00e9nyl\u0151k r\u00e9szlege"},"content":{"rendered":"<p style=\"text-align: justify\">A speci\u00e1lis ell\u00e1t\u00e1st ig\u00e9nyl\u0151k fog\u00e1szati kezel\u00e9se saj\u00e1tos k\u00f6r\u00fclm\u00e9nyeket ig\u00e9nyel, hiszen n\u00e1luk a fogmegtart\u00f3 \u00e9s egy\u00e9b beavatkoz\u00e1sok szinte kiz\u00e1r\u00f3lag csak nark\u00f3zisban v\u00e9gezhet\u0151k, a megszokott, fogorvosi ell\u00e1t\u00f3 helyeken pedig nincs lehet\u0151s\u00e9g az altat\u00e1sra. Gyakran m\u00e9g egy egyszer\u0171 fogk\u0151elt\u00e1vol\u00edt\u00e1s sem oldhat\u00f3 meg altat\u00e1s n\u00e9lk\u00fcl, hiszen a speci\u00e1lis ell\u00e1t\u00e1st ig\u00e9nyl\u0151 betegek t\u00f6bbs\u00e9ge \u00e1llapot\u00e1n\u00e1l fogva, klinikai k\u00f6rnyezetben nem egy\u00fcttm\u0171k\u00f6d\u0151. Ez\u00e9rt van sz\u00fcks\u00e9g olyan komplex centrumokra, ahol egyszerre rendelkez\u00e9sre \u00e1ll mind az altat\u00e1shoz, mind pedig a fogorvosi-sz\u00e1jseb\u00e9szeti ell\u00e1t\u00e1shoz sz\u00fcks\u00e9ges infrastruktur\u00e1lis h\u00e1tt\u00e9r.<\/p>\n<p><strong>Speci\u00e1lis ell\u00e1t\u00e1st ig\u00e9nyl\u0151k fog\u00e1szati \u00a0ell\u00e1t\u00e1s\u00e1nak felt\u00e9telei int\u00e9zet\u00fcnkben:<\/strong><\/p>\n<ul style=\"list-style-type: square\">\n<li><strong>ter\u00fcleti ell\u00e1t\u00e1s:<\/strong> Budapest \u00f6sszes ker\u00fclete \u00e9s Magyarorsz\u00e1gon a 2000-8157-es ir\u00e1ny\u00edt\u00f3sz\u00e1m-tartom\u00e1nyba es\u0151 telep\u00fcl\u00e9sek<\/li>\n<li>\u00e9letkor: 18. \u00e9let\u00e9v\u00fcket bet\u00f6lt\u00f6tt betegek jelentkez\u00e9s\u00e9t v\u00e1rjuk.<\/li>\n<li>a bejelentkez\u00e9s telefonon t\u00f6rt\u00e9nik: 06-1-266-0457\u00a0 a\u00a0 55856-os mell\u00e9ken<\/li>\n<\/ul>\n<p><strong>Els\u0151 vizsg\u00e1latkor k\u00e9rj\u00fck hozza el:<\/strong><\/p>\n<ul style=\"list-style-type: square\">\n<li>\u00e9rv\u00e9nyes szem\u00e9lyi igazolv\u00e1ny<\/li>\n<li>\u00e9rv\u00e9nyes TAJ k\u00e1rtya<\/li>\n<li>\u00e9rv\u00e9nyes lakc\u00edmk\u00e1rtya<\/li>\n<li>a speci\u00e1lis ell\u00e1t\u00e1s sz\u00fcks\u00e9gess\u00e9g\u00e9t igazol\u00f3 irat (z\u00e1r\u00f3jelent\u00e9s)<\/li>\n<li>gondnoks\u00e1g eset\u00e9n a gondnoks\u00e1got igazol\u00f3 irat, sz\u00fcks\u00e9g eset\u00e9n meghatalmaz\u00e1s\u00a0<\/li>\n<li>kor\u00e1bbi z\u00e1r\u00f3jelent\u00e9sek, szedett gy\u00f3gyszerek list\u00e1ja, allergia eset\u00e9n igazol\u00f3 irat<\/li>\n<\/ul>\n<p>&nbsp;<\/p>\n<p>&nbsp;<\/p>\n","protected":false},"excerpt":{"rendered":"<p>A speci\u00e1lis ell\u00e1t\u00e1st ig\u00e9nyl\u0151k fog\u00e1szati kezel\u00e9se saj\u00e1tos k\u00f6r\u00fclm\u00e9nyeket ig\u00e9nyel, hiszen n\u00e1luk a fogmegtart\u00f3 \u00e9s egy\u00e9b beavatkoz\u00e1sok szinte kiz\u00e1r\u00f3lag csak nark\u00f3zisban v\u00e9gezhet\u0151k, a megszokott, fogorvosi ell\u00e1t\u00f3 helyeken pedig nincs lehet\u0151s\u00e9g az altat\u00e1sra. Gyakran m\u00e9g egy egyszer\u0171 fogk\u0151elt\u00e1vol\u00edt\u00e1s sem oldhat\u00f3 meg altat\u00e1s n\u00e9lk\u00fcl, hiszen a speci\u00e1lis ell\u00e1t\u00e1st ig\u00e9nyl\u0151 betegek t\u00f6bbs\u00e9ge \u00e1llapot\u00e1n\u00e1l fogva, klinikai k\u00f6rnyezetben nem egy\u00fcttm\u0171k\u00f6d\u0151. Ez\u00e9rt &hellip;<\/p>\n","protected":false},"author":12,"featured_media":0,"parent":603,"menu_order":3,"comment_status":"closed","ping_status":"closed","template":"","meta":{"_acf_changed":false,"footnotes":""},"categories":[],"tags":[],"class_list":["post-612","page","type-page","status-publish","hentry"],"acf":[],"_links":{"self":[{"href":"https:\/\/semmelweis.hu\/szajsebeszet\/wp-json\/wp\/v2\/pages\/612","targetHints":{"allow":["GET"]}}],"collection":[{"href":"https:\/\/semmelweis.hu\/szajsebeszet\/wp-json\/wp\/v2\/pages"}],"about":[{"href":"https:\/\/semmelweis.hu\/szajsebeszet\/wp-json\/wp\/v2\/types\/page"}],"author":[{"embeddable":true,"href":"https:\/\/semmelweis.hu\/szajsebeszet\/wp-json\/wp\/v2\/users\/12"}],"replies":[{"embeddable":true,"href":"https:\/\/semmelweis.hu\/szajsebeszet\/wp-json\/wp\/v2\/comments?post=612"}],"version-history":[{"count":10,"href":"https:\/\/semmelweis.hu\/szajsebeszet\/wp-json\/wp\/v2\/pages\/612\/revisions"}],"predecessor-version":[{"id":4272,"href":"https:\/\/semmelweis.hu\/szajsebeszet\/wp-json\/wp\/v2\/pages\/612\/revisions\/4272"}],"up":[{"embeddable":true,"href":"https:\/\/semmelweis.hu\/szajsebeszet\/wp-json\/wp\/v2\/pages\/603"}],"wp:attachment":[{"href":"https:\/\/semmelweis.hu\/szajsebeszet\/wp-json\/wp\/v2\/media?parent=612"}],"wp:term":[{"taxonomy":"category","embeddable":true,"href":"https:\/\/semmelweis.hu\/szajsebeszet\/wp-json\/wp\/v2\/categories?post=612"},{"taxonomy":"post_tag","embeddable":true,"href":"https:\/\/semmelweis.hu\/szajsebeszet\/wp-json\/wp\/v2\/tags?post=612"}],"curies":[{"name":"wp","href":"https:\/\/api.w.org\/{rel}","templated":true}]}}