{"id":609,"date":"2016-09-27T15:27:34","date_gmt":"2016-09-27T13:27:34","guid":{"rendered":"http:\/\/semmelweis.hu\/szajsebeszet\/?page_id=609"},"modified":"2023-03-21T14:27:08","modified_gmt":"2023-03-21T13:27:08","slug":"betegjogok","status":"publish","type":"page","link":"https:\/\/semmelweis.hu\/szajsebeszet\/betegellatas\/betegjogok\/","title":{"rendered":"Betegjogi k\u00e9pvisel\u0151"},"content":{"rendered":"<p>Betegjogi k\u00e9pvisel\u0151:<\/p>\n<p><strong>Lengyel Ingrid<\/strong> <br \/>\nTelefon: +36\/20\/4899-609<br \/>\ne-mail c\u00edm: ingrid.lengyel@ijsz.bm.gov.hu<\/p>\n<p>A betegjogi k\u00e9pvisel\u0151t\u00a0az Integr\u00e1lt Jogv\u00e9delmi Szolg\u00e1lat (EMMI) nevezi ki.<\/p>\n","protected":false},"excerpt":{"rendered":"<p>Betegjogi k\u00e9pvisel\u0151:<br \/>\nLengyel Ingrid<br \/>\nTelefon: +36\/20\/4899-609<br \/>\ne-mail c\u00edm: ingrid.lengyel@ijsz.bm.gov.hu<br \/>\nA betegjogi k\u00e9pvisel\u0151t\u00a0az Integr\u00e1lt Jogv\u00e9delmi Szolg\u00e1lat (EMMI) nevezi ki.<\/p>\n","protected":false},"author":12,"featured_media":0,"parent":603,"menu_order":4,"comment_status":"closed","ping_status":"closed","template":"","meta":{"_acf_changed":false,"footnotes":""},"categories":[],"tags":[],"class_list":["post-609","page","type-page","status-publish","hentry"],"acf":[],"_links":{"self":[{"href":"https:\/\/semmelweis.hu\/szajsebeszet\/wp-json\/wp\/v2\/pages\/609","targetHints":{"allow":["GET"]}}],"collection":[{"href":"https:\/\/semmelweis.hu\/szajsebeszet\/wp-json\/wp\/v2\/pages"}],"about":[{"href":"https:\/\/semmelweis.hu\/szajsebeszet\/wp-json\/wp\/v2\/types\/page"}],"author":[{"embeddable":true,"href":"https:\/\/semmelweis.hu\/szajsebeszet\/wp-json\/wp\/v2\/users\/12"}],"replies":[{"embeddable":true,"href":"https:\/\/semmelweis.hu\/szajsebeszet\/wp-json\/wp\/v2\/comments?post=609"}],"version-history":[{"count":10,"href":"https:\/\/semmelweis.hu\/szajsebeszet\/wp-json\/wp\/v2\/pages\/609\/revisions"}],"predecessor-version":[{"id":4060,"href":"https:\/\/semmelweis.hu\/szajsebeszet\/wp-json\/wp\/v2\/pages\/609\/revisions\/4060"}],"up":[{"embeddable":true,"href":"https:\/\/semmelweis.hu\/szajsebeszet\/wp-json\/wp\/v2\/pages\/603"}],"wp:attachment":[{"href":"https:\/\/semmelweis.hu\/szajsebeszet\/wp-json\/wp\/v2\/media?parent=609"}],"wp:term":[{"taxonomy":"category","embeddable":true,"href":"https:\/\/semmelweis.hu\/szajsebeszet\/wp-json\/wp\/v2\/categories?post=609"},{"taxonomy":"post_tag","embeddable":true,"href":"https:\/\/semmelweis.hu\/szajsebeszet\/wp-json\/wp\/v2\/tags?post=609"}],"curies":[{"name":"wp","href":"https:\/\/api.w.org\/{rel}","templated":true}]}}