{"id":607,"date":"2016-09-27T15:26:46","date_gmt":"2016-09-27T13:26:46","guid":{"rendered":"http:\/\/semmelweis.hu\/szajsebeszet\/?page_id=607"},"modified":"2022-02-17T22:25:41","modified_gmt":"2022-02-17T21:25:41","slug":"fekvobeteg-ellatas","status":"publish","type":"page","link":"https:\/\/semmelweis.hu\/szajsebeszet\/betegellatas\/fekvobeteg-ellatas\/","title":{"rendered":"Fekv\u0151beteg ell\u00e1t\u00e1s"},"content":{"rendered":"<div class=\"t pgm0 pgx1 pgh2 pgy1 pgff1 pgfs0 pgfc0 pgsc0 pgls0 pgws0\">\u00a0<\/div>\n<div class=\"t pgm0 pgx1 pgh2 pgy2 pgff1 pgfs0 pgfc0 pgsc0 pgls0 pgws0\" style=\"text-align: justify\">A beutal\u00f3val \u00e9rkez\u0151 p\u00e1cienseket el\u0151sz\u00f6r az ambulanci\u00e1n vizsg\u00e1lj\u00e1k meg, sz\u00fcks\u00e9g eset\u00e9n konzult\u00e1ci\u00f3 t\u00f6rt\u00e9nhet a t\u00e1rsklinik\u00e1kkal, valamint a Fekv\u0151betegoszt\u00e1ly munkat\u00e1rsaival. A fel\u00e1ll\u00edtott diagn\u00f3zist, majd kezel\u00e9si tervet k\u00f6vet\u0151en, a meg\u00e1llap\u00edtott diagn\u00f3zis t\u00edpus\u00e1t\u00f3l f\u00fcgg\u0151en ker\u00fcl a p\u00e1ciens j\u00e1r\u00f3betegk\u00e9nt vagy fekv\u0151betegk\u00e9nt t\u00f6rt\u00e9n\u0151 ell\u00e1t\u00e1sra.<\/div>\n<div class=\"t pgm0 pgx1 pgh2 pgy6 pgff1 pgfs0 pgfc0 pgsc0 pgls0 pgws0\" style=\"text-align: justify\">\u00a0 \u00a0<\/div>\n<div class=\"t pgm0 pgx1 pgh2 pgy6 pgff1 pgfs0 pgfc0 pgsc0 pgls0 pgws0\" style=\"text-align: justify\">A fekv\u0151oszt\u00e1lyon, amely a 3. emeleten helyezkedik el, k\u00f3rlappal, a k\u00f6vetkezez\u0151 betegs\u00e9gekkel ker\u00fclnek befekv\u00e9sre p\u00e1cienseink: el\u0151t\u00f6r\u00e9s\u00fckben visszamaradt b\u00f6lcsess\u00e9gfogak, \u00e1llcsont cyst\u00e1k, gyullad\u00e1sok, arc- \u00e1llcsont fejl\u0151d\u00e9si rendelleness\u00e9gek, j\u00f3- \u00e9s rosszindulat\u00fa sz\u00e1j\u00fcregi daganatok. Az akut arc-\u00e1llcsont seb\u00e9szeti ell\u00e1t\u00e1s, mint v\u00e9rz\u00e9s, gyullad\u00e1s, l\u00e1gyr\u00e9sz- \u00e9s arckoponya csontjait \u00e9rint\u0151 s\u00e9r\u00fcl\u00e9sek \u00fcgyeleti ell\u00e1t\u00e1sa is a fekv\u0151oszt\u00e1lyon t\u00f6rt\u00e9nik. Fog\u00e1szati \u00fcgyeletet Klinik\u00e1nk nem ad.<\/div>\n<div class=\"t pgm0 pgx1 pgh2 pgy6 pgff1 pgfs0 pgfc0 pgsc0 pgls0 pgws0\" style=\"text-align: justify\">\u00a0<\/div>\n<div class=\"t pgm0 pgx1 pgh2 pgy6 pgff1 pgfs0 pgfc0 pgsc0 pgls0 pgws0\" style=\"text-align: justify\">\u00dcgyeleti id\u0151ben k\u00e9rj\u00fck mindenkinek a t\u00fcrelm\u00e9t, hisz a fekv\u0151betegek \u00e9s akut j\u00e1r\u00f3betegek ell\u00e1t\u00e1sa egy t\u00e9rben, egym\u00e1s mellett zajlik, nem felt\u00e9tlen\u00fcl az \u00e9rkez\u00e9s sorrendj\u00e9ben. Klinik\u00e1nkon a betegell\u00e1t\u00e1s mellett oktat\u00e1s is zajlik, \u00edgy a betegek vizsg\u00e1lat\u00e1ban, kezel\u00e9s\u00e9ben orvos-, fogorvostan hallgat\u00f3k, rezidensek is r\u00e9szt vesznek.<\/div>\n<div class=\"t pgm0 pgx1 pgh2 pgyf pgff1 pgfs0 pgfc0 pgsc0 pgls0 pgws0\">\u00a0<\/div>\n<div class=\"t pgm0 pgx1 pgh2 pgyf pgff1 pgfs0 pgfc0 pgsc0 pgls0 pgws0\">Betegeink h\u00e9tk\u00f6znapokon 16.00 \u2013 18.00, h\u00e9tv\u00e9g\u00e9n 10.00 \u2013 18.00 k\u00f6z\u00f6tt l\u00e1togathat\u00f3ak.<\/div>\n<div class=\"t pgm0 pgx1 pgh2 pgy10 pgff1 pgfs0 pgfc0 pgsc0 pgls0 pgws0\">\u00a0<\/div>\n<div class=\"t pgm0 pgx1 pgh2 pgy10 pgff1 pgfs0 pgfc0 pgsc0 pgls0 pgws0\">Az oszt\u00e1ly telefon mell\u00e9ke: 55878<\/div>\n","protected":false},"excerpt":{"rendered":"<p>\u00a0 A beutal\u00f3val \u00e9rkez\u0151 p\u00e1cienseket el\u0151sz\u00f6r az ambulanci\u00e1n vizsg\u00e1lj\u00e1k meg, sz\u00fcks\u00e9g eset\u00e9n konzult\u00e1ci\u00f3 t\u00f6rt\u00e9nhet a t\u00e1rsklinik\u00e1kkal, valamint a Fekv\u0151betegoszt\u00e1ly munkat\u00e1rsaival. A fel\u00e1ll\u00edtott diagn\u00f3zist, majd kezel\u00e9si tervet k\u00f6vet\u0151en, a meg\u00e1llap\u00edtott diagn\u00f3zis t\u00edpus\u00e1t\u00f3l f\u00fcgg\u0151en ker\u00fcl a p\u00e1ciens j\u00e1r\u00f3betegk\u00e9nt vagy fekv\u0151betegk\u00e9nt t\u00f6rt\u00e9n\u0151 ell\u00e1t\u00e1sra. \u00a0 \u00a0 A fekv\u0151oszt\u00e1lyon, amely a 3. emeleten helyezkedik el, k\u00f3rlappal, a k\u00f6vetkezez\u0151 betegs\u00e9gekkel ker\u00fclnek &hellip;<\/p>\n","protected":false},"author":12,"featured_media":0,"parent":603,"menu_order":1,"comment_status":"closed","ping_status":"closed","template":"","meta":{"_acf_changed":false,"footnotes":""},"categories":[],"tags":[],"class_list":["post-607","page","type-page","status-publish","hentry"],"acf":[],"_links":{"self":[{"href":"https:\/\/semmelweis.hu\/szajsebeszet\/wp-json\/wp\/v2\/pages\/607","targetHints":{"allow":["GET"]}}],"collection":[{"href":"https:\/\/semmelweis.hu\/szajsebeszet\/wp-json\/wp\/v2\/pages"}],"about":[{"href":"https:\/\/semmelweis.hu\/szajsebeszet\/wp-json\/wp\/v2\/types\/page"}],"author":[{"embeddable":true,"href":"https:\/\/semmelweis.hu\/szajsebeszet\/wp-json\/wp\/v2\/users\/12"}],"replies":[{"embeddable":true,"href":"https:\/\/semmelweis.hu\/szajsebeszet\/wp-json\/wp\/v2\/comments?post=607"}],"version-history":[{"count":9,"href":"https:\/\/semmelweis.hu\/szajsebeszet\/wp-json\/wp\/v2\/pages\/607\/revisions"}],"predecessor-version":[{"id":2992,"href":"https:\/\/semmelweis.hu\/szajsebeszet\/wp-json\/wp\/v2\/pages\/607\/revisions\/2992"}],"up":[{"embeddable":true,"href":"https:\/\/semmelweis.hu\/szajsebeszet\/wp-json\/wp\/v2\/pages\/603"}],"wp:attachment":[{"href":"https:\/\/semmelweis.hu\/szajsebeszet\/wp-json\/wp\/v2\/media?parent=607"}],"wp:term":[{"taxonomy":"category","embeddable":true,"href":"https:\/\/semmelweis.hu\/szajsebeszet\/wp-json\/wp\/v2\/categories?post=607"},{"taxonomy":"post_tag","embeddable":true,"href":"https:\/\/semmelweis.hu\/szajsebeszet\/wp-json\/wp\/v2\/tags?post=607"}],"curies":[{"name":"wp","href":"https:\/\/api.w.org\/{rel}","templated":true}]}}