{"id":605,"date":"2016-09-27T15:25:49","date_gmt":"2016-09-27T13:25:49","guid":{"rendered":"http:\/\/semmelweis.hu\/szajsebeszet\/?page_id=605"},"modified":"2023-10-10T12:53:39","modified_gmt":"2023-10-10T10:53:39","slug":"jarobeteg-ellatas","status":"publish","type":"page","link":"https:\/\/semmelweis.hu\/szajsebeszet\/betegellatas\/jarobeteg-ellatas\/","title":{"rendered":"J\u00e1r\u00f3beteg ell\u00e1t\u00e1s"},"content":{"rendered":"<p style=\"text-align: justify\">Oszt\u00e1lyunkon ter\u00fcleti beoszt\u00e1s alapj\u00e1n t\u00f6rt\u00e9nik a betegek ell\u00e1t\u00e1sa. Az els\u0151 vizsg\u00e1latot k\u00f6vet\u0151en a beoszt\u00e1st\u00f3l f\u00fcgg\u0151en ell\u00e1t\u00e1si id\u0151pontot jel\u00f6l\u00fcnk ki. Klinik\u00e1nkon folyik a fogorvostanhallgat\u00f3k sz\u00e1jseb\u00e9szeti k\u00e9pz\u00e9se, ez\u00e9rt el\u0151fordulhat hogy a kezel\u00e9s a gyakorlatok keretein bel\u00fcl t\u00f6rt\u00e9nik, amennyiben ez \u00d6nnek is megfelel.\u00a0<\/p>\n<p style=\"text-align: justify\"><strong>Profilunk:<\/strong> foggy\u00f6kerek, \u00e1tt\u00f6r\u00e9sben visszamaradt fogak (b\u00f6lcsess\u00e9gfog, szemfog) seb\u00e9szi elt\u00e1vol\u00edt\u00e1sa, ciszt\u00e1k, ny\u00e1lk\u00f6vess\u00e9g seb\u00e9szi kezel\u00e9se, gy\u00f6k\u00e9rcs\u00facs-reszekci\u00f3, fog\u00e1szati kezel\u00e9s sor\u00e1n megny\u00edlt arc\u00fcreg z\u00e1r\u00e1sa, m\u0171foggy\u00f6k\u00e9rbe\u00fcltet\u00e9s \u00e9s az ezzel kapcsolatos k\u00fcl\u00f6nb\u00f6z\u0151 csontp\u00f3tl\u00e1si elj\u00e1r\u00e1sok, arc\u00fcregemel\u00e9s.<\/p>\n<h4 style=\"text-align: justify\">\u00c1ltal\u00e1nos inform\u00e1ci\u00f3k<\/h4>\n<p>J\u00e1r\u00f3betegell\u00e1t\u00f3 oszt\u00e1lyunk az \u00e9p\u00fclet f\u00f6ldszintj\u00e9n tal\u00e1lhat\u00f3. <br \/>\nEl\u00e9rhet\u0151s\u00e9g: 06-1-266-0457 \/ 55867, 55888 mell\u00e9k<\/p>\n<p><strong>A betegell\u00e1t\u00e1s nem az \u00e9rkez\u00e9si sorrend alapj\u00e1n t\u00f6rt\u00e9nik.<\/strong><\/p>\n<h4>Els\u0151 alkalom<\/h4>\n<p>K\u00e9rj\u00fck \u00faj betegeinket, hogy munkanapokon 8.00-13.00 k\u00f6z\u00f6tti id\u0151ben jelentkezzenek.<\/p>\n<p>Els\u0151 bejelentkez\u00e9skor k\u00e9rj\u00fck, hozza mag\u00e1val:<\/p>\n<ul style=\"list-style-type: square\">\n<li>orvosi beutal\u00f3j\u00e1t<\/li>\n<li>\u00e9rv\u00e9nyes TAJ k\u00e1rty\u00e1j\u00e1t<\/li>\n<li>szem\u00e9lyi igazolv\u00e1ny\u00e1t<\/li>\n<li>lakc\u00edm k\u00e1rty\u00e1j\u00e1t<\/li>\n<\/ul>\n<h4>Tov\u00e1bbi alkalmak<\/h4>\n<p>Ha m\u00e1r j\u00e1rt n\u00e1lunk, akkor elegend\u0151 a TAJ k\u00e1rtya bemutat\u00e1sa.<\/p>\n<p>Jelentkezni a magasf\u00f6ldszinti Betegfelv\u00e9teli Irod\u00e1ban lehet.<\/p>\n","protected":false},"excerpt":{"rendered":"<p>Oszt\u00e1lyunkon ter\u00fcleti beoszt\u00e1s alapj\u00e1n t\u00f6rt\u00e9nik a betegek ell\u00e1t\u00e1sa. Az els\u0151 vizsg\u00e1latot k\u00f6vet\u0151en a beoszt\u00e1st\u00f3l f\u00fcgg\u0151en ell\u00e1t\u00e1si id\u0151pontot jel\u00f6l\u00fcnk ki. Klinik\u00e1nkon folyik a fogorvostanhallgat\u00f3k sz\u00e1jseb\u00e9szeti k\u00e9pz\u00e9se, ez\u00e9rt el\u0151fordulhat hogy a kezel\u00e9s a gyakorlatok keretein bel\u00fcl t\u00f6rt\u00e9nik, amennyiben ez \u00d6nnek is megfelel.\u00a0 Profilunk: foggy\u00f6kerek, \u00e1tt\u00f6r\u00e9sben visszamaradt fogak (b\u00f6lcsess\u00e9gfog, szemfog) seb\u00e9szi elt\u00e1vol\u00edt\u00e1sa, ciszt\u00e1k, ny\u00e1lk\u00f6vess\u00e9g seb\u00e9szi kezel\u00e9se, gy\u00f6k\u00e9rcs\u00facs-reszekci\u00f3, fog\u00e1szati &hellip;<\/p>\n","protected":false},"author":12,"featured_media":0,"parent":603,"menu_order":0,"comment_status":"closed","ping_status":"closed","template":"","meta":{"_acf_changed":false,"footnotes":""},"categories":[],"tags":[],"class_list":["post-605","page","type-page","status-publish","hentry"],"acf":[],"_links":{"self":[{"href":"https:\/\/semmelweis.hu\/szajsebeszet\/wp-json\/wp\/v2\/pages\/605","targetHints":{"allow":["GET"]}}],"collection":[{"href":"https:\/\/semmelweis.hu\/szajsebeszet\/wp-json\/wp\/v2\/pages"}],"about":[{"href":"https:\/\/semmelweis.hu\/szajsebeszet\/wp-json\/wp\/v2\/types\/page"}],"author":[{"embeddable":true,"href":"https:\/\/semmelweis.hu\/szajsebeszet\/wp-json\/wp\/v2\/users\/12"}],"replies":[{"embeddable":true,"href":"https:\/\/semmelweis.hu\/szajsebeszet\/wp-json\/wp\/v2\/comments?post=605"}],"version-history":[{"count":10,"href":"https:\/\/semmelweis.hu\/szajsebeszet\/wp-json\/wp\/v2\/pages\/605\/revisions"}],"predecessor-version":[{"id":4277,"href":"https:\/\/semmelweis.hu\/szajsebeszet\/wp-json\/wp\/v2\/pages\/605\/revisions\/4277"}],"up":[{"embeddable":true,"href":"https:\/\/semmelweis.hu\/szajsebeszet\/wp-json\/wp\/v2\/pages\/603"}],"wp:attachment":[{"href":"https:\/\/semmelweis.hu\/szajsebeszet\/wp-json\/wp\/v2\/media?parent=605"}],"wp:term":[{"taxonomy":"category","embeddable":true,"href":"https:\/\/semmelweis.hu\/szajsebeszet\/wp-json\/wp\/v2\/categories?post=605"},{"taxonomy":"post_tag","embeddable":true,"href":"https:\/\/semmelweis.hu\/szajsebeszet\/wp-json\/wp\/v2\/tags?post=605"}],"curies":[{"name":"wp","href":"https:\/\/api.w.org\/{rel}","templated":true}]}}