{"id":596,"date":"2016-09-27T15:21:26","date_gmt":"2016-09-27T13:21:26","guid":{"rendered":"http:\/\/semmelweis.hu\/szajsebeszet\/?page_id=596"},"modified":"2022-02-17T12:17:07","modified_gmt":"2022-02-17T11:17:07","slug":"a-klinika-tortenete","status":"publish","type":"page","link":"https:\/\/semmelweis.hu\/szajsebeszet\/rolunk\/a-klinika-tortenete\/","title":{"rendered":"A Klinika t\u00f6rt\u00e9nete"},"content":{"rendered":"<figure id=\"attachment_1331\" aria-describedby=\"caption-attachment-1331\" style=\"width: 158px\" class=\"wp-caption alignright\"><a href=\"https:\/\/semmelweis.hu\/szajsebeszet\/files\/2016\/09\/Arkovy_Jozsef_portre.jpg\"><img loading=\"lazy\" decoding=\"async\" class=\"wp-image-1331\" src=\"https:\/\/semmelweis.hu\/szajsebeszet\/files\/2016\/09\/Arkovy_Jozsef_portre-222x300.jpg\" alt=\"\" width=\"158\" height=\"214\" srcset=\"https:\/\/semmelweis.hu\/szajsebeszet\/files\/2016\/09\/Arkovy_Jozsef_portre-222x300.jpg 222w, https:\/\/semmelweis.hu\/szajsebeszet\/files\/2016\/09\/Arkovy_Jozsef_portre.jpg 394w\" sizes=\"auto, (max-width: 158px) 100vw, 158px\" \/><\/a><figcaption id=\"caption-attachment-1331\" class=\"wp-caption-text\">\u00c1rk\u00f6vy J\u00f3zsef<\/figcaption><\/figure>\n<p style=\"text-align: justify\">A magyar arc-, \u00e1llcsont-, sz\u00e1jseb\u00e9szet az \u00e1ltal\u00e1nos, \u00e9s els\u0151sorban a hadiseb\u00e9szetb\u0151l n\u0151tte ki mag\u00e1t. Az 1848-49-es szabads\u00e1gharc alatt Balassa J\u00e1nos \u00f3ri\u00e1si tapasztalatot szerzett az els\u0151 sz\u00e1jseb\u00e9sz jelleg\u0171 m\u0171t\u00e9tekb\u0151l, melyeket le is \u00edrt, majd k\u00e9s\u0151bb a sz\u00e1jpadhasad\u00e9kok ell\u00e1t\u00e1s\u00e1val \u00e9s a m\u0171t\u00e9ttechnikai megold\u00e1sokkal is foglalkozott. 1890-ben ny\u00edlt meg az Egyetemi Fog\u00e1szati Int\u00e9zet, melynek vezet\u0151je \u00c1rk\u00f6vy J\u00f3zsef volt, akinek munk\u00e1ss\u00e1ga \u00e9s elismerts\u00e9ge messze t\u00fal\u00e9rt az orsz\u00e1g hat\u00e1rain. \u00c1rk\u00f6vy seb\u00e9sz orvosk\u00e9nt dolgozott Magyarorsz\u00e1gon, majd Londonba ment fog\u00e1szatot tanulni. Onnan hazat\u00e9rve alap\u00edtotta meg el\u0151sz\u00f6r a mag\u00e1n, majd az egyetemi fog\u00e1szati iskol\u00e1t, melyet az 1900-as \u00e9vek elej\u00e9n az orvosi curriculumba hivatalosan is bevettek (ekkor m\u00e9g nem volt \u00f6n\u00e1ll\u00f3 fogorvos k\u00e9pz\u00e9s). 1900-ban az int\u00e9zet odontotechnikai laborat\u00f3riummal b\u0151v\u00fclt az int\u00e9zet \u00e9s ezzel egy id\u0151ben ny\u00edltak meg a kiteljesed\u00e9s lehet\u0151s\u00e9gei is.<\/p>\n<figure id=\"attachment_1330\" aria-describedby=\"caption-attachment-1330\" style=\"width: 950px\" class=\"wp-caption aligncenter\"><a href=\"https:\/\/semmelweis.hu\/szajsebeszet\/files\/2016\/09\/RS43029_\u00c1rk\u00f6vy-klinik\u00e1ja-scr.jpg\"><img loading=\"lazy\" decoding=\"async\" class=\"size-full wp-image-1330\" src=\"https:\/\/semmelweis.hu\/szajsebeszet\/files\/2016\/09\/RS43029_\u00c1rk\u00f6vy-klinik\u00e1ja-scr.jpg\" alt=\"\" width=\"950\" height=\"702\" \/><\/a><figcaption id=\"caption-attachment-1330\" class=\"wp-caption-text\">Fog\u00e1szati tansz\u00e9k 1896 k\u00f6r\u00fcl<\/figcaption><\/figure>\n<p style=\"text-align: justify\">A mai Arc-\u00c1llcsont-Sz\u00e1jseb\u00e9szeti \u00e9s Fog\u00e1szati Klinika el\u0151dj\u00e9nek megalap\u00edt\u00e1s\u00e1ra 1909-ben ker\u00fclt sor, mikor is a M\u00e1ria \u00e9s P\u00e1l utca \u00e1ltal hat\u00e1rolt telken fel\u00e9p\u00fclt \u00e9s megny\u00edlt az akkori Eur\u00f3pa egyik legjobban felszerelt fog\u00e1szati klinik\u00e1ja, a Stomatol\u00f3giai Klinika. Ennek szerkezete, teljes berendez\u00e9se az oktat\u00e1s, a szakorvosk\u00e9pz\u00e9s szempontjainak maxim\u00e1lis figyelembev\u00e9tel\u00e9vel k\u00e9sz\u00fclt. A Stomatol\u00f3giai Klinika volt Eur\u00f3p\u00e1ban az egyik els\u0151 olyan int\u00e9zm\u00e9ny, amely fekv\u0151oszt\u00e1llyal is rendelkezett. \u00a0\u00a0<\/p>\n<figure id=\"attachment_1327\" aria-describedby=\"caption-attachment-1327\" style=\"width: 950px\" class=\"wp-caption aligncenter\"><a href=\"https:\/\/semmelweis.hu\/szajsebeszet\/files\/2016\/09\/RS43017_103.-Stomatol\u00f3giai-Klinika-kezel\u0151-scr.jpg\"><img loading=\"lazy\" decoding=\"async\" class=\"wp-image-1327 size-full\" src=\"https:\/\/semmelweis.hu\/szajsebeszet\/files\/2016\/09\/RS43017_103.-Stomatol\u00f3giai-Klinika-kezel\u0151-scr.jpg\" alt=\"\" width=\"950\" height=\"584\" srcset=\"https:\/\/semmelweis.hu\/szajsebeszet\/files\/2016\/09\/RS43017_103.-Stomatol\u00f3giai-Klinika-kezel\u0151-scr.jpg 950w, https:\/\/semmelweis.hu\/szajsebeszet\/files\/2016\/09\/RS43017_103.-Stomatol\u00f3giai-Klinika-kezel\u0151-scr-300x184.jpg 300w, https:\/\/semmelweis.hu\/szajsebeszet\/files\/2016\/09\/RS43017_103.-Stomatol\u00f3giai-Klinika-kezel\u0151-scr-768x472.jpg 768w, https:\/\/semmelweis.hu\/szajsebeszet\/files\/2016\/09\/RS43017_103.-Stomatol\u00f3giai-Klinika-kezel\u0151-scr-488x300.jpg 488w\" sizes=\"auto, (max-width: 950px) 100vw, 950px\" \/><\/a><figcaption id=\"caption-attachment-1327\" class=\"wp-caption-text\">Stomatol\u00f3giai Klinika &#8211; kezel\u0151 1909-ben<\/figcaption><\/figure>\n<p style=\"text-align: justify\">Az I. vil\u00e1gh\u00e1bor\u00fa alatt nagy fejl\u0151d\u00e9s vette kezdet\u00e9t, hiszen fontosnak tartott\u00e1k a sok arc-, \u00e1llcsonts\u00e9r\u00fcltek megfelel\u0151 ell\u00e1t\u00e1s\u00e1t. A Stomatol\u00f3giai Klinika megtelt, s\u0151t egy\u00e9b\u00a0kezel\u0151 helyis\u00e9geket is k\u00f3rtermekk\u00e9, m\u0171t\u0151kk\u00e9 kellett \u00e1talak\u00edtani.\u00a0\u00c1rk\u00f6vy J\u00f3zsef 1920-ban ment nyugd\u00edjba \u00e9s 1922-ben meghalt. Ut\u00f3dja Szab\u00f3 J\u00f3zsef lett, igazgat\u00f3i id\u0151szaka alatt mind a szakorvosk\u00e9pz\u00e9sben, mind a tudom\u00e1nyos \u00e9let ter\u00fclet\u00e9n jelent\u0151s fellend\u00fcl\u00e9s k\u00f6vetkezett be: a\u00a0Klinika bels\u0151 szerkezet\u00e9t fel\u00faj\u00edtotta \u00e9s a maxillofaci\u00e1lis seb\u00e9szet oktat\u00e1s\u00e1t is kib\u0151v\u00edtette.\u00a0A klinik\u00e1t a kor szakmai sz\u00ednvonal\u00e1n b\u0151v\u00edtette, pl. r\u00f6ntgen oszt\u00e1ly l\u00e9tes\u00edtett illetve az \u00faj tudom\u00e1ny\u00e1gak meghonos\u00edt\u00e1s\u00e1t is seg\u00edtette.<\/p>\n\r\n        [slb_exclude]\r\n        <div class=\"row galeria-wrapper mx-0 h-auto\">\r\n            <div class=\"col-9 pl-0 pr-2\">\r\n            <span class=\"gallery-item frame\">\r\n\t\t\t\t<div class=\"galeria-left-img\"><a href=\"https:\/\/semmelweis.hu\/szajsebeszet\/files\/2016\/09\/RS43021_107.-Stomatol\u00f3giai-Klinika-el\u0151ad\u00f3terem-scr.jpg\"><img src=https:\/\/semmelweis.hu\/szajsebeszet\/files\/2016\/09\/RS43021_107.-Stomatol\u00f3giai-Klinika-el\u0151ad\u00f3terem-scr.jpg  \r\n                            alt=\"Stomatol\u00f3giai Klinika el\u0151ad\u00f3terme 1909-ben \" \r\n                            class=\"attachment-sote-gallery-big size-sote-gallery-big\" \r\n                            srcset=\"https:\/\/semmelweis.hu\/szajsebeszet\/files\/2016\/09\/RS43021_107.-Stomatol\u00f3giai-Klinika-el\u0151ad\u00f3terem-scr-300x178.jpg 300w, https:\/\/semmelweis.hu\/szajsebeszet\/files\/2016\/09\/RS43021_107.-Stomatol\u00f3giai-Klinika-el\u0151ad\u00f3terem-scr-768x455.jpg 768w, https:\/\/semmelweis.hu\/szajsebeszet\/files\/2016\/09\/RS43021_107.-Stomatol\u00f3giai-Klinika-el\u0151ad\u00f3terem-scr-506x300.jpg 506w, https:\/\/semmelweis.hu\/szajsebeszet\/files\/2016\/09\/RS43021_107.-Stomatol\u00f3giai-Klinika-el\u0151ad\u00f3terem-scr.jpg 950w\" ><\/a><\/div>\r\n            <\/span>\r\n\r\n            <\/div>\r\n\r\n\t\t\t<div class=\"col-3 pl-0 pr-0\">\r\n\t\t\t\t<div class=\"galeria-right-img d-flex justify-content-between flex-column h-100 w-100 px-0 mx-0 \">\r\n                <div class=\"galeria-box\">\r\n\t\t\t\t\t<h3 class=\"galeria-title\">Gal\u00e9ria<\/h3>\r\n\t\t\t\t\t<div class=\"galeria-subtitle\">\r\n\r\n\t\t\t\t\t\t<div class=\"galeria-page-counter\"><span>6<\/span>k\u00e9p<\/div>\r\n                    <\/div> <\/div>\r\n                    <span class=\"gallery-item frame d-none d-md-flex\">\r\n\t\t\t\t\t<div class=\"galeria-small-img mt-0\"><a href=\"https:\/\/semmelweis.hu\/szajsebeszet\/files\/2016\/09\/RS43016_Stomatol\u00f3gia-3.-scr.jpg\"><img src=https:\/\/semmelweis.hu\/szajsebeszet\/files\/2016\/09\/RS43016_Stomatol\u00f3gia-3.-scr.jpg \r\n                                alt=\"Stomatol\u00f3giai Klinika - kezel\u0151 1909-ben\"  \r\n                                class=\"attachment-sote-gallery-small size-sote-gallery-small\" \r\n                                srcset=\"https:\/\/semmelweis.hu\/szajsebeszet\/files\/2016\/09\/RS43016_Stomatol\u00f3gia-3.-scr-300x203.jpg 300w, https:\/\/semmelweis.hu\/szajsebeszet\/files\/2016\/09\/RS43016_Stomatol\u00f3gia-3.-scr-768x521.jpg 768w, https:\/\/semmelweis.hu\/szajsebeszet\/files\/2016\/09\/RS43016_Stomatol\u00f3gia-3.-scr-443x300.jpg 443w, https:\/\/semmelweis.hu\/szajsebeszet\/files\/2016\/09\/RS43016_Stomatol\u00f3gia-3.-scr.jpg 950w\" ><\/a><\/div>\r\n                    <\/span>\r\n                    <span class=\"gallery-item frame d-none d-md-flex\">\r\n\t\t\t\t\t<div class=\"galeria-small-img mt-0\"><a href=\"https:\/\/semmelweis.hu\/szajsebeszet\/files\/2016\/09\/RS43018_104.-Stomatol\u00f3giai-Klinika-kezel\u0151-scr.jpg\"><img src=https:\/\/semmelweis.hu\/szajsebeszet\/files\/2016\/09\/RS43018_104.-Stomatol\u00f3giai-Klinika-kezel\u0151-scr.jpg \r\n                                alt=\"Stomatol\u00f3giai Klinika - kezel\u0151 1909-ben\" \r\n                                class=\"attachment-sote-gallery-small size-sote-gallery-small\" \r\n                                srcset=\"https:\/\/semmelweis.hu\/szajsebeszet\/files\/2016\/09\/RS43018_104.-Stomatol\u00f3giai-Klinika-kezel\u0151-scr-300x185.jpg 300w, https:\/\/semmelweis.hu\/szajsebeszet\/files\/2016\/09\/RS43018_104.-Stomatol\u00f3giai-Klinika-kezel\u0151-scr-768x474.jpg 768w, https:\/\/semmelweis.hu\/szajsebeszet\/files\/2016\/09\/RS43018_104.-Stomatol\u00f3giai-Klinika-kezel\u0151-scr-486x300.jpg 486w, https:\/\/semmelweis.hu\/szajsebeszet\/files\/2016\/09\/RS43018_104.-Stomatol\u00f3giai-Klinika-kezel\u0151-scr.jpg 950w\" ><\/a><\/div>\r\n                    <\/span>\r\n\r\n                <\/div>\r\n\r\n            <\/div>\r\n\r\n            <span class=\"gallery-item\"><div class=\"hidden\"><a href=\"https:\/\/semmelweis.hu\/szajsebeszet\/files\/2016\/09\/RS43019_105.-Stomatol\u00f3giai-Klinika-kezel\u0151-scr.jpg\">\r\n        <img src=https:\/\/semmelweis.hu\/szajsebeszet\/files\/2016\/09\/RS43019_105.-Stomatol\u00f3giai-Klinika-kezel\u0151-scr.jpg alt=\"Stomatol\u00f3giai Klinika - kezel\u0151 1909-ben \" class=\"attachment-sote-gallery-big size-sote-gallery-big\" srcset=\"https:\/\/semmelweis.hu\/szajsebeszet\/files\/2016\/09\/RS43019_105.-Stomatol\u00f3giai-Klinika-kezel\u0151-scr-300x182.jpg 300w, https:\/\/semmelweis.hu\/szajsebeszet\/files\/2016\/09\/RS43019_105.-Stomatol\u00f3giai-Klinika-kezel\u0151-scr-768x466.jpg 768w, https:\/\/semmelweis.hu\/szajsebeszet\/files\/2016\/09\/RS43019_105.-Stomatol\u00f3giai-Klinika-kezel\u0151-scr-494x300.jpg 494w, https:\/\/semmelweis.hu\/szajsebeszet\/files\/2016\/09\/RS43019_105.-Stomatol\u00f3giai-Klinika-kezel\u0151-scr.jpg 950w\" >\r\n        <\/a><\/div><\/span><span class=\"gallery-item\"><div class=\"hidden\"><a href=\"https:\/\/semmelweis.hu\/szajsebeszet\/files\/2016\/09\/RS43014_100.-Stomatol\u00f3giai-Klinika-fogtechnikai-laborat\u00f3rium-scr.jpg\">\r\n        <img src=https:\/\/semmelweis.hu\/szajsebeszet\/files\/2016\/09\/RS43014_100.-Stomatol\u00f3giai-Klinika-fogtechnikai-laborat\u00f3rium-scr.jpg alt=\"Stomatol\u00f3giai Klinika fogtechnikai laborat\u00f3riuma 1909-ben \" class=\"attachment-sote-gallery-big size-sote-gallery-big\" srcset=\"https:\/\/semmelweis.hu\/szajsebeszet\/files\/2016\/09\/RS43014_100.-Stomatol\u00f3giai-Klinika-fogtechnikai-laborat\u00f3rium-scr-300x186.jpg 300w, https:\/\/semmelweis.hu\/szajsebeszet\/files\/2016\/09\/RS43014_100.-Stomatol\u00f3giai-Klinika-fogtechnikai-laborat\u00f3rium-scr-768x476.jpg 768w, https:\/\/semmelweis.hu\/szajsebeszet\/files\/2016\/09\/RS43014_100.-Stomatol\u00f3giai-Klinika-fogtechnikai-laborat\u00f3rium-scr-484x300.jpg 484w, https:\/\/semmelweis.hu\/szajsebeszet\/files\/2016\/09\/RS43014_100.-Stomatol\u00f3giai-Klinika-fogtechnikai-laborat\u00f3rium-scr.jpg 950w\" >\r\n        <\/a><\/div><\/span><span class=\"gallery-item\"><div class=\"hidden\"><a href=\"https:\/\/semmelweis.hu\/szajsebeszet\/files\/2016\/09\/RS43015_101.-Stomatol\u00f3giai-Klinika-sz\u00f6vettani-\u00e9s-bakteriol\u00f3giai-labor-scr.jpg\">\r\n        <img src=https:\/\/semmelweis.hu\/szajsebeszet\/files\/2016\/09\/RS43015_101.-Stomatol\u00f3giai-Klinika-sz\u00f6vettani-\u00e9s-bakteriol\u00f3giai-labor-scr.jpg alt=\"Stomatol\u00f3giai Klinika - sz\u00f6vettani \u00e9s bakteriol\u00f3giai labor 1909-ben \" class=\"attachment-sote-gallery-big size-sote-gallery-big\" srcset=\"https:\/\/semmelweis.hu\/szajsebeszet\/files\/2016\/09\/RS43015_101.-Stomatol\u00f3giai-Klinika-sz\u00f6vettani-\u00e9s-bakteriol\u00f3giai-labor-scr-300x182.jpg 300w, https:\/\/semmelweis.hu\/szajsebeszet\/files\/2016\/09\/RS43015_101.-Stomatol\u00f3giai-Klinika-sz\u00f6vettani-\u00e9s-bakteriol\u00f3giai-labor-scr-768x466.jpg 768w, https:\/\/semmelweis.hu\/szajsebeszet\/files\/2016\/09\/RS43015_101.-Stomatol\u00f3giai-Klinika-sz\u00f6vettani-\u00e9s-bakteriol\u00f3giai-labor-scr-495x300.jpg 495w, https:\/\/semmelweis.hu\/szajsebeszet\/files\/2016\/09\/RS43015_101.-Stomatol\u00f3giai-Klinika-sz\u00f6vettani-\u00e9s-bakteriol\u00f3giai-labor-scr.jpg 950w\" >\r\n        <\/a><\/div><\/span>\r\n            <\/div>\r\n\r\n            [\/slb_exclude]\r\n\t\n<p style=\"text-align: justify\">Szab\u00f3 hal\u00e1l\u00e1t k\u00f6vet\u0151en M\u00e1th\u00e9 D\u00e9nes egy nagynev\u0171 fogorvos dinasztia tagja lett a klinika igazgat\u00f3ja, akit 1944-ben Balogh K\u00e1roly k\u00f6vetett. Az \u0150 kezdem\u00e9nyez\u00e9s\u00e9re 1947-t\u0151l a fog\u00e1szat k\u00f6telez\u0151 tant\u00e1rgyk\u00e9nt szerepel az orvosk\u00e9pz\u00e9sben, majd 1955-ben l\u00e9trehozta az \u00f6n\u00e1ll\u00f3 Fogorvostudom\u00e1nyi Kart. A fog\u00e1szati szakt\u00e1rgyak el\u0151ad\u00f3i a Klinika tagjai k\u00f6z\u00fcl ker\u00fcltek ki, akik n\u00e9h\u00e1ny \u00e9v alatt egyetemi tan\u00e1ri, illetve egyetemi docensi fokozatot kaptak. Balogh\u00a0K\u00e1roly az 1946\/1947-es tan\u00e9vben az Orvosi Kar, \u00e9s 1955-1964 k\u00f6z\u00f6tt a Fogorvosi Kar d\u00e9k\u00e1ni tiszt\u00e9t t\u00f6lt\u00f6tte\u00a0be. Mint a Fogorvosi Kar d\u00e9k\u00e1nja szervezte meg 1959-ben a n\u00e9gy fog\u00e1szati tansz\u00e9ket.\u00a01971-t\u0151l van lehet\u0151s\u00e9g hivatalosan sz\u00e1jseb\u00e9szetb\u0151l szakvizsg\u00e1t tenni.<\/p>\n<p style=\"text-align: justify\">1997-ben\u00a0megval\u00f3sult a Sz\u00e1jseb\u00e9szeti Klinika rekonstrukci\u00f3ja \u00e9s meg\u00fajultak a klinik\u00e1k berendez\u00e9sei, moderniz\u00e1lt\u00e1k m\u0171t\u0151j\u00e9t. 2001-ben ker\u00fclt \u00e1tad\u00e1sra az \u00faj fekv\u0151beteg oszt\u00e1ly.<\/p>\n<p>&nbsp;<\/p>\n","protected":false},"excerpt":{"rendered":"<p>A magyar arc-, \u00e1llcsont-, sz\u00e1jseb\u00e9szet az \u00e1ltal\u00e1nos, \u00e9s els\u0151sorban a hadiseb\u00e9szetb\u0151l n\u0151tte ki mag\u00e1t. Az 1848-49-es szabads\u00e1gharc alatt Balassa J\u00e1nos \u00f3ri\u00e1si tapasztalatot szerzett az els\u0151 sz\u00e1jseb\u00e9sz jelleg\u0171 m\u0171t\u00e9tekb\u0151l, melyeket le is \u00edrt, majd k\u00e9s\u0151bb a sz\u00e1jpadhasad\u00e9kok ell\u00e1t\u00e1s\u00e1val \u00e9s a m\u0171t\u00e9ttechnikai megold\u00e1sokkal is foglalkozott. 1890-ben ny\u00edlt meg az Egyetemi Fog\u00e1szati Int\u00e9zet, melynek vezet\u0151je \u00c1rk\u00f6vy J\u00f3zsef volt, &hellip;<\/p>\n","protected":false},"author":12,"featured_media":0,"parent":3375,"menu_order":1,"comment_status":"closed","ping_status":"closed","template":"","meta":{"_acf_changed":false,"footnotes":""},"categories":[],"tags":[],"class_list":["post-596","page","type-page","status-publish","hentry"],"acf":[],"_links":{"self":[{"href":"https:\/\/semmelweis.hu\/szajsebeszet\/wp-json\/wp\/v2\/pages\/596","targetHints":{"allow":["GET"]}}],"collection":[{"href":"https:\/\/semmelweis.hu\/szajsebeszet\/wp-json\/wp\/v2\/pages"}],"about":[{"href":"https:\/\/semmelweis.hu\/szajsebeszet\/wp-json\/wp\/v2\/types\/page"}],"author":[{"embeddable":true,"href":"https:\/\/semmelweis.hu\/szajsebeszet\/wp-json\/wp\/v2\/users\/12"}],"replies":[{"embeddable":true,"href":"https:\/\/semmelweis.hu\/szajsebeszet\/wp-json\/wp\/v2\/comments?post=596"}],"version-history":[{"count":10,"href":"https:\/\/semmelweis.hu\/szajsebeszet\/wp-json\/wp\/v2\/pages\/596\/revisions"}],"predecessor-version":[{"id":2987,"href":"https:\/\/semmelweis.hu\/szajsebeszet\/wp-json\/wp\/v2\/pages\/596\/revisions\/2987"}],"up":[{"embeddable":true,"href":"https:\/\/semmelweis.hu\/szajsebeszet\/wp-json\/wp\/v2\/pages\/3375"}],"wp:attachment":[{"href":"https:\/\/semmelweis.hu\/szajsebeszet\/wp-json\/wp\/v2\/media?parent=596"}],"wp:term":[{"taxonomy":"category","embeddable":true,"href":"https:\/\/semmelweis.hu\/szajsebeszet\/wp-json\/wp\/v2\/categories?post=596"},{"taxonomy":"post_tag","embeddable":true,"href":"https:\/\/semmelweis.hu\/szajsebeszet\/wp-json\/wp\/v2\/tags?post=596"}],"curies":[{"name":"wp","href":"https:\/\/api.w.org\/{rel}","templated":true}]}}