{"id":545,"date":"2016-04-25T15:04:40","date_gmt":"2016-04-25T13:04:40","guid":{"rendered":"http:\/\/semmelweis.hu\/szajsebeszet\/?page_id=545"},"modified":"2020-10-30T11:43:14","modified_gmt":"2020-10-30T10:43:14","slug":"dr-bogdan-sandor-egyetemi-adjunktus-phd","status":"publish","type":"page","link":"https:\/\/semmelweis.hu\/szajsebeszet\/dr-bogdan-sandor-egyetemi-adjunktus-phd\/","title":{"rendered":"Dr. Bogd\u00e1n S\u00e1ndor, egyetemi docens, PhD"},"content":{"rendered":"<p><a href=\"https:\/\/semmelweis.hu\/szajsebeszet\/files\/2016\/05\/Dr.-Bogd\u00e1n_CV_2016.04.pdf\">Szakmai \u00f6n\u00e9letrajz<\/a><\/p>\n<p><a href=\"https:\/\/semmelweis.hu\/szajsebeszet\/files\/2016\/05\/Dr.-Bogd\u00e1n-S\u00e1ndor-PUBLIK\u00c1CI\u00d3K_2016.04.pdf\" target=\"_blank\" rel=\"noopener noreferrer\">Publik\u00e1ci\u00f3s lista<\/a><\/p>\n","protected":false},"excerpt":{"rendered":"<p><a href=\"https:\/\/semmelweis.hu\/szajsebeszet\/files\/2016\/05\/Dr.-Bogd\u00e1n_CV_2016.04.pdf\">Szakmai \u00f6n\u00e9letrajz<\/a><br \/>\n<a href=\"https:\/\/semmelweis.hu\/szajsebeszet\/files\/2016\/05\/Dr.-Bogd\u00e1n-S\u00e1ndor-PUBLIK\u00c1CI\u00d3K_2016.04.pdf\" target=\"_blank\" rel=\"noopener noreferrer\">Publik\u00e1ci\u00f3s lista<\/a><\/p>\n","protected":false},"author":176,"featured_media":0,"parent":0,"menu_order":0,"comment_status":"closed","ping_status":"closed","template":"","meta":{"_acf_changed":false,"footnotes":""},"categories":[],"tags":[],"class_list":["post-545","page","type-page","status-publish","hentry"],"acf":[],"_links":{"self":[{"href":"https:\/\/semmelweis.hu\/szajsebeszet\/wp-json\/wp\/v2\/pages\/545","targetHints":{"allow":["GET"]}}],"collection":[{"href":"https:\/\/semmelweis.hu\/szajsebeszet\/wp-json\/wp\/v2\/pages"}],"about":[{"href":"https:\/\/semmelweis.hu\/szajsebeszet\/wp-json\/wp\/v2\/types\/page"}],"author":[{"embeddable":true,"href":"https:\/\/semmelweis.hu\/szajsebeszet\/wp-json\/wp\/v2\/users\/176"}],"replies":[{"embeddable":true,"href":"https:\/\/semmelweis.hu\/szajsebeszet\/wp-json\/wp\/v2\/comments?post=545"}],"version-history":[{"count":9,"href":"https:\/\/semmelweis.hu\/szajsebeszet\/wp-json\/wp\/v2\/pages\/545\/revisions"}],"predecessor-version":[{"id":2712,"href":"https:\/\/semmelweis.hu\/szajsebeszet\/wp-json\/wp\/v2\/pages\/545\/revisions\/2712"}],"wp:attachment":[{"href":"https:\/\/semmelweis.hu\/szajsebeszet\/wp-json\/wp\/v2\/media?parent=545"}],"wp:term":[{"taxonomy":"category","embeddable":true,"href":"https:\/\/semmelweis.hu\/szajsebeszet\/wp-json\/wp\/v2\/categories?post=545"},{"taxonomy":"post_tag","embeddable":true,"href":"https:\/\/semmelweis.hu\/szajsebeszet\/wp-json\/wp\/v2\/tags?post=545"}],"curies":[{"name":"wp","href":"https:\/\/api.w.org\/{rel}","templated":true}]}}