{"id":5,"date":"2012-01-25T13:58:32","date_gmt":"2012-01-25T13:58:32","guid":{"rendered":"http:\/\/semmelweis-egyetem.hu\/szajsebeszet\/?page_id=5"},"modified":"2023-11-16T09:29:09","modified_gmt":"2023-11-16T08:29:09","slug":"elerhetoseg","status":"publish","type":"page","link":"https:\/\/semmelweis.hu\/szajsebeszet\/elerhetoseg\/","title":{"rendered":"El\u00e9rhet\u0151s\u00e9g"},"content":{"rendered":"<p><strong>C\u00edm:<\/strong> 1085 Budapest M\u00e1ria u. 52.<br \/>\n<strong>Telefon:<\/strong> +36-1-266-0457 \u00a0Fax: +36-1-266-0456<br \/>\n<strong>Igazgat\u00f3:<\/strong> Prof. Dr. N\u00e9meth Zsolt<br \/>\nE-mail: <a href=\"mailto:titkarsag.arcallcsont@dent.semmelweis-univ.hu\" target=\"_blank\" rel=\"noopener noreferrer\">titkarsag.arcallcsont@semmelweis.hu<\/a><\/p>\n<p><strong>Betegfelv\u00e9teli Iroda:<br \/>\n<\/strong>Tel.: +36-1-266-0457 \/55874 mell\u00e9k<\/p>\n<p><strong>Ambulancia:<\/strong><br \/>\nTel.: +36-1-266-0457 \/55867, 55888 mell\u00e9k<\/p>\n<p><strong>Titk\u00e1rs\u00e1g:<br \/>\n<\/strong>Tel\/Fax: +36-1-266-0456<\/p>\n<p><strong>Levelez\u00e9si c\u00edm: <\/strong>1428 Budapest, Pf. 2.<\/p>\n<p>K\u00e9rj\u00fck, hogy a bor\u00edt\u00e9kon t\u00fcntess\u00e9k fel c\u00edmzettk\u00e9nt Klinik\u00e1nkat, vagy kezel\u0151orvosuk nev\u00e9t. K\u00e9rj\u00fck tov\u00e1bb\u00e1, amennyiben leveleik bizalmas inform\u00e1ci\u00f3kat tartalmaznak az \u201eSK\u201d vagy \u201eBizalmas\u201d megjel\u00f6l\u00e9st is t\u00fcntess\u00e9k fel a bor\u00edt\u00e9kon!<\/p>\n\n<!-- iframe plugin v.4.9 wordpress.org\/plugins\/iframe\/ -->\n<iframe loading=\"lazy\" src=\"https:\/\/www.google.com\/maps\/embed?pb=!1m18!1m12!1m3!1d2696.123953237905!2d19.06854569999999!3d47.48749859999994!2m3!1f0!2f0!3f0!3m2!1i1024!2i768!4f13.1!3m3!1m2!1s0x4741dc59b73ada03%3A0xc955cde5c5c4f470!2s1085+Budapest%2C+M%C3%A1ria+utca+52!5e0!3m2!1shu!2shu!4v1406195493462\" width=\"100%\" height=\"400\" scrolling=\"yes\" class=\"iframe-class\" frameborder=\"0\"><\/iframe>\n\n<p>&nbsp;<\/p>\n","protected":false},"excerpt":{"rendered":"<p>C\u00edm: 1085 Budapest M\u00e1ria u. 52. Telefon: +36-1-266-0457 \u00a0Fax: +36-1-266-0456 Igazgat\u00f3: Prof. Dr. N\u00e9meth Zsolt E-mail: <a href=\"mailto:titkarsag.arcallcsont@dent.semmelweis-univ.hu\" target=\"_blank\" rel=\"noopener noreferrer\">titkarsag.arcallcsont@semmelweis.hu<\/a> Betegfelv\u00e9teli Iroda: Tel.: +36-1-266-0457 \/55874 mell\u00e9k Ambulancia: Tel.: +36-1-266-0457 \/55867, 55888 mell\u00e9k Titk\u00e1rs\u00e1g: Tel\/Fax: +36-1-266-0456 Levelez\u00e9si c\u00edm: 1428 Budapest, Pf. 2. K\u00e9rj\u00fck, hogy a bor\u00edt\u00e9kon t\u00fcntess\u00e9k fel c\u00edmzettk\u00e9nt Klinik\u00e1nkat, vagy kezel\u0151orvosuk nev\u00e9t. K\u00e9rj\u00fck tov\u00e1bb\u00e1, amennyiben leveleik bizalmas inform\u00e1ci\u00f3kat tartalmaznak &hellip;<\/p>\n","protected":false},"author":176,"featured_media":0,"parent":0,"menu_order":7,"comment_status":"closed","ping_status":"closed","template":"","meta":{"_acf_changed":false,"footnotes":""},"categories":[],"tags":[],"class_list":["post-5","page","type-page","status-publish","hentry"],"acf":[],"_links":{"self":[{"href":"https:\/\/semmelweis.hu\/szajsebeszet\/wp-json\/wp\/v2\/pages\/5","targetHints":{"allow":["GET"]}}],"collection":[{"href":"https:\/\/semmelweis.hu\/szajsebeszet\/wp-json\/wp\/v2\/pages"}],"about":[{"href":"https:\/\/semmelweis.hu\/szajsebeszet\/wp-json\/wp\/v2\/types\/page"}],"author":[{"embeddable":true,"href":"https:\/\/semmelweis.hu\/szajsebeszet\/wp-json\/wp\/v2\/users\/176"}],"replies":[{"embeddable":true,"href":"https:\/\/semmelweis.hu\/szajsebeszet\/wp-json\/wp\/v2\/comments?post=5"}],"version-history":[{"count":10,"href":"https:\/\/semmelweis.hu\/szajsebeszet\/wp-json\/wp\/v2\/pages\/5\/revisions"}],"predecessor-version":[{"id":4286,"href":"https:\/\/semmelweis.hu\/szajsebeszet\/wp-json\/wp\/v2\/pages\/5\/revisions\/4286"}],"wp:attachment":[{"href":"https:\/\/semmelweis.hu\/szajsebeszet\/wp-json\/wp\/v2\/media?parent=5"}],"wp:term":[{"taxonomy":"category","embeddable":true,"href":"https:\/\/semmelweis.hu\/szajsebeszet\/wp-json\/wp\/v2\/categories?post=5"},{"taxonomy":"post_tag","embeddable":true,"href":"https:\/\/semmelweis.hu\/szajsebeszet\/wp-json\/wp\/v2\/tags?post=5"}],"curies":[{"name":"wp","href":"https:\/\/api.w.org\/{rel}","templated":true}]}}