{"id":4292,"date":"2023-11-28T10:55:04","date_gmt":"2023-11-28T09:55:04","guid":{"rendered":"https:\/\/semmelweis.hu\/szajsebeszet\/?page_id=4292"},"modified":"2025-04-10T00:33:00","modified_gmt":"2025-04-09T22:33:00","slug":"omhv","status":"publish","type":"page","link":"https:\/\/semmelweis.hu\/szajsebeszet\/oktatas\/omhv\/","title":{"rendered":"OMHV"},"content":{"rendered":"<div class=\"responsive-tabs\">\n<h2 class=\"tabtitle\">Sz\u00e1jseb\u00e9szet<\/h2>\n<div class=\"tabcontent\">\n\n<div class=\"page\" title=\"Page 1\">\n<div class=\"layoutArea\">\n<div class=\"column\">\n<p>Int\u00e9zked\u00e9si tervek a 2024\/2025 tane\u0301v 1. szemeszter OMHV eredme\u0301nyei alapja\u0301n.<\/p>\n<p><a href=\"https:\/\/semmelweis.hu\/szajsebeszet\/files\/2025\/04\/FOKOSZB041_1M.pdf\">Sz\u00e1jseb\u00e9szeti propedeutika<\/a><\/p>\n<p><a href=\"https:\/\/semmelweis.hu\/szajsebeszet\/files\/2025\/04\/FOKOSZB353_2M.pdf\">Sz\u00e1jseb\u00e9szet II<\/a><\/p>\n<p><a href=\"https:\/\/semmelweis.hu\/szajsebeszet\/files\/2025\/04\/FOKOSZB353_4M.pdf\">Sz\u00e1jseb\u00e9szet IV<\/a><\/p>\n<\/div>\n<\/div>\n<\/div>\n<p><span style=\"font-size: 1rem\">\n<\/div><h2 class=\"tabtitle\">Implantol\u00f3gia<\/h2>\n<div class=\"tabcontent\">\n<\/span><\/p>\n<p style=\"font-weight: 400\"><a href=\"https:\/\/semmelweis.hu\/szajsebeszet\/files\/2025\/04\/FOKOSZB311_2M.pdf\">Int\u00e9zked\u00e9si terv a 2024\/2025 tane\u0301v 1. szemeszter OMHV eredme\u0301nyei alapja\u0301n.<\/a><\/p>\n\n<\/div><h2 class=\"tabtitle\">Arc plasztikai seb\u00e9szete<\/h2>\n<div class=\"tabcontent\">\n\n<p><a href=\"https:\/\/semmelweis.hu\/szajsebeszet\/files\/2025\/04\/FOSVSZB302_1M.pdf\">Int\u00e9zked\u00e9si terv a 2024\/2025 tane\u0301v 1. szemeszter OMHV eredme\u0301nyei alapja\u0301n.<\/a><\/p>\n<p><span style=\"font-size: 1rem\">\n<\/div><h2 class=\"tabtitle\">Speci\u00e1llis ell\u00e1t\u00e1st ig\u00e9nyl\u0151k fog\u00e1szati rehabilit\u00e1ci\u00f3ja<\/h2>\n<div class=\"tabcontent\">\n<\/span><\/p>\n<p><a href=\"https:\/\/semmelweis.hu\/szajsebeszet\/files\/2025\/04\/FOSVSZB358_1M.pdf\">Int\u00e9zked\u00e9si terv a 2024\/2025 tane\u0301v 1. szemeszter OMHV eredme\u0301nyei alapja\u0301n.<\/a><\/p>\n<\/div><\/div>\n","protected":false},"excerpt":{"rendered":"<p>Int\u00e9zked\u00e9si tervek a 2024\/2025 tane\u0301v 1. szemeszter OMHV eredme\u0301nyei alapja\u0301n.<br \/>\n<a href=\"https:\/\/semmelweis.hu\/szajsebeszet\/files\/2025\/04\/FOKOSZB041_1M.pdf\">Sz\u00e1jseb\u00e9szeti propedeutika<\/a><br \/>\n<a href=\"https:\/\/semmelweis.hu\/szajsebeszet\/files\/2025\/04\/FOKOSZB353_2M.pdf\">Sz\u00e1jseb\u00e9szet II<\/a><br \/>\n<a href=\"https:\/\/semmelweis.hu\/szajsebeszet\/files\/2025\/04\/FOKOSZB353_4M.pdf\">Sz\u00e1jseb\u00e9szet IV<\/a><\/p>\n<p><a href=\"https:\/\/semmelweis.hu\/szajsebeszet\/files\/2025\/04\/FOKOSZB311_2M.pdf\">Int\u00e9zked\u00e9si terv a 2024\/2025 tane\u0301v 1. szemeszter OMHV eredme\u0301nyei alapja\u0301n.<\/a><\/p>\n<p><a href=\"https:\/\/semmelweis.hu\/szajsebeszet\/files\/2025\/04\/FOSVSZB302_1M.pdf\">Int\u00e9zked\u00e9si terv a 2024\/2025 tane\u0301v 1. szemeszter OMHV eredme\u0301nyei alapja\u0301n.<\/a><\/p>\n<p><a href=\"https:\/\/semmelweis.hu\/szajsebeszet\/files\/2025\/04\/FOSVSZB358_1M.pdf\">Int\u00e9zked\u00e9si terv a 2024\/2025 tane\u0301v 1. szemeszter OMHV eredme\u0301nyei alapja\u0301n.<\/a><\/p>\n","protected":false},"author":176,"featured_media":0,"parent":43,"menu_order":6,"comment_status":"closed","ping_status":"closed","template":"","meta":{"_acf_changed":false,"footnotes":""},"categories":[],"tags":[],"class_list":["post-4292","page","type-page","status-publish","hentry"],"acf":[],"_links":{"self":[{"href":"https:\/\/semmelweis.hu\/szajsebeszet\/wp-json\/wp\/v2\/pages\/4292","targetHints":{"allow":["GET"]}}],"collection":[{"href":"https:\/\/semmelweis.hu\/szajsebeszet\/wp-json\/wp\/v2\/pages"}],"about":[{"href":"https:\/\/semmelweis.hu\/szajsebeszet\/wp-json\/wp\/v2\/types\/page"}],"author":[{"embeddable":true,"href":"https:\/\/semmelweis.hu\/szajsebeszet\/wp-json\/wp\/v2\/users\/176"}],"replies":[{"embeddable":true,"href":"https:\/\/semmelweis.hu\/szajsebeszet\/wp-json\/wp\/v2\/comments?post=4292"}],"version-history":[{"count":10,"href":"https:\/\/semmelweis.hu\/szajsebeszet\/wp-json\/wp\/v2\/pages\/4292\/revisions"}],"predecessor-version":[{"id":4494,"href":"https:\/\/semmelweis.hu\/szajsebeszet\/wp-json\/wp\/v2\/pages\/4292\/revisions\/4494"}],"up":[{"embeddable":true,"href":"https:\/\/semmelweis.hu\/szajsebeszet\/wp-json\/wp\/v2\/pages\/43"}],"wp:attachment":[{"href":"https:\/\/semmelweis.hu\/szajsebeszet\/wp-json\/wp\/v2\/media?parent=4292"}],"wp:term":[{"taxonomy":"category","embeddable":true,"href":"https:\/\/semmelweis.hu\/szajsebeszet\/wp-json\/wp\/v2\/categories?post=4292"},{"taxonomy":"post_tag","embeddable":true,"href":"https:\/\/semmelweis.hu\/szajsebeszet\/wp-json\/wp\/v2\/tags?post=4292"}],"curies":[{"name":"wp","href":"https:\/\/api.w.org\/{rel}","templated":true}]}}