{"id":4262,"date":"2023-09-11T12:21:31","date_gmt":"2023-09-11T10:21:31","guid":{"rendered":"https:\/\/semmelweis.hu\/szajsebeszet\/?page_id=4262"},"modified":"2023-09-11T12:23:31","modified_gmt":"2023-09-11T10:23:31","slug":"kovetelmenyrendszer","status":"publish","type":"page","link":"https:\/\/semmelweis.hu\/szajsebeszet\/oktatas\/szabadon-valaszthato-tantargy-2\/kovetelmenyrendszer\/","title":{"rendered":"K\u00f6vetelm\u00e9nyrendszer"},"content":{"rendered":"<p><a href=\"https:\/\/semmelweis.hu\/szajsebeszet\/files\/2023\/09\/Kovetelmenyrendszer-Specialis-ellatast-igenylok-fogaszati-es-szajsebeszeti-rehabilitacioja.pdf\">Speci\u00e1lis ell\u00e1t\u00e1st ig\u00e9nyl\u0151k fog\u00e1szati \u00e9s sz\u00e1jseb\u00e9szeti rehabilit\u00e1ci\u00f3ja c\u00edm\u0171 t\u00e1rgy k\u00f6vetelm\u00e9nyrendszere.<\/a><\/p>\n","protected":false},"excerpt":{"rendered":"<p><a href=\"https:\/\/semmelweis.hu\/szajsebeszet\/files\/2023\/09\/Kovetelmenyrendszer-Specialis-ellatast-igenylok-fogaszati-es-szajsebeszeti-rehabilitacioja.pdf\">Speci\u00e1lis ell\u00e1t\u00e1st ig\u00e9nyl\u0151k fog\u00e1szati \u00e9s sz\u00e1jseb\u00e9szeti rehabilit\u00e1ci\u00f3ja c\u00edm\u0171 t\u00e1rgy k\u00f6vetelm\u00e9nyrendszere.<\/a><\/p>\n","protected":false},"author":176,"featured_media":0,"parent":3789,"menu_order":2,"comment_status":"closed","ping_status":"closed","template":"","meta":{"_acf_changed":false,"footnotes":""},"categories":[],"tags":[],"class_list":["post-4262","page","type-page","status-publish","hentry"],"acf":[],"_links":{"self":[{"href":"https:\/\/semmelweis.hu\/szajsebeszet\/wp-json\/wp\/v2\/pages\/4262","targetHints":{"allow":["GET"]}}],"collection":[{"href":"https:\/\/semmelweis.hu\/szajsebeszet\/wp-json\/wp\/v2\/pages"}],"about":[{"href":"https:\/\/semmelweis.hu\/szajsebeszet\/wp-json\/wp\/v2\/types\/page"}],"author":[{"embeddable":true,"href":"https:\/\/semmelweis.hu\/szajsebeszet\/wp-json\/wp\/v2\/users\/176"}],"replies":[{"embeddable":true,"href":"https:\/\/semmelweis.hu\/szajsebeszet\/wp-json\/wp\/v2\/comments?post=4262"}],"version-history":[{"count":3,"href":"https:\/\/semmelweis.hu\/szajsebeszet\/wp-json\/wp\/v2\/pages\/4262\/revisions"}],"predecessor-version":[{"id":4266,"href":"https:\/\/semmelweis.hu\/szajsebeszet\/wp-json\/wp\/v2\/pages\/4262\/revisions\/4266"}],"up":[{"embeddable":true,"href":"https:\/\/semmelweis.hu\/szajsebeszet\/wp-json\/wp\/v2\/pages\/3789"}],"wp:attachment":[{"href":"https:\/\/semmelweis.hu\/szajsebeszet\/wp-json\/wp\/v2\/media?parent=4262"}],"wp:term":[{"taxonomy":"category","embeddable":true,"href":"https:\/\/semmelweis.hu\/szajsebeszet\/wp-json\/wp\/v2\/categories?post=4262"},{"taxonomy":"post_tag","embeddable":true,"href":"https:\/\/semmelweis.hu\/szajsebeszet\/wp-json\/wp\/v2\/tags?post=4262"}],"curies":[{"name":"wp","href":"https:\/\/api.w.org\/{rel}","templated":true}]}}