{"id":4257,"date":"2023-09-11T12:12:05","date_gmt":"2023-09-11T10:12:05","guid":{"rendered":"https:\/\/semmelweis.hu\/szajsebeszet\/?page_id=4257"},"modified":"2025-10-06T00:01:29","modified_gmt":"2025-10-05T22:01:29","slug":"praktikum-in-der-stationaeren-abteilung","status":"publish","type":"page","link":"https:\/\/semmelweis.hu\/szajsebeszet\/de\/unterricht\/praktikum-in-der-stationaeren-abteilung\/","title":{"rendered":"Praktikum in der station\u00e4ren Abteilung"},"content":{"rendered":"<p class=\"p1\">Sehr geehrte Studierenden!<\/p>\n<p class=\"p1\">Das Praktikum des Fachkurses Kieferchirurgie V. bei der station\u00e4ren Abteilung f\u00fcr deutschsprachige Studentengruppen wird vom 29. September bis zum 3. Oktober:<\/p>\n<p><img decoding=\"async\" src=\"https:\/\/semmelweis.hu\/szajsebeszet\/files\/2025\/10\/fekvotabla_nemet.jpg\" alt=\"\" \/><\/p>\n<p class=\"p1\">Das Praktikum bei der station\u00e4ren Abteilung beginnt um 8:15 bei der station\u00e4ren Abteilung der Klinik f\u00fcr Mund-, Kiefer- und Gesichtschirurgie und Stomatologie (im 3. Stock des Geb\u00e4udes). Bitte, melden Sie sich am angegebenen Zeitpunkt in wei\u00dfem Kittel. W\u00e4hrend des Praktikums m\u00fcssen die Studierenden einen wei\u00dfen Kittel tragen. Die Garderobe befindet sich im Nebenraum des Vorlesungssaals im Erdgeschoss.<\/p>\n<p class=\"p1\">\u00dcber die Anwesenheit der Studierenden im Praktikum werden Anwesenheitslisten gef\u00fchrt. Bitte achten Sie jeden Praktikumstag darauf, die Anwesenheitsliste zu unterschreiben.<\/p>\n<p class=\"p1\">Die Materialien zum Praktikum bei der station\u00e4ren Abteilung befinden sich auf der E-Learning-Plattform (Moodle) im Fach Oralchirurgie V.<\/p>\n<p class=\"p1\">Mit freundliche Gr\u00fc\u00dfe,<\/p>\n<p class=\"p1\">Dr. S\u00e1ndor Bogd\u00e1n<\/p>\n","protected":false},"excerpt":{"rendered":"<p>Sehr geehrte Studierenden! Das Praktikum des Fachkurses Kieferchirurgie V. bei der station\u00e4ren Abteilung f\u00fcr deutschsprachige Studentengruppen wird vom 29. September bis zum 3. Oktober: Das Praktikum bei der station\u00e4ren Abteilung beginnt um 8:15 bei der station\u00e4ren Abteilung der Klinik f\u00fcr Mund-, Kiefer- und Gesichtschirurgie und Stomatologie (im 3. Stock des Geb\u00e4udes). Bitte, melden Sie sich &hellip;<\/p>\n","protected":false},"author":176,"featured_media":0,"parent":1191,"menu_order":5,"comment_status":"closed","ping_status":"closed","template":"","meta":{"_acf_changed":false,"footnotes":""},"categories":[],"tags":[],"class_list":["post-4257","page","type-page","status-publish","hentry"],"acf":[],"_links":{"self":[{"href":"https:\/\/semmelweis.hu\/szajsebeszet\/wp-json\/wp\/v2\/pages\/4257","targetHints":{"allow":["GET"]}}],"collection":[{"href":"https:\/\/semmelweis.hu\/szajsebeszet\/wp-json\/wp\/v2\/pages"}],"about":[{"href":"https:\/\/semmelweis.hu\/szajsebeszet\/wp-json\/wp\/v2\/types\/page"}],"author":[{"embeddable":true,"href":"https:\/\/semmelweis.hu\/szajsebeszet\/wp-json\/wp\/v2\/users\/176"}],"replies":[{"embeddable":true,"href":"https:\/\/semmelweis.hu\/szajsebeszet\/wp-json\/wp\/v2\/comments?post=4257"}],"version-history":[{"count":4,"href":"https:\/\/semmelweis.hu\/szajsebeszet\/wp-json\/wp\/v2\/pages\/4257\/revisions"}],"predecessor-version":[{"id":4555,"href":"https:\/\/semmelweis.hu\/szajsebeszet\/wp-json\/wp\/v2\/pages\/4257\/revisions\/4555"}],"up":[{"embeddable":true,"href":"https:\/\/semmelweis.hu\/szajsebeszet\/wp-json\/wp\/v2\/pages\/1191"}],"wp:attachment":[{"href":"https:\/\/semmelweis.hu\/szajsebeszet\/wp-json\/wp\/v2\/media?parent=4257"}],"wp:term":[{"taxonomy":"category","embeddable":true,"href":"https:\/\/semmelweis.hu\/szajsebeszet\/wp-json\/wp\/v2\/categories?post=4257"},{"taxonomy":"post_tag","embeddable":true,"href":"https:\/\/semmelweis.hu\/szajsebeszet\/wp-json\/wp\/v2\/tags?post=4257"}],"curies":[{"name":"wp","href":"https:\/\/api.w.org\/{rel}","templated":true}]}}