{"id":4244,"date":"2023-09-11T11:55:00","date_gmt":"2023-09-11T09:55:00","guid":{"rendered":"https:\/\/semmelweis.hu\/szajsebeszet\/?page_id=4244"},"modified":"2025-10-06T00:02:21","modified_gmt":"2025-10-05T22:02:21","slug":"fekvobeteg-osztalyos-gyakorlat","status":"publish","type":"page","link":"https:\/\/semmelweis.hu\/szajsebeszet\/oktatas\/fekvobeteg-osztalyos-gyakorlat\/","title":{"rendered":"Fekv\u0151beteg oszt\u00e1lyos gyakorlat"},"content":{"rendered":"<p class=\"p1\"><b>Tisztelt Hallgat\u00f3k!<\/b><\/p>\n<p class=\"p1\">Az 5. \u00e9vfolyamos magyar nyelv\u0171 Fekv\u0151beteg oszt\u00e1lyos gyakorlat beoszt\u00e1sa a 2025\/26-os tan\u00e9v \u0151szi szemeszter\u00e9ben az al\u00e1bbi:<\/p>\n<p><img decoding=\"async\" src=\"https:\/\/semmelweis.hu\/szajsebeszet\/files\/2025\/10\/fekvotabla.jpg\" alt=\"\" \/><\/p>\n<p class=\"p1\">K\u00e9rem, a csoportok hallgat\u00f3i a beoszt\u00e1snak megfelel\u0151en reggel 08:15-kor, a III. emeleti Fekv\u0151beteg oszt\u00e1lyon, feh\u00e9r k\u00f6penyben jelentkezzenek a gyakorlat megkezd\u00e9s\u00e9re. Feh\u00e9r k\u00f6penyeiket a hallgat\u00f3i ruhat\u00e1rban tudj\u00e1k felvenni.<\/p>\n<p class=\"p1\">A gyakorlatr\u00f3l kiz\u00e1r\u00f3lag a Tanulm\u00e1nyi \u00e9s Vizsgaszab\u00e1lyzat \u00e1ltal enged\u00e9lyezett hi\u00e1nyz\u00e1s megengedett. A jelenl\u00e9ti \u00edvek vezet\u00e9s\u00e9re, k\u00e9rem, fokozottan \u00fcgyeljenek.<\/p>\n<p class=\"p1\">A tant\u00e1rgy E-learning fel\u00fclet\u00e9n a gyakorlathoz kapcsol\u00f3d\u00f3 oktat\u00e1si seg\u00e9danyagokat \u00e9rhetnek el.<\/p>\n<p class=\"p1\"><b>Tisztelettel:<\/b><\/p>\n<p class=\"p1\">Dr. Bogd\u00e1n S\u00e1ndor<\/p>\n<p class=\"p1\">egyetemi docens<\/p>\n","protected":false},"excerpt":{"rendered":"<p>Tisztelt Hallgat\u00f3k! Az 5. \u00e9vfolyamos magyar nyelv\u0171 Fekv\u0151beteg oszt\u00e1lyos gyakorlat beoszt\u00e1sa a 2025\/26-os tan\u00e9v \u0151szi szemeszter\u00e9ben az al\u00e1bbi: K\u00e9rem, a csoportok hallgat\u00f3i a beoszt\u00e1snak megfelel\u0151en reggel 08:15-kor, a III. emeleti Fekv\u0151beteg oszt\u00e1lyon, feh\u00e9r k\u00f6penyben jelentkezzenek a gyakorlat megkezd\u00e9s\u00e9re. Feh\u00e9r k\u00f6penyeiket a hallgat\u00f3i ruhat\u00e1rban tudj\u00e1k felvenni. A gyakorlatr\u00f3l kiz\u00e1r\u00f3lag a Tanulm\u00e1nyi \u00e9s Vizsgaszab\u00e1lyzat \u00e1ltal enged\u00e9lyezett hi\u00e1nyz\u00e1s &hellip;<\/p>\n","protected":false},"author":176,"featured_media":0,"parent":43,"menu_order":7,"comment_status":"closed","ping_status":"closed","template":"","meta":{"_acf_changed":false,"footnotes":""},"categories":[],"tags":[],"class_list":["post-4244","page","type-page","status-publish","hentry"],"acf":[],"_links":{"self":[{"href":"https:\/\/semmelweis.hu\/szajsebeszet\/wp-json\/wp\/v2\/pages\/4244","targetHints":{"allow":["GET"]}}],"collection":[{"href":"https:\/\/semmelweis.hu\/szajsebeszet\/wp-json\/wp\/v2\/pages"}],"about":[{"href":"https:\/\/semmelweis.hu\/szajsebeszet\/wp-json\/wp\/v2\/types\/page"}],"author":[{"embeddable":true,"href":"https:\/\/semmelweis.hu\/szajsebeszet\/wp-json\/wp\/v2\/users\/176"}],"replies":[{"embeddable":true,"href":"https:\/\/semmelweis.hu\/szajsebeszet\/wp-json\/wp\/v2\/comments?post=4244"}],"version-history":[{"count":9,"href":"https:\/\/semmelweis.hu\/szajsebeszet\/wp-json\/wp\/v2\/pages\/4244\/revisions"}],"predecessor-version":[{"id":4556,"href":"https:\/\/semmelweis.hu\/szajsebeszet\/wp-json\/wp\/v2\/pages\/4244\/revisions\/4556"}],"up":[{"embeddable":true,"href":"https:\/\/semmelweis.hu\/szajsebeszet\/wp-json\/wp\/v2\/pages\/43"}],"wp:attachment":[{"href":"https:\/\/semmelweis.hu\/szajsebeszet\/wp-json\/wp\/v2\/media?parent=4244"}],"wp:term":[{"taxonomy":"category","embeddable":true,"href":"https:\/\/semmelweis.hu\/szajsebeszet\/wp-json\/wp\/v2\/categories?post=4244"},{"taxonomy":"post_tag","embeddable":true,"href":"https:\/\/semmelweis.hu\/szajsebeszet\/wp-json\/wp\/v2\/tags?post=4244"}],"curies":[{"name":"wp","href":"https:\/\/api.w.org\/{rel}","templated":true}]}}