{"id":3958,"date":"2023-01-29T10:14:14","date_gmt":"2023-01-29T09:14:14","guid":{"rendered":"https:\/\/semmelweis.hu\/szajsebeszet\/?page_id=3958"},"modified":"2023-01-29T10:14:23","modified_gmt":"2023-01-29T09:14:23","slug":"oral-an-maxillofacial-surgery-preclinical-course-lectures","status":"publish","type":"page","link":"https:\/\/semmelweis.hu\/szajsebeszet\/en\/oral-and-maxillofacial-surgery-preclinical-course\/oral-an-maxillofacial-surgery-preclinical-course-lectures\/","title":{"rendered":"Oral an maxillofacial surgery preclinical course lectures"},"content":{"rendered":"<p>FOK III. \u00e9vf. angol hallgat\u00f3k Sz\u00e1jseb\u00e9szet el\u0151ad\u00e1sai\u00a0\u00a0\u00a0\u00a0\u00a0\u00a0\u00a0\u00a0\u00a0\u00a0 2022\/2023. II. f\u00e9l\u00e9v<br \/>\nHely: Semmelweis Egyetem, Arc-\u00c1llcsont-Sz\u00e1jseb\u00e9szeti \u00e9s Fog\u00e1szati Klinika, M\u00e1ria u. 52.<br \/>\nId\u0151:\u00a0 Tuesday\u00a0 10.00 \u2013 10.45 h\u00a0\u00a0\u00a0\u00a0\u00a0\u00a0\u00a0\u00a0\u00a0\u00a0\u00a0\u00a0\u00a0\u00a0\u00a0\u00a0\u00a0\u00a0\u00a0\u00a0\u00a0\u00a0\u00a0\u00a0\u00a0\u00a0\u00a0\u00a0\u00a0\u00a0\u00a0 \u00a0\u00a0\u00a0\u00a0\u00a0\u00a0\u00a0\u00a0\u00a0\u00a0\u00a0\u00a0\u00a0\u00a0\u00a0\u00a0\u00a0\u00a0\u00a0\u00a0\u00a0\u00a0\u00a0\u00a0\u00a0\u00a0\u00a0 tanteremfelel\u0151s: Dr. B\u00e9rczy<br \/>\n\u00a0<br \/>\n1. w.<br \/>\nFebr.<br \/>\n14.<br \/>\nClinical examination, symptoms and diagnostics<\/p>\n<p>in oral surgery. Dentist-patient relationship.<br \/>\n(Dr. Koml\u00f3s)<br \/>\n\u00a0<br \/>\n\u00a0<br \/>\n\u00a0<br \/>\n\u00a0<br \/>\n\u00a0<br \/>\n2.<\/p>\n<p>\u00a0<br \/>\nFebr.<br \/>\n21.<br \/>\nLocal anesthesia I.<\/p>\n<p>The history of local anesthesia. Physiological<\/p>\n<p>and psychological aspects of pain. Technical possibilities.<\/p>\n<p>\u00a0<br \/>\n(Dr. Kopp\u00e1ny)<\/p>\n<p>\u00a0<br \/>\n\u00a0<br \/>\n3.<br \/>\nFebr.<br \/>\n28.<br \/>\nLocal anesthesia II.<\/p>\n<p>The pharmacological properties of local anesthetic drugs. The mode of action of local anesthetics. The composition of local anesthetic preparations. Indications, contraindications.<\/p>\n<p>\u00a0<br \/>\n(Dr. Kopp\u00e1ny)<br \/>\n4.<br \/>\nMar.<br \/>\n07.<br \/>\nLocal anesthesia III.<\/p>\n<p>The technique of local anesthesia. Generally used techniques for terminal (infiltrative) and block anesthesia.<\/p>\n<p>\u00a0<br \/>\n(Dr. Sz\u0171cs)<br \/>\n5.<br \/>\nMar.<br \/>\n14.<br \/>\nLocal anesthesia IV.<\/p>\n<p>Special techniques for local anesthesia.\u00a0\u00a0\u00a0\u00a0\u00a0\u00a0\u00a0\u00a0\u00a0\u00a0\u00a0 \u00a0\u00a0\u00a0 \u00a0\u00a0\u00a0\u00a0\u00a0\u00a0\u00a0<\/p>\n<p>Ganglion blockade. Intraligamental anesthesia. Anesthesia of inflamed tissues.<\/p>\n<p>\u00a0<br \/>\n(Dr. Kopp\u00e1ny)<br \/>\n6.<br \/>\nMar.<br \/>\n21.<\/p>\n<p>\u00a0<br \/>\nLocal anesthesia V.<\/p>\n<p>Complications of local anesthesia. Active agent induced complications. Technical complications.<\/p>\n<p>\u00a0<br \/>\n(Dr. K\u00f6rm\u00f6czi)<\/p>\n<p>\u00a0<br \/>\n7.<br \/>\nMar.<br \/>\n\u00a028.<br \/>\nPathology and special aspects of wound healing in the oral cavity. Healing of wounds of the bone and soft tissues.<\/p>\n<p>\u00a0<br \/>\n(Dr. K\u00f6rm\u00f6czi)<br \/>\n8.<\/p>\n<p>&nbsp;<\/p>\n<p>&nbsp;<\/p>\n<p>9.<br \/>\nApr.<\/p>\n<p>&nbsp;<\/p>\n<p>&nbsp;<\/p>\n<p>Apr.<br \/>\n04.<\/p>\n<p>&nbsp;<\/p>\n<p>&nbsp;<\/p>\n<p>11.<\/p>\n<p>&nbsp;<\/p>\n<p>\u00a0<br \/>\nOperation techniques in dentoalveolar surgery.\u00a0\u00a0\u00a0\u00a0\u00a0\u00a0\u00a0\u00a0\u00a0\u00a0\u00a0\u00a0\u00a0\u00a0\u00a0<\/p>\n<p>(surgical tools, flaps, sutures)\u00a0 \u00a0\u00a0\u00a0\u00a0\u00a0\u00a0\u00a0\u00a0\u00a0\u00a0\u00a0\u00a0\u00a0\u00a0\u00a0\u00a0\u00a0\u00a0\u00a0\u00a0\u00a0\u00a0\u00a0\u00a0\u00a0\u00a0\u00a0\u00a0\u00a0\u00a0\u00a0\u00a0\u00a0\u00a0\u00a0\u00a0\u00a0\u00a0\u00a0\u00a0\u00a0\u00a0\u00a0\u00a0<\/p>\n<p>&nbsp;<\/p>\n<p>Written midterm\u00a0\u00a0\u00a0\u00a0\u00a0\u00a0\u00a0\u00a0\u00a0\u00a0\u00a0\u00a0\u00a0\u00a0\u00a0\u00a0\u00a0 \u00a0\u00a0\u00a0\u00a0\u00a0\u00a0\u00a0\u00a0\u00a0\u00a0\u00a0\u00a0\u00a0\u00a0\u00a0\u00a0\u00a0\u00a0\u00a0\u00a0\u00a0\u00a0\u00a0\u00a0\u00a0\u00a0\u00a0\u00a0<\/p>\n<p>\u00a0<br \/>\n(Dr. B\u00e9rczy)<\/p>\n<p>&nbsp;<\/p>\n<p>&nbsp;<\/p>\n<p>(Dr. Koml\u00f3s)<br \/>\n10.<br \/>\nApr.<br \/>\n18.<br \/>\nThe operative technique of tooth removal I.<\/p>\n<p>Indications and contraindications of tooth removal. Biomechanical basis and surgical technique of tooth extraction.<\/p>\n<p>\u00a0<br \/>\n(Dr. Sz\u0171cs)<br \/>\n11.<br \/>\nApr.<br \/>\n25.<br \/>\nThe operative technique of tooth removal II.<\/p>\n<p>Surgical removal of teeth and roots.<\/p>\n<p>&nbsp;<\/p>\n<p>\u00a0<br \/>\n(Dr. Sz\u0171cs)<br \/>\n12.<br \/>\nMay<br \/>\n02.<br \/>\nThe operative technique of tooth removal III.<\/p>\n<p>Complications.<\/p>\n<p>\u00a0<br \/>\n(Dr. Sz\u0171cs)<br \/>\n13.<br \/>\nMay<br \/>\n09.<br \/>\nThe importance of various risk factors during tooth extraction.<\/p>\n<p>(Radiotherapy, antiresorptive therapy, haemostats)<\/p>\n<p>\u00a0<br \/>\n(Dr. Kopp\u00e1ny)<\/p>\n<p>\u00a0<br \/>\n14.<\/p>\n<p>&nbsp;<\/p>\n<p>\u00a0<br \/>\nMay<\/p>\n<p>&nbsp;<\/p>\n<p>\u00a0<br \/>\n16.<\/p>\n<p>&nbsp;<\/p>\n<p>\u00a0<br \/>\nConsultation<\/p>\n<p>&nbsp;<\/p>\n<p>\u00a0<br \/>\n(Dr. Kopp\u00e1ny)<\/p>\n<p>&nbsp;<\/p>\n","protected":false},"excerpt":{"rendered":"<p>FOK III. \u00e9vf. angol hallgat\u00f3k Sz\u00e1jseb\u00e9szet el\u0151ad\u00e1sai\u00a0\u00a0\u00a0\u00a0\u00a0\u00a0\u00a0\u00a0\u00a0\u00a0 2022\/2023. II. f\u00e9l\u00e9v Hely: Semmelweis Egyetem, Arc-\u00c1llcsont-Sz\u00e1jseb\u00e9szeti \u00e9s Fog\u00e1szati Klinika, M\u00e1ria u. 52. Id\u0151:\u00a0 Tuesday\u00a0 10.00 \u2013 10.45 h\u00a0\u00a0\u00a0\u00a0\u00a0\u00a0\u00a0\u00a0\u00a0\u00a0\u00a0\u00a0\u00a0\u00a0\u00a0\u00a0\u00a0\u00a0\u00a0\u00a0\u00a0\u00a0\u00a0\u00a0\u00a0\u00a0\u00a0\u00a0\u00a0\u00a0\u00a0 \u00a0\u00a0\u00a0\u00a0\u00a0\u00a0\u00a0\u00a0\u00a0\u00a0\u00a0\u00a0\u00a0\u00a0\u00a0\u00a0\u00a0\u00a0\u00a0\u00a0\u00a0\u00a0\u00a0\u00a0\u00a0\u00a0\u00a0 tanteremfelel\u0151s: Dr. B\u00e9rczy \u00a0 1. w. Febr. 14. Clinical examination, symptoms and diagnostics in oral surgery. Dentist-patient relationship. (Dr. Koml\u00f3s) \u00a0 \u00a0 \u00a0 \u00a0 \u00a0 2. \u00a0 Febr. &hellip;<\/p>\n","protected":false},"author":176,"featured_media":0,"parent":3911,"menu_order":1,"comment_status":"closed","ping_status":"closed","template":"","meta":{"_acf_changed":false,"footnotes":""},"categories":[],"tags":[],"class_list":["post-3958","page","type-page","status-publish","hentry"],"acf":[],"_links":{"self":[{"href":"https:\/\/semmelweis.hu\/szajsebeszet\/wp-json\/wp\/v2\/pages\/3958","targetHints":{"allow":["GET"]}}],"collection":[{"href":"https:\/\/semmelweis.hu\/szajsebeszet\/wp-json\/wp\/v2\/pages"}],"about":[{"href":"https:\/\/semmelweis.hu\/szajsebeszet\/wp-json\/wp\/v2\/types\/page"}],"author":[{"embeddable":true,"href":"https:\/\/semmelweis.hu\/szajsebeszet\/wp-json\/wp\/v2\/users\/176"}],"replies":[{"embeddable":true,"href":"https:\/\/semmelweis.hu\/szajsebeszet\/wp-json\/wp\/v2\/comments?post=3958"}],"version-history":[{"count":1,"href":"https:\/\/semmelweis.hu\/szajsebeszet\/wp-json\/wp\/v2\/pages\/3958\/revisions"}],"predecessor-version":[{"id":3959,"href":"https:\/\/semmelweis.hu\/szajsebeszet\/wp-json\/wp\/v2\/pages\/3958\/revisions\/3959"}],"up":[{"embeddable":true,"href":"https:\/\/semmelweis.hu\/szajsebeszet\/wp-json\/wp\/v2\/pages\/3911"}],"wp:attachment":[{"href":"https:\/\/semmelweis.hu\/szajsebeszet\/wp-json\/wp\/v2\/media?parent=3958"}],"wp:term":[{"taxonomy":"category","embeddable":true,"href":"https:\/\/semmelweis.hu\/szajsebeszet\/wp-json\/wp\/v2\/categories?post=3958"},{"taxonomy":"post_tag","embeddable":true,"href":"https:\/\/semmelweis.hu\/szajsebeszet\/wp-json\/wp\/v2\/tags?post=3958"}],"curies":[{"name":"wp","href":"https:\/\/api.w.org\/{rel}","templated":true}]}}