{"id":3880,"date":"2022-11-03T16:54:51","date_gmt":"2022-11-03T15:54:51","guid":{"rendered":"https:\/\/semmelweis.hu\/szajsebeszet\/?page_id=3880"},"modified":"2022-11-03T19:42:17","modified_gmt":"2022-11-03T18:42:17","slug":"3880-2","status":"publish","type":"page","link":"https:\/\/semmelweis.hu\/szajsebeszet\/de\/3880-2\/","title":{"rendered":"Unsere Kurse"},"content":{"rendered":"<p><span style=\"font-size: 18pt\"><strong>I. F\u00fcr Studierende der Fakult\u00e4t f\u00fcr Zahnmedizin<\/strong><\/span><\/p>\n<p><span style=\"text-decoration: underline\">Obligatorisch:<\/span><\/p>\n<div class=\"page\" title=\"Page 1\">\n<div class=\"section\">\n<div class=\"layoutArea\">\n<div class=\"column\">\n<p><em><strong>Oralchirurgische Propa\u0308deutik<\/strong><\/em>\u00a0<span style=\"font-size: 14pt\">\u2013\u00a0Lehrbeauftragte: <em>Dr. Zsolt N\u00e9meth<\/em>, med. habil., Dozent<\/span><\/p>\n<\/div>\n<\/div>\n<\/div>\n<\/div>\n<p><em><strong>Kieferchirurgie I<\/strong><\/em> \u2013 <span style=\"font-size: 14pt\">Lehrbeauftragte: <em>Dr. Zsolt N\u00e9meth<\/em>, med. habil., Dozent<\/span><\/p>\n<p><em><strong>Kieferchirurgie II<\/strong><\/em> \u2013 <span style=\"font-size: 14pt\">Lehrbeauftragte: <em>Dr. Zsolt N\u00e9meth<\/em>, med. habil., Dozent<\/span><\/p>\n<p><em><strong>Kieferchirurgie III<\/strong><\/em> \u2013 <span style=\"font-size: 14pt\">Lehrbeauftragte: <em>Dr. Zsolt N\u00e9meth<\/em>, med. habil., Dozent<\/span><\/p>\n<p><em><strong>Kieferchirurgie IV<\/strong><\/em> \u2013 <span style=\"font-size: 14pt\">Lehrbeauftragte: <em>Dr. Zsolt N\u00e9meth<\/em>, med. habil., Dozent<\/span><\/p>\n<p><em><strong>Kieferchirurgie V<\/strong><\/em> \u2013 <span style=\"font-size: 14pt\">Lehrbeauftragte: <em>Dr. Zsolt N\u00e9meth<\/em>, med. habil., Dozent<\/span><\/p>\n<p><em><strong>Implantologie I<\/strong><\/em>\u00a0\u2013 <span style=\"font-size: 14pt\">Lehrbeauftragte: <em>Dr. \u00c1rp\u00e1d Jo\u00f3b-Fancsaly<\/em>, med. habil., Dozent<\/span><\/p>\n<p><em><strong>Implantologie II<\/strong> <\/em>\u2013 <span style=\"font-size: 14pt\">Lehrbeauftragte: <em>Dr. \u00c1rp\u00e1d Jo\u00f3b-Fancsaly<\/em>, med. habil., Dozent<\/span><\/p>\n<p><span style=\"font-size: 18pt\"><strong>II. F\u00fcr Studierende der Allgemeinen Medizinischen Fakult\u00e4t<\/strong><\/span><\/p>\n<p><span style=\"text-decoration: underline\">Obligatorisch:<\/span><\/p>\n<p><em><strong>Stomatologie (\u00c1OK)<\/strong><\/em> \u2013 <span style=\"font-size: 14pt\">Lehrbeauftragte: <em>Dr. Zsolt N\u00e9meth<\/em>, med. habil., Dozent<\/span><\/p>\n","protected":false},"excerpt":{"rendered":"<p>I. F\u00fcr Studierende der Fakult\u00e4t f\u00fcr Zahnmedizin Obligatorisch: Oralchirurgische Propa\u0308deutik\u00a0\u2013\u00a0Lehrbeauftragte: Dr. Zsolt N\u00e9meth, med. habil., Dozent Kieferchirurgie I \u2013 Lehrbeauftragte: Dr. Zsolt N\u00e9meth, med. habil., Dozent Kieferchirurgie II \u2013 Lehrbeauftragte: Dr. Zsolt N\u00e9meth, med. habil., Dozent Kieferchirurgie III \u2013 Lehrbeauftragte: Dr. Zsolt N\u00e9meth, med. habil., Dozent Kieferchirurgie IV \u2013 Lehrbeauftragte: Dr. Zsolt N\u00e9meth, med. habil., &hellip;<\/p>\n","protected":false},"author":176,"featured_media":0,"parent":0,"menu_order":0,"comment_status":"closed","ping_status":"closed","template":"","meta":{"_acf_changed":false,"footnotes":""},"categories":[],"tags":[],"class_list":["post-3880","page","type-page","status-publish","hentry"],"acf":[],"_links":{"self":[{"href":"https:\/\/semmelweis.hu\/szajsebeszet\/wp-json\/wp\/v2\/pages\/3880","targetHints":{"allow":["GET"]}}],"collection":[{"href":"https:\/\/semmelweis.hu\/szajsebeszet\/wp-json\/wp\/v2\/pages"}],"about":[{"href":"https:\/\/semmelweis.hu\/szajsebeszet\/wp-json\/wp\/v2\/types\/page"}],"author":[{"embeddable":true,"href":"https:\/\/semmelweis.hu\/szajsebeszet\/wp-json\/wp\/v2\/users\/176"}],"replies":[{"embeddable":true,"href":"https:\/\/semmelweis.hu\/szajsebeszet\/wp-json\/wp\/v2\/comments?post=3880"}],"version-history":[{"count":8,"href":"https:\/\/semmelweis.hu\/szajsebeszet\/wp-json\/wp\/v2\/pages\/3880\/revisions"}],"predecessor-version":[{"id":3905,"href":"https:\/\/semmelweis.hu\/szajsebeszet\/wp-json\/wp\/v2\/pages\/3880\/revisions\/3905"}],"wp:attachment":[{"href":"https:\/\/semmelweis.hu\/szajsebeszet\/wp-json\/wp\/v2\/media?parent=3880"}],"wp:term":[{"taxonomy":"category","embeddable":true,"href":"https:\/\/semmelweis.hu\/szajsebeszet\/wp-json\/wp\/v2\/categories?post=3880"},{"taxonomy":"post_tag","embeddable":true,"href":"https:\/\/semmelweis.hu\/szajsebeszet\/wp-json\/wp\/v2\/tags?post=3880"}],"curies":[{"name":"wp","href":"https:\/\/api.w.org\/{rel}","templated":true}]}}