{"id":3843,"date":"2022-11-02T08:53:33","date_gmt":"2022-11-02T07:53:33","guid":{"rendered":"https:\/\/semmelweis.hu\/szajsebeszet\/?page_id=3843"},"modified":"2023-01-29T09:45:22","modified_gmt":"2023-01-29T08:45:22","slug":"eloadasok","status":"publish","type":"page","link":"https:\/\/semmelweis.hu\/szajsebeszet\/oktatas\/szajsebeszeti-propedeutika\/eloadasok\/","title":{"rendered":"Gyakorlatok tematik\u00e1ja"},"content":{"rendered":"<p>FOK III. \u00e9vf. magyar hallgat\u00f3k Sz\u00e1jseb\u00e9szet el\u0151ad\u00e1sai\u00a0\u00a0\u00a0\u00a0\u00a0\u00a0\u00a0\u00a0\u00a0\u00a0 \u00a0\u00a0 \u00a0\u00a0\u00a0\u00a0\u00a0\u00a0\u00a02022\/2023. II. f\u00e9l\u00e9v<br \/>\nHely: Semmelweis Egyetem, Arc-\u00c1llcsont-Sz\u00e1jseb\u00e9szeti \u00e9s Fog\u00e1szati Klinika, M\u00e1ria u. 52.<br \/>\nId\u0151:\u00a0 <strong>H\u00e9tf\u0151\u00a0\u00a0 10.00-10.45 \u00a0 \u00a0<\/strong>\u00a0 \u00a0 \u00a0 \u00a0 \u00a0 \u00a0 \u00a0 \u00a0 \u00a0 \u00a0 \u00a0 \u00a0 \u00a0 \u00a0 \u00a0 \u00a0 \u00a0 \u00a0 \u00a0 \u00a0 \u00a0 \u00a0 \u00a0 \u00a0 \u00a0 \u00a0 tanteremfelel\u0151s: Dr. B\u00e9rczy<br \/>\n\u00a0<br \/>\n1. h\u00e9t\u00a0Febr.13.\u00a0Fog\u00e1szati-seb\u00e9szeti betegvizsg\u00e1lat, t\u00fcnettan \u00e9s diagnosztika. Az orvos-beteg kapcsolat.v(Dr. Koml\u00f3s)<\/p>\n<p>2. h\u00e9t\u00a0Febr.\u00a020.\u00a0Helyi \u00e9rz\u00e9stelen\u00edt\u00e9s I.\u00a0Az \u00e9rz\u00e9stelen\u00edt\u00e9s t\u00f6rt\u00e9nete. A f\u00e1jdalom fiziol\u00f3giai \u00e9s pszichol\u00f3giai vonatkoz\u00e1sai. A helyi \u00e9rz\u00e9stelen\u00edt\u00e9s technikai lehet\u0151s\u00e9gei.\u00a0(Dr. Kopp\u00e1ny)<\/p>\n<p>3. h\u00e9t\u00a0Febr.\u00a027.\u00a0Helyi \u00e9rz\u00e9stelen\u00edt\u00e9s II.\u00a0A helyi \u00e9rz\u00e9stelen\u00edt\u0151k hat\u00e1smechanizmusa, farmakol\u00f3gi\u00e1ja. A helyi \u00e9rz\u00e9stelen\u00edt\u0151 k\u00e9sz\u00edtm\u00e9nyek \u00f6sszet\u00e9tele, alkalmaz\u00e1suknak javallatai, ellenjavallatai.\u00a0(Dr. Csurgay)<\/p>\n<p>4. h\u00e9t\u00a0M\u00e1rc.\u00a006.\u00a0Helyi \u00e9rz\u00e9stelen\u00edt\u00e9s III.\u00a0A helyi \u00e9rz\u00e9stelen\u00edt\u00e9s technik\u00e1ja. \u00c1ltal\u00e1nosan alkalmazott termin\u00e1lis (infiltr\u00e1ci\u00f3s) \u00e9s vezet\u00e9ses \u00e9rz\u00e9stelen\u00edt\u00e9si elj\u00e1r\u00e1sok.\u00a0(Dr. B\u00e9rczy)<\/p>\n<p>5. h\u00e9t\u00a0M\u00e1rc.\u00a013.\u00a0A helyi \u00e9rz\u00e9stelen\u00edt\u00e9s IV.\u00a0K\u00fcl\u00f6nleges helyi \u00e9rz\u00e9stelen\u00edt\u00e9si elj\u00e1r\u00e1sok. Ganglion-blok\u00e1d technik\u00e1k. Intraligament\u00e1lis \u00e9rz\u00e9stelen\u00edt\u00e9s. Gyulladt sz\u00f6vetek \u00e9rz\u00e9stelen\u00edt\u00e9se.\u00a0(Dr. Kopp\u00e1ny)<\/p>\n<p>6. h\u00e9t\u00a0M\u00e1rc. 20.\u00a0Helyi \u00e9rz\u00e9stelen\u00edt\u00e9s V.\u00a0A helyi \u00e9rz\u00e9stelen\u00edt\u00e9s sz\u00f6v\u0151dm\u00e9nyei. <br \/>\nAz \u00e9rz\u00e9stelen\u00edt\u0151szer anyag\u00e1val kapcsolatos (\u00e1ltal\u00e1nos) sz\u00f6v\u0151dm\u00e9nyek. Az \u00e9rz\u00e9stelen\u00edt\u00e9s technik\u00e1j\u00e1val kapcsolatos (helyi) sz\u00f6v\u0151dm\u00e9nyek.\u00a0(Dr. K\u00f6rm\u00f6czi)<\/p>\n<p>7. h\u00e9t\u00a0M\u00e1rc.\u00a027.\u00a0A fogelt\u00e1vol\u00edt\u00e1s m\u0171t\u00e9ttana I.\u00a0Javallatok, ellenjavallatok. <br \/>\nA fogelt\u00e1vol\u00edt\u00e1s biomechanik\u00e1ja, seb\u00e9szi technik\u00e1ja.\u00a0(Dr. Sz\u0171cs)<\/p>\n<p>8. h\u00e9t\u00a0\u00c1pr.\u00a003.\u00a0A fogelt\u00e1vol\u00edt\u00e1s m\u0171t\u00e9ttana II.\u00a0Fogak, foggy\u00f6kerek seb\u00e9szi elt\u00e1vol\u00edt\u00e1sa. Fog\u00e1szati-seb\u00e9szeti m\u0171t\u00e9ttan: lebenyek.\u00a0(Dr. Jo\u00f3b)<\/p>\n<p>9. h\u00e9t\u00a0\u00c1pr. 10.\u00a0H\u00fasv\u00e9t h\u00e9tf\u0151<\/p>\n<p>10. h\u00e9t\u00a0\u00c1pr.\u00a017.\u00a0\u00cdr\u00e1sbeli demonstr\u00e1ci\u00f3\u00a0(Dr. Koml\u00f3s)<\/p>\n<p>11. h\u00e9t\u00a0\u00c1pr.\u00a024.\u00a0A fogelt\u00e1vol\u00edt\u00e1s m\u0171t\u00e9ttana III. A fogelt\u00e1vol\u00edt\u00e1s sz\u00f6v\u0151dm\u00e9nyei.\u00a0<br \/>\n(Dr. Sz\u0171cs)<\/p>\n<p>12. h\u00e9t\u00a0M\u00e1j.\u00a001.\u00a0Munkasz\u00fcneti nap<\/p>\n<p>13. h\u00e9t M\u00e1j. 08. Sebgy\u00f3gyul\u00e1s. A sz\u00e1j\u00fcregi sebek gy\u00f3gyul\u00e1s\u00e1nak speci\u00e1lis szempontjai. Csontsebek, l\u00e1gyr\u00e9szsebek gy\u00f3gyul\u00e1sa. A sebgy\u00f3gyul\u00e1s zavarai. <br \/>\n(Dr. Jo\u00f3b)<\/p>\n<p>14. h\u00e9t\u00a0Rizik\u00f3t\u00e9nyez\u0151k jelent\u0151s\u00e9ge a fogelt\u00e1vol\u00edt\u00e1s sor\u00e1n.\u00a0(Sug\u00e1rkezel\u00e9s, antireszorpt\u00edv ter\u00e1pia, v\u00e9ralvad\u00e1s)\u00a0(Dr. Kopp\u00e1ny)<\/p>\n<p>&nbsp;<\/p>\n","protected":false},"excerpt":{"rendered":"<p>FOK III. \u00e9vf. magyar hallgat\u00f3k Sz\u00e1jseb\u00e9szet el\u0151ad\u00e1sai\u00a0\u00a0\u00a0\u00a0\u00a0\u00a0\u00a0\u00a0\u00a0\u00a0 \u00a0\u00a0 \u00a0\u00a0\u00a0\u00a0\u00a0\u00a0\u00a02022\/2023. II. f\u00e9l\u00e9v Hely: Semmelweis Egyetem, Arc-\u00c1llcsont-Sz\u00e1jseb\u00e9szeti \u00e9s Fog\u00e1szati Klinika, M\u00e1ria u. 52. Id\u0151:\u00a0 H\u00e9tf\u0151\u00a0\u00a0 10.00-10.45 \u00a0 \u00a0\u00a0 \u00a0 \u00a0 \u00a0 \u00a0 \u00a0 \u00a0 \u00a0 \u00a0 \u00a0 \u00a0 \u00a0 \u00a0 \u00a0 \u00a0 \u00a0 \u00a0 \u00a0 \u00a0 \u00a0 \u00a0 \u00a0 \u00a0 \u00a0 \u00a0 \u00a0 tanteremfelel\u0151s: Dr. B\u00e9rczy \u00a0 &hellip;<\/p>\n","protected":false},"author":176,"featured_media":0,"parent":3832,"menu_order":1,"comment_status":"closed","ping_status":"closed","template":"","meta":{"_acf_changed":false,"footnotes":""},"categories":[],"tags":[],"class_list":["post-3843","page","type-page","status-publish","hentry"],"acf":[],"_links":{"self":[{"href":"https:\/\/semmelweis.hu\/szajsebeszet\/wp-json\/wp\/v2\/pages\/3843","targetHints":{"allow":["GET"]}}],"collection":[{"href":"https:\/\/semmelweis.hu\/szajsebeszet\/wp-json\/wp\/v2\/pages"}],"about":[{"href":"https:\/\/semmelweis.hu\/szajsebeszet\/wp-json\/wp\/v2\/types\/page"}],"author":[{"embeddable":true,"href":"https:\/\/semmelweis.hu\/szajsebeszet\/wp-json\/wp\/v2\/users\/176"}],"replies":[{"embeddable":true,"href":"https:\/\/semmelweis.hu\/szajsebeszet\/wp-json\/wp\/v2\/comments?post=3843"}],"version-history":[{"count":10,"href":"https:\/\/semmelweis.hu\/szajsebeszet\/wp-json\/wp\/v2\/pages\/3843\/revisions"}],"predecessor-version":[{"id":3949,"href":"https:\/\/semmelweis.hu\/szajsebeszet\/wp-json\/wp\/v2\/pages\/3843\/revisions\/3949"}],"up":[{"embeddable":true,"href":"https:\/\/semmelweis.hu\/szajsebeszet\/wp-json\/wp\/v2\/pages\/3832"}],"wp:attachment":[{"href":"https:\/\/semmelweis.hu\/szajsebeszet\/wp-json\/wp\/v2\/media?parent=3843"}],"wp:term":[{"taxonomy":"category","embeddable":true,"href":"https:\/\/semmelweis.hu\/szajsebeszet\/wp-json\/wp\/v2\/categories?post=3843"},{"taxonomy":"post_tag","embeddable":true,"href":"https:\/\/semmelweis.hu\/szajsebeszet\/wp-json\/wp\/v2\/tags?post=3843"}],"curies":[{"name":"wp","href":"https:\/\/api.w.org\/{rel}","templated":true}]}}