{"id":3801,"date":"2022-09-05T11:30:50","date_gmt":"2022-09-05T09:30:50","guid":{"rendered":"https:\/\/semmelweis.hu\/szajsebeszet\/?page_id=3801"},"modified":"2025-08-29T14:22:44","modified_gmt":"2025-08-29T12:22:44","slug":"uj-szabadon-valaszthato-tantargy","status":"publish","type":"page","link":"https:\/\/semmelweis.hu\/szajsebeszet\/uj-szabadon-valaszthato-tantargy\/","title":{"rendered":"\u00daJ, SZABADON V\u00c1LASZTHAT\u00d3 TANT\u00c1RGY !"},"content":{"rendered":"<p><em>Kedves Hallgat\u00f3k!<\/em><\/p>\n<p><em>Szeretn\u00e9nk felh\u00edvni figyelm\u00fcket a Klinik\u00e1nk \u00e1ltal id\u00e9n bevezet\u00e9sre ker\u00fcl\u0151 \u00faj szabadon v\u00e1laszthat\u00f3 tant\u00e1rgyra\u00a0<strong>Speci\u00e1lis ell\u00e1t\u00e1st ig\u00e9nyl\u0151k fog\u00e1szati \u00e9s sz\u00e1jseb\u00e9szeti rehabilit\u00e1ci\u00f3ja\u00a0<\/strong>c\u00edmmel.<\/em><\/p>\n<p><em>Klinik\u00e1nkon\u00a0 35 \u00e9ve v\u00e9gezz\u00fck a speci\u00e1lis ell\u00e1t\u00e1st ig\u00e9nyl\u0151k (feln\u0151ttek \u00e9s gyermekek) fog\u00e1szati-sz\u00e1jseb\u00e9szeti rehabilit\u00e1ci\u00f3j\u00e1t. A fogyat\u00e9kkal \u00e9l\u0151, illetve s\u00e9r\u00fclt p\u00e1ciensek elk\u00fcl\u00f6n\u00edtett, speci\u00e1lis k\u00f6r\u00fclm\u00e9nyeket \u00e9s tud\u00e1st felt\u00e9telez\u0151 ell\u00e1t\u00e1st ig\u00e9nyelnek. Fontosnak tartjuk, hogy a fogorvostanhallgat\u00f3k tanulm\u00e1nyaik sor\u00e1n betekint\u00e9st nyerjenek ezen betegcsoport ell\u00e1t\u00e1sa sor\u00e1n felmer\u00fcl\u0151 orvosszakmai, pszichol\u00f3giai, ment\u00e1lhigi\u00e9n\u00e9s, kommunik\u00e1ci\u00f3s, szervez\u00e9si \u00e9s finansz\u00edroz\u00e1si ter\u00fcletekre. A tant\u00e1rgy c\u00e9lja ennek az ell\u00e1t\u00e1sform\u00e1nak a megismertet\u00e9se, az \u00e9rdekl\u0151d\u00e9s felkelt\u00e9se, a hallgat\u00f3k felk\u00e9sz\u00edt\u00e9se arra, hogy k\u00e9s\u0151bbi munk\u00e1juk sor\u00e1n nagyobb odafigyel\u00e9ssel \u00e9s meg\u00e9rt\u00e9ssel forduljanak e betegcsoport fel\u00e9.<\/em><\/p>\n<p><em>Az els\u0151 el\u0151ad\u00e1sunkat 2025. szeptember 2-\u00e1n, kedden 15.00 \u2013 15.45-ig\u00a0 tartjuk Klinik\u00e1nk tanterm\u00e9ben (1085 Budapest, M\u00e1ria utca 52.).\u00a0<\/em><\/p>\n<p><em>Mell\u00e9kelten k\u00fcldj\u00fck a tant\u00e1rgy el\u0151ad\u00e1stematik\u00e1j\u00e1t.<\/em><\/p>\n<p><em><strong>K\u00e9rj\u00fck, hogy jelentkez\u00e9si sz\u00e1nd\u00e9kukat a Klinik\u00e1nk r\u00e9sz\u00e9re k\u00fcld\u00f6tt email \u00fczenetben jelezz\u00e9k (<\/strong><a href=\"mailto:titkarsag.arcallcsont@dent.semmelweis-univ.hu), hogy\"><strong>titkarsag.arcallcsont@semmelweis.hu), hogy<\/strong><\/a><strong> a Neptunban a t\u00e1rgyfelv\u00e9telt r\u00f6gz\u00edteni tudjuk.<\/strong>\u00a0<\/em><\/p>\n<p><em>Minden \u00e9rdekl\u0151d\u0151t szeretettel v\u00e1runk!!<\/em><\/p>\n<p><em>Dr. N\u00e9meth Zsolt<\/em><\/p>\n<p><em>tant\u00e1rgyfelel\u0151s<\/em><\/p>\n<p>Az el\u0151ad\u00e1sok tematik\u00e1ja <a href=\"https:\/\/semmelweis.hu\/szajsebeszet\/szabadon-valaszthato-tantargy\/eloadastematika\/\">ezen a linken<\/a> \u00e9rhet\u0151 el.<\/p>\n","protected":false},"excerpt":{"rendered":"<p>Kedves Hallgat\u00f3k! Szeretn\u00e9nk felh\u00edvni figyelm\u00fcket a Klinik\u00e1nk \u00e1ltal id\u00e9n bevezet\u00e9sre ker\u00fcl\u0151 \u00faj szabadon v\u00e1laszthat\u00f3 tant\u00e1rgyra\u00a0Speci\u00e1lis ell\u00e1t\u00e1st ig\u00e9nyl\u0151k fog\u00e1szati \u00e9s sz\u00e1jseb\u00e9szeti rehabilit\u00e1ci\u00f3ja\u00a0c\u00edmmel. Klinik\u00e1nkon\u00a0 35 \u00e9ve v\u00e9gezz\u00fck a speci\u00e1lis ell\u00e1t\u00e1st ig\u00e9nyl\u0151k (feln\u0151ttek \u00e9s gyermekek) fog\u00e1szati-sz\u00e1jseb\u00e9szeti rehabilit\u00e1ci\u00f3j\u00e1t. A fogyat\u00e9kkal \u00e9l\u0151, illetve s\u00e9r\u00fclt p\u00e1ciensek elk\u00fcl\u00f6n\u00edtett, speci\u00e1lis k\u00f6r\u00fclm\u00e9nyeket \u00e9s tud\u00e1st felt\u00e9telez\u0151 ell\u00e1t\u00e1st ig\u00e9nyelnek. Fontosnak tartjuk, hogy a fogorvostanhallgat\u00f3k tanulm\u00e1nyaik sor\u00e1n &hellip;<\/p>\n","protected":false},"author":176,"featured_media":0,"parent":0,"menu_order":0,"comment_status":"closed","ping_status":"closed","template":"","meta":{"_acf_changed":false,"footnotes":""},"categories":[],"tags":[],"class_list":["post-3801","page","type-page","status-publish","hentry"],"acf":[],"_links":{"self":[{"href":"https:\/\/semmelweis.hu\/szajsebeszet\/wp-json\/wp\/v2\/pages\/3801","targetHints":{"allow":["GET"]}}],"collection":[{"href":"https:\/\/semmelweis.hu\/szajsebeszet\/wp-json\/wp\/v2\/pages"}],"about":[{"href":"https:\/\/semmelweis.hu\/szajsebeszet\/wp-json\/wp\/v2\/types\/page"}],"author":[{"embeddable":true,"href":"https:\/\/semmelweis.hu\/szajsebeszet\/wp-json\/wp\/v2\/users\/176"}],"replies":[{"embeddable":true,"href":"https:\/\/semmelweis.hu\/szajsebeszet\/wp-json\/wp\/v2\/comments?post=3801"}],"version-history":[{"count":4,"href":"https:\/\/semmelweis.hu\/szajsebeszet\/wp-json\/wp\/v2\/pages\/3801\/revisions"}],"predecessor-version":[{"id":4527,"href":"https:\/\/semmelweis.hu\/szajsebeszet\/wp-json\/wp\/v2\/pages\/3801\/revisions\/4527"}],"wp:attachment":[{"href":"https:\/\/semmelweis.hu\/szajsebeszet\/wp-json\/wp\/v2\/media?parent=3801"}],"wp:term":[{"taxonomy":"category","embeddable":true,"href":"https:\/\/semmelweis.hu\/szajsebeszet\/wp-json\/wp\/v2\/categories?post=3801"},{"taxonomy":"post_tag","embeddable":true,"href":"https:\/\/semmelweis.hu\/szajsebeszet\/wp-json\/wp\/v2\/tags?post=3801"}],"curies":[{"name":"wp","href":"https:\/\/api.w.org\/{rel}","templated":true}]}}