{"id":3797,"date":"2022-09-05T10:46:54","date_gmt":"2022-09-05T08:46:54","guid":{"rendered":"https:\/\/semmelweis.hu\/szajsebeszet\/?page_id=3797"},"modified":"2025-08-29T14:40:12","modified_gmt":"2025-08-29T12:40:12","slug":"tantargy-bemutatasa","status":"publish","type":"page","link":"https:\/\/semmelweis.hu\/szajsebeszet\/oktatas\/szabadon-valaszthato-tantargy-2\/tantargy-bemutatasa\/","title":{"rendered":"Tant\u00e1rgy bemutat\u00e1sa"},"content":{"rendered":"<div class=\"page\" title=\"Page 1\">\n<div class=\"layoutArea\">\n<div class=\"column\">\n<p>Kedves V. e\u0301ves Kolle\u0301ga\u0301ink!<\/p>\n<\/div>\n<\/div>\n<div class=\"layoutArea\">\n<div class=\"column\">\n<p>Szeretne\u0301nk a figyelmetekbe aja\u0301nlani <a href=\"https:\/\/semmelweis.hu\/szajsebeszet\/files\/2024\/06\/szab_intro.pdf\"><em><strong>Specia\u0301lis ella\u0301ta\u0301st ige\u0301nylo\u030bk foga\u0301szati e\u0301s sza\u0301jsebe\u0301szeti rehabilita\u0301cio\u0301ja<\/strong><\/em><\/a> ci\u0301m\u0171, szabadon va\u0301laszthato\u0301 tanta\u0301rgyunkat, mely sora\u0301n olyan egye\u0301nek fogorvosi ella\u0301ta\u0301sa\u0301nak aspektusait saja\u0301ti\u0301thatja\u0301tok el, akiknek egyedi sz\u00fckse\u0301gleteik vannak.<\/p>\n<p>A tanta\u0301rgy kerete\u0301ben a\u0301tfogo\u0301 fogorvosi ismeretek mellett multidiszciplina\u0301lis e\u0301s holisztikus szemle\u0301letmo\u0301dot, nehezebb fogorvosi szitua\u0301cio\u0301k szakmai e\u0301s kommunika\u0301cio\u0301s megolda\u0301sait saja\u0301ti\u0301thatja\u0301tok el. Emellett specia\u0301lis helyzetek kezele\u0301se\u0301ben pszicholo\u0301giai, jogi e\u0301s praxisszerveze\u0301si ismereteket is szerezhettek. A tanta\u0301rgy t\u00f6bb el\u0151ada\u0301s kerete\u0301ben is foglalkozik az a\u0301ltala\u0301nos aneszte\u0301zia\u0301ban ve\u0301gzett foga\u0301szati ella\u0301ta\u0301s specifikumaival, el\u0151nyeivel, ha\u0301tra\u0301nyaival, nehe\u0301zse\u0301geinek megolda\u0301saival. Nem kiza\u0301ro\u0301lag se\u0301r\u00fclt, fogyate\u0301kkal e\u0301l\u0151, de pl. pa\u0301nikbetegek, fokozott garatreflexszel rendelkez\u0151 Pa\u0301ciensek kezele\u0301se\u0301r\u0151l is szo\u0301lnak az el\u0151ada\u0301sok.<\/p>\n<p>A tanta\u0301rgy oktata\u0301sa\u0301ban klinikumban e\u0301s maga\u0301nrendel\u0151kben is praktiza\u0301lo\u0301 orvosok vesznek re\u0301szt, i\u0301gy szeme\u0301lyesen t\u0151l\u00fck hallhatja\u0301tok a specia\u0301lis, de a maga\u0301nella\u0301ta\u0301sban is egyre gyakrabban megjelen\u0151 vagy ige\u0301nyke\u0301nt felmer\u00fcl\u0151 re\u0301szter\u00fclet ella\u0301ta\u0301si ismereteit.<\/p>\n<p>Az ilyen ella\u0301ta\u0301s Klinika\u0301nkon a napi gyakorlat re\u0301sze, az e\u0301rdekl\u0151d\u0151k a kezele\u0301seket is megtekinthetik.<\/p>\n<p>A tanta\u0301rgyra jelentkezni ta\u0301rgyfelve\u0301teli id\u0151szakban a Neptun-rendszeren tudtok. Az el\u0151ad\u00e1sok tematik\u00e1ja <a href=\"https:\/\/semmelweis.hu\/szajsebeszet\/files\/2025\/08\/Specialis-ellatast-igenylok-fogaszati-es-szajsebeszeti-rehabilitacioja-eloadas-tematika-2025-26_javitott.pdf\">itt<\/a> \u00e9rhet\u0151 el.<\/p>\n<p>Prof. Dr. Ne\u0301meth Zsolt<br \/>\ntanta\u0301rgyi el\u0151ad\u00f3<br \/>\ntansz\u00e9kvezet\u0151 egyetemi tan\u00e1r<br \/>\nArc-A\u0301llcsont-Sza\u0301jsebe\u0301szeti e\u0301s Foga\u0301szati Klinika<\/p>\n<\/div>\n<\/div>\n<\/div>\n","protected":false},"excerpt":{"rendered":"<p>Kedves V. e\u0301ves Kolle\u0301ga\u0301ink! Szeretne\u0301nk a figyelmetekbe aja\u0301nlani <a href=\"https:\/\/semmelweis.hu\/szajsebeszet\/files\/2024\/06\/szab_intro.pdf\">Specia\u0301lis ella\u0301ta\u0301st ige\u0301nylo\u030bk foga\u0301szati e\u0301s sza\u0301jsebe\u0301szeti rehabilita\u0301cio\u0301ja<\/a> ci\u0301m\u0171, szabadon va\u0301laszthato\u0301 tanta\u0301rgyunkat, mely sora\u0301n olyan egye\u0301nek fogorvosi ella\u0301ta\u0301sa\u0301nak aspektusait saja\u0301ti\u0301thatja\u0301tok el, akiknek egyedi sz\u00fckse\u0301gleteik vannak. A tanta\u0301rgy kerete\u0301ben a\u0301tfogo\u0301 fogorvosi ismeretek mellett multidiszciplina\u0301lis e\u0301s holisztikus szemle\u0301letmo\u0301dot, nehezebb fogorvosi szitua\u0301cio\u0301k szakmai e\u0301s kommunika\u0301cio\u0301s megolda\u0301sait saja\u0301ti\u0301thatja\u0301tok el. Emellett specia\u0301lis helyzetek kezele\u0301se\u0301ben pszicholo\u0301giai, jogi e\u0301s praxisszerveze\u0301si ismereteket is &hellip;<\/p>\n","protected":false},"author":176,"featured_media":0,"parent":3789,"menu_order":0,"comment_status":"closed","ping_status":"closed","template":"","meta":{"_acf_changed":false,"footnotes":""},"categories":[],"tags":[],"class_list":["post-3797","page","type-page","status-publish","hentry"],"acf":[],"_links":{"self":[{"href":"https:\/\/semmelweis.hu\/szajsebeszet\/wp-json\/wp\/v2\/pages\/3797","targetHints":{"allow":["GET"]}}],"collection":[{"href":"https:\/\/semmelweis.hu\/szajsebeszet\/wp-json\/wp\/v2\/pages"}],"about":[{"href":"https:\/\/semmelweis.hu\/szajsebeszet\/wp-json\/wp\/v2\/types\/page"}],"author":[{"embeddable":true,"href":"https:\/\/semmelweis.hu\/szajsebeszet\/wp-json\/wp\/v2\/users\/176"}],"replies":[{"embeddable":true,"href":"https:\/\/semmelweis.hu\/szajsebeszet\/wp-json\/wp\/v2\/comments?post=3797"}],"version-history":[{"count":9,"href":"https:\/\/semmelweis.hu\/szajsebeszet\/wp-json\/wp\/v2\/pages\/3797\/revisions"}],"predecessor-version":[{"id":4532,"href":"https:\/\/semmelweis.hu\/szajsebeszet\/wp-json\/wp\/v2\/pages\/3797\/revisions\/4532"}],"up":[{"embeddable":true,"href":"https:\/\/semmelweis.hu\/szajsebeszet\/wp-json\/wp\/v2\/pages\/3789"}],"wp:attachment":[{"href":"https:\/\/semmelweis.hu\/szajsebeszet\/wp-json\/wp\/v2\/media?parent=3797"}],"wp:term":[{"taxonomy":"category","embeddable":true,"href":"https:\/\/semmelweis.hu\/szajsebeszet\/wp-json\/wp\/v2\/categories?post=3797"},{"taxonomy":"post_tag","embeddable":true,"href":"https:\/\/semmelweis.hu\/szajsebeszet\/wp-json\/wp\/v2\/tags?post=3797"}],"curies":[{"name":"wp","href":"https:\/\/api.w.org\/{rel}","templated":true}]}}