{"id":3263,"date":"2021-05-12T11:26:39","date_gmt":"2021-05-12T09:26:39","guid":{"rendered":"https:\/\/semmelweis.hu\/szajsebeszet\/?page_id=3263"},"modified":"2023-09-11T11:42:34","modified_gmt":"2023-09-11T09:42:34","slug":"bildungsstrategie","status":"publish","type":"page","link":"https:\/\/semmelweis.hu\/szajsebeszet\/de\/unterricht\/oral-chirurgie-und-zahnheilkunde-stomatologie\/bildungsstrategie\/","title":{"rendered":"Bildungsstrategie"},"content":{"rendered":"<p>Liebe Studierende,<\/p>\n<p>Erlauben Sie mir bitte, als veranwortlicher Vortragender f\u00fcr das Fach Oralchirurgie und Zahnmedizin, in wenigen Worten vorszustellen, warum an der Fakult\u00e4t f\u00fcr Zahnmedizin f\u00fcr wichtig gehalten ist, dass Medizinstudenten die Diagnose, Behandlung und die Auswirkungen auf den ganzen K\u00f6rper der zahnmedizinische und oralchirurgische\u00a0 Krankheiten kennenlernen..<\/p>\n<p>Das Hauptziel der <em>Oralchirurgie und Zahnmedizin<\/em> Lehrblocks im vierten Jahrgang ist die Vorstellung der typische, klinische Symptome, die Erkennung und Behandlung der h\u00e4ufigsten zahn\u00e4rztliche, oral- und maxillofaziale Erkrankungen. Au\u00dferdem ist es wichtig die zahnmedizinische Fachbereiche f\u00fcr die Medizinstudenten vorzustellen, weil Sie sp\u00e4ter in ihrer medizinischen Arbeit \u2013 unabh\u00e4ngig davon in welcher Bereich der Medizin Sie arbeiten \u2013 auf zahlreiche Korrelationen, grenzbereichliche Erkrankungen und diagnostische Schwierigkeiten sto\u00dfen k\u00f6nnen, wozu die hier erworbene Kentnisse unverzichtbar sind. Die Studierenden erlernen die Methodik der Mundh\u00f6hlenuntersuchung und des stomato-onkologischen Screenings w\u00e4hrend der Ausbildung, und sie befassen sich mit den zahn\u00e4rztlichen und oralchirurgischen (Mundh\u00f6hle) Korrelationen von Fachgebieten in der Allgemeinmedizin w\u00e4hrend der Praktika. F\u00fcr zuk\u00fcnftige \u00c4rzte ist es betont wichtig zu wissen,welche Allgemeinerkrangungen orale Sypmtome haben k\u00f6nnen und welche zahnmedizinische-oralchirurgische Erscheinungen ein Ausgangspunkt f\u00fcr systemische Krankheiten sein k\u00f6nnen. \u00a0<\/p>\n<p>Als praktizierender Arzt werden Sie in der Lage sein Untersuchungen in der Mundh\u00f6hle, sowie in der Kopf- und Halsbereich durchzuf\u00fchren, Sie werden f\u00e4hig sein die L\u00e4sionen und die ver\u00e4nderte Funktion zu interpretieren und diagnostische und therapeutische Prozesse einzuleiten.<\/p>\n<p>In \u00dcbereinstimmung mit der pr\u00e4ventiven Sichtweise der Medizin werden Sie in der Lage sein die fr\u00fche Erscheinung zahnmedizinische Krankheiten mit systemischer Auswirkung vorzubeugen und fr\u00fcherkennen.<\/p>\n<p>Als Beispiel werden einige orale Erkrankungen mit ihrer Diagnostischen- und Behandlungskorrelation zu anderen medizinischen Fachgebieten aufgelistet. Aus der Liste ist eindeutig, dass Erkrankungen der Zahnheilkunde und Oralchirurgie weit \u00fcber die Spezialisierung des Fachwissens unserer Klinik (Fakult\u00e4t f\u00fcr Zahnmedizin) hinausgehen.<\/p>\n<ul>\n<li>Lippen- und Gaumenspalte \u2013 Kinderchirurgie, Hals-Nasen-Ohren-Heilkunde, Geburtshilfe und Gyn\u00e4kologie, Neonatologie<\/li>\n<li>Nebenh\u00f6hlenerkrankung \u2013 Hals-Nasen-Ohren-Heilkunde,<\/li>\n<li>Allergische Erkrankungen \u2013 Schleim- und Hauterkrankungen &#8211; Dermatologie, Innere Medizin, Rheumatologie, Allergologie und Immunologie<\/li>\n<li>Fokale Infektionen in der Mundh\u00f6hle &#8211; Fokale Erkrankungen &#8211; Innere Medizin, Dermatologie, Rheumatologie, Nephrologie, Urologie, Hals-Nasen-Ohren-Heilkunde,<\/li>\n<li>Patienten mit erh\u00f6hter Blutungstendenz &#8211; Innere Medizin, H\u00e4matologie<\/li>\n<li>Bildgebung im Kopf- und Halsbereich &#8211; Radiologie<\/li>\n<li>Behandlung unter Vollnarkose &#8211; An\u00e4sthesiologie und Intensivmedizin, Innere Medizin<\/li>\n<li>Entz\u00fcndliche Krankheiten und Sepsis &#8211; Intensivmedizin, Infektologie, Mikrobiologie<\/li>\n<li>Krebserkrankungen in der Mundh\u00f6hle und im Kopf-Hals-Bereich &#8211; Onkologie, Onkoradiologie, Gef\u00e4\u00dfchirurgie, Neurochirurgie, allgemeine Chirurgie, Rehabilitation und Hospice, Pathologie,<\/li>\n<li>Zahnheilkunde- und Oralchirurgie bei \u00e4lteren Menschen &#8211; Geriatrie<\/li>\n<li>Verletzung von Z\u00e4hnen, Ober- und Unterkiefer, Mittelgesicht, Weichgewebe &#8211; Traumatologie<\/li>\n<li>Gesichtsschmerzen &#8211; Neurologie<\/li>\n<li>Durch Entz\u00fcndungen und Verletzungen der Orbita verursachte Krankheiten &#8211; Traumatologie, Augenheilkunde<\/li>\n<li>Untersuchung von Gewebeproben aus der orofazialen Region &#8211; Pathologie, Mikrobiologie<\/li>\n<li>Totale oder partielle Anodontie, Beschwerden des Kiefergelenks, Kopfschmerzen &#8211; Neurologie, Gastroenterologie<\/li>\n<\/ul>\n<p>Die oben angegebene Liste zeigt deutlich, dass die Komplexit\u00e4t dieser oralen Erkrankungen eine mehrfache Zusammenarbeit zwischen verschiedenen medizinischen Disziplinen erfordert.<\/p>\n<p>Liebe Studierende,<\/p>\n<p>Bitte betrachten Sie dieses Fach und die Praktika der 6 Abteilungen der Fakult\u00e4t f\u00fcr Zahnmedizin so, dass Sie die hier erworbene Impressionen und Kenntnisse sicher w\u00e4hrend Ihren sp\u00e4terigen medizinischen Karriere &#8211; unabh\u00e4ngig von Ihrer Spezialisierung &#8211; ben\u00f6tigen werden.<\/p>\n<p>In 3 Bildungstagen k\u00f6nnen wir unsere Fachbereiche nicht thematisch, vollst\u00e4ndig, von A bis Z pr\u00e4sentieren und eine m\u00fcndliche Pr\u00fcfung halten. Aus diesem Grund haben wir Lehrmaterialien auf der E-Learning-Platform\u00a0erstellt. Teile des Textes erscheinen klar, deutlich und in gut definierte Form in den Testfragen. Wir haben auch eine Liste empfohlener Lehrb\u00fccher auf der E-Learning-\u00a0Platform\u00a0f\u00fcr Studenten zusammengestellt, die ein tieferes Wissen \u00fcber ein Thema erlangen m\u00f6chten.<\/p>\n<p>Unsere Lehrer legen Wert darauf, dass w\u00e4hrend der Patientenuntersuchungen, Themen, die eng mit der Allgemeinmedizin zusammenh\u00e4ngen, fokusiert besprochen werden.<\/p>\n<p>Ich hoffe, diese Informationen helfen Ihnen das Fach mit Interesse und Akzeptanz w\u00e4hrend des 1-Wochen-Blocks\u00a0zu absolvieren.<\/p>\n<p>Mit freundlichen Gr\u00fc\u00dfen:<\/p>\n<p>Prof. Dr. Zsolt N\u00e9meth PhD, Med. habil<br \/>\nDirektor der Klinik f\u00fcr Mund-Kiefer-Gesichtschirurgie und Stomatologie<\/p>\n<p>&nbsp;<\/p>\n","protected":false},"excerpt":{"rendered":"<p>Liebe Studierende, Erlauben Sie mir bitte, als veranwortlicher Vortragender f\u00fcr das Fach Oralchirurgie und Zahnmedizin, in wenigen Worten vorszustellen, warum an der Fakult\u00e4t f\u00fcr Zahnmedizin f\u00fcr wichtig gehalten ist, dass Medizinstudenten die Diagnose, Behandlung und die Auswirkungen auf den ganzen K\u00f6rper der zahnmedizinische und oralchirurgische\u00a0 Krankheiten kennenlernen.. Das Hauptziel der Oralchirurgie und Zahnmedizin Lehrblocks im &hellip;<\/p>\n","protected":false},"author":176,"featured_media":0,"parent":3270,"menu_order":1,"comment_status":"closed","ping_status":"closed","template":"","meta":{"_acf_changed":false,"footnotes":""},"categories":[],"tags":[],"class_list":["post-3263","page","type-page","status-publish","hentry"],"acf":[],"_links":{"self":[{"href":"https:\/\/semmelweis.hu\/szajsebeszet\/wp-json\/wp\/v2\/pages\/3263","targetHints":{"allow":["GET"]}}],"collection":[{"href":"https:\/\/semmelweis.hu\/szajsebeszet\/wp-json\/wp\/v2\/pages"}],"about":[{"href":"https:\/\/semmelweis.hu\/szajsebeszet\/wp-json\/wp\/v2\/types\/page"}],"author":[{"embeddable":true,"href":"https:\/\/semmelweis.hu\/szajsebeszet\/wp-json\/wp\/v2\/users\/176"}],"replies":[{"embeddable":true,"href":"https:\/\/semmelweis.hu\/szajsebeszet\/wp-json\/wp\/v2\/comments?post=3263"}],"version-history":[{"count":2,"href":"https:\/\/semmelweis.hu\/szajsebeszet\/wp-json\/wp\/v2\/pages\/3263\/revisions"}],"predecessor-version":[{"id":4239,"href":"https:\/\/semmelweis.hu\/szajsebeszet\/wp-json\/wp\/v2\/pages\/3263\/revisions\/4239"}],"up":[{"embeddable":true,"href":"https:\/\/semmelweis.hu\/szajsebeszet\/wp-json\/wp\/v2\/pages\/3270"}],"wp:attachment":[{"href":"https:\/\/semmelweis.hu\/szajsebeszet\/wp-json\/wp\/v2\/media?parent=3263"}],"wp:term":[{"taxonomy":"category","embeddable":true,"href":"https:\/\/semmelweis.hu\/szajsebeszet\/wp-json\/wp\/v2\/categories?post=3263"},{"taxonomy":"post_tag","embeddable":true,"href":"https:\/\/semmelweis.hu\/szajsebeszet\/wp-json\/wp\/v2\/tags?post=3263"}],"curies":[{"name":"wp","href":"https:\/\/api.w.org\/{rel}","templated":true}]}}