{"id":3259,"date":"2021-05-12T11:23:37","date_gmt":"2021-05-12T09:23:37","guid":{"rendered":"https:\/\/semmelweis.hu\/szajsebeszet\/?page_id=3259"},"modified":"2025-10-06T01:12:46","modified_gmt":"2025-10-05T23:12:46","slug":"bildungsinformationen","status":"publish","type":"page","link":"https:\/\/semmelweis.hu\/szajsebeszet\/de\/unterricht\/oral-chirurgie-und-zahnheilkunde-stomatologie\/bildungsinformationen\/","title":{"rendered":"Bildungsinformationen"},"content":{"rendered":"<p>Liebe Studierende!<\/p>\n<p>F\u00fcr den Kurs &#8222;Mundchirurgie und Zahnmedizin&#8221; werden die praktischen Einheiten im Wintersemester des akademischen Jahres 2025\/26 pers\u00f6nlich stattfinden.<\/p>\n<p>Die praktischen Einheiten folgen dem Zeitplan der blockstrukturierten Ausbildung. Die praktischen Einheiten f\u00fcr jede Gruppe finden an den folgenden Daten und Tagen statt, gem\u00e4\u00df dem Zeitplan der Kliniken\/Abteilungen der Fakult\u00e4t f\u00fcr Zahnmedizin:<\/p>\n<p><a href=\"https:\/\/semmelweis.hu\/szajsebeszet\/files\/2025\/10\/Bildungsinformationen-fur-Studenten-in-Deutschsprachiges-Humanmedizine-Program-Gruppen-23.pdf\">Bildungsinformationen f\u00fcr Gruppe 2,3<\/a><\/p>\n<p><a href=\"https:\/\/semmelweis.hu\/szajsebeszet\/files\/2025\/10\/Bildungsinformationen-fur-Studenten-in-Deutschsprachiges-Humanmedizine-Program-Gruppe-4.pdf\">Bildungsinformationen f\u00fcr Gruppe 4<\/a><\/p>\n","protected":false},"excerpt":{"rendered":"<p>Liebe Studierende!<br \/>\nF\u00fcr den Kurs &#8222;Mundchirurgie und Zahnmedizin&#8221; werden die praktischen Einheiten im Wintersemester des akademischen Jahres 2025\/26 pers\u00f6nlich stattfinden.<br \/>\nDie praktischen Einheiten folgen dem Zeitplan der blockstrukturierten Ausbildung. Die praktischen Einheiten f\u00fcr jede Gruppe finden an den folgenden Daten und Tagen statt, gem\u00e4\u00df dem Zeitplan der Kliniken\/Abteilungen der Fakult\u00e4t f\u00fcr Zahnmedizin:<br \/>\n<a href=\"https:\/\/semmelweis.hu\/szajsebeszet\/files\/2025\/10\/Bildungsinformationen-fur-Studenten-in-Deutschsprachiges-Humanmedizine-Program-Gruppen-23.pdf\">Bildungsinformationen f\u00fcr Gruppe 2,3<\/a><br \/>\n<a href=\"https:\/\/semmelweis.hu\/szajsebeszet\/files\/2025\/10\/Bildungsinformationen-fur-Studenten-in-Deutschsprachiges-Humanmedizine-Program-Gruppe-4.pdf\">Bildungsinformationen f\u00fcr Gruppe 4<\/a><\/p>\n","protected":false},"author":176,"featured_media":0,"parent":3270,"menu_order":0,"comment_status":"closed","ping_status":"closed","template":"","meta":{"_acf_changed":false,"footnotes":""},"categories":[],"tags":[],"class_list":["post-3259","page","type-page","status-publish","hentry"],"acf":[],"_links":{"self":[{"href":"https:\/\/semmelweis.hu\/szajsebeszet\/wp-json\/wp\/v2\/pages\/3259","targetHints":{"allow":["GET"]}}],"collection":[{"href":"https:\/\/semmelweis.hu\/szajsebeszet\/wp-json\/wp\/v2\/pages"}],"about":[{"href":"https:\/\/semmelweis.hu\/szajsebeszet\/wp-json\/wp\/v2\/types\/page"}],"author":[{"embeddable":true,"href":"https:\/\/semmelweis.hu\/szajsebeszet\/wp-json\/wp\/v2\/users\/176"}],"replies":[{"embeddable":true,"href":"https:\/\/semmelweis.hu\/szajsebeszet\/wp-json\/wp\/v2\/comments?post=3259"}],"version-history":[{"count":8,"href":"https:\/\/semmelweis.hu\/szajsebeszet\/wp-json\/wp\/v2\/pages\/3259\/revisions"}],"predecessor-version":[{"id":4579,"href":"https:\/\/semmelweis.hu\/szajsebeszet\/wp-json\/wp\/v2\/pages\/3259\/revisions\/4579"}],"up":[{"embeddable":true,"href":"https:\/\/semmelweis.hu\/szajsebeszet\/wp-json\/wp\/v2\/pages\/3270"}],"wp:attachment":[{"href":"https:\/\/semmelweis.hu\/szajsebeszet\/wp-json\/wp\/v2\/media?parent=3259"}],"wp:term":[{"taxonomy":"category","embeddable":true,"href":"https:\/\/semmelweis.hu\/szajsebeszet\/wp-json\/wp\/v2\/categories?post=3259"},{"taxonomy":"post_tag","embeddable":true,"href":"https:\/\/semmelweis.hu\/szajsebeszet\/wp-json\/wp\/v2\/tags?post=3259"}],"curies":[{"name":"wp","href":"https:\/\/api.w.org\/{rel}","templated":true}]}}