{"id":3221,"date":"2021-05-11T12:29:30","date_gmt":"2021-05-11T10:29:30","guid":{"rendered":"https:\/\/semmelweis.hu\/szajsebeszet\/?page_id=3221"},"modified":"2023-04-24T11:39:26","modified_gmt":"2023-04-24T09:39:26","slug":"mundchirurgie-rigorosumsthemen","status":"publish","type":"page","link":"https:\/\/semmelweis.hu\/szajsebeszet\/de\/unterricht\/mundchirurgie\/mundchirurgie-rigorosumsthemen\/","title":{"rendered":"Mundchirurgie Rigorosumsthemen"},"content":{"rendered":"<p><strong><u>Rigorosumsthemen &#8222;A&#8221;<\/u><\/strong><\/p>\n<p style=\"font-weight: 400\">A1. Die Anatomie der Strukturen im Kiefer- Gesichtsbereich.<\/p>\n<p style=\"font-weight: 400\">A2. Die Geschichte der Lokalan\u00e4sthesie, die modernen gebr\u00e4uchlichen\u00a0An\u00e4sthetika in der Stomatologie und die Methoden der Lokalan\u00e4sthesie.<\/p>\n<p style=\"font-weight: 400\">A3. Spatien, Phlegmone.<\/p>\n<p style=\"font-weight: 400\">A4. Die m\u00f6glichen Komplikationen der Extraktion und ihre Versorgung.<\/p>\n<p style=\"font-weight: 400\">A5. Dentale Entz\u00fcndungen und ihre Therapie.<\/p>\n<p style=\"font-weight: 400\">A6. Diagnose der impaktierten und retinierten Z\u00e4hne, chirurgische Therapie,\u00a0Komplikationen.<\/p>\n<p style=\"font-weight: 400\">A7. Die verschiedenen Arten der Zystenoperationen und ihre einzelnen\u00a0Durchf\u00fchrungsmethoden.<\/p>\n<p style=\"font-weight: 400\">A8. Anatomie der Kieferh\u00f6hle, Erkrankungen, Therapie.<\/p>\n<p style=\"font-weight: 400\">A9. Dentale Traumatologie.<\/p>\n<p style=\"font-weight: 400\">A10. Zahnerhaltende chirurgische Methoden.<\/p>\n<p style=\"font-weight: 400\">A11. \u00dcbelkeiten in der Zahnarztpraxis, Ursachen und Therapie.<\/p>\n<p style=\"font-weight: 400\">A12. Antibiotika, Analgetika in der Kieferchirurgie.<\/p>\n<p style=\"font-weight: 400\">A13. Wurzelspitzenresektion (Indikation, Technik).<\/p>\n<p style=\"font-weight: 400\">A14. Unterschiede zwischen Periostitis und Phlegmone.<\/p>\n<p style=\"font-weight: 400\">A15. Trigeminusneuralgie, Gesichtsschmerzen.<\/p>\n<p style=\"font-weight: 400\">A16. Differentialdiagnostik der zervikalen Lymphknoten.<\/p>\n<p style=\"font-weight: 400\">A17. Kiefergelenk (Anatomie, Untersuchung, Erkrankungen).<\/p>\n<p style=\"font-weight: 400\">A18. Durch antiresorptive Medikamente verursachte Kiefernekrosen.<\/p>\n<p style=\"font-weight: 400\">A19. Lappenbildung, Nahttechniken in der dentoalveolaren Chirurgie.<\/p>\n<p style=\"font-weight: 400\">A20. Formen der Kieferosteomyelitis, Symptome, Therapie.<\/p>\n<div class=\"page\" title=\"Page 3\">\n<div class=\"section\">\n<div class=\"layoutArea\">\n<div class=\"column\">\n<p>A21. Oralchirurgische Aspekte der antiresorptive Therapie und Irradiation.<\/p>\n<\/div>\n<\/div>\n<\/div>\n<\/div>\n<p><strong><u>Rigorosumsthemen &#8222;B<\/u><\/strong><\/p>\n<p style=\"font-weight: 400\">B1. Kieferchirurgische Aspekte in der Kieferorthop\u00e4die, chirurgische Verfahren.<\/p>\n<p style=\"font-weight: 400\">B2. Speicheldr\u00fcsenentz\u00fcndungen.<\/p>\n<p style=\"font-weight: 400\">B3. Die komplexe Behandlung der malignen Tumoren im Kiefer- Gesichtsbereich.<\/p>\n<p style=\"font-weight: 400\">B4. Sialolithiasis.<\/p>\n<p style=\"font-weight: 400\">B5. Formen, Diagnostik und Therapie der Unterkieferfrakturen.<\/p>\n<p style=\"font-weight: 400\">B6. Formen, Diagnostik und Therapie der Mittelgesichtsfrakturen.<\/p>\n<p style=\"font-weight: 400\">B7. Die Aspekte der chirurgischen Behandlungen von Entwicklungsst\u00f6rungen im\u00a0Kiefer- und Gesichtsbereich.<\/p>\n<p style=\"font-weight: 400\">B8. Die stomatologische Versorgung von Patienten mit erh\u00f6hter Blutungstendenz.<\/p>\n<p style=\"font-weight: 400\">B9. Differentialdiagnostik der Gesichtsschmerzen.<\/p>\n<p style=\"font-weight: 400\">B10. Spezielle diagnostische Verfahren in der Kieferchirurgie\u00a0(CT, MR, CBCT, PET, US, Angiografie).<\/p>\n<p style=\"font-weight: 400\">B11. Maligne Mundh\u00f6hlentumoren.<\/p>\n<p style=\"font-weight: 400\">B12. Pr\u00e4kanzer\u00f6se Zust\u00e4nde in der Mundh\u00f6hle.<\/p>\n<p style=\"font-weight: 400\">B13. H\u00e4mangiome im Kiefer- und Gesichtsbereich und ihre komplexe\u00a0Behandlung.<\/p>\n<p style=\"font-weight: 400\">B14. Rekonstruktionsm\u00f6glichkeiten nach Operationen aufgrund von (malignen)\u00a0Tumoren im Kiefer- und Gesichtsbereich.<\/p>\n<p style=\"font-weight: 400\">B15. Laterale und mediale Halszysten.<\/p>\n<p style=\"font-weight: 400\">B16. Kiefergelenk Ankylose, Ursachen, Therapie.<\/p>\n<p style=\"font-weight: 400\">B17. Diagnostik und Therapie der Aktinomykose.<\/p>\n<p style=\"font-weight: 400\">B18. Lipome und benigne symmetrische Lipomatosen.<\/p>\n<p style=\"font-weight: 400\">B19. Die medikament\u00f6se Therapie der b\u00f6sartigen Tumoren.<\/p>\n<p style=\"font-weight: 400\">B20. <span style=\"font-size: 1rem\">Die Entwicklungssto\u0308rungen im Gesichtsbereich.<\/span><\/p>\n<p style=\"font-weight: 400\">B21. Xerostomie, Sj\u00f6gren-Syndrom.<\/p>\n","protected":false},"excerpt":{"rendered":"<p>Rigorosumsthemen &#8222;A&#8221; A1. Die Anatomie der Strukturen im Kiefer- Gesichtsbereich. A2. Die Geschichte der Lokalan\u00e4sthesie, die modernen gebr\u00e4uchlichen\u00a0An\u00e4sthetika in der Stomatologie und die Methoden der Lokalan\u00e4sthesie. A3. Spatien, Phlegmone. A4. Die m\u00f6glichen Komplikationen der Extraktion und ihre Versorgung. A5. Dentale Entz\u00fcndungen und ihre Therapie. A6. Diagnose der impaktierten und retinierten Z\u00e4hne, chirurgische Therapie,\u00a0Komplikationen. A7. Die &hellip;<\/p>\n","protected":false},"author":176,"featured_media":0,"parent":1193,"menu_order":5,"comment_status":"closed","ping_status":"closed","template":"","meta":{"_acf_changed":false,"footnotes":""},"categories":[],"tags":[],"class_list":["post-3221","page","type-page","status-publish","hentry"],"acf":[],"_links":{"self":[{"href":"https:\/\/semmelweis.hu\/szajsebeszet\/wp-json\/wp\/v2\/pages\/3221","targetHints":{"allow":["GET"]}}],"collection":[{"href":"https:\/\/semmelweis.hu\/szajsebeszet\/wp-json\/wp\/v2\/pages"}],"about":[{"href":"https:\/\/semmelweis.hu\/szajsebeszet\/wp-json\/wp\/v2\/types\/page"}],"author":[{"embeddable":true,"href":"https:\/\/semmelweis.hu\/szajsebeszet\/wp-json\/wp\/v2\/users\/176"}],"replies":[{"embeddable":true,"href":"https:\/\/semmelweis.hu\/szajsebeszet\/wp-json\/wp\/v2\/comments?post=3221"}],"version-history":[{"count":4,"href":"https:\/\/semmelweis.hu\/szajsebeszet\/wp-json\/wp\/v2\/pages\/3221\/revisions"}],"predecessor-version":[{"id":4110,"href":"https:\/\/semmelweis.hu\/szajsebeszet\/wp-json\/wp\/v2\/pages\/3221\/revisions\/4110"}],"up":[{"embeddable":true,"href":"https:\/\/semmelweis.hu\/szajsebeszet\/wp-json\/wp\/v2\/pages\/1193"}],"wp:attachment":[{"href":"https:\/\/semmelweis.hu\/szajsebeszet\/wp-json\/wp\/v2\/media?parent=3221"}],"wp:term":[{"taxonomy":"category","embeddable":true,"href":"https:\/\/semmelweis.hu\/szajsebeszet\/wp-json\/wp\/v2\/categories?post=3221"},{"taxonomy":"post_tag","embeddable":true,"href":"https:\/\/semmelweis.hu\/szajsebeszet\/wp-json\/wp\/v2\/tags?post=3221"}],"curies":[{"name":"wp","href":"https:\/\/api.w.org\/{rel}","templated":true}]}}