{"id":3140,"date":"2021-03-11T10:23:33","date_gmt":"2021-03-11T09:23:33","guid":{"rendered":"https:\/\/semmelweis.hu\/szajsebeszet\/?page_id=3140"},"modified":"2021-03-16T11:24:14","modified_gmt":"2021-03-16T10:24:14","slug":"intezkedesi-terv-szajsebeszeti-propedeutika","status":"publish","type":"page","link":"https:\/\/semmelweis.hu\/szajsebeszet\/oktatas\/intezkedesi-terv-szajsebeszeti-propedeutika\/","title":{"rendered":"Int\u00e9zked\u00e9si terv &#8211; Sz\u00e1jseb\u00e9szeti Propedeutika"},"content":{"rendered":"<p><strong>Int\u00e9zked\u00e9si terv a 2020\/2021 tan\u00e9v 1. szemeszter OMHV adatai alapj\u00e1n<\/strong><\/p>\n<p><strong>Szervezeti egys\u00e9g: Arc-\u00c1llcsont-Sz\u00e1jseb\u00e9szeti \u00e9s Fog\u00e1szati Klinika<br \/>\n<\/strong><strong>Kar: Fogorvostudom\u00e1nyi Kar<br \/>\n<\/strong><strong>Tant\u00e1rgy: Sz\u00e1jseb\u00e9szeti propedeutika (FOKOSZB041_1M)<\/strong><\/p>\n<p><strong>\u00a0<\/strong><strong>Visszajelz\u00e9s\u00fcnk az \u00e1ltal\u00e1nos jelleg\u0171 hallgat\u00f3i v\u00e9lem\u00e9nyekre:<\/strong><\/p>\n<p>\u00d6r\u00fcl\u00fcnk az oktat\u00e1s \u00e9s a tank\u00f6nyv sz\u00ednvonal\u00e1nak dics\u00e9rete hallat\u00e1n \u00e9s a k\u00f6vetelm\u00e9ny szigor\u00fas\u00e1g\u00e1b\u00f3l nem fogunk engedni, hisz ebben a f\u00e9l\u00e9vben fektetj\u00fck le a sz\u00e1jseb\u00e9szeti ismeretetek alapjait.<\/p>\n<p>Tervezz\u00fck \u00faj extracti\u00f3s fantomok beszerz\u00e9s\u00e9t a gyakorlati oktat\u00e1s min\u0151s\u00e9g\u00e9nek jav\u00edt\u00e1sa \u00e9rdek\u00e9ben.<\/p>\n<p><strong>Visszajelz\u00e9s\u00fcnk a k\u00f6telez\u0151 t\u00e1rgyakra vonatkoz\u00f3 egyedi jelleg\u0171 v\u00e9lem\u00e9nyekre:<\/strong><\/p>\n<p><em>\u00a0<\/em><em>Hallgat\u00f3k mondt\u00e1k:<br \/>\n<\/em>\u201eA sz\u00f3beli demonstr\u00e1ci\u00f3n belementek klinikai k\u00e9rd\u00e9sekbe, ami meghaladta az el\u0151ad\u00e1son elhangzott, illetve a tank\u00f6nyvben szerepl\u0151 anyagot, amit t\u00falz\u00e1snak tartottunk. Ezen k\u00edv\u00fcl a tant\u00e1rgy oktat\u00e1sa megfelel\u0151.\u201e<\/p>\n<p>\u201eA sz\u00f3beli demonstr\u00e1ci\u00f3n nem csak az el\u0151ad\u00e1sokon elhangzott \u00e9s a jegyzetben l\u00e9v\u0151 tananyagot k\u00e9rt\u00e9k sz\u00e1mon, hanem klinikai inform\u00e1ci\u00f3kat is, amit nem tudtunk honnan elsaj\u00e1t\u00edtani.\u201d<\/p>\n<p>\u201eA tank\u00f6nyv zseni\u00e1lis, az oktat\u00f3k szigor\u00faak de teljesen k\u00e9pben vannak az anyaggal \u00e9s \u00e1t is tudj\u00e1k adni.\u201d<\/p>\n<p>\u201eMi\u00e9rt k\u00e9rdeznek vizsg\u00e1n olyat, amit nem adtak le, nincs a tank\u00f6nyvben \u00e9s nem is a t\u00e1rgy t\u00e9m\u00e1ja? (milyen bakt\u00e9riumok vannak a tejben, stb). Ha nem tudom, mi\u00e9rt kapsz egy jeggyel rosszabbat?\u201d<\/p>\n<p><strong>V\u00e1laszunk:<\/strong> A propedeutika tant\u00e1rgy \u00e1tmenetet k\u00e9pezi az elm\u00e9leti oktat\u00e1s \u00e9s a klinikai orvosl\u00e1s k\u00f6z\u00f6tt. El\u0151fordulhat, hogy a felvetett t\u00e9m\u00e1k, k\u00e9rd\u00e9sek klinikai oldal\u00e1t is megvil\u00e1g\u00edtja az oktat\u00f3. A f\u00e9l\u00e9vi jegy kialak\u00edt\u00e1sa szigor\u00faan az el\u0151ad\u00e1son, gyakorlaton elhangzottak \u00e9s a jegyzetben szerepl\u0151 anyagra \u00e9p\u00fcl.<\/p>\n<p>&nbsp;<\/p>\n","protected":false},"excerpt":{"rendered":"<p>Int\u00e9zked\u00e9si terv a 2020\/2021 tan\u00e9v 1. szemeszter OMHV adatai alapj\u00e1n Szervezeti egys\u00e9g: Arc-\u00c1llcsont-Sz\u00e1jseb\u00e9szeti \u00e9s Fog\u00e1szati Klinika Kar: Fogorvostudom\u00e1nyi Kar Tant\u00e1rgy: Sz\u00e1jseb\u00e9szeti propedeutika (FOKOSZB041_1M) \u00a0Visszajelz\u00e9s\u00fcnk az \u00e1ltal\u00e1nos jelleg\u0171 hallgat\u00f3i v\u00e9lem\u00e9nyekre: \u00d6r\u00fcl\u00fcnk az oktat\u00e1s \u00e9s a tank\u00f6nyv sz\u00ednvonal\u00e1nak dics\u00e9rete hallat\u00e1n \u00e9s a k\u00f6vetelm\u00e9ny szigor\u00fas\u00e1g\u00e1b\u00f3l nem fogunk engedni, hisz ebben a f\u00e9l\u00e9vben fektetj\u00fck le a sz\u00e1jseb\u00e9szeti ismeretetek alapjait. &hellip;<\/p>\n","protected":false},"author":176,"featured_media":0,"parent":43,"menu_order":0,"comment_status":"closed","ping_status":"closed","template":"","meta":{"_acf_changed":false,"footnotes":""},"categories":[],"tags":[],"class_list":["post-3140","page","type-page","status-publish","hentry"],"acf":[],"_links":{"self":[{"href":"https:\/\/semmelweis.hu\/szajsebeszet\/wp-json\/wp\/v2\/pages\/3140","targetHints":{"allow":["GET"]}}],"collection":[{"href":"https:\/\/semmelweis.hu\/szajsebeszet\/wp-json\/wp\/v2\/pages"}],"about":[{"href":"https:\/\/semmelweis.hu\/szajsebeszet\/wp-json\/wp\/v2\/types\/page"}],"author":[{"embeddable":true,"href":"https:\/\/semmelweis.hu\/szajsebeszet\/wp-json\/wp\/v2\/users\/176"}],"replies":[{"embeddable":true,"href":"https:\/\/semmelweis.hu\/szajsebeszet\/wp-json\/wp\/v2\/comments?post=3140"}],"version-history":[{"count":4,"href":"https:\/\/semmelweis.hu\/szajsebeszet\/wp-json\/wp\/v2\/pages\/3140\/revisions"}],"predecessor-version":[{"id":3162,"href":"https:\/\/semmelweis.hu\/szajsebeszet\/wp-json\/wp\/v2\/pages\/3140\/revisions\/3162"}],"up":[{"embeddable":true,"href":"https:\/\/semmelweis.hu\/szajsebeszet\/wp-json\/wp\/v2\/pages\/43"}],"wp:attachment":[{"href":"https:\/\/semmelweis.hu\/szajsebeszet\/wp-json\/wp\/v2\/media?parent=3140"}],"wp:term":[{"taxonomy":"category","embeddable":true,"href":"https:\/\/semmelweis.hu\/szajsebeszet\/wp-json\/wp\/v2\/categories?post=3140"},{"taxonomy":"post_tag","embeddable":true,"href":"https:\/\/semmelweis.hu\/szajsebeszet\/wp-json\/wp\/v2\/tags?post=3140"}],"curies":[{"name":"wp","href":"https:\/\/api.w.org\/{rel}","templated":true}]}}