{"id":3047,"date":"2021-02-10T12:04:25","date_gmt":"2021-02-10T11:04:25","guid":{"rendered":"https:\/\/semmelweis.hu\/szajsebeszet\/?page_id=3047"},"modified":"2023-09-11T09:24:31","modified_gmt":"2023-09-11T07:24:31","slug":"oktatasi-tajekoztato","status":"publish","type":"page","link":"https:\/\/semmelweis.hu\/szajsebeszet\/oktatas\/szajsebeszet-es-fogaszat-aok\/oktatasi-tajekoztato\/","title":{"rendered":"Oktat\u00e1si strat\u00e9gia"},"content":{"rendered":"<p style=\"text-align: justify\">Kedves Hallgat\u00f3k!<\/p>\n<p style=\"text-align: justify\">Mint a Sz\u00e1jseb\u00e9szet \u00e9s fog\u00e1szat tant\u00e1rgy el\u0151ad\u00f3ja, k\u00e9rem, engedj\u00e9k meg, hogy p\u00e1r sz\u00f3ban bemutassam, hogy mi, a Fogorvostudom\u00e1nyi Kar oktat\u00f3i mi\u00e9rt tartjuk fontosnak, hogy az \u00c1ltal\u00e1nos Orvostudom\u00e1nyi Kar hallgat\u00f3i alapszint\u0171 ismereteket szerezzenek fog\u00e1szati \u00e9s sz\u00e1jseb\u00e9szeti k\u00f3rk\u00e9pek diagnosztiz\u00e1l\u00e1s\u00e1r\u00f3l, kezel\u00e9s\u00e9r\u0151l,ezen elv\u00e1ltoz\u00e1soknak az eg\u00e9sz szervezetre gyakorolt kihat\u00e1s\u00e1r\u00f3l.<\/p>\n<p>A negyed\u00e9ves Sz\u00e1jseb\u00e9szet \u00e9s fog\u00e1szat blokk f\u0151 c\u00e9lja a leggyakoribb fog\u00e1szati, sz\u00e1jseb\u00e9szeti, arc-\u00e1llcsontseb\u00e9szeti k\u00f3rk\u00e9pek, azok legjellemz\u0151bb klinikai t\u00fcneteinek, felismer\u00e9s\u00e9nek, ell\u00e1t\u00e1s\u00e1nak bemutat\u00e1sa. Ezen t\u00fal fontos a fogorvosi szakmater\u00fcletek megismertet\u00e9se az \u00e1ltal\u00e1nos orvostanhallgat\u00f3kkal, hiszen k\u00e9s\u0151bbi orvosi munk\u00e1juk sor\u00e1n \u2013 a medicina b\u00e1rmely ter\u00fclet\u00e9n is dolgozzanak \u2013 sz\u00e1mtalan \u00f6sszef\u00fcgg\u00e9ssel, hat\u00e1rter\u00fcleti k\u00f3rk\u00e9ppel, diagnosztikus neh\u00e9zs\u00e9ggel tal\u00e1lkozhatnak majd, melyhez az itt megszerzett ismeretek elengedhetetlenek. Az oktat\u00e1s sor\u00e1n a hallgat\u00f3k megtanulj\u00e1k a sz\u00e1j\u00fcregi vizsg\u00e1lat, sztomato-onkol\u00f3giai sz\u0171r\u00e9s m\u00f3dszertan\u00e1t, a gyakorlatokon hangs\u00falyosan foglalkoznak az \u00e1ltal\u00e1nos orvostudom\u00e1ny szak\u00e1gainak fog\u00e1szati \u00e9s sz\u00e1jseb\u00e9szeti (sz\u00e1j\u00fcregi) \u00f6sszef\u00fcgg\u00e9seivel. Kiemelten fontos, hogy a j\u00f6v\u0151 orvosai tiszt\u00e1ban legyenek azzal, hogy az egyes k\u00f3rk\u00e9peknek milyen sz\u00e1j\u00fcregi t\u00fcnetei lehetnek, illetve, hogy bizonyos fog\u00e1szati-sz\u00e1j\u00fcregi betegs\u00e9gek milyen sziszt\u00e9m\u00e1s betegs\u00e9gek kiindul\u00f3pontjai lehetnek.<\/p>\n<p style=\"text-align: justify\">Praktiz\u00e1l\u00f3 orvosk\u00e9nt k\u00e9pesek lesznek, a sz\u00e1j\u00fcregi- fej-nyaki k\u00e9pletek vizsg\u00e1lat\u00e1ra, az ott \u00e9szlelt elv\u00e1ltoz\u00e1sok, megv\u00e1ltozott funkci\u00f3k \u00e9rt\u00e9kel\u00e9s\u00e9re, a gy\u00f3gyul\u00e1st c\u00e9lz\u00f3 diagnosztikus \u00e9s ter\u00e1pi\u00e1s folyamatok elind\u00edt\u00e1s\u00e1ra. Az orvostudom\u00e1nyt napjainkban meghat\u00e1roz\u00f3 prevent\u00edv szeml\u00e9letnek megfelel\u0151en k\u00e9pesek lesznek a fogak (sz\u00e1j\u00fcreg) ter\u00fclet\u00e9r\u0151l kiindul\u00f3, de sziszt\u00e9m\u00e1s kihat\u00e1ssal b\u00edr\u00f3 betegs\u00e9gek megel\u0151z\u00e9s\u00e9re, korai felismer\u00e9s\u00e9re.<\/p>\n<p style=\"text-align: justify\">Csak p\u00e9ldak\u00e9ppen sorolunk fel p\u00e1r sz\u00e1j\u00fcregi elt\u00e9r\u00e9st \u00e9s azok diagnosztikai \u00e9s kezel\u00e9si kapcsolat\u00e1t a t\u00e1rsszakm\u00e1kkal. A felsorol\u00e1sb\u00f3l j\u00f3l l\u00e1that\u00f3, hogy az egyes fog\u00e1szati-sz\u00e1jseb\u00e9szeti k\u00f3rk\u00e9pek messze t\u00falmutatnak a klinik\u00e1ink (FOK) \u00e1ltal k\u00e9pviselt szakter\u00fcleteken.<\/p>\n<p style=\"text-align: justify\"><em>Ajak-sz\u00e1jpadhasad\u00e9kok<\/em> \u2013 Gyermekseb\u00e9szet, F\u00fcl-Orr-G\u00e9g\u00e9szet, Sz\u00fcl\u00e9szet-N\u0151gy\u00f3gy\u00e1szat, Neonatol\u00f3gia <br \/>\n<em>Arc\u00fcreg megbeteged\u00e9sei<\/em> \u2013 F\u00fcl-Orr-G\u00e9g\u00e9szet<br \/>\n<em>Allergi\u00e1s k\u00f3rk\u00e9pek<\/em> \u2013 sz\u00e1jny\u00e1lkah\u00e1rtya\/b\u0151r megbeteged\u00e9sei \u2013 B\u0151rgy\u00f3gy\u00e1szat, Belgy\u00f3gy\u00e1szat, Allergol\u00f3gia, Immunol\u00f3gia<br \/>\n<em>Fog\u00e1szati g\u00f3cok<\/em> &#8211; G\u00f3cbetegs\u00e9gek \u2013 Belgy\u00f3gy\u00e1szat, B\u0151rgy\u00f3gy\u00e1szat, Rheumatol\u00f3gia, Nephrol\u00f3gia, Urol\u00f3gia, F\u00fcl-Orr-G\u00e9g\u00e9szet<br \/>\n<em>V\u00e9rz\u00e9keny betegek ell\u00e1t\u00e1sa<\/em> \u2013 Belgy\u00f3gy\u00e1szat, Haematol\u00f3gia<br \/>\n<em>Fej-nyaki k\u00e9palkot\u00e1s<\/em> \u2013 Radiol\u00f3gia<br \/>\n<em>Altat\u00e1sban v\u00e9gzett beavatkoz\u00e1sok<\/em> \u2013 Anaesthesiologia, Intenz\u00edv ter\u00e1pia, Belgy\u00f3gy\u00e1szat<br \/>\n<em>Gyullad\u00e1sos k\u00f3rk\u00e9pek, szeptikus \u00e1llapotok<\/em> \u2013 Intenz\u00edv ter\u00e1pia, Infektol\u00f3gia, Mikrobiol\u00f3gia<br \/>\n<em>Daganatos betegs\u00e9gek a sz\u00e1j\u00fcreg fej-nyak ter\u00fclet\u00e9n<\/em> \u2013 Onkol\u00f3gia, Onkoradiol\u00f3gia, \u00c9rseb\u00e9szet, Idegseb\u00e9szet, Seb\u00e9szet, Rehabilit\u00e1ci\u00f3, Hospice, Pathol\u00f3gia<br \/>\n<em>Fog\u00e1szati \u2013 sz\u00e1jseb\u00e9szeti ell\u00e1t\u00e1s az id\u0151skorban<\/em> \u2013 Gerontol\u00f3gia<br \/>\n<em>A fogak, arc-\u00e1llcsontok, l\u00e1gyr\u00e9szek s\u00e9r\u00fcl\u00e9sei<\/em> \u2013 Traumatol\u00f3gia<br \/>\n<em>Arcf\u00e1jdalmak<\/em> &#8211; Neurol\u00f3gia <br \/>\n<em>Az orbit\u00e1t \u00e9rint\u0151 gyullad\u00e1s \u00e9s s\u00e9r\u00fcl\u00e9s k\u00f6vetkezm\u00e9nyek\u00e9nt kialakul\u00f3 k\u00f3rk\u00e9pek<\/em> \u2013 Traumatol\u00f3gia, Szem\u00e9szet<br \/>\n<em>Az orofaci\u00e1lis r\u00e9gi\u00f3b\u00f3l elt\u00e1vol\u00edtott sz\u00f6vetmint\u00e1k vizsg\u00e1lata<\/em> \u2013 Pathol\u00f3gia, Mikrobiol\u00f3gia<br \/>\n<em>Teljes vagy r\u00e9szleges fogatlans\u00e1g<\/em> \u2013 Temporomandibul\u00e1ris \u00edz\u00fcleti panaszok \u2013 fejf\u00e1j\u00e1s \u2013 Neurol\u00f3gia, Gasztroenterol\u00f3gia<\/p>\n<p style=\"text-align: justify\">A fenti felsorol\u00e1sb\u00f3l j\u00f3l l\u00e1that\u00f3, hogy egy k\u00f3rk\u00e9pek milyen sokr\u00e9t\u0171 egy\u00fcttm\u0171k\u00f6d\u00e9st felt\u00e9teleznek a legk\u00fcl\u00f6nb\u00f6z\u0151bb orvosi szakter\u00fcletek k\u00f6z\u00f6tt.<\/p>\n<p style=\"text-align: justify\">Kedves Hallgat\u00f3k!<\/p>\n<p style=\"text-align: justify\">K\u00e9rem, hogy tekintsenek erre a tant\u00e1rgyra, illetve a Fogorvosi Kar 6 tansz\u00e9ke, szakter\u00fclete \u00e1ltal megtartott gyakorlatokra \u00fagy, hogy \u2013 orvosi p\u00e1ly\u00e1juk sor\u00e1n b\u00e1rmelyik szakter\u00fcletet v\u00e1lasztva \u2013 az itt megszerzett impresszi\u00f3kra, ismeretekre biztosan sz\u00fcks\u00e9g\u00fck lesz a k\u00e9s\u0151bbiekben.<\/p>\n<p style=\"text-align: justify\">3 oktat\u00e1si nap alatt nem tudjuk a szakter\u00fcleteinket tematikusan, A-Z-ig bemutatni, azt sz\u00f3beli vizsg\u00e1n sz\u00e1mon k\u00e9rni. \u00c9ppen ez\u00e9rt az E-learning fel\u00fcleten \u00f6ssze\u00e1ll\u00edtottunk egy tananyagot (diasorokat), melyek sz\u00f6vegr\u00e9szei egy\u00e9rtelm\u0171en, j\u00f3l meghat\u00e1rozottan, \u00e9rthet\u0151en jelennek meg a tesztk\u00e9rd\u00e9sekben. Szint\u00e9n az E-learning fel\u00fcleten helyezt\u00fck el a hallgat\u00f3k sz\u00e1m\u00e1ra aj\u00e1nlott tank\u00f6nyvek jegyz\u00e9k\u00e9t, amennyiben valaki m\u00e9lyebb ismereteket szeretne szerezni valamely t\u00e9m\u00e1ban.<\/p>\n<p style=\"text-align: justify\">Oktat\u00f3ink odafigyelnek arra, hogy a gyakorlaton, a betegvizsg\u00e1lat sor\u00e1n f\u00f3kusz\u00e1ltan olyan t\u00e9m\u00e1k ker\u00fcljenek \u00e1tbesz\u00e9l\u00e9sre, melyek szorosan kapcsol\u00f3dnak az \u00e1ltal\u00e1nos orvosi gyakorlathoz.<\/p>\n<p style=\"text-align: justify\">Rem\u00e9lem, hogy a fenti inform\u00e1ci\u00f3k seg\u00edtik majd \u00d6n\u00f6ket abban, hogy az 1 hetes blokk alatt \u00e9rdekl\u0151d\u00e9ssel \u00e9s elfogad\u00e1ssal forduljanak a tant\u00e1rgy fel\u00e9.<\/p>\n<p style=\"text-align: justify\">Bar\u00e1ti \u00fcdv\u00f6zlettel:<\/p>\n<p style=\"text-align: justify\">Dr. N\u00e9meth Zsolt<br \/>\negyetemi tan\u00e1r<br \/>\ntansz\u00e9kvezet\u0151<br \/>\ntant\u00e1rgyi el\u0151ad\u00f3<\/p>\n","protected":false},"excerpt":{"rendered":"<p>Kedves Hallgat\u00f3k! Mint a Sz\u00e1jseb\u00e9szet \u00e9s fog\u00e1szat tant\u00e1rgy el\u0151ad\u00f3ja, k\u00e9rem, engedj\u00e9k meg, hogy p\u00e1r sz\u00f3ban bemutassam, hogy mi, a Fogorvostudom\u00e1nyi Kar oktat\u00f3i mi\u00e9rt tartjuk fontosnak, hogy az \u00c1ltal\u00e1nos Orvostudom\u00e1nyi Kar hallgat\u00f3i alapszint\u0171 ismereteket szerezzenek fog\u00e1szati \u00e9s sz\u00e1jseb\u00e9szeti k\u00f3rk\u00e9pek diagnosztiz\u00e1l\u00e1s\u00e1r\u00f3l, kezel\u00e9s\u00e9r\u0151l,ezen elv\u00e1ltoz\u00e1soknak az eg\u00e9sz szervezetre gyakorolt kihat\u00e1s\u00e1r\u00f3l. A negyed\u00e9ves Sz\u00e1jseb\u00e9szet \u00e9s fog\u00e1szat blokk f\u0151 c\u00e9lja a &hellip;<\/p>\n","protected":false},"author":176,"featured_media":0,"parent":3057,"menu_order":1,"comment_status":"closed","ping_status":"closed","template":"","meta":{"_acf_changed":false,"footnotes":""},"categories":[],"tags":[],"class_list":["post-3047","page","type-page","status-publish","hentry"],"acf":[],"_links":{"self":[{"href":"https:\/\/semmelweis.hu\/szajsebeszet\/wp-json\/wp\/v2\/pages\/3047","targetHints":{"allow":["GET"]}}],"collection":[{"href":"https:\/\/semmelweis.hu\/szajsebeszet\/wp-json\/wp\/v2\/pages"}],"about":[{"href":"https:\/\/semmelweis.hu\/szajsebeszet\/wp-json\/wp\/v2\/types\/page"}],"author":[{"embeddable":true,"href":"https:\/\/semmelweis.hu\/szajsebeszet\/wp-json\/wp\/v2\/users\/176"}],"replies":[{"embeddable":true,"href":"https:\/\/semmelweis.hu\/szajsebeszet\/wp-json\/wp\/v2\/comments?post=3047"}],"version-history":[{"count":5,"href":"https:\/\/semmelweis.hu\/szajsebeszet\/wp-json\/wp\/v2\/pages\/3047\/revisions"}],"predecessor-version":[{"id":4223,"href":"https:\/\/semmelweis.hu\/szajsebeszet\/wp-json\/wp\/v2\/pages\/3047\/revisions\/4223"}],"up":[{"embeddable":true,"href":"https:\/\/semmelweis.hu\/szajsebeszet\/wp-json\/wp\/v2\/pages\/3057"}],"wp:attachment":[{"href":"https:\/\/semmelweis.hu\/szajsebeszet\/wp-json\/wp\/v2\/media?parent=3047"}],"wp:term":[{"taxonomy":"category","embeddable":true,"href":"https:\/\/semmelweis.hu\/szajsebeszet\/wp-json\/wp\/v2\/categories?post=3047"},{"taxonomy":"post_tag","embeddable":true,"href":"https:\/\/semmelweis.hu\/szajsebeszet\/wp-json\/wp\/v2\/tags?post=3047"}],"curies":[{"name":"wp","href":"https:\/\/api.w.org\/{rel}","templated":true}]}}