{"id":289,"date":"2017-02-06T13:25:35","date_gmt":"2017-02-06T12:25:35","guid":{"rendered":"http:\/\/semmelweis-egyetem.hu\/szajsebeszet\/?page_id=289"},"modified":"2020-10-30T11:43:48","modified_gmt":"2020-10-30T10:43:48","slug":"dr-joob-fancsaly-arpad","status":"publish","type":"page","link":"https:\/\/semmelweis.hu\/szajsebeszet\/dr-joob-fancsaly-arpad\/","title":{"rendered":"Dr. Jo\u00f3b-Fancsaly \u00c1rp\u00e1d"},"content":{"rendered":"<p><a href=\"https:\/\/semmelweis.hu\/szajsebeszet\/files\/2017\/02\/Jo\u00f3b-CV.pdf\">Szakmai \u00f6n\u00e9letrajz<\/a><\/p>\n<p><a href=\"https:\/\/semmelweis.hu\/szajsebeszet\/files\/2017\/02\/jo\u00f3b-publik-2017.01.pdf\">Publik\u00e1ci\u00f3k<\/a><\/p>\n<p>El\u00e9rhet\u0151s\u00e9g: 266-0457\/ 55893 mell\u00e9k<\/p>\n","protected":false},"excerpt":{"rendered":"<p><a href=\"https:\/\/semmelweis.hu\/szajsebeszet\/files\/2017\/02\/Jo\u00f3b-CV.pdf\">Szakmai \u00f6n\u00e9letrajz<\/a><br \/>\n<a href=\"https:\/\/semmelweis.hu\/szajsebeszet\/files\/2017\/02\/jo\u00f3b-publik-2017.01.pdf\">Publik\u00e1ci\u00f3k<\/a><br \/>\nEl\u00e9rhet\u0151s\u00e9g: 266-0457\/ 55893 mell\u00e9k<\/p>\n","protected":false},"author":176,"featured_media":0,"parent":0,"menu_order":0,"comment_status":"closed","ping_status":"closed","template":"","meta":{"_acf_changed":false,"footnotes":""},"categories":[],"tags":[],"class_list":["post-289","page","type-page","status-publish","hentry"],"acf":[],"_links":{"self":[{"href":"https:\/\/semmelweis.hu\/szajsebeszet\/wp-json\/wp\/v2\/pages\/289","targetHints":{"allow":["GET"]}}],"collection":[{"href":"https:\/\/semmelweis.hu\/szajsebeszet\/wp-json\/wp\/v2\/pages"}],"about":[{"href":"https:\/\/semmelweis.hu\/szajsebeszet\/wp-json\/wp\/v2\/types\/page"}],"author":[{"embeddable":true,"href":"https:\/\/semmelweis.hu\/szajsebeszet\/wp-json\/wp\/v2\/users\/176"}],"replies":[{"embeddable":true,"href":"https:\/\/semmelweis.hu\/szajsebeszet\/wp-json\/wp\/v2\/comments?post=289"}],"version-history":[{"count":6,"href":"https:\/\/semmelweis.hu\/szajsebeszet\/wp-json\/wp\/v2\/pages\/289\/revisions"}],"predecessor-version":[{"id":2713,"href":"https:\/\/semmelweis.hu\/szajsebeszet\/wp-json\/wp\/v2\/pages\/289\/revisions\/2713"}],"wp:attachment":[{"href":"https:\/\/semmelweis.hu\/szajsebeszet\/wp-json\/wp\/v2\/media?parent=289"}],"wp:term":[{"taxonomy":"category","embeddable":true,"href":"https:\/\/semmelweis.hu\/szajsebeszet\/wp-json\/wp\/v2\/categories?post=289"},{"taxonomy":"post_tag","embeddable":true,"href":"https:\/\/semmelweis.hu\/szajsebeszet\/wp-json\/wp\/v2\/tags?post=289"}],"curies":[{"name":"wp","href":"https:\/\/api.w.org\/{rel}","templated":true}]}}