{"id":2558,"date":"2020-09-17T10:25:53","date_gmt":"2020-09-17T08:25:53","guid":{"rendered":"https:\/\/semmelweis.hu\/szajsebeszet\/?page_id=2558"},"modified":"2021-03-11T10:30:24","modified_gmt":"2021-03-11T09:30:24","slug":"intezkedesi-terv-implantologia","status":"publish","type":"page","link":"https:\/\/semmelweis.hu\/szajsebeszet\/oktatas\/intezkedesi-terv-implantologia\/","title":{"rendered":"Int\u00e9zked\u00e9si terv &#8211; Implantol\u00f3gia"},"content":{"rendered":"<p><strong>Int\u00e9zked\u00e9si terv a 2020\/2021 tan\u00e9v 1. szemeszter OMHV adatai alapj\u00e1n<\/strong><\/p>\n<p><strong>Szervezeti egys\u00e9g: Arc-\u00c1llcsont-Sz\u00e1jseb\u00e9szeti \u00e9s Fog\u00e1szati Klinika<br \/>\n<\/strong><strong>Kar: Fogorvostudom\u00e1nyi Kar<br \/>\n<\/strong><strong>Tant\u00e1rgy: Implantol\u00f3gia II (FOKOSZB076_2M)<\/strong><\/p>\n<p><strong>\u00a0<\/strong><strong>Kurrikulum v\u00e1ltoz\u00e1s:<\/strong><\/p>\n<p>Az implantol\u00f3gia tant\u00e1rggyal a hallgat\u00f3k k\u00e9t f\u00e9l\u00e9ven kereszt\u00fcl (4. \u00e9v m\u00e1sodik, 5. \u00e9v els\u0151 szemeszter) tal\u00e1lkoznak. Az idei f\u00e9l\u00e9vt\u0151l m\u00e1r az els\u0151 szemeszterben tartjuk meg a magyar \u00e9s angol hallgat\u00f3k gyakorlati oktat\u00e1s\u00e1t. Ez harmoniz\u00e1lni fog az elm\u00e9leti el\u0151ad\u00e1sok anyag\u00e1val \u00e9s hallgat\u00f3k sz\u00e1m\u00e1ra k\u00f6nnyebb\u00e9 teszi az adott t\u00e9mak\u00f6rben t\u00f6rt\u00e9n\u0151 elm\u00e9lyed\u00e9st. A hallgat\u00f3k az elm\u00e9letben megszerzett inform\u00e1ci\u00f3t \u00edgy k\u00f6zvetlen\u00fcl a gyakorlatban is felhaszn\u00e1lj\u00e1k, ez\u00e1ltal jobban \u00e9rtelmezhet\u0151 a tananyag. A II. f\u00e9l\u00e9v el\u0151ad\u00e1sai sor\u00e1n minden \u00e9vben vend\u00e9gel\u0151ad\u00f3val is tal\u00e1lkoznak a hallgat\u00f3k. Ezeknek az el\u0151ad\u00e1soknak a t\u00e9m\u00e1ja a vend\u00e9gel\u0151ad\u00f3ra van b\u00edzva. Tov\u00e1bbra is szeretn\u00e9nk ismert -nem egyetemi- el\u0151ad\u00f3kat felk\u00e9rni el\u0151ad\u00e1s tart\u00e1sra.<\/p>\n<p><strong>Visszajelz\u00e9s\u00fcnk az \u00e1ltal\u00e1nos jelleg\u0171 hallgat\u00f3i v\u00e9lem\u00e9nyekre:<\/strong><\/p>\n<p>Gyakorlati oktat\u00e1s egy f\u00e9l\u00e9v keret\u00e9ben t\u00f6rt\u00e9nik, k\u00e9thetente, csoportonk\u00e9nt \u00f6sszesen h\u00e9t alkalommal (p\u00e1ros h\u00e9ten a p\u00e1ros csoportoknak, p\u00e1ratlan h\u00e9ten a p\u00e1ratlan csoportoknak). Az implantol\u00f3gia gyakorlatok nagyon n\u00e9pszer\u0171ek, nagy a hallgat\u00f3i aktivit\u00e1s. A gyakorlatokat mindig szakorvos tarja, ami a mell\u00e9j\u00fck rendelt rezidenseknek is j\u00f3 alkalom, hogy ismereteiket felfriss\u00edts\u00e9k.<\/p>\n<p>Klinik\u00e1nk kapcsolata nagyon j\u00f3 a Fogp\u00f3tl\u00e1stani, a Gyermekfog\u00e1szati \u00e9s Fogszab\u00e1lyoz\u00e1si, a Parodontol\u00f3giai Klinik\u00e1val \u00e9s az FSZOI Sz\u00e1jseb\u00e9szeti \u00e9s Implantol\u00f3giai Oszt\u00e1ly\u00e1val. Ennek gyakorlati haszna r\u00e9szben az Implantol\u00f3gia tant\u00e1rgy tantermi el\u0151ad\u00e1sainak megtart\u00e1s\u00e1ban jelentkezik, ahol az adott ter\u00fclet legkiv\u00e1l\u00f3bb ismer\u0151j\u00e9t, m\u0171vel\u0151j\u00e9t k\u00e9rhetj\u00fck fel az el\u0151ad\u00e1s megtart\u00e1s\u00e1ra Karunk oktat\u00f3i k\u00f6z\u00fcl. Ezeket a kapcsolatokat szeretn\u00e9nk er\u0151s\u00edteni, hisz az implantol\u00f3gia multidiszciplin\u00e1ris tant\u00e1rgy \u00e9s ennek \u00e9rv\u00e9nyes\u00fcl\u00e9se a hallgat\u00f3k szempontj\u00e1b\u00f3l is fontos.<\/p>\n<p>C\u00e9lkit\u0171z\u00e9s\u00fcnk, hogy \u00e9l\u0151 m\u0171t\u00e9teket is be tudjunk mutatni a hallgat\u00f3knak az implantol\u00f3gia gyakorlatok alkalm\u00e1val.<\/p>\n<p>Terv\u00fcnk egy \u00faj tank\u00f6nyv megjelentet\u00e9se magyar \u00e9s idegen nyelven is.<\/p>\n<p><strong>Visszajelz\u00e9s\u00fcnk a k\u00f6telez\u0151 t\u00e1rgyakra vonatkoz\u00f3 egyedi jelleg\u0171 v\u00e9lem\u00e9nyekre:<\/strong><em>\u00a0<\/em><\/p>\n<p><em>Hallgat\u00f3k mondt\u00e1k:<\/em> \u201eHa m\u00e1r online oktat\u00e1s zajlik \u00fagy, hogy k\u00f6zben szinte minden h\u00e9ten vannak hallgat\u00f3k akik nem tudnak r\u00e9szt venni az el\u0151ad\u00e1son mert fekv\u0151oszt\u00e1lyos gyakorlat van, OMSZ mintav\u00e9tel vagy k\u00f3rh\u00e1zi kirendel\u00e9s, esetleg OD gyakorlat, ez\u00e9rt nagyon t\u00e1mogatn\u00e1m, hogy az el\u0151ad\u00e1sok vide\u00f3anyaga felker\u00fclj\u00f6n a zoom arch\u00edvumba, hogy az ne maradjon le semmir\u0151l, aki nem lustas\u00e1gb\u00f3l nem jelenik meg. Akit nem \u00e9rdekel ut\u00f3lag sem n\u00e9zi meg, az egyetemnek pedig nem sz\u00e1rmazik k\u00e1ra ebb\u0151l. A tank\u00f6nyv n\u00e9h\u00e1ny r\u00e9sze friss\u00edt\u00e9sre szorul.\u201d<\/p>\n<p><strong><em>V\u00e1laszunk:<\/em><\/strong> Az egyetemi t\u00e1rhely kapacit\u00e1s\u00e1t\u00f3l f\u00fcgg\u0151en igyeksz\u00fcnk a tantermi el\u0151ad\u00e1sokat felvenni \u00e9s hozz\u00e1f\u00e9rhet\u0151v\u00e9 tenni.<\/p>\n<p><em>Hallgat\u00f3k mondt\u00e1k:<\/em> \u201eA gyakorlatok 90%-\u00e1ban el\u0151ad\u00e1s di\u00e1kat n\u00e9zt\u00fcnk. Erre a c\u00e9lra egy nagyobb terem sz\u00e9kekkel \u00e9s asztallal sokkal k\u00e9nyelmesebb lett volna. S\u00e1mlikon \u00fclt\u00fcnk egym\u00e1s hegy\u00e9n-h\u00e1t\u00e1n, jegyzetelni maximum az \u00f6l\u00fcnkben lehetett, r\u00e1ad\u00e1sul a di\u00e1kat nem is kapjuk meg, hogy esetleg az otthoni tanul\u00e1st megk\u00f6nny\u00edtse.\u201d<\/p>\n<p><strong><em>V\u00e1laszunk:<\/em><\/strong> Az el\u0151z\u0151 f\u00e9l\u00e9vben az implantol\u00f3gia gyakorlatokat a m\u00e1sodik f\u00e9l\u00e9vben tartottuk azt rem\u00e9lve, hogy a f\u00e9l\u00e9ves sz\u00f3beli vizsg\u00e1t k\u00f6vet\u0151en a gyakorlatok kieg\u00e9sz\u00edtik az elm\u00e9leti alapismereteket. Ezzel szemben sokszor sz\u00fcks\u00e9gesnek l\u00e1ttuk az elm\u00e9leti anyag feleleven\u00edt\u00e9s\u00e9t. Tapasztalatainkb\u00f3l \u00e9s a visszajelz\u00e9sekb\u0151l kiindulva a 2020\/21 2. f\u00e9l\u00e9v\u00e9t\u0151l kezd\u0151d\u0151en a gyakorlati oktat\u00e1s egy\u00fctt kezd\u0151dik meg az elm\u00e9leti oktat\u00e1ssal. A tov\u00e1bbiakban lehet\u0151s\u00e9geinkhez k\u00e9pest szeretn\u00e9nk a gyakorlatokat \u00fagy kihaszn\u00e1lni, hogy min\u00e9l t\u00f6bb \u201ek\u00e9zzel-foghat\u00f3\u201d gyakorlati elem legyen benne. Mindig h\u00edvunk implantol\u00f3gi\u00e1val foglalkoz\u00f3 c\u00e9geket, akik a demonstr\u00e1ci\u00f3s anyagot biztos\u00edtj\u00e1k sz\u00e1munkra.<\/p>\n<p>&nbsp;<\/p>\n","protected":false},"excerpt":{"rendered":"<p>Int\u00e9zked\u00e9si terv a 2020\/2021 tan\u00e9v 1. szemeszter OMHV adatai alapj\u00e1n Szervezeti egys\u00e9g: Arc-\u00c1llcsont-Sz\u00e1jseb\u00e9szeti \u00e9s Fog\u00e1szati Klinika Kar: Fogorvostudom\u00e1nyi Kar Tant\u00e1rgy: Implantol\u00f3gia II (FOKOSZB076_2M) \u00a0Kurrikulum v\u00e1ltoz\u00e1s: Az implantol\u00f3gia tant\u00e1rggyal a hallgat\u00f3k k\u00e9t f\u00e9l\u00e9ven kereszt\u00fcl (4. \u00e9v m\u00e1sodik, 5. \u00e9v els\u0151 szemeszter) tal\u00e1lkoznak. Az idei f\u00e9l\u00e9vt\u0151l m\u00e1r az els\u0151 szemeszterben tartjuk meg a magyar \u00e9s angol hallgat\u00f3k &hellip;<\/p>\n","protected":false},"author":176,"featured_media":0,"parent":43,"menu_order":2,"comment_status":"closed","ping_status":"closed","template":"","meta":{"_acf_changed":false,"footnotes":""},"categories":[],"tags":[],"class_list":["post-2558","page","type-page","status-publish","hentry"],"acf":[],"_links":{"self":[{"href":"https:\/\/semmelweis.hu\/szajsebeszet\/wp-json\/wp\/v2\/pages\/2558","targetHints":{"allow":["GET"]}}],"collection":[{"href":"https:\/\/semmelweis.hu\/szajsebeszet\/wp-json\/wp\/v2\/pages"}],"about":[{"href":"https:\/\/semmelweis.hu\/szajsebeszet\/wp-json\/wp\/v2\/types\/page"}],"author":[{"embeddable":true,"href":"https:\/\/semmelweis.hu\/szajsebeszet\/wp-json\/wp\/v2\/users\/176"}],"replies":[{"embeddable":true,"href":"https:\/\/semmelweis.hu\/szajsebeszet\/wp-json\/wp\/v2\/comments?post=2558"}],"version-history":[{"count":5,"href":"https:\/\/semmelweis.hu\/szajsebeszet\/wp-json\/wp\/v2\/pages\/2558\/revisions"}],"predecessor-version":[{"id":3147,"href":"https:\/\/semmelweis.hu\/szajsebeszet\/wp-json\/wp\/v2\/pages\/2558\/revisions\/3147"}],"up":[{"embeddable":true,"href":"https:\/\/semmelweis.hu\/szajsebeszet\/wp-json\/wp\/v2\/pages\/43"}],"wp:attachment":[{"href":"https:\/\/semmelweis.hu\/szajsebeszet\/wp-json\/wp\/v2\/media?parent=2558"}],"wp:term":[{"taxonomy":"category","embeddable":true,"href":"https:\/\/semmelweis.hu\/szajsebeszet\/wp-json\/wp\/v2\/categories?post=2558"},{"taxonomy":"post_tag","embeddable":true,"href":"https:\/\/semmelweis.hu\/szajsebeszet\/wp-json\/wp\/v2\/tags?post=2558"}],"curies":[{"name":"wp","href":"https:\/\/api.w.org\/{rel}","templated":true}]}}