{"id":2536,"date":"2020-09-16T11:52:15","date_gmt":"2020-09-16T09:52:15","guid":{"rendered":"https:\/\/semmelweis.hu\/szajsebeszet\/?page_id=2536"},"modified":"2021-03-16T11:23:32","modified_gmt":"2021-03-16T10:23:32","slug":"action-plan","status":"publish","type":"page","link":"https:\/\/semmelweis.hu\/szajsebeszet\/en\/education\/action-plan\/","title":{"rendered":"Action plan &#8211; Oral surgery"},"content":{"rendered":"<p><strong>Action plan based on the student feedback received in the\u00a0 1st semester of the 2020\/2021 academic year\u00a0 <\/strong><\/p>\n<p><strong>Department: Oro-Maxillofacial Surgery and Stomatology<\/strong><\/p>\n<p><strong>Faculty: Faculty of Dentistry<\/strong><\/p>\n<p><strong>Course: Sz\u00e1jseb\u00e9szet II (FOKOSZB310_2A), Sz\u00e1jseb\u00e9szet IV (FOKOSZB310_4A)<\/strong><\/p>\n<p><strong>Curriculum change:<\/strong><\/p>\n<p>The oral surgery curriculum has been changed in the first half of the 2020\/21 academic year. Earlier there had been a written colloquium at the end of the second semester of the fourth year. From the 2020\/21 academic year, this colloquium will be at the end of the first semester and it will be an oral exam. The reason for the change is that the material from the first semester of the 4th year plays a very important role in the everyday practice and in our opinion the oral exam offers more opportunities to assess the suitability and the empathic skills of the students. We can also give you more precise feedback about the segments that should be further improved in the remaining 2 years of studying.<\/p>\n<p><strong>Our feedback on general comments by the students:<\/strong><\/p>\n<p>We have paid special attention to the practical education so far during the courses of the curriculum of Oral Surgery and Dentistry taught to fourth-year general medical students, as well as to the inpatient practices during the courses of Oral Surgery IV and V for fifth-year dental students. We also have striven to provide the highest possible level of theoretical knowledge.<\/p>\n<p>Furthermore, we would like to develop the educational activities of the inpatient department in the next academic year according to these principles:<\/p>\n<ul>\n<li>Further improve the quality of practical training:<\/li>\n<\/ul>\n<p>In the case of <strong>dental students<\/strong>, the student groups are divided into smaller groups of 2-3 people during the inpatient examinations in the inpatient department and the outpatient traumatology as well as during the practical parts in the operating theater.<\/p>\n<p>During the internship of <strong>general medicine students<\/strong> (3.5 hours), the students will have the opportunity to examine patients in the outpatient department for traumatology as well as in the inpatient department and also in the operating theater.<\/p>\n<p>For students from both faculties, we aim to:<\/p>\n<ul>\n<li>increase the number of patient examinations if possible<\/li>\n<li>increase the number of surgical assistations<\/li>\n<li>increase the personal participation in operations in the operating room<\/li>\n<li>increase the participation in inpatient care is (e.g. dressing change, insertion and removal of a feeding tube, venipuncture, removal of sutures, etc.)<\/li>\n<li>improve the quality of theoretical training:<\/li>\n<li>we plan to give more material to analyze using the available imaging methods in connection with the patient examination during the practices.<\/li>\n<li>in relation with the patient examination, the theoretical background of the respective disease, the main directions of diagnosis and treatment will be reviewed with the help of the previously prepared presentations.<\/li>\n<li>further expansion of the existing, available electronic learning materials for interested students: creation of operation videos to illustrate the operation steps, electronic tests from photos of certain diseases in order to better master the learning material and optionally to measure the knowledge acquired<\/li>\n<li>involving students in planning operations (e.g.: using a computer-planning for dysgnathia operations)<\/li>\n<\/ul>\n<p><strong>Our feedback on specific comments on mandatory subjects:<\/strong><\/p>\n<p><em>Students say: <br \/>\n<\/em>\u201eI think for oral surgery practice there is too many student for the patient so every student may get chance to extract every 3 weeks which is not enough\u201d<\/p>\n<p>\u201eThe practical lessons are not so great if you are not extracting, just standing around and waiting..\u201d<\/p>\n<p>\u201ewe were too many people in one class and I literally extracted only once during 14 weeks! maybe add more groups with less students per group.\u201d<\/p>\n<p>\u201eI wish we could practice more extractions.\u201d<\/p>\n<p><strong><em>Our response:<\/em><\/strong> We try to involve more chairs for practices. We also plan to divide the groups into subgroups so that students who are not extracting can also be occupied and a teacher will carry them. We can provide clinical cases for students depending on the capacity of the administration board and the imaging system (x-ray). Sometimes this task is not easy, but we try to manage it.<\/p>\n<p><em>Students say:<br \/>\n<\/em>\u201eI wish there was recordings that was uploaded on the zoom website.\u201d<\/p>\n<p><strong><em>Our response:<\/em><\/strong> We plan to give more zoom recordings of the lectures according to the capacity of the storage system. We put higher emphasis on synchronizing the online materials of the curriculum on different platforms.<\/p>\n<p><strong>Other objectives<\/strong><\/p>\n<p>We plan to develop a suitable, well-functioning video and photo system in order to improve the quality of education (undergraduate, postgraduate) and scientific works. It would be advisable to incorporate it into the daily routine so that the documentation could be more complete and more scientific work could be prepared from our practice. We are constantly trying to maintain the closest possible relationship with our older colleagues, who are already retired, so that the \u201cold school\u201d is not lost among the many novelties for young people.<\/p>\n<p>&nbsp;<\/p>\n","protected":false},"excerpt":{"rendered":"<p>Action plan based on the student feedback received in the\u00a0 1st semester of the 2020\/2021 academic year\u00a0 Department: Oro-Maxillofacial Surgery and Stomatology Faculty: Faculty of Dentistry Course: Sz\u00e1jseb\u00e9szet II (FOKOSZB310_2A), Sz\u00e1jseb\u00e9szet IV (FOKOSZB310_4A) Curriculum change: The oral surgery curriculum has been changed in the first half of the 2020\/21 academic year. Earlier there had been &hellip;<\/p>\n","protected":false},"author":176,"featured_media":0,"parent":1053,"menu_order":1,"comment_status":"closed","ping_status":"closed","template":"","meta":{"_acf_changed":false,"footnotes":""},"categories":[],"tags":[],"class_list":["post-2536","page","type-page","status-publish","hentry"],"acf":[],"_links":{"self":[{"href":"https:\/\/semmelweis.hu\/szajsebeszet\/wp-json\/wp\/v2\/pages\/2536","targetHints":{"allow":["GET"]}}],"collection":[{"href":"https:\/\/semmelweis.hu\/szajsebeszet\/wp-json\/wp\/v2\/pages"}],"about":[{"href":"https:\/\/semmelweis.hu\/szajsebeszet\/wp-json\/wp\/v2\/types\/page"}],"author":[{"embeddable":true,"href":"https:\/\/semmelweis.hu\/szajsebeszet\/wp-json\/wp\/v2\/users\/176"}],"replies":[{"embeddable":true,"href":"https:\/\/semmelweis.hu\/szajsebeszet\/wp-json\/wp\/v2\/comments?post=2536"}],"version-history":[{"count":8,"href":"https:\/\/semmelweis.hu\/szajsebeszet\/wp-json\/wp\/v2\/pages\/2536\/revisions"}],"predecessor-version":[{"id":3161,"href":"https:\/\/semmelweis.hu\/szajsebeszet\/wp-json\/wp\/v2\/pages\/2536\/revisions\/3161"}],"up":[{"embeddable":true,"href":"https:\/\/semmelweis.hu\/szajsebeszet\/wp-json\/wp\/v2\/pages\/1053"}],"wp:attachment":[{"href":"https:\/\/semmelweis.hu\/szajsebeszet\/wp-json\/wp\/v2\/media?parent=2536"}],"wp:term":[{"taxonomy":"category","embeddable":true,"href":"https:\/\/semmelweis.hu\/szajsebeszet\/wp-json\/wp\/v2\/categories?post=2536"},{"taxonomy":"post_tag","embeddable":true,"href":"https:\/\/semmelweis.hu\/szajsebeszet\/wp-json\/wp\/v2\/tags?post=2536"}],"curies":[{"name":"wp","href":"https:\/\/api.w.org\/{rel}","templated":true}]}}