{"id":2399,"date":"2020-03-06T11:38:54","date_gmt":"2020-03-06T10:38:54","guid":{"rendered":"http:\/\/semmelweis.hu\/szajsebeszet\/?page_id=2399"},"modified":"2025-08-07T14:04:17","modified_gmt":"2025-08-07T12:04:17","slug":"szakdolgozat-temak","status":"publish","type":"page","link":"https:\/\/semmelweis.hu\/szajsebeszet\/oktatas\/szajsebeszet\/szakdolgozat-temak\/","title":{"rendered":"Szakdolgozat t\u00e9m\u00e1k"},"content":{"rendered":"<p><strong><a href=\"https:\/\/semmelweis.hu\/szajsebeszet\/files\/2025\/08\/2025-26-valasztott-szakdolgozat-cimek_Arc_Allcsont_Szajsebeszeti-es-Fogaszati-Klinika.pdf\">2025\/26-os tan\u00e9vre meghirdetett \u00e9s v\u00e1lasztott szakdolgozat c\u00edmek<\/a><\/strong><\/p>\n","protected":false},"excerpt":{"rendered":"<p><a href=\"https:\/\/semmelweis.hu\/szajsebeszet\/files\/2025\/08\/2025-26-valasztott-szakdolgozat-cimek_Arc_Allcsont_Szajsebeszeti-es-Fogaszati-Klinika.pdf\">2025\/26-os tan\u00e9vre meghirdetett \u00e9s v\u00e1lasztott szakdolgozat c\u00edmek<\/a><\/p>\n","protected":false},"author":176,"featured_media":0,"parent":187,"menu_order":3,"comment_status":"closed","ping_status":"closed","template":"","meta":{"_acf_changed":false,"footnotes":""},"categories":[],"tags":[],"class_list":["post-2399","page","type-page","status-publish","hentry"],"acf":[],"_links":{"self":[{"href":"https:\/\/semmelweis.hu\/szajsebeszet\/wp-json\/wp\/v2\/pages\/2399","targetHints":{"allow":["GET"]}}],"collection":[{"href":"https:\/\/semmelweis.hu\/szajsebeszet\/wp-json\/wp\/v2\/pages"}],"about":[{"href":"https:\/\/semmelweis.hu\/szajsebeszet\/wp-json\/wp\/v2\/types\/page"}],"author":[{"embeddable":true,"href":"https:\/\/semmelweis.hu\/szajsebeszet\/wp-json\/wp\/v2\/users\/176"}],"replies":[{"embeddable":true,"href":"https:\/\/semmelweis.hu\/szajsebeszet\/wp-json\/wp\/v2\/comments?post=2399"}],"version-history":[{"count":10,"href":"https:\/\/semmelweis.hu\/szajsebeszet\/wp-json\/wp\/v2\/pages\/2399\/revisions"}],"predecessor-version":[{"id":4520,"href":"https:\/\/semmelweis.hu\/szajsebeszet\/wp-json\/wp\/v2\/pages\/2399\/revisions\/4520"}],"up":[{"embeddable":true,"href":"https:\/\/semmelweis.hu\/szajsebeszet\/wp-json\/wp\/v2\/pages\/187"}],"wp:attachment":[{"href":"https:\/\/semmelweis.hu\/szajsebeszet\/wp-json\/wp\/v2\/media?parent=2399"}],"wp:term":[{"taxonomy":"category","embeddable":true,"href":"https:\/\/semmelweis.hu\/szajsebeszet\/wp-json\/wp\/v2\/categories?post=2399"},{"taxonomy":"post_tag","embeddable":true,"href":"https:\/\/semmelweis.hu\/szajsebeszet\/wp-json\/wp\/v2\/tags?post=2399"}],"curies":[{"name":"wp","href":"https:\/\/api.w.org\/{rel}","templated":true}]}}